{"id":295,"date":"2020-10-17T14:52:28","date_gmt":"2020-10-17T14:52:28","guid":{"rendered":"https:\/\/steelstorm.standardof.net\/?page_id=295"},"modified":"2022-10-31T08:17:37","modified_gmt":"2022-10-31T08:17:37","slug":"burning-retribution-plaza-of-doom","status":"publish","type":"page","link":"https:\/\/steelstorm.standardof.net\/es\/guide\/tutoriales-de-nivel-2\/quema-castigo-plaza-de-perdicion\/","title":{"rendered":"Retribuci\u00f3n ardiente: Plaza de la fatalidad"},"content":{"rendered":"<p>Despu\u00e9s de dejar el nivel anterior, eres transportado a un hangar alien\u00edgena desconocido en un lugar extra\u00f1o. Intel sugiere que el enemigo ha desplegado un gran veh\u00edculo conocido como Carrier. Prep\u00e1rate para tu primera pelea con un jefe en Steel Storm Burning Retribution.<\/p>\n\n\n\n<div style=\"height:20px\" aria-hidden=\"true\" class=\"wp-block-spacer\"><\/div>\n\n\n<div class=\"gb-container gb-container-ae025cb2\"><div class=\"gb-inside-container\">\n\n<h2 class=\"has-text-align-center wp-block-heading\">Mapa y objetivos<\/h2>\n\n\n\n<div class=\"wp-block-image is-style-default\"><figure class=\"aligncenter size-full is-resized\"><a href=\"https:\/\/steelstorm.standardof.net\/es\/steel-storm-burning-retribution-plaza-of-doom-1\/\"><img decoding=\"async\" src=\"https:\/\/steelstorm.standardof.net\/wp-content\/uploads\/sites\/3\/2020\/10\/Steel-Storm-Burning-Retribution-Plaza-of-Doom-1.jpg\" alt=\"\" class=\"wp-image-272\" width=\"649\" height=\"503\" title=\"\" srcset=\"https:\/\/steelstorm.standardof.net\/wp-content\/uploads\/sites\/3\/2020\/10\/Steel-Storm-Burning-Retribution-Plaza-of-Doom-1.jpg 865w, https:\/\/steelstorm.standardof.net\/wp-content\/uploads\/sites\/3\/2020\/10\/Steel-Storm-Burning-Retribution-Plaza-of-Doom-1-300x232.jpg 300w, https:\/\/steelstorm.standardof.net\/wp-content\/uploads\/sites\/3\/2020\/10\/Steel-Storm-Burning-Retribution-Plaza-of-Doom-1-768x595.jpg 768w, https:\/\/steelstorm.standardof.net\/wp-content\/uploads\/sites\/3\/2020\/10\/Steel-Storm-Burning-Retribution-Plaza-of-Doom-1-16x12.jpg 16w\" sizes=\"(max-width: 649px) 100vw, 649px\" \/><\/a><\/figure><\/div>\n\n\n\n<h3 class=\"has-text-align-center wp-block-heading\">- Objetivos principales -<\/h3>\n\n\n\n<p class=\"has-text-align-center\">Recuperar datos del Mainframe<br>Destruye al portador<\/p>\n\n<\/div><\/div>\n\n\n<div style=\"height:20px\" aria-hidden=\"true\" class=\"wp-block-spacer\"><\/div>\n\n\n<div class=\"gb-container gb-container-686af150\"><div class=\"gb-inside-container\">\n\n<h2 class=\"has-text-align-center wp-block-heading\">Progresi\u00f3n de nivel y consejos:<\/h2>\n\n\n\n<p>Esta misi\u00f3n gira casi completamente en torno a tu lucha con el Transportista con pocas tareas reales que cumplir, aunque esta lucha no es una broma. En primer lugar, es de gran ayuda comenzar este nivel con el Beam Cannon junto con el Homing Missile de The Network, ya que sus habilidades \u00fanicas ser\u00e1n casi necesarias aqu\u00ed. Conozca el nivel sabiendo que el Carrier se mantendr\u00e1 principalmente en el \u00e1rea central, aunque las unidades m\u00e1s peque\u00f1as lanzadas por el Carrier junto con los engendros de tanques complicar\u00e1n las cosas.<\/p>\n\n\n\n<p>Inicialmente no hay enemigos en el mapa y tu primera tarea ser\u00e1 viajar al punto A para intentar acceder al panel de control all\u00ed. Tan pronto como te acerques a \u00e9l, se activar\u00e1 un campo de fuerza y el Carrier aparecer\u00e1 en el centro, comenzando su ataque.<\/p>\n\n\n\n<p>El Portaaviones en s\u00ed no est\u00e1 exactamente armado, sino que depende de un flujo constante de unidades flotantes que se lanzan desde sus lados traseros. Estas unidades flotantes solo pueden ser golpeadas por su onda de choque o, lo que es m\u00e1s importante, sus misiles autoguiados que pueden curvarse en el aire y derribarlos. Estas unidades te disparar\u00e1n sus propios misiles que tienen capacidades ligeras de rastreo, pero que se pueden esquivar o repeler f\u00e1cilmente con una onda de choque. M\u00e1s all\u00e1 de sus unidades lanzadas, el Carrier tiene una Onda de Choque que se dispara de vez en cuando, repeliendo algunos de tus disparos, junto con un rayo de Torreta de Reparaci\u00f3n pegado a su nariz, lo que le permite resucitar continuamente a otros enemigos ca\u00eddos. Al disparar directamente contra el portaaviones, cambie de misiles autoguiados al ca\u00f1\u00f3n de rayos para obtener un da\u00f1o elevado que no se puede repeler.<\/p>\n\n\n\n<p>Durante la pelea, cuando comiences a causar graves da\u00f1os al Portaaviones, varios grupos de tanques enemigos comenzar\u00e1n a aparecer continuamente en la plaza alrededor de la posici\u00f3n inicial de los Portaaviones. Cuando salgan, puedes alejarlos del Carrier hacia los distintos pasillos para administrar la cantidad de objetivos con los que tienes que lidiar a la vez.<\/p>\n\n\n\n<p>Algunos de los diversos puntos en el mapa en la parte superior est\u00e1n marcados para describir qu\u00e9 camionetas contienen, que se enumerar\u00e1n de la siguiente manera: (algunas pueden estar en contenedores)<\/p>\n\n\n\n<ul><li>Punto 1: vida extra y 2 placas de armadura<\/li><li>Punto 2: escudo y 2 placas de armadura<\/li><li>Punto 3: 1 armadura completa<\/li><li>Punto 4: 2 escudos<\/li><li>Punto C: 10 placas de armadura, Thunderbolt y Storm Shield<\/li><li>Punto A: 4 placas de armadura en el pasillo.<\/li><li>Punto E: 4 escudos, 4 armaduras completas, 1 placa de armadura, propagaci\u00f3n de tormentas, ca\u00f1\u00f3n antia\u00e9reo, ca\u00f1\u00f3n de rayos, misil autoguiado (estos elementos se generan en dos grupos activados por el da\u00f1o del portaaviones).<\/li><li>Punto de generaci\u00f3n: 4 escudos, 3 placas de armadura, c\u00e1psula de cohete, MIRV, armadura completa (nuevamente, algunos de estos elementos solo se generan despu\u00e9s de que el portador ha sufrido un da\u00f1o significativo)<\/li><\/ul>\n\n\n\n<p>Retroceda a estos puntos ya que necesita las camionetas que le ofrecen y contin\u00fae luchando con el Transportista siguiendo las estrategias mencionadas anteriormente. Una vez que hayas derribado a la bestia, puedes borrar los engendros restantes que dejar\u00e1n de aparecer en este punto antes de terminar las cosas aqu\u00ed. Con la costa despejada, ahora puedes acceder al panel de control en el punto A para tener todos tus objetivos principales satisfechos antes de poder abandonar la misi\u00f3n a trav\u00e9s de la plataforma de salida en el punto C. Con esto, habr\u00e1s completado el segundo cap\u00edtulo del Episodio 2 en Castigo ardiente de tormenta de acero.<\/p>\n\n\n\n<figure class=\"wp-block-gallery has-nested-images columns-default is-cropped wp-block-gallery-1 is-layout-flex wp-block-gallery-is-layout-flex\">\n<figure class=\"wp-block-image size-large\"><a href=\"https:\/\/steelstorm.standardof.net\/wp-content\/uploads\/sites\/3\/2020\/10\/Steel-Storm-Burning-Retribution-Plaza-of-Doom-2.jpg\"><img decoding=\"async\" width=\"960\" height=\"720\" src=\"https:\/\/steelstorm.standardof.net\/wp-content\/uploads\/sites\/3\/2020\/10\/Steel-Storm-Burning-Retribution-Plaza-of-Doom-2.jpg\" alt=\"\" class=\"wp-image-273\" title=\"\" srcset=\"https:\/\/steelstorm.standardof.net\/wp-content\/uploads\/sites\/3\/2020\/10\/Steel-Storm-Burning-Retribution-Plaza-of-Doom-2.jpg 960w, https:\/\/steelstorm.standardof.net\/wp-content\/uploads\/sites\/3\/2020\/10\/Steel-Storm-Burning-Retribution-Plaza-of-Doom-2-300x225.jpg 300w, https:\/\/steelstorm.standardof.net\/wp-content\/uploads\/sites\/3\/2020\/10\/Steel-Storm-Burning-Retribution-Plaza-of-Doom-2-768x576.jpg 768w, https:\/\/steelstorm.standardof.net\/wp-content\/uploads\/sites\/3\/2020\/10\/Steel-Storm-Burning-Retribution-Plaza-of-Doom-2-16x12.jpg 16w\" sizes=\"(max-width: 960px) 100vw, 960px\" \/><\/a><\/figure>\n\n\n\n<figure class=\"wp-block-image size-large\"><a href=\"https:\/\/steelstorm.standardof.net\/wp-content\/uploads\/sites\/3\/2020\/10\/Steel-Storm-Burning-Retribution-Plaza-of-Doom-6.jpg\"><img decoding=\"async\" width=\"960\" height=\"720\" src=\"https:\/\/steelstorm.standardof.net\/wp-content\/uploads\/sites\/3\/2020\/10\/Steel-Storm-Burning-Retribution-Plaza-of-Doom-6.jpg\" alt=\"\" class=\"wp-image-277\" title=\"\" srcset=\"https:\/\/steelstorm.standardof.net\/wp-content\/uploads\/sites\/3\/2020\/10\/Steel-Storm-Burning-Retribution-Plaza-of-Doom-6.jpg 960w, https:\/\/steelstorm.standardof.net\/wp-content\/uploads\/sites\/3\/2020\/10\/Steel-Storm-Burning-Retribution-Plaza-of-Doom-6-300x225.jpg 300w, https:\/\/steelstorm.standardof.net\/wp-content\/uploads\/sites\/3\/2020\/10\/Steel-Storm-Burning-Retribution-Plaza-of-Doom-6-768x576.jpg 768w, https:\/\/steelstorm.standardof.net\/wp-content\/uploads\/sites\/3\/2020\/10\/Steel-Storm-Burning-Retribution-Plaza-of-Doom-6-16x12.jpg 16w\" sizes=\"(max-width: 960px) 100vw, 960px\" \/><\/a><\/figure>\n\n\n\n<figure class=\"wp-block-image size-large\"><a href=\"https:\/\/steelstorm.standardof.net\/wp-content\/uploads\/sites\/3\/2020\/10\/Steel-Storm-Burning-Retribution-Plaza-of-Doom-5.jpg\"><img decoding=\"async\" width=\"960\" height=\"720\" src=\"https:\/\/steelstorm.standardof.net\/wp-content\/uploads\/sites\/3\/2020\/10\/Steel-Storm-Burning-Retribution-Plaza-of-Doom-5.jpg\" alt=\"\" class=\"wp-image-276\" title=\"\" srcset=\"https:\/\/steelstorm.standardof.net\/wp-content\/uploads\/sites\/3\/2020\/10\/Steel-Storm-Burning-Retribution-Plaza-of-Doom-5.jpg 960w, https:\/\/steelstorm.standardof.net\/wp-content\/uploads\/sites\/3\/2020\/10\/Steel-Storm-Burning-Retribution-Plaza-of-Doom-5-300x225.jpg 300w, https:\/\/steelstorm.standardof.net\/wp-content\/uploads\/sites\/3\/2020\/10\/Steel-Storm-Burning-Retribution-Plaza-of-Doom-5-768x576.jpg 768w, https:\/\/steelstorm.standardof.net\/wp-content\/uploads\/sites\/3\/2020\/10\/Steel-Storm-Burning-Retribution-Plaza-of-Doom-5-16x12.jpg 16w\" sizes=\"(max-width: 960px) 100vw, 960px\" \/><\/a><\/figure>\n\n\n\n<figure class=\"wp-block-image size-large\"><a href=\"https:\/\/steelstorm.standardof.net\/wp-content\/uploads\/sites\/3\/2020\/10\/Steel-Storm-Burning-Retribution-Plaza-of-Doom-3.jpg\"><img decoding=\"async\" width=\"960\" height=\"720\" src=\"https:\/\/steelstorm.standardof.net\/wp-content\/uploads\/sites\/3\/2020\/10\/Steel-Storm-Burning-Retribution-Plaza-of-Doom-3.jpg\" alt=\"\" class=\"wp-image-274\" title=\"\" srcset=\"https:\/\/steelstorm.standardof.net\/wp-content\/uploads\/sites\/3\/2020\/10\/Steel-Storm-Burning-Retribution-Plaza-of-Doom-3.jpg 960w, https:\/\/steelstorm.standardof.net\/wp-content\/uploads\/sites\/3\/2020\/10\/Steel-Storm-Burning-Retribution-Plaza-of-Doom-3-300x225.jpg 300w, https:\/\/steelstorm.standardof.net\/wp-content\/uploads\/sites\/3\/2020\/10\/Steel-Storm-Burning-Retribution-Plaza-of-Doom-3-768x576.jpg 768w, https:\/\/steelstorm.standardof.net\/wp-content\/uploads\/sites\/3\/2020\/10\/Steel-Storm-Burning-Retribution-Plaza-of-Doom-3-16x12.jpg 16w\" sizes=\"(max-width: 960px) 100vw, 960px\" \/><\/a><\/figure>\n\n\n\n<figure class=\"wp-block-image size-large\"><a href=\"https:\/\/steelstorm.standardof.net\/wp-content\/uploads\/sites\/3\/2020\/10\/Steel-Storm-Burning-Retribution-Plaza-of-Doom-4.jpg\"><img decoding=\"async\" width=\"960\" height=\"720\" src=\"https:\/\/steelstorm.standardof.net\/wp-content\/uploads\/sites\/3\/2020\/10\/Steel-Storm-Burning-Retribution-Plaza-of-Doom-4.jpg\" alt=\"\" class=\"wp-image-275\" title=\"\" srcset=\"https:\/\/steelstorm.standardof.net\/wp-content\/uploads\/sites\/3\/2020\/10\/Steel-Storm-Burning-Retribution-Plaza-of-Doom-4.jpg 960w, https:\/\/steelstorm.standardof.net\/wp-content\/uploads\/sites\/3\/2020\/10\/Steel-Storm-Burning-Retribution-Plaza-of-Doom-4-300x225.jpg 300w, https:\/\/steelstorm.standardof.net\/wp-content\/uploads\/sites\/3\/2020\/10\/Steel-Storm-Burning-Retribution-Plaza-of-Doom-4-768x576.jpg 768w, https:\/\/steelstorm.standardof.net\/wp-content\/uploads\/sites\/3\/2020\/10\/Steel-Storm-Burning-Retribution-Plaza-of-Doom-4-16x12.jpg 16w\" sizes=\"(max-width: 960px) 100vw, 960px\" \/><\/a><\/figure>\n<\/figure>\n\n<\/div><\/div>\n\n\n<div style=\"height:20px\" aria-hidden=\"true\" class=\"wp-block-spacer\"><\/div>\n\n\n\n<h3 class=\"has-text-align-center wp-block-heading\">Video gu\u00eda de Crossing of Faith - Plaza of Doom<\/h3>\n\n\n\n<figure class=\"wp-block-embed is-type-video is-provider-youtube wp-block-embed-youtube wp-embed-aspect-4-3 wp-has-aspect-ratio\"><div class=\"wp-block-embed__wrapper\">\n<div class=\"ast-oembed-container\" style=\"height: 100%;\"><iframe title=\"Ch2-L5 Crossing of Faith - Plaza of Doom: Steel Storm - Episodio 2\" width=\"500\" height=\"375\" src=\"https:\/\/www.youtube.com\/embed\/5vj5L4HA6q8?feature=oembed\" frameborder=\"0\" allow=\"accelerometer; autoplay; clipboard-write; encrypted-media; gyroscope; picture-in-picture; web-share\" referrerpolicy=\"strict-origin-when-cross-origin\" allowfullscreen><\/iframe><\/div>\n<\/div><\/figure>","protected":false},"excerpt":{"rendered":"<p>After leaving the previous level you are transported to an unknown alien hangar in a strange location. Intel suggests that the enemy has deployed a large vehicle known as the Carrier. Get ready for your first boss fight in Steel Storm Burning Retribution. Map and Objectives &#8211; Primary Objectives &#8211; Retrieve data from the MainframeDestroy [&hellip;]<\/p>","protected":false},"author":1,"featured_media":54,"parent":173,"menu_order":0,"comment_status":"open","ping_status":"closed","template":"","meta":{"_uag_custom_page_level_css":"","site-sidebar-layout":"default","site-content-layout":"default","ast-site-content-layout":"","site-content-style":"default","site-sidebar-style":"default","ast-global-header-display":"","ast-banner-title-visibility":"","ast-main-header-display":"","ast-hfb-above-header-display":"","ast-hfb-below-header-display":"","ast-hfb-mobile-header-display":"","site-post-title":"","ast-breadcrumbs-content":"","ast-featured-img":"","footer-sml-layout":"","theme-transparent-header-meta":"default","adv-header-id-meta":"","stick-header-meta":"","header-above-stick-meta":"","header-main-stick-meta":"","header-below-stick-meta":"","astra-migrate-meta-layouts":"default","ast-page-background-enabled":"default","ast-page-background-meta":{"desktop":{"background-color":"","background-image":"","background-repeat":"repeat","background-position":"center center","background-size":"auto","background-attachment":"scroll","background-type":"","background-media":"","overlay-type":"","overlay-color":"","overlay-gradient":""},"tablet":{"background-color":"","background-image":"","background-repeat":"repeat","background-position":"center center","background-size":"auto","background-attachment":"scroll","background-type":"","background-media":"","overlay-type":"","overlay-color":"","overlay-gradient":""},"mobile":{"background-color":"","background-image":"","background-repeat":"repeat","background-position":"center center","background-size":"auto","background-attachment":"scroll","background-type":"","background-media":"","overlay-type":"","overlay-color":"","overlay-gradient":""}},"ast-content-background-meta":{"desktop":{"background-color":"var(--ast-global-color-5)","background-image":"","background-repeat":"repeat","background-position":"center center","background-size":"auto","background-attachment":"scroll","background-type":"","background-media":"","overlay-type":"","overlay-color":"","overlay-gradient":""},"tablet":{"background-color":"var(--ast-global-color-5)","background-image":"","background-repeat":"repeat","background-position":"center center","background-size":"auto","background-attachment":"scroll","background-type":"","background-media":"","overlay-type":"","overlay-color":"","overlay-gradient":""},"mobile":{"background-color":"var(--ast-global-color-5)","background-image":"","background-repeat":"repeat","background-position":"center center","background-size":"auto","background-attachment":"scroll","background-type":"","background-media":"","overlay-type":"","overlay-color":"","overlay-gradient":""}},"footnotes":""},"uagb_featured_image_src":{"full":["https:\/\/steelstorm.standardof.net\/wp-content\/uploads\/sites\/3\/2020\/10\/MnEdR-1.jpg",1200,750,false],"thumbnail":["https:\/\/steelstorm.standardof.net\/wp-content\/uploads\/sites\/3\/2020\/10\/MnEdR-1-150x150.jpg",150,150,true],"medium":["https:\/\/steelstorm.standardof.net\/wp-content\/uploads\/sites\/3\/2020\/10\/MnEdR-1-300x188.jpg",300,188,true],"medium_large":["https:\/\/steelstorm.standardof.net\/wp-content\/uploads\/sites\/3\/2020\/10\/MnEdR-1-768x480.jpg",768,480,true],"large":["https:\/\/steelstorm.standardof.net\/wp-content\/uploads\/sites\/3\/2020\/10\/MnEdR-1-1024x640.jpg",1024,640,true],"1536x1536":["https:\/\/steelstorm.standardof.net\/wp-content\/uploads\/sites\/3\/2020\/10\/MnEdR-1.jpg",1200,750,false],"2048x2048":["https:\/\/steelstorm.standardof.net\/wp-content\/uploads\/sites\/3\/2020\/10\/MnEdR-1.jpg",1200,750,false],"trp-custom-language-flag":["https:\/\/steelstorm.standardof.net\/wp-content\/uploads\/sites\/3\/2020\/10\/MnEdR-1.jpg",18,12,false]},"uagb_author_info":{"display_name":"SOE","author_link":"https:\/\/steelstorm.standardof.net\/es\/author\/k-tastic\/"},"uagb_comment_info":0,"uagb_excerpt":"After leaving the previous level you are transported to an unknown alien hangar in a strange location. Intel suggests that the enemy has deployed a large vehicle known as the Carrier. Get ready for your first boss fight in Steel Storm Burning Retribution. Map and Objectives &#8211; Primary Objectives &#8211; Retrieve data from the MainframeDestroy&hellip;","_links":{"self":[{"href":"https:\/\/steelstorm.standardof.net\/es\/wp-json\/wp\/v2\/pages\/295"}],"collection":[{"href":"https:\/\/steelstorm.standardof.net\/es\/wp-json\/wp\/v2\/pages"}],"about":[{"href":"https:\/\/steelstorm.standardof.net\/es\/wp-json\/wp\/v2\/types\/page"}],"author":[{"embeddable":true,"href":"https:\/\/steelstorm.standardof.net\/es\/wp-json\/wp\/v2\/users\/1"}],"replies":[{"embeddable":true,"href":"https:\/\/steelstorm.standardof.net\/es\/wp-json\/wp\/v2\/comments?post=295"}],"version-history":[{"count":2,"href":"https:\/\/steelstorm.standardof.net\/es\/wp-json\/wp\/v2\/pages\/295\/revisions"}],"predecessor-version":[{"id":449,"href":"https:\/\/steelstorm.standardof.net\/es\/wp-json\/wp\/v2\/pages\/295\/revisions\/449"}],"up":[{"embeddable":true,"href":"https:\/\/steelstorm.standardof.net\/es\/wp-json\/wp\/v2\/pages\/173"}],"wp:featuredmedia":[{"embeddable":true,"href":"https:\/\/steelstorm.standardof.net\/es\/wp-json\/wp\/v2\/media\/54"}],"wp:attachment":[{"href":"https:\/\/steelstorm.standardof.net\/es\/wp-json\/wp\/v2\/media?parent=295"}],"curies":[{"name":"wp","href":"https:\/\/api.w.org\/{rel}","templated":true}]}}