{"id":292,"date":"2020-10-17T14:46:23","date_gmt":"2020-10-17T14:46:23","guid":{"rendered":"https:\/\/steelstorm.standardof.net\/?page_id=292"},"modified":"2022-10-31T08:15:40","modified_gmt":"2022-10-31T08:15:40","slug":"burning-retribution-follow-the-mole","status":"publish","type":"page","link":"https:\/\/steelstorm.standardof.net\/es\/guide\/tutoriales-de-nivel-2\/ardiente-retribucion-sigue-al-topo\/","title":{"rendered":"Castigo ardiente: sigue al topo"},"content":{"rendered":"<p>Ahora, abri\u00e9ndote camino m\u00e1s profundo en la base, Crushing Shackles - Follow the Mole in Steel Storm Burning Retribution te ha emparejado una vez m\u00e1s con el tanque aliado, infiltr\u00e1ndote m\u00e1s profundamente a trav\u00e9s de una red de teletransportadores utilizada para transferir tropas del enemigo.<\/p>\n\n\n\n<div style=\"height:20px\" aria-hidden=\"true\" class=\"wp-block-spacer\"><\/div>\n\n\n<div class=\"gb-container gb-container-ae025cb2\"><div class=\"gb-inside-container\">\n\n<h2 class=\"has-text-align-center wp-block-heading\">Mapa y objetivos<\/h2>\n\n\n\n<div class=\"wp-block-image is-style-default\"><figure class=\"aligncenter size-full is-resized\"><a href=\"https:\/\/steelstorm.standardof.net\/es\/steel-storm-burning-retribution-follow-the-mole-1\/\"><img decoding=\"async\" src=\"https:\/\/steelstorm.standardof.net\/wp-content\/uploads\/sites\/3\/2020\/10\/Steel-Storm-Burning-Retribution-Follow-the-Mole-1.jpg\" alt=\"\" class=\"wp-image-263\" width=\"661\" height=\"503\" title=\"\" srcset=\"https:\/\/steelstorm.standardof.net\/wp-content\/uploads\/sites\/3\/2020\/10\/Steel-Storm-Burning-Retribution-Follow-the-Mole-1.jpg 881w, https:\/\/steelstorm.standardof.net\/wp-content\/uploads\/sites\/3\/2020\/10\/Steel-Storm-Burning-Retribution-Follow-the-Mole-1-300x228.jpg 300w, https:\/\/steelstorm.standardof.net\/wp-content\/uploads\/sites\/3\/2020\/10\/Steel-Storm-Burning-Retribution-Follow-the-Mole-1-768x584.jpg 768w, https:\/\/steelstorm.standardof.net\/wp-content\/uploads\/sites\/3\/2020\/10\/Steel-Storm-Burning-Retribution-Follow-the-Mole-1-16x12.jpg 16w\" sizes=\"(max-width: 661px) 100vw, 661px\" \/><\/a><\/figure><\/div>\n\n\n\n<h3 class=\"has-text-align-center wp-block-heading\">- Objetivos principales -<\/h3>\n\n\n\n<p class=\"has-text-align-center\">Destruye el incinerador<br>Destruye el portal<\/p>\n\n<\/div><\/div>\n\n\n<div style=\"height:20px\" aria-hidden=\"true\" class=\"wp-block-spacer\"><\/div>\n\n\n<div class=\"gb-container gb-container-686af150\"><div class=\"gb-inside-container\">\n\n<h2 class=\"has-text-align-center wp-block-heading\">Progresi\u00f3n de nivel y consejos:<\/h2>\n\n\n\n<p>Al comenzar el nivel, espera a que tu tanque aliado se dirija hacia el primer campo de fuerza que bloquea tu camino en el punto <strong>UN<\/strong>. Como se mencion\u00f3 en el informe de la misi\u00f3n, su tanque aliado tiene el poder de desactivar la mayor\u00eda de los campos de fuerza en su camino en este nivel y mantenerlo vivo, en lugar de usar las placas de presi\u00f3n para soltar campos si muere, evitar\u00e1 que luche contra oleadas adicionales de enemigos provocados por el uso de dichas almohadillas. Sin embargo, si est\u00e1 buscando m\u00e1s destrucci\u00f3n, a\u00fan puede activar estas almohadillas para obtener puntos de los enemigos muertos.<\/p>\n\n\n\n<div class=\"wp-block-image\"><figure class=\"aligncenter size-full is-resized\"><a href=\"https:\/\/steelstorm.standardof.net\/wp-content\/uploads\/sites\/3\/2020\/10\/Steel-Storm-Burning-Retribution-Follow-the-Mole-2.jpg\"><img decoding=\"async\" src=\"https:\/\/steelstorm.standardof.net\/wp-content\/uploads\/sites\/3\/2020\/10\/Steel-Storm-Burning-Retribution-Follow-the-Mole-2.jpg\" alt=\"\" class=\"wp-image-264\" width=\"512\" height=\"384\" title=\"\" srcset=\"https:\/\/steelstorm.standardof.net\/wp-content\/uploads\/sites\/3\/2020\/10\/Steel-Storm-Burning-Retribution-Follow-the-Mole-2.jpg 1024w, https:\/\/steelstorm.standardof.net\/wp-content\/uploads\/sites\/3\/2020\/10\/Steel-Storm-Burning-Retribution-Follow-the-Mole-2-300x225.jpg 300w, https:\/\/steelstorm.standardof.net\/wp-content\/uploads\/sites\/3\/2020\/10\/Steel-Storm-Burning-Retribution-Follow-the-Mole-2-768x576.jpg 768w, https:\/\/steelstorm.standardof.net\/wp-content\/uploads\/sites\/3\/2020\/10\/Steel-Storm-Burning-Retribution-Follow-the-Mole-2-16x12.jpg 16w\" sizes=\"(max-width: 512px) 100vw, 512px\" \/><\/a><\/figure><\/div>\n\n\n\n<p>Contin\u00faa por el camino verde, protegiendo a tu tanque aliado para pasar los siguientes campos de fuerza. Punto <strong>1<\/strong> indica la ubicaci\u00f3n de la opci\u00f3n alternativa, disparar campo de fuerza antes de llegar al punto <strong>segundo<\/strong>. En el punto <strong>segundo<\/strong> Encontrar\u00e1s una almohadilla de activaci\u00f3n que debes usar para soltar el siguiente campo de fuerza que tu tanque aliado no puede soltar por s\u00ed mismo, sin tomar el ca\u00f1\u00f3n de rayos en el camino. De camino a se\u00f1alar <strong>2<\/strong> encontrar\u00e1 un Storm Spread en uno de los contenedores a lo largo del lado derecho de la pared, antes de las torres de enfriamiento en el punto <strong>2 <\/strong>s\u00ed mismo.<\/p>\n\n\n\n<p>Si tu tanque aliado muere antes de que sueltes los dos campos en el punto <strong>5<\/strong>, puedes destruir las torres de enfriamiento en el punto <strong>2<\/strong> para dejar caer el campo de fuerza cercano, aunque ten cuidado con un par de tanques de protones pesados que protegen estas plataformas junto con algunas torretas. Usando almohadilla <strong>4<\/strong> suelta el primer campo y generar\u00e1 un <strong>3<\/strong> Tanques de rayos en el punto <strong>5<\/strong> mientras pad <strong>3 <\/strong>deja el campo justo al este del primero, sin embargo, sin engendros adicionales.<\/p>\n\n\n\n<p>En el punto <strong>C<\/strong> encontrar\u00e1s un tanque de protones pesados que es la mayor amenaza para la destrucci\u00f3n de tu aliado si a\u00fan est\u00e1 vivo. Si no tienes el tanque aliado para desactivar el campo que bloquea el teletransportador en <strong>C<\/strong> al final de esta pelea, puedes usar la almohadilla en el punto <strong>6<\/strong>para soltar el mismo campo, sin embargo, genera un Tanque Minigun Pesado cercano con 2 Tanques Lightning.<\/p>\n\n\n\n<div class=\"wp-block-image\"><figure class=\"aligncenter size-full is-resized\"><a href=\"https:\/\/steelstorm.standardof.net\/wp-content\/uploads\/sites\/3\/2020\/10\/Steel-Storm-Burning-Retribution-Follow-the-Mole-3.jpg\"><img decoding=\"async\" src=\"https:\/\/steelstorm.standardof.net\/wp-content\/uploads\/sites\/3\/2020\/10\/Steel-Storm-Burning-Retribution-Follow-the-Mole-3.jpg\" alt=\"\" class=\"wp-image-265\" width=\"512\" height=\"384\" title=\"\" srcset=\"https:\/\/steelstorm.standardof.net\/wp-content\/uploads\/sites\/3\/2020\/10\/Steel-Storm-Burning-Retribution-Follow-the-Mole-3.jpg 1024w, https:\/\/steelstorm.standardof.net\/wp-content\/uploads\/sites\/3\/2020\/10\/Steel-Storm-Burning-Retribution-Follow-the-Mole-3-300x225.jpg 300w, https:\/\/steelstorm.standardof.net\/wp-content\/uploads\/sites\/3\/2020\/10\/Steel-Storm-Burning-Retribution-Follow-the-Mole-3-768x576.jpg 768w, https:\/\/steelstorm.standardof.net\/wp-content\/uploads\/sites\/3\/2020\/10\/Steel-Storm-Burning-Retribution-Follow-the-Mole-3-16x12.jpg 16w\" sizes=\"(max-width: 512px) 100vw, 512px\" \/><\/a><\/figure><\/div>\n\n\n\n<p>Toma el teletransportador en el punto <strong>C<\/strong> para saltar al \u00e1rea de la plataforma elevada que se encuentra m\u00e1s adelante. Encontrar\u00e1 una onda de choque aqu\u00ed, pero ac\u00e9rquese lentamente ya que al acercarse genera tres torretas cohete, dos detr\u00e1s y una frente a usted. Retroceda r\u00e1pidamente y active la Onda de choque para desactivar las torretas y repeler cualquiera de los misiles que vuelan hacia usted. Termine con estos antes de sacar el que est\u00e1 delante de usted para despejar el camino hacia el teletransportador en el punto <strong>re<\/strong>.<\/p>\n\n\n\n<p>Llevando el teletransportador al punto <strong>re<\/strong> te llevar\u00e1 a se\u00f1alar <strong>mi<\/strong>. Ahora sigue el camino azul hacia el punto <strong>F<\/strong>y el Portal e Incinerador que se encuentra detr\u00e1s de eso. El Portal y sus defensores son bastante peligrosos, con dos tanques de ametralladoras pesadas que comienzan a patrullarlo junto con la posibilidad de que el portal genere tanques pesados adicionales en sus oleadas, sin mencionar el soporte pr\u00e1cticamente garantizado de tanques de rel\u00e1mpagos. Haz un uso generoso de Shockwave y c\u00fabrete para mantenerte con vida y si tienes misiles homing, eso es mucho mejor, ya que te permite esconderte detr\u00e1s de las barreras y curvar tu artiller\u00eda hacia los enemigos.<\/p>\n\n\n\n<p>Una vez que hayas logrado destrozar a los defensores el tiempo suficiente para dejar caer la salud del Portal debajo de \u00e9l genera otra ola, mu\u00e9vete m\u00e1s all\u00e1 para encontrar el Incinerador que no deber\u00edas tener problemas para sacar en este punto. Tenga cuidado con un solo Lightning Tank que se genera tras la destrucci\u00f3n del Portal justo cerca de donde se teletransport\u00f3. Una vez que estos dos edificios est\u00e9n abajo, puede regresar a trav\u00e9s del teletransportador para llegar a la plataforma de salida que ahora puede usar con su campo de fuerza ca\u00eddo .<\/p>\n\n\n\n<div class=\"wp-block-image\"><figure class=\"aligncenter size-full is-resized\"><a href=\"https:\/\/steelstorm.standardof.net\/wp-content\/uploads\/sites\/3\/2020\/10\/Steel-Storm-Burning-Retribution-Follow-the-Mole-4.jpg\"><img decoding=\"async\" src=\"https:\/\/steelstorm.standardof.net\/wp-content\/uploads\/sites\/3\/2020\/10\/Steel-Storm-Burning-Retribution-Follow-the-Mole-4.jpg\" alt=\"\" class=\"wp-image-266\" width=\"512\" height=\"384\" title=\"\" srcset=\"https:\/\/steelstorm.standardof.net\/wp-content\/uploads\/sites\/3\/2020\/10\/Steel-Storm-Burning-Retribution-Follow-the-Mole-4.jpg 1024w, https:\/\/steelstorm.standardof.net\/wp-content\/uploads\/sites\/3\/2020\/10\/Steel-Storm-Burning-Retribution-Follow-the-Mole-4-300x225.jpg 300w, https:\/\/steelstorm.standardof.net\/wp-content\/uploads\/sites\/3\/2020\/10\/Steel-Storm-Burning-Retribution-Follow-the-Mole-4-768x576.jpg 768w, https:\/\/steelstorm.standardof.net\/wp-content\/uploads\/sites\/3\/2020\/10\/Steel-Storm-Burning-Retribution-Follow-the-Mole-4-16x12.jpg 16w\" sizes=\"(max-width: 512px) 100vw, 512px\" \/><\/a><\/figure><\/div>\n\n<\/div><\/div>\n\n\n<div style=\"height:20px\" aria-hidden=\"true\" class=\"wp-block-spacer\"><\/div>\n\n\n\n<h3 class=\"has-text-align-center wp-block-heading\">Grilletes aplastantes: siga el video tutorial de Mole<\/h3>\n\n\n\n<figure class=\"wp-block-embed is-type-video is-provider-youtube wp-block-embed-youtube wp-embed-aspect-4-3 wp-has-aspect-ratio\"><div class=\"wp-block-embed__wrapper\">\n<div class=\"ast-oembed-container\" style=\"height: 100%;\"><iframe title=\"Ch2-L3 Grilletes aplastantes - Follow the Mole: Steel Storm - Episodio 2\" width=\"500\" height=\"375\" src=\"https:\/\/www.youtube.com\/embed\/6bro2-ddPYo?feature=oembed\" frameborder=\"0\" allow=\"accelerometer; autoplay; clipboard-write; encrypted-media; gyroscope; picture-in-picture; web-share\" referrerpolicy=\"strict-origin-when-cross-origin\" allowfullscreen><\/iframe><\/div>\n<\/div><\/figure>","protected":false},"excerpt":{"rendered":"<p>Now making your way deeper into the base, Crushing Shackles \u2013 Follow the Mole in Steel Storm Burning Retribution has you paired up once more with the allied tank, infiltrating deeper through a teleporter network used to transfer troops of the enemy\u2019s. Map and Objectives &#8211; Primary Objectives &#8211; Destroy the IncineratorDestroy the Portal Level [&hellip;]<\/p>","protected":false},"author":1,"featured_media":54,"parent":173,"menu_order":0,"comment_status":"open","ping_status":"closed","template":"","meta":{"_uag_custom_page_level_css":"","site-sidebar-layout":"default","site-content-layout":"default","ast-site-content-layout":"","site-content-style":"default","site-sidebar-style":"default","ast-global-header-display":"","ast-banner-title-visibility":"","ast-main-header-display":"","ast-hfb-above-header-display":"","ast-hfb-below-header-display":"","ast-hfb-mobile-header-display":"","site-post-title":"","ast-breadcrumbs-content":"","ast-featured-img":"","footer-sml-layout":"","theme-transparent-header-meta":"default","adv-header-id-meta":"","stick-header-meta":"","header-above-stick-meta":"","header-main-stick-meta":"","header-below-stick-meta":"","astra-migrate-meta-layouts":"default","ast-page-background-enabled":"default","ast-page-background-meta":{"desktop":{"background-color":"","background-image":"","background-repeat":"repeat","background-position":"center center","background-size":"auto","background-attachment":"scroll","background-type":"","background-media":"","overlay-type":"","overlay-color":"","overlay-gradient":""},"tablet":{"background-color":"","background-image":"","background-repeat":"repeat","background-position":"center center","background-size":"auto","background-attachment":"scroll","background-type":"","background-media":"","overlay-type":"","overlay-color":"","overlay-gradient":""},"mobile":{"background-color":"","background-image":"","background-repeat":"repeat","background-position":"center center","background-size":"auto","background-attachment":"scroll","background-type":"","background-media":"","overlay-type":"","overlay-color":"","overlay-gradient":""}},"ast-content-background-meta":{"desktop":{"background-color":"var(--ast-global-color-5)","background-image":"","background-repeat":"repeat","background-position":"center center","background-size":"auto","background-attachment":"scroll","background-type":"","background-media":"","overlay-type":"","overlay-color":"","overlay-gradient":""},"tablet":{"background-color":"var(--ast-global-color-5)","background-image":"","background-repeat":"repeat","background-position":"center center","background-size":"auto","background-attachment":"scroll","background-type":"","background-media":"","overlay-type":"","overlay-color":"","overlay-gradient":""},"mobile":{"background-color":"var(--ast-global-color-5)","background-image":"","background-repeat":"repeat","background-position":"center center","background-size":"auto","background-attachment":"scroll","background-type":"","background-media":"","overlay-type":"","overlay-color":"","overlay-gradient":""}},"footnotes":""},"uagb_featured_image_src":{"full":["https:\/\/steelstorm.standardof.net\/wp-content\/uploads\/sites\/3\/2020\/10\/MnEdR-1.jpg",1200,750,false],"thumbnail":["https:\/\/steelstorm.standardof.net\/wp-content\/uploads\/sites\/3\/2020\/10\/MnEdR-1-150x150.jpg",150,150,true],"medium":["https:\/\/steelstorm.standardof.net\/wp-content\/uploads\/sites\/3\/2020\/10\/MnEdR-1-300x188.jpg",300,188,true],"medium_large":["https:\/\/steelstorm.standardof.net\/wp-content\/uploads\/sites\/3\/2020\/10\/MnEdR-1-768x480.jpg",768,480,true],"large":["https:\/\/steelstorm.standardof.net\/wp-content\/uploads\/sites\/3\/2020\/10\/MnEdR-1-1024x640.jpg",1024,640,true],"1536x1536":["https:\/\/steelstorm.standardof.net\/wp-content\/uploads\/sites\/3\/2020\/10\/MnEdR-1.jpg",1200,750,false],"2048x2048":["https:\/\/steelstorm.standardof.net\/wp-content\/uploads\/sites\/3\/2020\/10\/MnEdR-1.jpg",1200,750,false],"trp-custom-language-flag":["https:\/\/steelstorm.standardof.net\/wp-content\/uploads\/sites\/3\/2020\/10\/MnEdR-1.jpg",18,12,false]},"uagb_author_info":{"display_name":"SOE","author_link":"https:\/\/steelstorm.standardof.net\/es\/author\/k-tastic\/"},"uagb_comment_info":0,"uagb_excerpt":"Now making your way deeper into the base, Crushing Shackles \u2013 Follow the Mole in Steel Storm Burning Retribution has you paired up once more with the allied tank, infiltrating deeper through a teleporter network used to transfer troops of the enemy\u2019s. Map and Objectives &#8211; Primary Objectives &#8211; Destroy the IncineratorDestroy the Portal Level&hellip;","_links":{"self":[{"href":"https:\/\/steelstorm.standardof.net\/es\/wp-json\/wp\/v2\/pages\/292"}],"collection":[{"href":"https:\/\/steelstorm.standardof.net\/es\/wp-json\/wp\/v2\/pages"}],"about":[{"href":"https:\/\/steelstorm.standardof.net\/es\/wp-json\/wp\/v2\/types\/page"}],"author":[{"embeddable":true,"href":"https:\/\/steelstorm.standardof.net\/es\/wp-json\/wp\/v2\/users\/1"}],"replies":[{"embeddable":true,"href":"https:\/\/steelstorm.standardof.net\/es\/wp-json\/wp\/v2\/comments?post=292"}],"version-history":[{"count":2,"href":"https:\/\/steelstorm.standardof.net\/es\/wp-json\/wp\/v2\/pages\/292\/revisions"}],"predecessor-version":[{"id":446,"href":"https:\/\/steelstorm.standardof.net\/es\/wp-json\/wp\/v2\/pages\/292\/revisions\/446"}],"up":[{"embeddable":true,"href":"https:\/\/steelstorm.standardof.net\/es\/wp-json\/wp\/v2\/pages\/173"}],"wp:featuredmedia":[{"embeddable":true,"href":"https:\/\/steelstorm.standardof.net\/es\/wp-json\/wp\/v2\/media\/54"}],"wp:attachment":[{"href":"https:\/\/steelstorm.standardof.net\/es\/wp-json\/wp\/v2\/media?parent=292"}],"curies":[{"name":"wp","href":"https:\/\/api.w.org\/{rel}","templated":true}]}}