{"id":291,"date":"2020-10-17T14:43:27","date_gmt":"2020-10-17T14:43:27","guid":{"rendered":"https:\/\/steelstorm.standardof.net\/?page_id=291"},"modified":"2022-10-31T08:19:38","modified_gmt":"2022-10-31T08:19:38","slug":"burning-retribution-beneath-the-frozen-shroud","status":"publish","type":"page","link":"https:\/\/steelstorm.standardof.net\/es\/guide\/tutoriales-de-nivel-2\/castigo-ardiente-debajo-del-sudario-congelado\/","title":{"rendered":"Retribuci\u00f3n ardiente: debajo del sudario helado"},"content":{"rendered":"<p>Volviendo al mismo mapa del nivel anterior, Beneath the Frozen Shroud te lleva m\u00e1s lejos en el mapa, explorando la secci\u00f3n de la cueva m\u00e1s adentro. Tus tareas aqu\u00ed ser\u00e1n obtener c\u00f3digos de acceso a la base subterr\u00e1nea mientras deshabilitas el sistema de ventilaci\u00f3n que ventila el peligroso metano de las cuevas, manteniendo seguras las instalaciones enemigas.<\/p>\n\n\n\n<div style=\"height:20px\" aria-hidden=\"true\" class=\"wp-block-spacer\"><\/div>\n\n\n<div class=\"gb-container gb-container-ae025cb2\"><div class=\"gb-inside-container\">\n\n<h2 class=\"has-text-align-center wp-block-heading\">Mapa y objetivos<\/h2>\n\n\n\n<div class=\"wp-block-image is-style-default\"><figure class=\"aligncenter size-full is-resized\"><a href=\"https:\/\/steelstorm.standardof.net\/es\/steel-storm-burning-retribution-beneath-the-frozen-shroud-1\/\"><img decoding=\"async\" src=\"https:\/\/steelstorm.standardof.net\/wp-content\/uploads\/sites\/3\/2020\/10\/Steel-Storm-Burning-Retribution-Beneath-the-Frozen-Shroud-1.jpg\" alt=\"\" class=\"wp-image-256\" width=\"600\" height=\"387\" title=\"\" srcset=\"https:\/\/steelstorm.standardof.net\/wp-content\/uploads\/sites\/3\/2020\/10\/Steel-Storm-Burning-Retribution-Beneath-the-Frozen-Shroud-1.jpg 800w, https:\/\/steelstorm.standardof.net\/wp-content\/uploads\/sites\/3\/2020\/10\/Steel-Storm-Burning-Retribution-Beneath-the-Frozen-Shroud-1-300x194.jpg 300w, https:\/\/steelstorm.standardof.net\/wp-content\/uploads\/sites\/3\/2020\/10\/Steel-Storm-Burning-Retribution-Beneath-the-Frozen-Shroud-1-768x495.jpg 768w, https:\/\/steelstorm.standardof.net\/wp-content\/uploads\/sites\/3\/2020\/10\/Steel-Storm-Burning-Retribution-Beneath-the-Frozen-Shroud-1-16x10.jpg 16w\" sizes=\"(max-width: 600px) 100vw, 600px\" \/><\/a><\/figure><\/div>\n\n\n\n<h3 class=\"has-text-align-center wp-block-heading\">- Objetivos principales -<\/h3>\n\n\n\n<p class=\"has-text-align-center\">Obtenga c\u00f3digos de acceso de la b\u00f3veda.<\/p>\n\n\n\n<h3 class=\"has-text-align-center wp-block-heading\">- Objetivos secundarios -<\/h3>\n\n\n\n<p class=\"has-text-align-center\">Apague el sistema de ventilaci\u00f3n.<\/p>\n\n<\/div><\/div>\n\n\n<div style=\"height:20px\" aria-hidden=\"true\" class=\"wp-block-spacer\"><\/div>\n\n\n<div class=\"gb-container gb-container-686af150\"><div class=\"gb-inside-container\">\n\n<h2 class=\"has-text-align-center wp-block-heading\">Progresi\u00f3n de nivel y consejos:<\/h2>\n\n\n\n<p>Al comenzar en el punto <strong>UN<\/strong> notar\u00e1s que tu tanque aliado, el tanque ligero azul, est\u00e1 actualmente atrapado detr\u00e1s de un campo de fuerza y tendr\u00e1s que dejarlo salir m\u00e1s tarde. Por ahora dir\u00edgete por el camino verde hacia el punto <strong>segundo<\/strong>. En el camino deber\u00edas pasar por un punto <strong>1<\/strong> para encontrar un incinerador que pueda ser destruido para dejar caer algo de armadura, un Storm Plow y el Flak Cannon. Si quieres puedes hacer un pase en el punto <strong>2<\/strong>tambi\u00e9n para varios enemigos para destruir y puntos para ganar en el proceso, aunque viajar a esta ubicaci\u00f3n no es necesario como parte de los objetivos, mientras que desea eliminar a los enemigos a lo largo del camino verde para ayudar a su aliado a salir en tanque para m\u00e1s adelante. Sacar esta ubicaci\u00f3n puede ser \u00fatil para evitar que tu tanque amigo se distraiga m\u00e1s tarde, adem\u00e1s, puedes encontrar una Minigun en un hangar aqu\u00ed.<\/p>\n\n\n\n<p>En el punto <strong>segundo<\/strong> encontrar\u00e1s un par de almohadillas de activaci\u00f3n, una que deja caer el campo de fuerza cercano y la otra que libera a tu aliado del cautiverio. Una vez que esto suceda, tu aliado se dirigir\u00e1 a se\u00f1alar <strong>mi<\/strong>, luego <strong>C<\/strong> entonces finalmente <strong>GRAMO<\/strong>, dejando caer los campos de fuerza alrededor de los dos teletransportadores en <strong>C<\/strong> y <strong>mi <\/strong>cuando pasa por esos lugares. Mientras tu amigo avanza por su camino, puedes eliminar algunos de los enemigos en el punto <strong>C<\/strong>para facilitar sus viajes y ayudar a mantenerlo vivo.<\/p>\n\n\n\n<p>Una vez que tu tanque aliado se ha abierto camino para desactivar ambos campos de fuerza que protegen a los teletransportadores en <strong>C<\/strong> y <strong>mi<\/strong> tienes dos opciones. Puedes unir fuerzas con el tanque aliado para eliminar la base enemiga fuertemente defendida en el punto <strong>GRAMO <\/strong>en recorrer el camino rojo, lo que facilita dicha tarea considerando la potencia de fuego combinada, o puede tomar el camino azul para comenzar a completar su objetivo secundario de eficiencia de tiempo.<\/p>\n\n\n\n<h4 class=\"wp-block-heading\">Sacando la base enemiga<\/h4>\n\n\n\n<p>Es m\u00e1s f\u00e1cil hacerlo con tu aliado a\u00fan vivo, aunque probablemente no por mucho m\u00e1s tiempo, la base enemiga est\u00e1 fuertemente defendida con varias torretas, pero lo m\u00e1s importante es un par de torretas de reparaci\u00f3n en lugares de dif\u00edcil acceso que deben ser destruidas antes de que las torretas de la base permanezcan. abajo. Puede eliminarlos usando el MIRV para disparar sobre las barreras o usando la onda de choque repetidamente para mantener las torretas de reparaci\u00f3n desactivadas mientras dispara las torretas armadas para permitirle llegar al otro lado de la barrera de manera segura.<\/p>\n\n\n\n<p>Una vez que la base se incendia, aparecer\u00e1n varias oleadas de peque\u00f1os tanques junto con un Heavy Proton Tank entre \u00e9l y la plataforma de salida. Primero saca estas unidades m\u00e1s peque\u00f1as, acaba con el tanque pesado por separado y luego toma la tarjeta roja a la que ahora puedes acceder desde la parte trasera de la ex-base.<\/p>\n\n\n\n<h4 class=\"wp-block-heading\"><a href=\"https:\/\/www.standardof.net\/wp-content\/uploads\/2011\/09\/5365115.jpg\" target=\"_blank\" rel=\"noopener\"><\/a>Apagando el sistema de ventilaci\u00f3n<\/h4>\n\n\n\n<p>Tendr\u00e1s que acceder a una serie de terminales para desactivar el sistema de ventilaci\u00f3n del enemigo, al primero de los cuales se llega a trav\u00e9s de la plataforma del teletransportador que ahora deber\u00eda estar accesible en el punto <strong>C<\/strong> que te llevar\u00e1 al terreno elevado en el punto <strong>re<\/strong>. Saque el par de torretas de plasma ligero y luego acceda al panel en el extremo norte para soltar el campo de fuerza, teniendo cuidado de soltar la torreta de ca\u00f1\u00f3n de haz pesado que se genera al hacer esto. Una vez abajo, active los dos paneles detr\u00e1s del campo de fuerza derribado y regrese al teletransportador.<\/p>\n\n\n\n<p>El segundo teletransportador en el punto <strong>mi <\/strong>ser\u00e1 su pr\u00f3ximo destino, que lo llevar\u00e1 a un terreno elevado cercano en el punto <strong>F<\/strong>. Una vez aqu\u00ed arriba, activa el panel en el extremo norte para soltar otro campo de fuerza que protege un segundo par de terminales, deteni\u00e9ndote para luchar contra el grupo de peque\u00f1os tanques que aparecen en esta acci\u00f3n. Una vez que estos defensores est\u00e1n ca\u00eddos, puede activar ambos paneles para terminar de apagar el sistema de ventilaci\u00f3n mientras deja caer el campo de fuerza alrededor de las golosinas frente al teletransportador en el punto <strong>mi<\/strong>. Regresa aqu\u00ed y recoge la vida extra y, si las necesitas, Storm Spread y Shockwave.<\/p>\n\n\n\n<p>Cuando hayas terminado con todas estas tareas, puedes tomar la tarjeta roja que recogiste de la base enemiga y usarla para dejar caer el campo de fuerza alrededor del portal de salida, ambos al norte del punto. <strong>GRAMO <\/strong>en la X roja, terminando el segundo nivel en este cap\u00edtulo.<\/p>\n\n\n\n<figure class=\"wp-block-gallery has-nested-images columns-default is-cropped wp-block-gallery-1 is-layout-flex wp-block-gallery-is-layout-flex\">\n<figure class=\"wp-block-image size-large\"><img decoding=\"async\" width=\"1024\" height=\"768\" src=\"https:\/\/steelstorm.standardof.net\/wp-content\/uploads\/sites\/3\/2020\/10\/Steel-Storm-Burning-Retribution-Beneath-the-Frozen-Shroud-3.jpg\" alt=\"\" class=\"wp-image-258\" title=\"\" srcset=\"https:\/\/steelstorm.standardof.net\/wp-content\/uploads\/sites\/3\/2020\/10\/Steel-Storm-Burning-Retribution-Beneath-the-Frozen-Shroud-3.jpg 1024w, https:\/\/steelstorm.standardof.net\/wp-content\/uploads\/sites\/3\/2020\/10\/Steel-Storm-Burning-Retribution-Beneath-the-Frozen-Shroud-3-300x225.jpg 300w, https:\/\/steelstorm.standardof.net\/wp-content\/uploads\/sites\/3\/2020\/10\/Steel-Storm-Burning-Retribution-Beneath-the-Frozen-Shroud-3-768x576.jpg 768w, https:\/\/steelstorm.standardof.net\/wp-content\/uploads\/sites\/3\/2020\/10\/Steel-Storm-Burning-Retribution-Beneath-the-Frozen-Shroud-3-16x12.jpg 16w\" sizes=\"(max-width: 1024px) 100vw, 1024px\" \/><\/figure>\n\n\n\n<figure class=\"wp-block-image size-large\"><img decoding=\"async\" width=\"1024\" height=\"768\" src=\"https:\/\/steelstorm.standardof.net\/wp-content\/uploads\/sites\/3\/2020\/10\/Steel-Storm-Burning-Retribution-Beneath-the-Frozen-Shroud-7.jpg\" alt=\"\" class=\"wp-image-262\" title=\"\" srcset=\"https:\/\/steelstorm.standardof.net\/wp-content\/uploads\/sites\/3\/2020\/10\/Steel-Storm-Burning-Retribution-Beneath-the-Frozen-Shroud-7.jpg 1024w, https:\/\/steelstorm.standardof.net\/wp-content\/uploads\/sites\/3\/2020\/10\/Steel-Storm-Burning-Retribution-Beneath-the-Frozen-Shroud-7-300x225.jpg 300w, https:\/\/steelstorm.standardof.net\/wp-content\/uploads\/sites\/3\/2020\/10\/Steel-Storm-Burning-Retribution-Beneath-the-Frozen-Shroud-7-768x576.jpg 768w, https:\/\/steelstorm.standardof.net\/wp-content\/uploads\/sites\/3\/2020\/10\/Steel-Storm-Burning-Retribution-Beneath-the-Frozen-Shroud-7-16x12.jpg 16w\" sizes=\"(max-width: 1024px) 100vw, 1024px\" \/><\/figure>\n\n\n\n<figure class=\"wp-block-image size-large\"><img decoding=\"async\" width=\"1024\" height=\"768\" src=\"https:\/\/steelstorm.standardof.net\/wp-content\/uploads\/sites\/3\/2020\/10\/Steel-Storm-Burning-Retribution-Beneath-the-Frozen-Shroud-6.jpg\" alt=\"\" class=\"wp-image-261\" title=\"\" srcset=\"https:\/\/steelstorm.standardof.net\/wp-content\/uploads\/sites\/3\/2020\/10\/Steel-Storm-Burning-Retribution-Beneath-the-Frozen-Shroud-6.jpg 1024w, https:\/\/steelstorm.standardof.net\/wp-content\/uploads\/sites\/3\/2020\/10\/Steel-Storm-Burning-Retribution-Beneath-the-Frozen-Shroud-6-300x225.jpg 300w, https:\/\/steelstorm.standardof.net\/wp-content\/uploads\/sites\/3\/2020\/10\/Steel-Storm-Burning-Retribution-Beneath-the-Frozen-Shroud-6-768x576.jpg 768w, https:\/\/steelstorm.standardof.net\/wp-content\/uploads\/sites\/3\/2020\/10\/Steel-Storm-Burning-Retribution-Beneath-the-Frozen-Shroud-6-16x12.jpg 16w\" sizes=\"(max-width: 1024px) 100vw, 1024px\" \/><\/figure>\n\n\n\n<figure class=\"wp-block-image size-large\"><img decoding=\"async\" width=\"1024\" height=\"768\" src=\"https:\/\/steelstorm.standardof.net\/wp-content\/uploads\/sites\/3\/2020\/10\/Steel-Storm-Burning-Retribution-Beneath-the-Frozen-Shroud-5.jpg\" alt=\"\" class=\"wp-image-260\" title=\"\" srcset=\"https:\/\/steelstorm.standardof.net\/wp-content\/uploads\/sites\/3\/2020\/10\/Steel-Storm-Burning-Retribution-Beneath-the-Frozen-Shroud-5.jpg 1024w, https:\/\/steelstorm.standardof.net\/wp-content\/uploads\/sites\/3\/2020\/10\/Steel-Storm-Burning-Retribution-Beneath-the-Frozen-Shroud-5-300x225.jpg 300w, https:\/\/steelstorm.standardof.net\/wp-content\/uploads\/sites\/3\/2020\/10\/Steel-Storm-Burning-Retribution-Beneath-the-Frozen-Shroud-5-768x576.jpg 768w, https:\/\/steelstorm.standardof.net\/wp-content\/uploads\/sites\/3\/2020\/10\/Steel-Storm-Burning-Retribution-Beneath-the-Frozen-Shroud-5-16x12.jpg 16w\" sizes=\"(max-width: 1024px) 100vw, 1024px\" \/><\/figure>\n\n\n\n<figure class=\"wp-block-image size-large\"><img decoding=\"async\" width=\"1024\" height=\"768\" src=\"https:\/\/steelstorm.standardof.net\/wp-content\/uploads\/sites\/3\/2020\/10\/Steel-Storm-Burning-Retribution-Beneath-the-Frozen-Shroud-4.jpg\" alt=\"\" class=\"wp-image-259\" title=\"\" srcset=\"https:\/\/steelstorm.standardof.net\/wp-content\/uploads\/sites\/3\/2020\/10\/Steel-Storm-Burning-Retribution-Beneath-the-Frozen-Shroud-4.jpg 1024w, https:\/\/steelstorm.standardof.net\/wp-content\/uploads\/sites\/3\/2020\/10\/Steel-Storm-Burning-Retribution-Beneath-the-Frozen-Shroud-4-300x225.jpg 300w, https:\/\/steelstorm.standardof.net\/wp-content\/uploads\/sites\/3\/2020\/10\/Steel-Storm-Burning-Retribution-Beneath-the-Frozen-Shroud-4-768x576.jpg 768w, https:\/\/steelstorm.standardof.net\/wp-content\/uploads\/sites\/3\/2020\/10\/Steel-Storm-Burning-Retribution-Beneath-the-Frozen-Shroud-4-16x12.jpg 16w\" sizes=\"(max-width: 1024px) 100vw, 1024px\" \/><\/figure>\n\n\n\n<figure class=\"wp-block-image size-large\"><img decoding=\"async\" width=\"1024\" height=\"768\" src=\"https:\/\/steelstorm.standardof.net\/wp-content\/uploads\/sites\/3\/2020\/10\/Steel-Storm-Burning-Retribution-Beneath-the-Frozen-Shroud-2.jpg\" alt=\"\" class=\"wp-image-257\" title=\"\" srcset=\"https:\/\/steelstorm.standardof.net\/wp-content\/uploads\/sites\/3\/2020\/10\/Steel-Storm-Burning-Retribution-Beneath-the-Frozen-Shroud-2.jpg 1024w, https:\/\/steelstorm.standardof.net\/wp-content\/uploads\/sites\/3\/2020\/10\/Steel-Storm-Burning-Retribution-Beneath-the-Frozen-Shroud-2-300x225.jpg 300w, https:\/\/steelstorm.standardof.net\/wp-content\/uploads\/sites\/3\/2020\/10\/Steel-Storm-Burning-Retribution-Beneath-the-Frozen-Shroud-2-768x576.jpg 768w, https:\/\/steelstorm.standardof.net\/wp-content\/uploads\/sites\/3\/2020\/10\/Steel-Storm-Burning-Retribution-Beneath-the-Frozen-Shroud-2-16x12.jpg 16w\" sizes=\"(max-width: 1024px) 100vw, 1024px\" \/><\/figure>\n<\/figure>\n\n<\/div><\/div>\n\n\n<div style=\"height:20px\" aria-hidden=\"true\" class=\"wp-block-spacer\"><\/div>\n\n\n\n<h3 class=\"has-text-align-center wp-block-heading\">Tutorial en v\u00eddeo de Beneath the Frozen Shroud<\/h3>\n\n\n\n<figure class=\"wp-block-embed is-type-video is-provider-youtube wp-block-embed-youtube wp-embed-aspect-4-3 wp-has-aspect-ratio\"><div class=\"wp-block-embed__wrapper\">\n<div class=\"ast-oembed-container\" style=\"height: 100%;\"><iframe title=\"Ch2-L2 Grilletes aplastantes - Debajo del sudario helado: Tormenta de acero - Episodio 2\" width=\"500\" height=\"375\" src=\"https:\/\/www.youtube.com\/embed\/2rNAYXtHjHE?feature=oembed\" frameborder=\"0\" allow=\"accelerometer; autoplay; clipboard-write; encrypted-media; gyroscope; picture-in-picture; web-share\" referrerpolicy=\"strict-origin-when-cross-origin\" allowfullscreen><\/iframe><\/div>\n<\/div><\/figure>\n\n\n\n<p><\/p>","protected":false},"excerpt":{"rendered":"<p>Coming back to the same map as the previous level, Beneath the Frozen Shroud takes you further into the map, exploring the cave section deeper within. Your tasks here will be to obtain access codes to the underground base while disabling the ventilation system which vents dangerous methane from the caves, keeping the enemy facilities [&hellip;]<\/p>","protected":false},"author":1,"featured_media":54,"parent":173,"menu_order":0,"comment_status":"open","ping_status":"closed","template":"","meta":{"_uag_custom_page_level_css":"","site-sidebar-layout":"default","site-content-layout":"default","ast-site-content-layout":"","site-content-style":"default","site-sidebar-style":"default","ast-global-header-display":"","ast-banner-title-visibility":"","ast-main-header-display":"","ast-hfb-above-header-display":"","ast-hfb-below-header-display":"","ast-hfb-mobile-header-display":"","site-post-title":"","ast-breadcrumbs-content":"","ast-featured-img":"","footer-sml-layout":"","theme-transparent-header-meta":"default","adv-header-id-meta":"","stick-header-meta":"","header-above-stick-meta":"","header-main-stick-meta":"","header-below-stick-meta":"","astra-migrate-meta-layouts":"default","ast-page-background-enabled":"default","ast-page-background-meta":{"desktop":{"background-color":"","background-image":"","background-repeat":"repeat","background-position":"center center","background-size":"auto","background-attachment":"scroll","background-type":"","background-media":"","overlay-type":"","overlay-color":"","overlay-gradient":""},"tablet":{"background-color":"","background-image":"","background-repeat":"repeat","background-position":"center center","background-size":"auto","background-attachment":"scroll","background-type":"","background-media":"","overlay-type":"","overlay-color":"","overlay-gradient":""},"mobile":{"background-color":"","background-image":"","background-repeat":"repeat","background-position":"center center","background-size":"auto","background-attachment":"scroll","background-type":"","background-media":"","overlay-type":"","overlay-color":"","overlay-gradient":""}},"ast-content-background-meta":{"desktop":{"background-color":"var(--ast-global-color-5)","background-image":"","background-repeat":"repeat","background-position":"center center","background-size":"auto","background-attachment":"scroll","background-type":"","background-media":"","overlay-type":"","overlay-color":"","overlay-gradient":""},"tablet":{"background-color":"var(--ast-global-color-5)","background-image":"","background-repeat":"repeat","background-position":"center center","background-size":"auto","background-attachment":"scroll","background-type":"","background-media":"","overlay-type":"","overlay-color":"","overlay-gradient":""},"mobile":{"background-color":"var(--ast-global-color-5)","background-image":"","background-repeat":"repeat","background-position":"center center","background-size":"auto","background-attachment":"scroll","background-type":"","background-media":"","overlay-type":"","overlay-color":"","overlay-gradient":""}},"footnotes":""},"uagb_featured_image_src":{"full":["https:\/\/steelstorm.standardof.net\/wp-content\/uploads\/sites\/3\/2020\/10\/MnEdR-1.jpg",1200,750,false],"thumbnail":["https:\/\/steelstorm.standardof.net\/wp-content\/uploads\/sites\/3\/2020\/10\/MnEdR-1-150x150.jpg",150,150,true],"medium":["https:\/\/steelstorm.standardof.net\/wp-content\/uploads\/sites\/3\/2020\/10\/MnEdR-1-300x188.jpg",300,188,true],"medium_large":["https:\/\/steelstorm.standardof.net\/wp-content\/uploads\/sites\/3\/2020\/10\/MnEdR-1-768x480.jpg",768,480,true],"large":["https:\/\/steelstorm.standardof.net\/wp-content\/uploads\/sites\/3\/2020\/10\/MnEdR-1-1024x640.jpg",1024,640,true],"1536x1536":["https:\/\/steelstorm.standardof.net\/wp-content\/uploads\/sites\/3\/2020\/10\/MnEdR-1.jpg",1200,750,false],"2048x2048":["https:\/\/steelstorm.standardof.net\/wp-content\/uploads\/sites\/3\/2020\/10\/MnEdR-1.jpg",1200,750,false],"trp-custom-language-flag":["https:\/\/steelstorm.standardof.net\/wp-content\/uploads\/sites\/3\/2020\/10\/MnEdR-1.jpg",18,12,false]},"uagb_author_info":{"display_name":"SOE","author_link":"https:\/\/steelstorm.standardof.net\/es\/author\/k-tastic\/"},"uagb_comment_info":0,"uagb_excerpt":"Coming back to the same map as the previous level, Beneath the Frozen Shroud takes you further into the map, exploring the cave section deeper within. Your tasks here will be to obtain access codes to the underground base while disabling the ventilation system which vents dangerous methane from the caves, keeping the enemy facilities&hellip;","_links":{"self":[{"href":"https:\/\/steelstorm.standardof.net\/es\/wp-json\/wp\/v2\/pages\/291"}],"collection":[{"href":"https:\/\/steelstorm.standardof.net\/es\/wp-json\/wp\/v2\/pages"}],"about":[{"href":"https:\/\/steelstorm.standardof.net\/es\/wp-json\/wp\/v2\/types\/page"}],"author":[{"embeddable":true,"href":"https:\/\/steelstorm.standardof.net\/es\/wp-json\/wp\/v2\/users\/1"}],"replies":[{"embeddable":true,"href":"https:\/\/steelstorm.standardof.net\/es\/wp-json\/wp\/v2\/comments?post=291"}],"version-history":[{"count":1,"href":"https:\/\/steelstorm.standardof.net\/es\/wp-json\/wp\/v2\/pages\/291\/revisions"}],"predecessor-version":[{"id":453,"href":"https:\/\/steelstorm.standardof.net\/es\/wp-json\/wp\/v2\/pages\/291\/revisions\/453"}],"up":[{"embeddable":true,"href":"https:\/\/steelstorm.standardof.net\/es\/wp-json\/wp\/v2\/pages\/173"}],"wp:featuredmedia":[{"embeddable":true,"href":"https:\/\/steelstorm.standardof.net\/es\/wp-json\/wp\/v2\/media\/54"}],"wp:attachment":[{"href":"https:\/\/steelstorm.standardof.net\/es\/wp-json\/wp\/v2\/media?parent=291"}],"curies":[{"name":"wp","href":"https:\/\/api.w.org\/{rel}","templated":true}]}}