{"id":289,"date":"2020-10-17T14:38:20","date_gmt":"2020-10-17T14:38:20","guid":{"rendered":"https:\/\/steelstorm.standardof.net\/?page_id=289"},"modified":"2022-10-31T08:18:31","modified_gmt":"2022-10-31T08:18:31","slug":"burning-retribution-icebound-paradise","status":"publish","type":"page","link":"https:\/\/steelstorm.standardof.net\/es\/guide\/tutoriales-de-nivel-2\/ardiente-retribucion-hielo-paraiso\/","title":{"rendered":"Retribuci\u00f3n ardiente: Para\u00edso ligado al hielo"},"content":{"rendered":"<p>En el primer nivel del cap\u00edtulo dos, Crushing Shackles - Icebound Paradise of Steel Storm Burning Retribution, la batalla se traslada a una nueva \u00e1rea, dejando las cavernas congeladas del primer cap\u00edtulo. La tarea aqu\u00ed ser\u00e1 acceder a una red de cuevas habitadas por el enemigo a trav\u00e9s de un teletransportador vigilado en el puente da\u00f1ado.<\/p>\n\n\n\n<div style=\"height:20px\" aria-hidden=\"true\" class=\"wp-block-spacer\"><\/div>\n\n\n<div class=\"gb-container gb-container-ae025cb2\"><div class=\"gb-inside-container\">\n\n<h2 class=\"has-text-align-center wp-block-heading\">Mapa y objetivos<\/h2>\n\n\n\n<div class=\"wp-block-image is-style-default\"><figure class=\"aligncenter size-full is-resized\"><a href=\"https:\/\/steelstorm.standardof.net\/es\/steel-storm-burning-retribution-icebound-paradise-1\/\"><img decoding=\"async\" src=\"https:\/\/steelstorm.standardof.net\/wp-content\/uploads\/sites\/3\/2020\/10\/Steel-Storm-Burning-Retribution-Icebound-Paradise-1.jpg\" alt=\"\" class=\"wp-image-267\" width=\"600\" height=\"483\" title=\"\" srcset=\"https:\/\/steelstorm.standardof.net\/wp-content\/uploads\/sites\/3\/2020\/10\/Steel-Storm-Burning-Retribution-Icebound-Paradise-1.jpg 800w, https:\/\/steelstorm.standardof.net\/wp-content\/uploads\/sites\/3\/2020\/10\/Steel-Storm-Burning-Retribution-Icebound-Paradise-1-300x242.jpg 300w, https:\/\/steelstorm.standardof.net\/wp-content\/uploads\/sites\/3\/2020\/10\/Steel-Storm-Burning-Retribution-Icebound-Paradise-1-768x618.jpg 768w, https:\/\/steelstorm.standardof.net\/wp-content\/uploads\/sites\/3\/2020\/10\/Steel-Storm-Burning-Retribution-Icebound-Paradise-1-16x12.jpg 16w\" sizes=\"(max-width: 600px) 100vw, 600px\" \/><\/a><\/figure><\/div>\n\n\n\n<h3 class=\"has-text-align-center wp-block-heading\">- Objetivos principales -<\/h3>\n\n\n\n<p class=\"has-text-align-center\">Obtenga acceso al puente.<\/p>\n\n\n\n<h4 class=\"has-text-align-center wp-block-heading\">- Objetivos secundarios -<\/h4>\n\n\n\n<p class=\"has-text-align-center\">Destruye el gran cargamento de suministros en el puente.<\/p>\n\n<\/div><\/div>\n\n\n<div style=\"height:20px\" aria-hidden=\"true\" class=\"wp-block-spacer\"><\/div>\n\n\n<div class=\"gb-container gb-container-686af150\"><div class=\"gb-inside-container\">\n\n<h2 class=\"has-text-align-center wp-block-heading\">Progresi\u00f3n de nivel y consejos:<\/h2>\n\n\n\n<p>Al comienzo del nivel, encontrar\u00e1s un Storm Plow que puedes recoger si quieres cambiar tu arma de energ\u00eda primaria. Empieza a tomar el camino verde hasta llegar al punto <strong>UN<\/strong>donde encontrar\u00e1s un Incinerador, dos Cuarteles y un Obelisco custodiado por unas torretas. Si destruyes este Incinerador, puedes encontrar una vida extra, Storm Spread y el Rocket Pod recoger\u00e1. Una vez que haya hecho esto, puede piratear el panel cercano para comenzar a soltar el campo de fuerza. Deber\u00e1 detenerse para luchar contra dos oleadas separadas de tanques ligeros a aproximadamente 1\/3 de pirateo y tanques medianos a 2\/3 de pirateo.<\/p>\n\n\n\n<p>Haciendo su camino m\u00e1s all\u00e1 del campo de fuerza ahora hacia abajo hacia el punto <strong>segundo<\/strong>encontrar\u00e1s un tanque de protones pesados que se genera al cruzar el campo derribado con un ca\u00f1\u00f3n de rayos, un escudo y una armadura completa cerca de algunas barreras que puedes recoger. Se activar\u00e1n varios engendros de unidades enemigas durante la pelea con este tanque, as\u00ed que prep\u00e1rate para evitarlos tambi\u00e9n.<\/p>\n\n\n\n<p>Luego, recorra la curva hacia el punto <strong>C<\/strong>. Aqu\u00ed encontrar\u00e1 una peque\u00f1a base con un par de torretas de plasma ligero y un par de torretas cohete. Cada una de las torretas cohete generar\u00e1 una torreta de reparaci\u00f3n cercana, as\u00ed que prep\u00e1rate para eliminarlas r\u00e1pidamente o posiciona para usar la onda de choque en ellas tan pronto como lleguen. Saque la base peque\u00f1a despu\u00e9s de que estas torretas est\u00e9n abajo para que suelte una tarjeta de acceso roja que puede usar en un panel cercano al sureste de la cascada. Este panel deja caer el campo de fuerza al mismo tiempo que genera un nuevo tr\u00edo de torretas en la peque\u00f1a base destruida, una de las cuales es un Heavy Beam Cannon. Una vez que estos se hayan ido, puede llevar el teletransportador para se\u00f1alar <strong>re<\/strong>.<\/p>\n\n\n\n<p>Tu tarea final ser\u00e1 abrirte camino a trav\u00e9s de los enormes grupos de cajas en tu camino hacia la plataforma de salida en el punto <strong>mi<\/strong>. No hay muchos enemigos m\u00e1s all\u00e1 de unos pocos tanques m\u00e1s peque\u00f1os, algunas torretas cohete y un tanque de protones pesados que se genera a medida que te acercas a los contenedores. Aseg\u00farese de volar todos los contenedores hasta que el objetivo se aclare y recoja todos los elementos que se cayeron, uno de los cuales ser\u00e1 el MIRV. Una vez que las cajas se hayan ido, remata un par de torretas de plasma ligero junto a la plataforma de salida para despejar el camino de salida de este nivel.<\/p>\n\n\n\n<figure class=\"wp-block-gallery has-nested-images columns-default is-cropped wp-block-gallery-1 is-layout-flex wp-block-gallery-is-layout-flex\">\n<figure class=\"wp-block-image size-large\"><img decoding=\"async\" width=\"1024\" height=\"768\" src=\"https:\/\/steelstorm.standardof.net\/wp-content\/uploads\/sites\/3\/2020\/10\/Steel-Storm-Burning-Retribution-Icebound-Paradise-2.jpg\" alt=\"\" class=\"wp-image-268\" title=\"\" srcset=\"https:\/\/steelstorm.standardof.net\/wp-content\/uploads\/sites\/3\/2020\/10\/Steel-Storm-Burning-Retribution-Icebound-Paradise-2.jpg 1024w, https:\/\/steelstorm.standardof.net\/wp-content\/uploads\/sites\/3\/2020\/10\/Steel-Storm-Burning-Retribution-Icebound-Paradise-2-300x225.jpg 300w, https:\/\/steelstorm.standardof.net\/wp-content\/uploads\/sites\/3\/2020\/10\/Steel-Storm-Burning-Retribution-Icebound-Paradise-2-768x576.jpg 768w, https:\/\/steelstorm.standardof.net\/wp-content\/uploads\/sites\/3\/2020\/10\/Steel-Storm-Burning-Retribution-Icebound-Paradise-2-16x12.jpg 16w\" sizes=\"(max-width: 1024px) 100vw, 1024px\" \/><\/figure>\n\n\n\n<figure class=\"wp-block-image size-large\"><img decoding=\"async\" width=\"1024\" height=\"768\" src=\"https:\/\/steelstorm.standardof.net\/wp-content\/uploads\/sites\/3\/2020\/10\/Steel-Storm-Burning-Retribution-Icebound-Paradise-5.jpg\" alt=\"\" class=\"wp-image-271\" title=\"\" srcset=\"https:\/\/steelstorm.standardof.net\/wp-content\/uploads\/sites\/3\/2020\/10\/Steel-Storm-Burning-Retribution-Icebound-Paradise-5.jpg 1024w, https:\/\/steelstorm.standardof.net\/wp-content\/uploads\/sites\/3\/2020\/10\/Steel-Storm-Burning-Retribution-Icebound-Paradise-5-300x225.jpg 300w, https:\/\/steelstorm.standardof.net\/wp-content\/uploads\/sites\/3\/2020\/10\/Steel-Storm-Burning-Retribution-Icebound-Paradise-5-768x576.jpg 768w, https:\/\/steelstorm.standardof.net\/wp-content\/uploads\/sites\/3\/2020\/10\/Steel-Storm-Burning-Retribution-Icebound-Paradise-5-16x12.jpg 16w\" sizes=\"(max-width: 1024px) 100vw, 1024px\" \/><\/figure>\n\n\n\n<figure class=\"wp-block-image size-large\"><img decoding=\"async\" width=\"1024\" height=\"768\" src=\"https:\/\/steelstorm.standardof.net\/wp-content\/uploads\/sites\/3\/2020\/10\/Steel-Storm-Burning-Retribution-Icebound-Paradise-4.jpg\" alt=\"\" class=\"wp-image-270\" title=\"\" srcset=\"https:\/\/steelstorm.standardof.net\/wp-content\/uploads\/sites\/3\/2020\/10\/Steel-Storm-Burning-Retribution-Icebound-Paradise-4.jpg 1024w, https:\/\/steelstorm.standardof.net\/wp-content\/uploads\/sites\/3\/2020\/10\/Steel-Storm-Burning-Retribution-Icebound-Paradise-4-300x225.jpg 300w, https:\/\/steelstorm.standardof.net\/wp-content\/uploads\/sites\/3\/2020\/10\/Steel-Storm-Burning-Retribution-Icebound-Paradise-4-768x576.jpg 768w, https:\/\/steelstorm.standardof.net\/wp-content\/uploads\/sites\/3\/2020\/10\/Steel-Storm-Burning-Retribution-Icebound-Paradise-4-16x12.jpg 16w\" sizes=\"(max-width: 1024px) 100vw, 1024px\" \/><\/figure>\n\n\n\n<figure class=\"wp-block-image size-large\"><img decoding=\"async\" width=\"1024\" height=\"768\" src=\"https:\/\/steelstorm.standardof.net\/wp-content\/uploads\/sites\/3\/2020\/10\/Steel-Storm-Burning-Retribution-Icebound-Paradise-3.jpg\" alt=\"\" class=\"wp-image-269\" title=\"\" srcset=\"https:\/\/steelstorm.standardof.net\/wp-content\/uploads\/sites\/3\/2020\/10\/Steel-Storm-Burning-Retribution-Icebound-Paradise-3.jpg 1024w, https:\/\/steelstorm.standardof.net\/wp-content\/uploads\/sites\/3\/2020\/10\/Steel-Storm-Burning-Retribution-Icebound-Paradise-3-300x225.jpg 300w, https:\/\/steelstorm.standardof.net\/wp-content\/uploads\/sites\/3\/2020\/10\/Steel-Storm-Burning-Retribution-Icebound-Paradise-3-768x576.jpg 768w, https:\/\/steelstorm.standardof.net\/wp-content\/uploads\/sites\/3\/2020\/10\/Steel-Storm-Burning-Retribution-Icebound-Paradise-3-16x12.jpg 16w\" sizes=\"(max-width: 1024px) 100vw, 1024px\" \/><\/figure>\n<\/figure>\n\n<\/div><\/div>\n\n\n<div style=\"height:20px\" aria-hidden=\"true\" class=\"wp-block-spacer\"><\/div>\n\n\n\n<h3 class=\"has-text-align-center wp-block-heading\">Grilletes aplastantes: video gu\u00eda de Icebound Paradise<\/h3>\n\n\n\n<figure class=\"wp-block-embed is-type-video is-provider-youtube wp-block-embed-youtube wp-embed-aspect-4-3 wp-has-aspect-ratio\"><div class=\"wp-block-embed__wrapper\">\n<div class=\"ast-oembed-container\" style=\"height: 100%;\"><iframe title=\"Ch2-L1 Grilletes aplastantes - Para\u00edso ligado al hielo: Tormenta de acero - Episodio 2\" width=\"500\" height=\"375\" src=\"https:\/\/www.youtube.com\/embed\/5SbrHZEjc28?feature=oembed\" frameborder=\"0\" allow=\"accelerometer; autoplay; clipboard-write; encrypted-media; gyroscope; picture-in-picture; web-share\" referrerpolicy=\"strict-origin-when-cross-origin\" allowfullscreen><\/iframe><\/div>\n<\/div><\/figure>","protected":false},"excerpt":{"rendered":"<p>In the first level of chapter two, Crushing Shackles &#8211; Icebound Paradise of Steel Storm Burning Retribution, the battle is moved to a new area, leaving the frozen caverns from the first chapter. The task here will be to gain entry to a network of caves inhabited by the enemy via a guarded teleporter on [&hellip;]<\/p>","protected":false},"author":1,"featured_media":54,"parent":173,"menu_order":0,"comment_status":"open","ping_status":"closed","template":"","meta":{"_uag_custom_page_level_css":"","site-sidebar-layout":"default","site-content-layout":"default","ast-site-content-layout":"","site-content-style":"default","site-sidebar-style":"default","ast-global-header-display":"","ast-banner-title-visibility":"","ast-main-header-display":"","ast-hfb-above-header-display":"","ast-hfb-below-header-display":"","ast-hfb-mobile-header-display":"","site-post-title":"","ast-breadcrumbs-content":"","ast-featured-img":"","footer-sml-layout":"","theme-transparent-header-meta":"default","adv-header-id-meta":"","stick-header-meta":"","header-above-stick-meta":"","header-main-stick-meta":"","header-below-stick-meta":"","astra-migrate-meta-layouts":"default","ast-page-background-enabled":"default","ast-page-background-meta":{"desktop":{"background-color":"","background-image":"","background-repeat":"repeat","background-position":"center center","background-size":"auto","background-attachment":"scroll","background-type":"","background-media":"","overlay-type":"","overlay-color":"","overlay-gradient":""},"tablet":{"background-color":"","background-image":"","background-repeat":"repeat","background-position":"center center","background-size":"auto","background-attachment":"scroll","background-type":"","background-media":"","overlay-type":"","overlay-color":"","overlay-gradient":""},"mobile":{"background-color":"","background-image":"","background-repeat":"repeat","background-position":"center center","background-size":"auto","background-attachment":"scroll","background-type":"","background-media":"","overlay-type":"","overlay-color":"","overlay-gradient":""}},"ast-content-background-meta":{"desktop":{"background-color":"var(--ast-global-color-5)","background-image":"","background-repeat":"repeat","background-position":"center center","background-size":"auto","background-attachment":"scroll","background-type":"","background-media":"","overlay-type":"","overlay-color":"","overlay-gradient":""},"tablet":{"background-color":"var(--ast-global-color-5)","background-image":"","background-repeat":"repeat","background-position":"center center","background-size":"auto","background-attachment":"scroll","background-type":"","background-media":"","overlay-type":"","overlay-color":"","overlay-gradient":""},"mobile":{"background-color":"var(--ast-global-color-5)","background-image":"","background-repeat":"repeat","background-position":"center center","background-size":"auto","background-attachment":"scroll","background-type":"","background-media":"","overlay-type":"","overlay-color":"","overlay-gradient":""}},"footnotes":""},"uagb_featured_image_src":{"full":["https:\/\/steelstorm.standardof.net\/wp-content\/uploads\/sites\/3\/2020\/10\/MnEdR-1.jpg",1200,750,false],"thumbnail":["https:\/\/steelstorm.standardof.net\/wp-content\/uploads\/sites\/3\/2020\/10\/MnEdR-1-150x150.jpg",150,150,true],"medium":["https:\/\/steelstorm.standardof.net\/wp-content\/uploads\/sites\/3\/2020\/10\/MnEdR-1-300x188.jpg",300,188,true],"medium_large":["https:\/\/steelstorm.standardof.net\/wp-content\/uploads\/sites\/3\/2020\/10\/MnEdR-1-768x480.jpg",768,480,true],"large":["https:\/\/steelstorm.standardof.net\/wp-content\/uploads\/sites\/3\/2020\/10\/MnEdR-1-1024x640.jpg",1024,640,true],"1536x1536":["https:\/\/steelstorm.standardof.net\/wp-content\/uploads\/sites\/3\/2020\/10\/MnEdR-1.jpg",1200,750,false],"2048x2048":["https:\/\/steelstorm.standardof.net\/wp-content\/uploads\/sites\/3\/2020\/10\/MnEdR-1.jpg",1200,750,false],"trp-custom-language-flag":["https:\/\/steelstorm.standardof.net\/wp-content\/uploads\/sites\/3\/2020\/10\/MnEdR-1.jpg",18,12,false]},"uagb_author_info":{"display_name":"SOE","author_link":"https:\/\/steelstorm.standardof.net\/es\/author\/k-tastic\/"},"uagb_comment_info":1,"uagb_excerpt":"In the first level of chapter two, Crushing Shackles &#8211; Icebound Paradise of Steel Storm Burning Retribution, the battle is moved to a new area, leaving the frozen caverns from the first chapter. The task here will be to gain entry to a network of caves inhabited by the enemy via a guarded teleporter on&hellip;","_links":{"self":[{"href":"https:\/\/steelstorm.standardof.net\/es\/wp-json\/wp\/v2\/pages\/289"}],"collection":[{"href":"https:\/\/steelstorm.standardof.net\/es\/wp-json\/wp\/v2\/pages"}],"about":[{"href":"https:\/\/steelstorm.standardof.net\/es\/wp-json\/wp\/v2\/types\/page"}],"author":[{"embeddable":true,"href":"https:\/\/steelstorm.standardof.net\/es\/wp-json\/wp\/v2\/users\/1"}],"replies":[{"embeddable":true,"href":"https:\/\/steelstorm.standardof.net\/es\/wp-json\/wp\/v2\/comments?post=289"}],"version-history":[{"count":1,"href":"https:\/\/steelstorm.standardof.net\/es\/wp-json\/wp\/v2\/pages\/289\/revisions"}],"predecessor-version":[{"id":451,"href":"https:\/\/steelstorm.standardof.net\/es\/wp-json\/wp\/v2\/pages\/289\/revisions\/451"}],"up":[{"embeddable":true,"href":"https:\/\/steelstorm.standardof.net\/es\/wp-json\/wp\/v2\/pages\/173"}],"wp:featuredmedia":[{"embeddable":true,"href":"https:\/\/steelstorm.standardof.net\/es\/wp-json\/wp\/v2\/media\/54"}],"wp:attachment":[{"href":"https:\/\/steelstorm.standardof.net\/es\/wp-json\/wp\/v2\/media?parent=289"}],"curies":[{"name":"wp","href":"https:\/\/api.w.org\/{rel}","templated":true}]}}