{"id":286,"date":"2020-10-17T14:34:31","date_gmt":"2020-10-17T14:34:31","guid":{"rendered":"https:\/\/steelstorm.standardof.net\/?page_id=286"},"modified":"2022-10-31T08:20:16","modified_gmt":"2022-10-31T08:20:16","slug":"burning-retribution-numb-steel","status":"publish","type":"page","link":"https:\/\/steelstorm.standardof.net\/es\/guide\/tutoriales-de-nivel-2\/quema-retribucion-entumecido-acero\/","title":{"rendered":"Retribuci\u00f3n ardiente: Acero entumecido"},"content":{"rendered":"<p>La segunda y \u00faltima misi\u00f3n del cap\u00edtulo 1 del Episodio 2 en Steel Storm, Numb Steel, te lleva de regreso al meteorito congelado para continuar en el mismo mapa que antes, aunque ahora enfoc\u00e1ndote en la mitad sur del mapa que antes era inaccesible mientras el la parte que cubri\u00f3 antes ahora est\u00e1 bloqueada. Su tarea aqu\u00ed ser\u00e1 interrumpir la capacidad de los enemigos de recolectar agua del hielo, lo que lo hacen con una gran plataforma minera.<\/p>\n\n\n\n<div style=\"height:20px\" aria-hidden=\"true\" class=\"wp-block-spacer\"><\/div>\n\n\n<div class=\"gb-container gb-container-ae025cb2\"><div class=\"gb-inside-container\">\n\n<h2 class=\"has-text-align-center wp-block-heading\">Mapa y objetivos<\/h2>\n\n\n\n<div class=\"wp-block-image is-style-default\"><figure class=\"aligncenter size-full is-resized\"><a href=\"https:\/\/steelstorm.standardof.net\/es\/steel-storm-burning-retribution-numb-steel-1\/\"><img decoding=\"async\" src=\"https:\/\/steelstorm.standardof.net\/wp-content\/uploads\/sites\/3\/2020\/10\/Steel-Storm-Burning-Retribution-Numb-Steel-1.jpg\" alt=\"\" class=\"wp-image-249\" width=\"653\" height=\"356\" title=\"\" srcset=\"https:\/\/steelstorm.standardof.net\/wp-content\/uploads\/sites\/3\/2020\/10\/Steel-Storm-Burning-Retribution-Numb-Steel-1.jpg 871w, https:\/\/steelstorm.standardof.net\/wp-content\/uploads\/sites\/3\/2020\/10\/Steel-Storm-Burning-Retribution-Numb-Steel-1-300x163.jpg 300w, https:\/\/steelstorm.standardof.net\/wp-content\/uploads\/sites\/3\/2020\/10\/Steel-Storm-Burning-Retribution-Numb-Steel-1-768x418.jpg 768w, https:\/\/steelstorm.standardof.net\/wp-content\/uploads\/sites\/3\/2020\/10\/Steel-Storm-Burning-Retribution-Numb-Steel-1-16x9.jpg 16w\" sizes=\"(max-width: 653px) 100vw, 653px\" \/><\/a><\/figure><\/div>\n\n\n\n<h3 class=\"has-text-align-center wp-block-heading\">- Objetivos principales -<\/h3>\n\n\n\n<p class=\"has-text-align-center\">Desactivar el evaporador<\/p>\n\n\n\n<h4 class=\"has-text-align-center wp-block-heading\">- Objetivos secundarios -<\/h4>\n\n\n\n<p class=\"has-text-align-center\">Destruya los estantes de n\u00facleo de fusi\u00f3n (3)<\/p>\n\n<\/div><\/div>\n\n\n<div style=\"height:20px\" aria-hidden=\"true\" class=\"wp-block-spacer\"><\/div>\n\n\n<div class=\"gb-container gb-container-686af150\"><div class=\"gb-inside-container\">\n\n<h2 class=\"has-text-align-center wp-block-heading\">Progresi\u00f3n de nivel y consejos:<\/h2>\n\n\n\n<p>Comenzar\u00e1s con el desove de tu tanque en el punto <strong>UN<\/strong>. Antes de dirigirse por el camino verde, debe verificar justo al sur de su posici\u00f3n inicial para encontrar un ca\u00f1\u00f3n antia\u00e9reo y algunas camionetas m\u00e1s, aunque tenga cuidado ya que acercarse a ellos generar\u00e1 una ligera emboscada. Defi\u00e9ndete de estos tipos para asegurar los objetos y los cristales de bonificaci\u00f3n antes de avanzar hacia <strong>segundo<\/strong>. Si perdiste el Storm Plow de la misi\u00f3n anterior, puedes recoger otro justo al norte de la ubicaci\u00f3n de inicio.<\/p>\n\n\n\n<p>Acerc\u00e1ndose al punto <strong>segundo<\/strong>, ser\u00e1s emboscado con varios tanques, incluidos un par de Lightning. Luchando contra ellos y viajando al punto <strong>segundo<\/strong> puedes encontrar el arma Storm Spread que vale la pena recoger y usar r\u00e1pidamente para defenderse de una nueva emboscada m\u00e1s grande que se desencadena por su recuperaci\u00f3n o simplemente al acercarse a ella. Esta onda provocar\u00e1 campos de fuerza alrededor del punto <strong>segundo<\/strong> para aparecer durante la duraci\u00f3n de la pelea que sigue, cayendo una vez m\u00e1s cuando el tanque enemigo final est\u00e1 abajo.<\/p>\n\n\n\n<p>Punto <strong>C <\/strong>traer\u00e1 consigo m\u00e1s puertas cerradas y emboscadas, sin embargo, le presentar\u00e1 la oportunidad de recoger el Beam Cannon que le presentar\u00e1 una excelente herramienta para la eliminaci\u00f3n r\u00e1pida de torretas de largo alcance.<\/p>\n\n\n\n<p>Despu\u00e9s de luchar contra las primeras oleadas de enemigos que aparecen para atacarte en esta \u00e1rea, mu\u00e9vete al punto <strong>re <\/strong>donde encontrar\u00e1 un par de consolas que controlan un campo de fuerza dual. Uno de estos ser\u00e1 pirateado de inmediato, mientras que el otro requiere una tarjeta de acceso. Comience a piratear la primera consola azul para soltar el campo de fuerza que protege el gatillo en el punto <strong>C<\/strong> que a su vez desactiva el campo de fuerza alrededor del teletransportador justo enfrente de \u00e9l, todav\u00eda en el punto <strong>C<\/strong>. Algunas torretas nuevas aparecer\u00e1n cerca del gatillo junto con algunos tanques despu\u00e9s de piratear la consola.<\/p>\n\n\n\n<p>Toma el teletransportador en el punto <strong>C<\/strong> que te lleva por el camino morado para se\u00f1alar <strong>1<\/strong>. Aqu\u00ed encontrar\u00e1 un par de bastidores de n\u00facleo de fusi\u00f3n que debe destruir de la plataforma o m\u00e1s lejos antes de acercarse a las torretas cohete en el extremo m\u00e1s alejado de este espacio cerrado. Si las torretas cohete disparan contra ti con los bastidores a\u00fan levantados, podr\u00edan detonarlos mientras est\u00e1s cerca de ellos y dejarte boquiabierto por completo. Una vez que los dos bastidores y las dos torretas se hayan ido, recoja todos los cristales de bonificaci\u00f3n junto con la primera tarjeta de acceso roja y vuelva a trav\u00e9s del teletransportador.<\/p>\n\n\n\n<p>Utilice la tarjeta de acceso para acceder a la segunda consola en el punto <strong>re<\/strong> y det\u00e9ngase inmediatamente cuando la pr\u00f3xima ola de enemigos emboscados engendre durante el intento de acceso. No te quedes quieto hasta que termine el truco, ya que es probable que te mates. En su lugar, saca r\u00e1pidamente la torreta de haz pesado y recoge el cohete que se genera, volvi\u00e9ndolo contra el grupo condensado de tanques que vienen a enfrentarte. Una vez que haya despejado el \u00e1rea, puede volver a su negocio anterior de derribar el campo de fuerza con la tarjeta para dirigirse hacia el punto <strong>F<\/strong>.<\/p>\n\n\n\n<p>A <strong>mi<\/strong> Te enfrentar\u00e1s a una amplia gama de enemigos, sin embargo, por el momento, tu enfoque principal no estar\u00e1 en el Evaporador, sino en limpiar el \u00e1rea para que puedas hackear la terminal en el punto <strong>F<\/strong>. Este terminal soltar\u00e1 el campo de fuerza adyacente que le da acceso a un pad de activaci\u00f3n que a su vez desbloquea el campo de fuerza entre <strong>UN<\/strong> y <strong>GRAMO<\/strong>. Ahora es el momento de retroceder a estos lugares y recorrer el camino rojo hacia <strong>GRAMO<\/strong>.<\/p>\n\n\n\n<p>Al llegar al punto <strong>GRAMO <\/strong>encontrar\u00e1s un arma de energ\u00eda secundaria Thunderbolt que puedes recoger para usar, aunque te sugiero que te quedes con el Beam Cannon. Despeja a los enemigos aqu\u00ed asegur\u00e1ndote de concentrarte en la torreta de reparaci\u00f3n antes de continuar hacia el punto <strong>H<\/strong> donde puedes encontrar el portal de salida custodiado por un campo de fuerza activo junto a un edificio con un campo de fuerza que bloquea su entrada y una terminal pirateable contra \u00e9l. Despeja el \u00e1rea y piratea esta terminal para soltar su campo de fuerza, lo que te permite ingresar al edificio y tomar el Teletransportador (camino p\u00farpura) para se\u00f1alar <strong>2<\/strong>.<\/p>\n\n\n\n<p>En el punto<strong> 2<\/strong> puede destruir el tercer y \u00faltimo n\u00facleo de fusi\u00f3n, luego recoger el n\u00facleo da\u00f1ado y llevarlo al otro teletransportador (camino azul claro) para se\u00f1alar<strong> mi<\/strong> donde puede insertar el n\u00facleo da\u00f1ado en el evaporador, completando as\u00ed su objetivo principal y soltando 2 tarjetas rojas para que las recoja y las lleve al punto <strong>H<\/strong> usando los teletransportadores, deteni\u00e9ndose para luchar contra el Heavy Proton Tank generado por la desactivaci\u00f3n del Evaporador.<\/p>\n\n\n\n<p>Regresando al punto <strong>H<\/strong>, use ambas tarjetas en ambas consolas junto al portal de salida. Esto activa otro tanque de protones pesados que tendr\u00e1 que ser destruido antes de que el campo de fuerza que protege el portal de salida finalmente caiga, generando algunos cristales de bonificaci\u00f3n frente a \u00e9l en el proceso.<\/p>\n\n\n\n<figure class=\"wp-block-gallery has-nested-images columns-default is-cropped wp-block-gallery-1 is-layout-flex wp-block-gallery-is-layout-flex\">\n<figure class=\"wp-block-image size-large\"><img decoding=\"async\" width=\"1024\" height=\"576\" src=\"https:\/\/steelstorm.standardof.net\/wp-content\/uploads\/sites\/3\/2020\/10\/Steel-Storm-Burning-Retribution-Numb-Steel-2.jpg\" alt=\"\" class=\"wp-image-250\" title=\"\" srcset=\"https:\/\/steelstorm.standardof.net\/wp-content\/uploads\/sites\/3\/2020\/10\/Steel-Storm-Burning-Retribution-Numb-Steel-2.jpg 1024w, https:\/\/steelstorm.standardof.net\/wp-content\/uploads\/sites\/3\/2020\/10\/Steel-Storm-Burning-Retribution-Numb-Steel-2-300x169.jpg 300w, https:\/\/steelstorm.standardof.net\/wp-content\/uploads\/sites\/3\/2020\/10\/Steel-Storm-Burning-Retribution-Numb-Steel-2-768x432.jpg 768w, https:\/\/steelstorm.standardof.net\/wp-content\/uploads\/sites\/3\/2020\/10\/Steel-Storm-Burning-Retribution-Numb-Steel-2-16x9.jpg 16w\" sizes=\"(max-width: 1024px) 100vw, 1024px\" \/><\/figure>\n\n\n\n<figure class=\"wp-block-image size-large\"><img decoding=\"async\" width=\"1024\" height=\"576\" src=\"https:\/\/steelstorm.standardof.net\/wp-content\/uploads\/sites\/3\/2020\/10\/Steel-Storm-Burning-Retribution-Numb-Steel-7.jpg\" alt=\"\" class=\"wp-image-255\" title=\"\" srcset=\"https:\/\/steelstorm.standardof.net\/wp-content\/uploads\/sites\/3\/2020\/10\/Steel-Storm-Burning-Retribution-Numb-Steel-7.jpg 1024w, https:\/\/steelstorm.standardof.net\/wp-content\/uploads\/sites\/3\/2020\/10\/Steel-Storm-Burning-Retribution-Numb-Steel-7-300x169.jpg 300w, https:\/\/steelstorm.standardof.net\/wp-content\/uploads\/sites\/3\/2020\/10\/Steel-Storm-Burning-Retribution-Numb-Steel-7-768x432.jpg 768w, https:\/\/steelstorm.standardof.net\/wp-content\/uploads\/sites\/3\/2020\/10\/Steel-Storm-Burning-Retribution-Numb-Steel-7-16x9.jpg 16w\" sizes=\"(max-width: 1024px) 100vw, 1024px\" \/><\/figure>\n\n\n\n<figure class=\"wp-block-image size-large\"><img decoding=\"async\" width=\"1024\" height=\"576\" src=\"https:\/\/steelstorm.standardof.net\/wp-content\/uploads\/sites\/3\/2020\/10\/Steel-Storm-Burning-Retribution-Numb-Steel-6.jpg\" alt=\"\" class=\"wp-image-254\" title=\"\" srcset=\"https:\/\/steelstorm.standardof.net\/wp-content\/uploads\/sites\/3\/2020\/10\/Steel-Storm-Burning-Retribution-Numb-Steel-6.jpg 1024w, https:\/\/steelstorm.standardof.net\/wp-content\/uploads\/sites\/3\/2020\/10\/Steel-Storm-Burning-Retribution-Numb-Steel-6-300x169.jpg 300w, https:\/\/steelstorm.standardof.net\/wp-content\/uploads\/sites\/3\/2020\/10\/Steel-Storm-Burning-Retribution-Numb-Steel-6-768x432.jpg 768w, https:\/\/steelstorm.standardof.net\/wp-content\/uploads\/sites\/3\/2020\/10\/Steel-Storm-Burning-Retribution-Numb-Steel-6-16x9.jpg 16w\" sizes=\"(max-width: 1024px) 100vw, 1024px\" \/><\/figure>\n\n\n\n<figure class=\"wp-block-image size-large\"><img decoding=\"async\" width=\"1024\" height=\"576\" src=\"https:\/\/steelstorm.standardof.net\/wp-content\/uploads\/sites\/3\/2020\/10\/Steel-Storm-Burning-Retribution-Numb-Steel-5.jpg\" alt=\"\" class=\"wp-image-253\" title=\"\" srcset=\"https:\/\/steelstorm.standardof.net\/wp-content\/uploads\/sites\/3\/2020\/10\/Steel-Storm-Burning-Retribution-Numb-Steel-5.jpg 1024w, https:\/\/steelstorm.standardof.net\/wp-content\/uploads\/sites\/3\/2020\/10\/Steel-Storm-Burning-Retribution-Numb-Steel-5-300x169.jpg 300w, https:\/\/steelstorm.standardof.net\/wp-content\/uploads\/sites\/3\/2020\/10\/Steel-Storm-Burning-Retribution-Numb-Steel-5-768x432.jpg 768w, https:\/\/steelstorm.standardof.net\/wp-content\/uploads\/sites\/3\/2020\/10\/Steel-Storm-Burning-Retribution-Numb-Steel-5-16x9.jpg 16w\" sizes=\"(max-width: 1024px) 100vw, 1024px\" \/><\/figure>\n\n\n\n<figure class=\"wp-block-image size-large\"><img decoding=\"async\" width=\"1024\" height=\"576\" src=\"https:\/\/steelstorm.standardof.net\/wp-content\/uploads\/sites\/3\/2020\/10\/Steel-Storm-Burning-Retribution-Numb-Steel-4.jpg\" alt=\"\" class=\"wp-image-252\" title=\"\" srcset=\"https:\/\/steelstorm.standardof.net\/wp-content\/uploads\/sites\/3\/2020\/10\/Steel-Storm-Burning-Retribution-Numb-Steel-4.jpg 1024w, https:\/\/steelstorm.standardof.net\/wp-content\/uploads\/sites\/3\/2020\/10\/Steel-Storm-Burning-Retribution-Numb-Steel-4-300x169.jpg 300w, https:\/\/steelstorm.standardof.net\/wp-content\/uploads\/sites\/3\/2020\/10\/Steel-Storm-Burning-Retribution-Numb-Steel-4-768x432.jpg 768w, https:\/\/steelstorm.standardof.net\/wp-content\/uploads\/sites\/3\/2020\/10\/Steel-Storm-Burning-Retribution-Numb-Steel-4-16x9.jpg 16w\" sizes=\"(max-width: 1024px) 100vw, 1024px\" \/><\/figure>\n\n\n\n<figure class=\"wp-block-image size-large\"><img decoding=\"async\" width=\"1024\" height=\"576\" src=\"https:\/\/steelstorm.standardof.net\/wp-content\/uploads\/sites\/3\/2020\/10\/Steel-Storm-Burning-Retribution-Numb-Steel-3.jpg\" alt=\"\" class=\"wp-image-251\" title=\"\" srcset=\"https:\/\/steelstorm.standardof.net\/wp-content\/uploads\/sites\/3\/2020\/10\/Steel-Storm-Burning-Retribution-Numb-Steel-3.jpg 1024w, https:\/\/steelstorm.standardof.net\/wp-content\/uploads\/sites\/3\/2020\/10\/Steel-Storm-Burning-Retribution-Numb-Steel-3-300x169.jpg 300w, https:\/\/steelstorm.standardof.net\/wp-content\/uploads\/sites\/3\/2020\/10\/Steel-Storm-Burning-Retribution-Numb-Steel-3-768x432.jpg 768w, https:\/\/steelstorm.standardof.net\/wp-content\/uploads\/sites\/3\/2020\/10\/Steel-Storm-Burning-Retribution-Numb-Steel-3-16x9.jpg 16w\" sizes=\"(max-width: 1024px) 100vw, 1024px\" \/><\/figure>\n<\/figure>\n\n<\/div><\/div>\n\n\n<div style=\"height:20px\" aria-hidden=\"true\" class=\"wp-block-spacer\"><\/div>\n\n\n\n<h3 class=\"has-text-align-center wp-block-heading\">Tempestad de copos de nieve - Video gu\u00eda de Numb Steel<\/h3>\n\n\n\n<figure class=\"wp-block-embed is-type-video is-provider-youtube wp-block-embed-youtube wp-embed-aspect-16-9 wp-has-aspect-ratio\"><div class=\"wp-block-embed__wrapper\">\n<div class=\"ast-oembed-container\" style=\"height: 100%;\"><iframe title=\"Snowflakes Tempest: Numb Steel - Steel Storm: Burning Retribution - Episodio 2 Walktrough\" width=\"500\" height=\"281\" src=\"https:\/\/www.youtube.com\/embed\/YOoiuILS9Ts?feature=oembed\" frameborder=\"0\" allow=\"accelerometer; autoplay; clipboard-write; encrypted-media; gyroscope; picture-in-picture; web-share\" referrerpolicy=\"strict-origin-when-cross-origin\" allowfullscreen><\/iframe><\/div>\n<\/div><\/figure>","protected":false},"excerpt":{"rendered":"<p>The second and final mission in chapter 1 of Episode 2 in Steel Storm, Numb Steel, takes you back to the frozen meteorite to continue in the same map as previously, although now focusing on the southern half of the map which was previously inaccessible while the part you covered before is now locked off. [&hellip;]<\/p>","protected":false},"author":1,"featured_media":54,"parent":173,"menu_order":0,"comment_status":"open","ping_status":"closed","template":"","meta":{"_uag_custom_page_level_css":"","site-sidebar-layout":"default","site-content-layout":"default","ast-site-content-layout":"","site-content-style":"default","site-sidebar-style":"default","ast-global-header-display":"","ast-banner-title-visibility":"","ast-main-header-display":"","ast-hfb-above-header-display":"","ast-hfb-below-header-display":"","ast-hfb-mobile-header-display":"","site-post-title":"","ast-breadcrumbs-content":"","ast-featured-img":"","footer-sml-layout":"","theme-transparent-header-meta":"default","adv-header-id-meta":"","stick-header-meta":"","header-above-stick-meta":"","header-main-stick-meta":"","header-below-stick-meta":"","astra-migrate-meta-layouts":"default","ast-page-background-enabled":"default","ast-page-background-meta":{"desktop":{"background-color":"","background-image":"","background-repeat":"repeat","background-position":"center center","background-size":"auto","background-attachment":"scroll","background-type":"","background-media":"","overlay-type":"","overlay-color":"","overlay-gradient":""},"tablet":{"background-color":"","background-image":"","background-repeat":"repeat","background-position":"center center","background-size":"auto","background-attachment":"scroll","background-type":"","background-media":"","overlay-type":"","overlay-color":"","overlay-gradient":""},"mobile":{"background-color":"","background-image":"","background-repeat":"repeat","background-position":"center center","background-size":"auto","background-attachment":"scroll","background-type":"","background-media":"","overlay-type":"","overlay-color":"","overlay-gradient":""}},"ast-content-background-meta":{"desktop":{"background-color":"var(--ast-global-color-5)","background-image":"","background-repeat":"repeat","background-position":"center center","background-size":"auto","background-attachment":"scroll","background-type":"","background-media":"","overlay-type":"","overlay-color":"","overlay-gradient":""},"tablet":{"background-color":"var(--ast-global-color-5)","background-image":"","background-repeat":"repeat","background-position":"center center","background-size":"auto","background-attachment":"scroll","background-type":"","background-media":"","overlay-type":"","overlay-color":"","overlay-gradient":""},"mobile":{"background-color":"var(--ast-global-color-5)","background-image":"","background-repeat":"repeat","background-position":"center center","background-size":"auto","background-attachment":"scroll","background-type":"","background-media":"","overlay-type":"","overlay-color":"","overlay-gradient":""}},"footnotes":""},"uagb_featured_image_src":{"full":["https:\/\/steelstorm.standardof.net\/wp-content\/uploads\/sites\/3\/2020\/10\/MnEdR-1.jpg",1200,750,false],"thumbnail":["https:\/\/steelstorm.standardof.net\/wp-content\/uploads\/sites\/3\/2020\/10\/MnEdR-1-150x150.jpg",150,150,true],"medium":["https:\/\/steelstorm.standardof.net\/wp-content\/uploads\/sites\/3\/2020\/10\/MnEdR-1-300x188.jpg",300,188,true],"medium_large":["https:\/\/steelstorm.standardof.net\/wp-content\/uploads\/sites\/3\/2020\/10\/MnEdR-1-768x480.jpg",768,480,true],"large":["https:\/\/steelstorm.standardof.net\/wp-content\/uploads\/sites\/3\/2020\/10\/MnEdR-1-1024x640.jpg",1024,640,true],"1536x1536":["https:\/\/steelstorm.standardof.net\/wp-content\/uploads\/sites\/3\/2020\/10\/MnEdR-1.jpg",1200,750,false],"2048x2048":["https:\/\/steelstorm.standardof.net\/wp-content\/uploads\/sites\/3\/2020\/10\/MnEdR-1.jpg",1200,750,false],"trp-custom-language-flag":["https:\/\/steelstorm.standardof.net\/wp-content\/uploads\/sites\/3\/2020\/10\/MnEdR-1.jpg",18,12,false]},"uagb_author_info":{"display_name":"SOE","author_link":"https:\/\/steelstorm.standardof.net\/es\/author\/k-tastic\/"},"uagb_comment_info":0,"uagb_excerpt":"The second and final mission in chapter 1 of Episode 2 in Steel Storm, Numb Steel, takes you back to the frozen meteorite to continue in the same map as previously, although now focusing on the southern half of the map which was previously inaccessible while the part you covered before is now locked off.&hellip;","_links":{"self":[{"href":"https:\/\/steelstorm.standardof.net\/es\/wp-json\/wp\/v2\/pages\/286"}],"collection":[{"href":"https:\/\/steelstorm.standardof.net\/es\/wp-json\/wp\/v2\/pages"}],"about":[{"href":"https:\/\/steelstorm.standardof.net\/es\/wp-json\/wp\/v2\/types\/page"}],"author":[{"embeddable":true,"href":"https:\/\/steelstorm.standardof.net\/es\/wp-json\/wp\/v2\/users\/1"}],"replies":[{"embeddable":true,"href":"https:\/\/steelstorm.standardof.net\/es\/wp-json\/wp\/v2\/comments?post=286"}],"version-history":[{"count":1,"href":"https:\/\/steelstorm.standardof.net\/es\/wp-json\/wp\/v2\/pages\/286\/revisions"}],"predecessor-version":[{"id":455,"href":"https:\/\/steelstorm.standardof.net\/es\/wp-json\/wp\/v2\/pages\/286\/revisions\/455"}],"up":[{"embeddable":true,"href":"https:\/\/steelstorm.standardof.net\/es\/wp-json\/wp\/v2\/pages\/173"}],"wp:featuredmedia":[{"embeddable":true,"href":"https:\/\/steelstorm.standardof.net\/es\/wp-json\/wp\/v2\/media\/54"}],"wp:attachment":[{"href":"https:\/\/steelstorm.standardof.net\/es\/wp-json\/wp\/v2\/media?parent=286"}],"curies":[{"name":"wp","href":"https:\/\/api.w.org\/{rel}","templated":true}]}}