{"id":285,"date":"2020-10-17T14:31:12","date_gmt":"2020-10-17T14:31:12","guid":{"rendered":"https:\/\/steelstorm.standardof.net\/?page_id=285"},"modified":"2022-10-31T08:20:48","modified_gmt":"2022-10-31T08:20:48","slug":"burning-retribution-frozen-canyon","status":"publish","type":"page","link":"https:\/\/steelstorm.standardof.net\/es\/guide\/tutoriales-de-nivel-2\/canon-congelado-ardiente-retribucion\/","title":{"rendered":"Castigo ardiente: Ca\u00f1\u00f3n helado"},"content":{"rendered":"<p>El episodio Burning Retribution de Steel Storm comienza con Below Zero - Frozen Canyon, donde te dejan caer sobre la superficie de un meteorito congelado que viaja a trav\u00e9s del espacio donde se cree que hay una acumulaci\u00f3n masiva de fuerzas e instalaciones enemigas.<\/p>\n\n\n\n<div style=\"height:20px\" aria-hidden=\"true\" class=\"wp-block-spacer\"><\/div>\n\n\n<div class=\"gb-container gb-container-ae025cb2\"><div class=\"gb-inside-container\">\n\n<h2 class=\"has-text-align-center wp-block-heading\">Mapa y objetivos<\/h2>\n\n\n\n<div class=\"wp-block-image is-style-default\"><figure class=\"aligncenter size-full is-resized\"><a href=\"https:\/\/steelstorm.standardof.net\/es\/steel-storm-burning-retribution-frozen-canyon-1\/\"><img decoding=\"async\" src=\"https:\/\/steelstorm.standardof.net\/wp-content\/uploads\/sites\/3\/2020\/10\/Steel-Storm-Burning-Retribution-Frozen-Canyon-1.jpg\" alt=\"\" class=\"wp-image-244\" width=\"575\" height=\"284\" title=\"\" srcset=\"https:\/\/steelstorm.standardof.net\/wp-content\/uploads\/sites\/3\/2020\/10\/Steel-Storm-Burning-Retribution-Frozen-Canyon-1.jpg 766w, https:\/\/steelstorm.standardof.net\/wp-content\/uploads\/sites\/3\/2020\/10\/Steel-Storm-Burning-Retribution-Frozen-Canyon-1-300x148.jpg 300w, https:\/\/steelstorm.standardof.net\/wp-content\/uploads\/sites\/3\/2020\/10\/Steel-Storm-Burning-Retribution-Frozen-Canyon-1-16x8.jpg 16w\" sizes=\"(max-width: 575px) 100vw, 575px\" \/><\/a><\/figure><\/div>\n\n\n\n<h3 class=\"has-text-align-center wp-block-heading\">- Objetivos principales -<\/h3>\n\n\n\n<p class=\"has-text-align-center\">Recupera los c\u00f3digos de acceso del tanque pesado.<\/p>\n\n<\/div><\/div>\n\n\n<div style=\"height:20px\" aria-hidden=\"true\" class=\"wp-block-spacer\"><\/div>\n\n\n<div class=\"gb-container gb-container-686af150\"><div class=\"gb-inside-container\">\n\n<h2 class=\"has-text-align-center wp-block-heading\">Progresi\u00f3n de nivel y consejos:<\/h2>\n\n\n\n<p>Comenzar\u00e1s en un \u00e1rea cerrada con algunos escudos y el Storm Plow para recoger, ya que ahora est\u00e1s de regreso a la Minigun solo con el comienzo de un nuevo episodio. Coge estos art\u00edculos y rompe la pared de roca para llegar al punto. <strong>UN <\/strong>que dar\u00e1 comienzo a la primera de una serie de emboscadas que conforman el flujo principal de este nivel. Una vez que se acerque lo suficiente al campo de fuerza actualmente abierto que conduce al punto <strong>segundo<\/strong>, la puerta se cerrar\u00e1 y ser\u00e1s asaltado por una serie de tanques ligeros y medianos generados junto con 3 torretas de plasma ligeras. Una vez derrotado, puedes pisar el gatillo junto al campo de fuerza para desactivarlo y continuar.<\/p>\n\n\n\n<p>Llegando al punto <strong>segundo <\/strong>comienza la segunda emboscada, lo que abre el siguiente campo de fuerza que estaba previamente abierto y te atrapa una vez m\u00e1s en un espacio cerrado para defenderte de oleadas de enemigos adicionales. Puedes retroceder hacia el punto <strong>UN <\/strong>hacia el cual el campo se mantendr\u00e1 bajo, lo que te permitir\u00e1 tener m\u00e1s espacio para enfrentarte a los enemigos. La amenaza m\u00e1s significativa aqu\u00ed es un tr\u00edo de tanques de rel\u00e1mpagos que aparecen como parte del ataque inicial.<\/p>\n\n\n\n<p>Defenderse de estas unidades dejar\u00e1 caer el campo alrededor del punto <strong>C<\/strong>, lo que te permite recoger el ca\u00f1\u00f3n antia\u00e9reo all\u00ed y algunos cristales de bonificaci\u00f3n y, al hacerlo, generar unidades de ataque adicionales, principalmente en forma de una torreta de reparaci\u00f3n en las afueras del campo alrededor. <strong>C<\/strong>. Suelta esta nueva torreta r\u00e1pidamente para evitar que resucite demasiadas unidades. Si empujaste al enemigo hacia el punto A anteriormente, esto ser\u00e1 un problema menor.<\/p>\n\n\n\n<p>Recoge el segundo Storm Plow en el camino al punto. <strong>re <\/strong>si perdiste el arma anteriormente antes de acercarte a la zona de emboscada final en este nivel. Aqu\u00ed ser\u00e1s atacado por a\u00fan m\u00e1s tanques con un par de torretas de reparaci\u00f3n para apoyarlos. Haz retroceder al enemigo o, si te sientes afortunado, acelera las torretas de reparaci\u00f3n, aunque la opci\u00f3n de retirada es mucho m\u00e1s f\u00e1cil de sobrevivir. Una vez que haya despejado el \u00e1rea, puede acercarse a la plataforma de salida que activar\u00e1 un campo de fuerza a su alrededor antes de seguir la flecha roja para activar otro campo de fuerza que bloquea permanentemente la secci\u00f3n sur del mapa.<\/p>\n\n\n\n<p>Una vez que aparezca este segundo campo de fuerza, el MIRV aparecer\u00e1 al norte de ti y poco despu\u00e9s, un par de torretas cohete y una torreta de plasma ligero. Tenga cuidado al activar estas torretas cohete que pueden ser bastante mortales, incluso a distancias m\u00e1s lejanas, teniendo en cuenta que sus misiles viajan m\u00e1s lejos que los cohetes. Una vez que est\u00e9n abajo, levante el MIRV para obtener su primera arma secundaria y finalmente genere el \u00faltimo objetivo de esta misi\u00f3n, el Heavy Proton Tank.<\/p>\n\n\n\n<p>Puede hacer un uso efectivo de la ruta de desplazamiento del MIRV ocult\u00e1ndose detr\u00e1s de los obst\u00e1culos mientras llueve municiones sobre el tanque pesado. Una vez que haya dejado caer su objetivo, puede dirigirse a la plataforma de salida ahora abierta y completar el nivel Frozen Canyon.<\/p>\n\n\n\n<figure class=\"wp-block-gallery has-nested-images columns-default is-cropped wp-block-gallery-1 is-layout-flex wp-block-gallery-is-layout-flex\">\n<figure class=\"wp-block-image size-large\"><img decoding=\"async\" width=\"1024\" height=\"576\" src=\"https:\/\/steelstorm.standardof.net\/wp-content\/uploads\/sites\/3\/2020\/10\/Steel-Storm-Burning-Retribution-Frozen-Canyon-2.jpg\" alt=\"\" class=\"wp-image-245\" title=\"\" srcset=\"https:\/\/steelstorm.standardof.net\/wp-content\/uploads\/sites\/3\/2020\/10\/Steel-Storm-Burning-Retribution-Frozen-Canyon-2.jpg 1024w, https:\/\/steelstorm.standardof.net\/wp-content\/uploads\/sites\/3\/2020\/10\/Steel-Storm-Burning-Retribution-Frozen-Canyon-2-300x169.jpg 300w, https:\/\/steelstorm.standardof.net\/wp-content\/uploads\/sites\/3\/2020\/10\/Steel-Storm-Burning-Retribution-Frozen-Canyon-2-768x432.jpg 768w, https:\/\/steelstorm.standardof.net\/wp-content\/uploads\/sites\/3\/2020\/10\/Steel-Storm-Burning-Retribution-Frozen-Canyon-2-16x9.jpg 16w\" sizes=\"(max-width: 1024px) 100vw, 1024px\" \/><\/figure>\n\n\n\n<figure class=\"wp-block-image size-large\"><img decoding=\"async\" width=\"1024\" height=\"576\" src=\"https:\/\/steelstorm.standardof.net\/wp-content\/uploads\/sites\/3\/2020\/10\/Steel-Storm-Burning-Retribution-Frozen-Canyon-5.jpg\" alt=\"\" class=\"wp-image-248\" title=\"\" srcset=\"https:\/\/steelstorm.standardof.net\/wp-content\/uploads\/sites\/3\/2020\/10\/Steel-Storm-Burning-Retribution-Frozen-Canyon-5.jpg 1024w, https:\/\/steelstorm.standardof.net\/wp-content\/uploads\/sites\/3\/2020\/10\/Steel-Storm-Burning-Retribution-Frozen-Canyon-5-300x169.jpg 300w, https:\/\/steelstorm.standardof.net\/wp-content\/uploads\/sites\/3\/2020\/10\/Steel-Storm-Burning-Retribution-Frozen-Canyon-5-768x432.jpg 768w, https:\/\/steelstorm.standardof.net\/wp-content\/uploads\/sites\/3\/2020\/10\/Steel-Storm-Burning-Retribution-Frozen-Canyon-5-16x9.jpg 16w\" sizes=\"(max-width: 1024px) 100vw, 1024px\" \/><\/figure>\n\n\n\n<figure class=\"wp-block-image size-large\"><img decoding=\"async\" width=\"1024\" height=\"576\" src=\"https:\/\/steelstorm.standardof.net\/wp-content\/uploads\/sites\/3\/2020\/10\/Steel-Storm-Burning-Retribution-Frozen-Canyon-4.jpg\" alt=\"\" class=\"wp-image-247\" title=\"\" srcset=\"https:\/\/steelstorm.standardof.net\/wp-content\/uploads\/sites\/3\/2020\/10\/Steel-Storm-Burning-Retribution-Frozen-Canyon-4.jpg 1024w, https:\/\/steelstorm.standardof.net\/wp-content\/uploads\/sites\/3\/2020\/10\/Steel-Storm-Burning-Retribution-Frozen-Canyon-4-300x169.jpg 300w, https:\/\/steelstorm.standardof.net\/wp-content\/uploads\/sites\/3\/2020\/10\/Steel-Storm-Burning-Retribution-Frozen-Canyon-4-768x432.jpg 768w, https:\/\/steelstorm.standardof.net\/wp-content\/uploads\/sites\/3\/2020\/10\/Steel-Storm-Burning-Retribution-Frozen-Canyon-4-16x9.jpg 16w\" sizes=\"(max-width: 1024px) 100vw, 1024px\" \/><\/figure>\n\n\n\n<figure class=\"wp-block-image size-large\"><img decoding=\"async\" width=\"1024\" height=\"576\" src=\"https:\/\/steelstorm.standardof.net\/wp-content\/uploads\/sites\/3\/2020\/10\/Steel-Storm-Burning-Retribution-Frozen-Canyon-3.jpg\" alt=\"\" class=\"wp-image-246\" title=\"\" srcset=\"https:\/\/steelstorm.standardof.net\/wp-content\/uploads\/sites\/3\/2020\/10\/Steel-Storm-Burning-Retribution-Frozen-Canyon-3.jpg 1024w, https:\/\/steelstorm.standardof.net\/wp-content\/uploads\/sites\/3\/2020\/10\/Steel-Storm-Burning-Retribution-Frozen-Canyon-3-300x169.jpg 300w, https:\/\/steelstorm.standardof.net\/wp-content\/uploads\/sites\/3\/2020\/10\/Steel-Storm-Burning-Retribution-Frozen-Canyon-3-768x432.jpg 768w, https:\/\/steelstorm.standardof.net\/wp-content\/uploads\/sites\/3\/2020\/10\/Steel-Storm-Burning-Retribution-Frozen-Canyon-3-16x9.jpg 16w\" sizes=\"(max-width: 1024px) 100vw, 1024px\" \/><\/figure>\n<\/figure>\n\n<\/div><\/div>\n\n\n<div style=\"height:20px\" aria-hidden=\"true\" class=\"wp-block-spacer\"><\/div>\n\n\n\n<h3 class=\"has-text-align-center wp-block-heading\">Abajo de cero: video gu\u00eda de Frozen Canyon<\/h3>\n\n\n\n<figure class=\"wp-block-embed is-type-video is-provider-youtube wp-block-embed-youtube wp-embed-aspect-16-9 wp-has-aspect-ratio\"><div class=\"wp-block-embed__wrapper\">\n<div class=\"ast-oembed-container\" style=\"height: 100%;\"><iframe title=\"Debajo de cero: Ca\u00f1\u00f3n helado - Tormenta de acero: Retribuci\u00f3n ardiente - Episodio 2 Walktrough\" width=\"500\" height=\"281\" src=\"https:\/\/www.youtube.com\/embed\/jy0HmPnbIDI?feature=oembed\" frameborder=\"0\" allow=\"accelerometer; autoplay; clipboard-write; encrypted-media; gyroscope; picture-in-picture; web-share\" referrerpolicy=\"strict-origin-when-cross-origin\" allowfullscreen><\/iframe><\/div>\n<\/div><\/figure>","protected":false},"excerpt":{"rendered":"<p>The Burning Retribution episode of Steel Storm starts off with Below Zero \u2013 Frozen Canyon where you are dropped onto the surface of a frozen meteorite travelling through space where it is believed there is a massive buildup of enemy forces and facilities. Map and Objectives &#8211; Primary Objectives &#8211; Retrieve the access codes from [&hellip;]<\/p>","protected":false},"author":1,"featured_media":54,"parent":173,"menu_order":0,"comment_status":"open","ping_status":"closed","template":"","meta":{"_uag_custom_page_level_css":"","site-sidebar-layout":"default","site-content-layout":"default","ast-site-content-layout":"","site-content-style":"default","site-sidebar-style":"default","ast-global-header-display":"","ast-banner-title-visibility":"","ast-main-header-display":"","ast-hfb-above-header-display":"","ast-hfb-below-header-display":"","ast-hfb-mobile-header-display":"","site-post-title":"","ast-breadcrumbs-content":"","ast-featured-img":"","footer-sml-layout":"","theme-transparent-header-meta":"default","adv-header-id-meta":"","stick-header-meta":"","header-above-stick-meta":"","header-main-stick-meta":"","header-below-stick-meta":"","astra-migrate-meta-layouts":"default","ast-page-background-enabled":"default","ast-page-background-meta":{"desktop":{"background-color":"","background-image":"","background-repeat":"repeat","background-position":"center center","background-size":"auto","background-attachment":"scroll","background-type":"","background-media":"","overlay-type":"","overlay-color":"","overlay-gradient":""},"tablet":{"background-color":"","background-image":"","background-repeat":"repeat","background-position":"center center","background-size":"auto","background-attachment":"scroll","background-type":"","background-media":"","overlay-type":"","overlay-color":"","overlay-gradient":""},"mobile":{"background-color":"","background-image":"","background-repeat":"repeat","background-position":"center center","background-size":"auto","background-attachment":"scroll","background-type":"","background-media":"","overlay-type":"","overlay-color":"","overlay-gradient":""}},"ast-content-background-meta":{"desktop":{"background-color":"var(--ast-global-color-5)","background-image":"","background-repeat":"repeat","background-position":"center center","background-size":"auto","background-attachment":"scroll","background-type":"","background-media":"","overlay-type":"","overlay-color":"","overlay-gradient":""},"tablet":{"background-color":"var(--ast-global-color-5)","background-image":"","background-repeat":"repeat","background-position":"center center","background-size":"auto","background-attachment":"scroll","background-type":"","background-media":"","overlay-type":"","overlay-color":"","overlay-gradient":""},"mobile":{"background-color":"var(--ast-global-color-5)","background-image":"","background-repeat":"repeat","background-position":"center center","background-size":"auto","background-attachment":"scroll","background-type":"","background-media":"","overlay-type":"","overlay-color":"","overlay-gradient":""}},"footnotes":""},"uagb_featured_image_src":{"full":["https:\/\/steelstorm.standardof.net\/wp-content\/uploads\/sites\/3\/2020\/10\/MnEdR-1.jpg",1200,750,false],"thumbnail":["https:\/\/steelstorm.standardof.net\/wp-content\/uploads\/sites\/3\/2020\/10\/MnEdR-1-150x150.jpg",150,150,true],"medium":["https:\/\/steelstorm.standardof.net\/wp-content\/uploads\/sites\/3\/2020\/10\/MnEdR-1-300x188.jpg",300,188,true],"medium_large":["https:\/\/steelstorm.standardof.net\/wp-content\/uploads\/sites\/3\/2020\/10\/MnEdR-1-768x480.jpg",768,480,true],"large":["https:\/\/steelstorm.standardof.net\/wp-content\/uploads\/sites\/3\/2020\/10\/MnEdR-1-1024x640.jpg",1024,640,true],"1536x1536":["https:\/\/steelstorm.standardof.net\/wp-content\/uploads\/sites\/3\/2020\/10\/MnEdR-1.jpg",1200,750,false],"2048x2048":["https:\/\/steelstorm.standardof.net\/wp-content\/uploads\/sites\/3\/2020\/10\/MnEdR-1.jpg",1200,750,false],"trp-custom-language-flag":["https:\/\/steelstorm.standardof.net\/wp-content\/uploads\/sites\/3\/2020\/10\/MnEdR-1.jpg",18,12,false]},"uagb_author_info":{"display_name":"SOE","author_link":"https:\/\/steelstorm.standardof.net\/es\/author\/k-tastic\/"},"uagb_comment_info":0,"uagb_excerpt":"The Burning Retribution episode of Steel Storm starts off with Below Zero \u2013 Frozen Canyon where you are dropped onto the surface of a frozen meteorite travelling through space where it is believed there is a massive buildup of enemy forces and facilities. Map and Objectives &#8211; Primary Objectives &#8211; Retrieve the access codes from&hellip;","_links":{"self":[{"href":"https:\/\/steelstorm.standardof.net\/es\/wp-json\/wp\/v2\/pages\/285"}],"collection":[{"href":"https:\/\/steelstorm.standardof.net\/es\/wp-json\/wp\/v2\/pages"}],"about":[{"href":"https:\/\/steelstorm.standardof.net\/es\/wp-json\/wp\/v2\/types\/page"}],"author":[{"embeddable":true,"href":"https:\/\/steelstorm.standardof.net\/es\/wp-json\/wp\/v2\/users\/1"}],"replies":[{"embeddable":true,"href":"https:\/\/steelstorm.standardof.net\/es\/wp-json\/wp\/v2\/comments?post=285"}],"version-history":[{"count":1,"href":"https:\/\/steelstorm.standardof.net\/es\/wp-json\/wp\/v2\/pages\/285\/revisions"}],"predecessor-version":[{"id":458,"href":"https:\/\/steelstorm.standardof.net\/es\/wp-json\/wp\/v2\/pages\/285\/revisions\/458"}],"up":[{"embeddable":true,"href":"https:\/\/steelstorm.standardof.net\/es\/wp-json\/wp\/v2\/pages\/173"}],"wp:featuredmedia":[{"embeddable":true,"href":"https:\/\/steelstorm.standardof.net\/es\/wp-json\/wp\/v2\/media\/54"}],"wp:attachment":[{"href":"https:\/\/steelstorm.standardof.net\/es\/wp-json\/wp\/v2\/media?parent=285"}],"curies":[{"name":"wp","href":"https:\/\/api.w.org\/{rel}","templated":true}]}}