{"id":237,"date":"2020-10-17T12:19:58","date_gmt":"2020-10-17T12:19:58","guid":{"rendered":"https:\/\/steelstorm.standardof.net\/?page_id=237"},"modified":"2022-10-31T08:21:58","modified_gmt":"2022-10-31T08:21:58","slug":"skirmish-burning-sands","status":"publish","type":"page","link":"https:\/\/steelstorm.standardof.net\/es\/guide\/tutoriales-de-nivel-2\/escaramuza-ardiente-arenas\/","title":{"rendered":"Escaramuza: Arenas ardientes"},"content":{"rendered":"<p>La misi\u00f3n Burning Sands est\u00e1 menos restringida por pasillos estrictos a favor de un gran terreno dividido en dos mitades principales que tendr\u00e1s que atravesar para alcanzar tus objetivos.<\/p>\n\n\n\n<div style=\"height:20px\" aria-hidden=\"true\" class=\"wp-block-spacer\"><\/div>\n\n\n<div class=\"gb-container gb-container-ae025cb2\"><div class=\"gb-inside-container\">\n\n<h2 class=\"has-text-align-center wp-block-heading\">Mapa y objetivos<\/h2>\n\n\n\n<div class=\"wp-block-image is-style-default\"><figure class=\"aligncenter size-full is-resized\"><a href=\"https:\/\/steelstorm.standardof.net\/es\/steel-storm-bonus-missions-skirmish-burning-sands-0\/\"><img decoding=\"async\" src=\"https:\/\/steelstorm.standardof.net\/wp-content\/uploads\/sites\/3\/2020\/10\/Steel-Storm-Bonus-Missions-Skirmish-Burning-Sands-0.jpg\" alt=\"\" class=\"wp-image-216\" width=\"668\" height=\"504\" title=\"\" srcset=\"https:\/\/steelstorm.standardof.net\/wp-content\/uploads\/sites\/3\/2020\/10\/Steel-Storm-Bonus-Missions-Skirmish-Burning-Sands-0.jpg 891w, https:\/\/steelstorm.standardof.net\/wp-content\/uploads\/sites\/3\/2020\/10\/Steel-Storm-Bonus-Missions-Skirmish-Burning-Sands-0-300x226.jpg 300w, https:\/\/steelstorm.standardof.net\/wp-content\/uploads\/sites\/3\/2020\/10\/Steel-Storm-Bonus-Missions-Skirmish-Burning-Sands-0-768x579.jpg 768w, https:\/\/steelstorm.standardof.net\/wp-content\/uploads\/sites\/3\/2020\/10\/Steel-Storm-Bonus-Missions-Skirmish-Burning-Sands-0-16x12.jpg 16w\" sizes=\"(max-width: 668px) 100vw, 668px\" \/><\/a><\/figure><\/div>\n\n\n\n<h3 class=\"has-text-align-center wp-block-heading\">- Objetivos principales -<\/h3>\n\n\n\n<p class=\"has-text-align-center\">Destruye el incinerador.<br>Obtenga acceso al lado sur del puente.<br>Destruye las fuerzas enemigas restantes.<\/p>\n\n<\/div><\/div>\n\n\n<div style=\"height:20px\" aria-hidden=\"true\" class=\"wp-block-spacer\"><\/div>\n\n\n<div class=\"gb-container gb-container-686af150\"><div class=\"gb-inside-container\">\n\n<h2 class=\"has-text-align-center wp-block-heading\">Progresi\u00f3n de nivel y consejos:<\/h2>\n\n\n\n<p>Desde su ubicaci\u00f3n inicial, ser\u00e1 el momento de dirigirse al punto <strong>UN<\/strong> a lo largo del camino rojo donde encontrar\u00e1s algunas torretas entre otros enemigos. Elimina las torretas alrededor del Obelisco para dejar caer el campo de fuerza alrededor del Teletransportador aqu\u00ed. Cuando estos campos est\u00e1n inactivos, puede usar la plataforma para teletransportarse a apuntar <strong>segundo <\/strong>(camino azul claro) donde aguarda un Storm Plow.<\/p>\n\n\n\n<p>El campo al que llegas est\u00e1 plagado de enemigos, as\u00ed que espera pasar bastante tiempo luchando contra los enemigos en esta \u00e1rea, junto con un tanque de protones pesados que patrulla el ferrocarril cercano. Siga el camino naranja, asegur\u00e1ndose de tomar el camino sur alrededor de la meseta que es el punto <strong>H<\/strong> en tu camino para se\u00f1alar <strong>C <\/strong>que alberga el Incinerador que debes destruir. Si toma el camino del norte, m\u00e1s delgado, ser\u00e1 emboscado y abrumado f\u00e1cilmente con poco espacio para esquivar.<\/p>\n\n\n\n<p>Opcionalmente en su camino a se\u00f1alar <strong>C<\/strong> puede tomar un desv\u00edo r\u00e1pido para se\u00f1alar <strong>1<\/strong>donde puedes usar un ascensor para desactivar un campo de fuerza al lado de la baliza de inicio. Esto es \u00fatil si tiene problemas en esta misi\u00f3n, ya que le brinda una ruta m\u00e1s r\u00e1pida para volver a la acci\u00f3n en caso de que fallezca. Si\u00e9ntase libre de omitir esto si conf\u00eda en sus habilidades de supervivencia.<\/p>\n\n\n\n<p>Despu\u00e9s de destruir el Incinerador en el punto <strong>C<\/strong>, viaja m\u00e1s hacia el este para llegar al punto <strong>re<\/strong> donde encontrar\u00e1s un gatillo custodiado por algunas torretas. Pise esto para desactivar el campo de fuerza en el punto <strong>F<\/strong> permiti\u00e9ndole cruzar el puente hacia el lado sur. Antes de partir por esa ruta, recupere la vida extra en el punto <strong>re<\/strong> al lado de la plataforma y tomar el teletransportador en el punto <strong>mi<\/strong>.<\/p>\n\n\n\n<p>Este teletransportador te lleva al ca\u00f1\u00f3n entre las dos partes principales de tierra donde puedes dirigirte hacia el oeste (camino amarillo) para se\u00f1alar <strong>F<\/strong>, recogiendo algunos bonitos puntos de bonificaci\u00f3n en el camino hacia otra vida extra antes de regresar de donde viniste para continuar con la misi\u00f3n.<\/p>\n\n\n\n<p>Regresando al punto <strong>mi<\/strong> de viajar a trav\u00e9s del ca\u00f1\u00f3n, siga el camino marr\u00f3n sobre el puente en el punto <strong>F<\/strong>, recordando pegarse a los lados para evitar caer por el medio, en su camino a se\u00f1alar <strong>GRAMO<\/strong>. Probablemente tendr\u00e1 que despejar el \u00e1rea antes de tener la oportunidad de pisar el teletransportador en el punto <strong>GRAMO<\/strong> que te lleva a la cima de la meseta en el punto <strong>H <\/strong>que contiene una c\u00e1psula de cohete, una tercera vida y m\u00e1s puntos.<\/p>\n\n\n\n<p>Cuando haya terminado de eliminar al enemigo, puede usar la plataforma de salida en el punto <strong>K<\/strong> para salir de este nivel.<\/p>\n\n\n\n<figure class=\"wp-block-gallery has-nested-images columns-default is-cropped wp-block-gallery-1 is-layout-flex wp-block-gallery-is-layout-flex\">\n<figure class=\"wp-block-image size-large\"><img decoding=\"async\" width=\"1024\" height=\"576\" src=\"https:\/\/steelstorm.standardof.net\/wp-content\/uploads\/sites\/3\/2020\/10\/Steel-Storm-Bonus-Missions-Skirmish-Burning-Sands-1.jpg\" alt=\"\" class=\"wp-image-217\" title=\"\" srcset=\"https:\/\/steelstorm.standardof.net\/wp-content\/uploads\/sites\/3\/2020\/10\/Steel-Storm-Bonus-Missions-Skirmish-Burning-Sands-1.jpg 1024w, https:\/\/steelstorm.standardof.net\/wp-content\/uploads\/sites\/3\/2020\/10\/Steel-Storm-Bonus-Missions-Skirmish-Burning-Sands-1-300x169.jpg 300w, https:\/\/steelstorm.standardof.net\/wp-content\/uploads\/sites\/3\/2020\/10\/Steel-Storm-Bonus-Missions-Skirmish-Burning-Sands-1-768x432.jpg 768w, https:\/\/steelstorm.standardof.net\/wp-content\/uploads\/sites\/3\/2020\/10\/Steel-Storm-Bonus-Missions-Skirmish-Burning-Sands-1-16x9.jpg 16w\" sizes=\"(max-width: 1024px) 100vw, 1024px\" \/><\/figure>\n\n\n\n<figure class=\"wp-block-image size-large\"><img decoding=\"async\" width=\"1024\" height=\"576\" src=\"https:\/\/steelstorm.standardof.net\/wp-content\/uploads\/sites\/3\/2020\/10\/Steel-Storm-Bonus-Missions-Skirmish-Burning-Sands-4.jpg\" alt=\"\" class=\"wp-image-220\" title=\"\" srcset=\"https:\/\/steelstorm.standardof.net\/wp-content\/uploads\/sites\/3\/2020\/10\/Steel-Storm-Bonus-Missions-Skirmish-Burning-Sands-4.jpg 1024w, https:\/\/steelstorm.standardof.net\/wp-content\/uploads\/sites\/3\/2020\/10\/Steel-Storm-Bonus-Missions-Skirmish-Burning-Sands-4-300x169.jpg 300w, https:\/\/steelstorm.standardof.net\/wp-content\/uploads\/sites\/3\/2020\/10\/Steel-Storm-Bonus-Missions-Skirmish-Burning-Sands-4-768x432.jpg 768w, https:\/\/steelstorm.standardof.net\/wp-content\/uploads\/sites\/3\/2020\/10\/Steel-Storm-Bonus-Missions-Skirmish-Burning-Sands-4-16x9.jpg 16w\" sizes=\"(max-width: 1024px) 100vw, 1024px\" \/><\/figure>\n\n\n\n<figure class=\"wp-block-image size-large\"><img decoding=\"async\" width=\"1024\" height=\"576\" src=\"https:\/\/steelstorm.standardof.net\/wp-content\/uploads\/sites\/3\/2020\/10\/Steel-Storm-Bonus-Missions-Skirmish-Burning-Sands-5.jpg\" alt=\"\" class=\"wp-image-221\" title=\"\" srcset=\"https:\/\/steelstorm.standardof.net\/wp-content\/uploads\/sites\/3\/2020\/10\/Steel-Storm-Bonus-Missions-Skirmish-Burning-Sands-5.jpg 1024w, https:\/\/steelstorm.standardof.net\/wp-content\/uploads\/sites\/3\/2020\/10\/Steel-Storm-Bonus-Missions-Skirmish-Burning-Sands-5-300x169.jpg 300w, https:\/\/steelstorm.standardof.net\/wp-content\/uploads\/sites\/3\/2020\/10\/Steel-Storm-Bonus-Missions-Skirmish-Burning-Sands-5-768x432.jpg 768w, https:\/\/steelstorm.standardof.net\/wp-content\/uploads\/sites\/3\/2020\/10\/Steel-Storm-Bonus-Missions-Skirmish-Burning-Sands-5-16x9.jpg 16w\" sizes=\"(max-width: 1024px) 100vw, 1024px\" \/><\/figure>\n\n\n\n<figure class=\"wp-block-image size-large\"><img decoding=\"async\" width=\"1024\" height=\"576\" src=\"https:\/\/steelstorm.standardof.net\/wp-content\/uploads\/sites\/3\/2020\/10\/Steel-Storm-Bonus-Missions-Skirmish-Burning-Sands-3.jpg\" alt=\"\" class=\"wp-image-219\" title=\"\" srcset=\"https:\/\/steelstorm.standardof.net\/wp-content\/uploads\/sites\/3\/2020\/10\/Steel-Storm-Bonus-Missions-Skirmish-Burning-Sands-3.jpg 1024w, https:\/\/steelstorm.standardof.net\/wp-content\/uploads\/sites\/3\/2020\/10\/Steel-Storm-Bonus-Missions-Skirmish-Burning-Sands-3-300x169.jpg 300w, https:\/\/steelstorm.standardof.net\/wp-content\/uploads\/sites\/3\/2020\/10\/Steel-Storm-Bonus-Missions-Skirmish-Burning-Sands-3-768x432.jpg 768w, https:\/\/steelstorm.standardof.net\/wp-content\/uploads\/sites\/3\/2020\/10\/Steel-Storm-Bonus-Missions-Skirmish-Burning-Sands-3-16x9.jpg 16w\" sizes=\"(max-width: 1024px) 100vw, 1024px\" \/><\/figure>\n\n\n\n<figure class=\"wp-block-image size-large\"><img decoding=\"async\" width=\"1024\" height=\"576\" src=\"https:\/\/steelstorm.standardof.net\/wp-content\/uploads\/sites\/3\/2020\/10\/Steel-Storm-Bonus-Missions-Skirmish-Burning-Sands-2.jpg\" alt=\"\" class=\"wp-image-218\" title=\"\" srcset=\"https:\/\/steelstorm.standardof.net\/wp-content\/uploads\/sites\/3\/2020\/10\/Steel-Storm-Bonus-Missions-Skirmish-Burning-Sands-2.jpg 1024w, https:\/\/steelstorm.standardof.net\/wp-content\/uploads\/sites\/3\/2020\/10\/Steel-Storm-Bonus-Missions-Skirmish-Burning-Sands-2-300x169.jpg 300w, https:\/\/steelstorm.standardof.net\/wp-content\/uploads\/sites\/3\/2020\/10\/Steel-Storm-Bonus-Missions-Skirmish-Burning-Sands-2-768x432.jpg 768w, https:\/\/steelstorm.standardof.net\/wp-content\/uploads\/sites\/3\/2020\/10\/Steel-Storm-Bonus-Missions-Skirmish-Burning-Sands-2-16x9.jpg 16w\" sizes=\"(max-width: 1024px) 100vw, 1024px\" \/><\/figure>\n<\/figure>\n\n<\/div><\/div>\n\n\n<div style=\"height:20px\" aria-hidden=\"true\" class=\"wp-block-spacer\"><\/div>\n\n\n\n<h3 class=\"has-text-align-center wp-block-heading\">Video gu\u00eda de Skirmish - Burning Sands<\/h3>\n\n\n\n<figure class=\"wp-block-embed is-type-video is-provider-youtube wp-block-embed-youtube wp-embed-aspect-16-9 wp-has-aspect-ratio\"><div class=\"wp-block-embed__wrapper\">\n<div class=\"ast-oembed-container\" style=\"height: 100%;\"><iframe title=\"Point of No Return: Burning Sands - Steel Storm: Burning Retribution - Episodio 1 Walktrough\" width=\"500\" height=\"281\" src=\"https:\/\/www.youtube.com\/embed\/OlSWA_9paAs?feature=oembed\" frameborder=\"0\" allow=\"accelerometer; autoplay; clipboard-write; encrypted-media; gyroscope; picture-in-picture; web-share\" referrerpolicy=\"strict-origin-when-cross-origin\" allowfullscreen><\/iframe><\/div>\n<\/div><\/figure>","protected":false},"excerpt":{"rendered":"<p>The Burning Sands mission is less constrained by strict hallways in favor of a large piece of land divided into two main halves you will need to traverse to reach your objectives. Map and Objectives &#8211; Primary Objectives &#8211; Destroy the incinerator.Gain access to the south side of the bridge.Lay waste to the remaining enemy [&hellip;]<\/p>","protected":false},"author":1,"featured_media":54,"parent":173,"menu_order":0,"comment_status":"open","ping_status":"closed","template":"","meta":{"_uag_custom_page_level_css":"","site-sidebar-layout":"default","site-content-layout":"default","ast-site-content-layout":"","site-content-style":"default","site-sidebar-style":"default","ast-global-header-display":"","ast-banner-title-visibility":"","ast-main-header-display":"","ast-hfb-above-header-display":"","ast-hfb-below-header-display":"","ast-hfb-mobile-header-display":"","site-post-title":"","ast-breadcrumbs-content":"","ast-featured-img":"","footer-sml-layout":"","theme-transparent-header-meta":"default","adv-header-id-meta":"","stick-header-meta":"","header-above-stick-meta":"","header-main-stick-meta":"","header-below-stick-meta":"","astra-migrate-meta-layouts":"default","ast-page-background-enabled":"default","ast-page-background-meta":{"desktop":{"background-color":"","background-image":"","background-repeat":"repeat","background-position":"center center","background-size":"auto","background-attachment":"scroll","background-type":"","background-media":"","overlay-type":"","overlay-color":"","overlay-gradient":""},"tablet":{"background-color":"","background-image":"","background-repeat":"repeat","background-position":"center center","background-size":"auto","background-attachment":"scroll","background-type":"","background-media":"","overlay-type":"","overlay-color":"","overlay-gradient":""},"mobile":{"background-color":"","background-image":"","background-repeat":"repeat","background-position":"center center","background-size":"auto","background-attachment":"scroll","background-type":"","background-media":"","overlay-type":"","overlay-color":"","overlay-gradient":""}},"ast-content-background-meta":{"desktop":{"background-color":"var(--ast-global-color-5)","background-image":"","background-repeat":"repeat","background-position":"center center","background-size":"auto","background-attachment":"scroll","background-type":"","background-media":"","overlay-type":"","overlay-color":"","overlay-gradient":""},"tablet":{"background-color":"var(--ast-global-color-5)","background-image":"","background-repeat":"repeat","background-position":"center center","background-size":"auto","background-attachment":"scroll","background-type":"","background-media":"","overlay-type":"","overlay-color":"","overlay-gradient":""},"mobile":{"background-color":"var(--ast-global-color-5)","background-image":"","background-repeat":"repeat","background-position":"center center","background-size":"auto","background-attachment":"scroll","background-type":"","background-media":"","overlay-type":"","overlay-color":"","overlay-gradient":""}},"footnotes":""},"uagb_featured_image_src":{"full":["https:\/\/steelstorm.standardof.net\/wp-content\/uploads\/sites\/3\/2020\/10\/MnEdR-1.jpg",1200,750,false],"thumbnail":["https:\/\/steelstorm.standardof.net\/wp-content\/uploads\/sites\/3\/2020\/10\/MnEdR-1-150x150.jpg",150,150,true],"medium":["https:\/\/steelstorm.standardof.net\/wp-content\/uploads\/sites\/3\/2020\/10\/MnEdR-1-300x188.jpg",300,188,true],"medium_large":["https:\/\/steelstorm.standardof.net\/wp-content\/uploads\/sites\/3\/2020\/10\/MnEdR-1-768x480.jpg",768,480,true],"large":["https:\/\/steelstorm.standardof.net\/wp-content\/uploads\/sites\/3\/2020\/10\/MnEdR-1-1024x640.jpg",1024,640,true],"1536x1536":["https:\/\/steelstorm.standardof.net\/wp-content\/uploads\/sites\/3\/2020\/10\/MnEdR-1.jpg",1200,750,false],"2048x2048":["https:\/\/steelstorm.standardof.net\/wp-content\/uploads\/sites\/3\/2020\/10\/MnEdR-1.jpg",1200,750,false],"trp-custom-language-flag":["https:\/\/steelstorm.standardof.net\/wp-content\/uploads\/sites\/3\/2020\/10\/MnEdR-1.jpg",18,12,false]},"uagb_author_info":{"display_name":"SOE","author_link":"https:\/\/steelstorm.standardof.net\/es\/author\/k-tastic\/"},"uagb_comment_info":0,"uagb_excerpt":"The Burning Sands mission is less constrained by strict hallways in favor of a large piece of land divided into two main halves you will need to traverse to reach your objectives. Map and Objectives &#8211; Primary Objectives &#8211; Destroy the incinerator.Gain access to the south side of the bridge.Lay waste to the remaining enemy&hellip;","_links":{"self":[{"href":"https:\/\/steelstorm.standardof.net\/es\/wp-json\/wp\/v2\/pages\/237"}],"collection":[{"href":"https:\/\/steelstorm.standardof.net\/es\/wp-json\/wp\/v2\/pages"}],"about":[{"href":"https:\/\/steelstorm.standardof.net\/es\/wp-json\/wp\/v2\/types\/page"}],"author":[{"embeddable":true,"href":"https:\/\/steelstorm.standardof.net\/es\/wp-json\/wp\/v2\/users\/1"}],"replies":[{"embeddable":true,"href":"https:\/\/steelstorm.standardof.net\/es\/wp-json\/wp\/v2\/comments?post=237"}],"version-history":[{"count":1,"href":"https:\/\/steelstorm.standardof.net\/es\/wp-json\/wp\/v2\/pages\/237\/revisions"}],"predecessor-version":[{"id":460,"href":"https:\/\/steelstorm.standardof.net\/es\/wp-json\/wp\/v2\/pages\/237\/revisions\/460"}],"up":[{"embeddable":true,"href":"https:\/\/steelstorm.standardof.net\/es\/wp-json\/wp\/v2\/pages\/173"}],"wp:featuredmedia":[{"embeddable":true,"href":"https:\/\/steelstorm.standardof.net\/es\/wp-json\/wp\/v2\/media\/54"}],"wp:attachment":[{"href":"https:\/\/steelstorm.standardof.net\/es\/wp-json\/wp\/v2\/media?parent=237"}],"curies":[{"name":"wp","href":"https:\/\/api.w.org\/{rel}","templated":true}]}}