{"id":234,"date":"2020-10-17T12:11:24","date_gmt":"2020-10-17T12:11:24","guid":{"rendered":"https:\/\/steelstorm.standardof.net\/?page_id=234"},"modified":"2022-10-31T08:22:34","modified_gmt":"2022-10-31T08:22:34","slug":"skirmish-purgatory","status":"publish","type":"page","link":"https:\/\/steelstorm.standardof.net\/es\/guide\/tutoriales-de-nivel-2\/escaramuza-purgatorio\/","title":{"rendered":"Escaramuza: Purgatorio"},"content":{"rendered":"<p>En el segundo nivel de bonificaci\u00f3n del videojuego Steel Storm, se te presenta la tarea de encender un sistema de bombeo en este mapa del desierto nocturno. Con esta misi\u00f3n, deber\u00edas comenzar con un buen arsenal de armas, dado que escapaste de Onslaught con ellas intactas.<\/p>\n\n\n\n<div style=\"height:20px\" aria-hidden=\"true\" class=\"wp-block-spacer\"><\/div>\n\n\n<div class=\"gb-container gb-container-985c9931\"><div class=\"gb-inside-container\">\n\n<h2 class=\"has-text-align-center wp-block-heading\">Mapa y objetivos<\/h2>\n\n\n\n<div class=\"wp-block-image is-style-default\"><figure class=\"aligncenter size-large is-resized\"><a href=\"https:\/\/steelstorm.standardof.net\/es\/steel-storm-bonus-missions-skirmish-purgatory-1\/\"><img decoding=\"async\" src=\"https:\/\/steelstorm.standardof.net\/wp-content\/uploads\/sites\/3\/2020\/10\/Steel-Storm-Bonus-Missions-Skirmish-Purgatory-1.jpg\" alt=\"\" class=\"wp-image-227\" width=\"670\" height=\"501\" title=\"\" srcset=\"https:\/\/steelstorm.standardof.net\/wp-content\/uploads\/sites\/3\/2020\/10\/Steel-Storm-Bonus-Missions-Skirmish-Purgatory-1.jpg 893w, https:\/\/steelstorm.standardof.net\/wp-content\/uploads\/sites\/3\/2020\/10\/Steel-Storm-Bonus-Missions-Skirmish-Purgatory-1-300x224.jpg 300w, https:\/\/steelstorm.standardof.net\/wp-content\/uploads\/sites\/3\/2020\/10\/Steel-Storm-Bonus-Missions-Skirmish-Purgatory-1-768x574.jpg 768w, https:\/\/steelstorm.standardof.net\/wp-content\/uploads\/sites\/3\/2020\/10\/Steel-Storm-Bonus-Missions-Skirmish-Purgatory-1-16x12.jpg 16w\" sizes=\"(max-width: 670px) 100vw, 670px\" \/><\/a><\/figure><\/div>\n\n\n\n<h3 class=\"has-text-align-center wp-block-heading\">- Objetivos principales -<\/h3>\n\n\n\n<p class=\"has-text-align-center\">Encienda el sistema de bombeo.<\/p>\n\n<\/div><\/div>\n\n\n<div style=\"height:20px\" aria-hidden=\"true\" class=\"wp-block-spacer\"><\/div>\n\n\n<div class=\"gb-container gb-container-c55dfd9b\"><div class=\"gb-inside-container\">\n\n<h2 class=\"has-text-align-center wp-block-heading\">Progresi\u00f3n de nivel y consejos:<\/h2>\n\n\n\n<p>Comenzando en el camino rojo visible en la imagen de la derecha, dir\u00edjase a la primera de las 3 bombas con las que debe interactuar en el punto <strong>UN<\/strong>. Esta bomba est\u00e1 protegida por un tanque Heavy Minigun y es el \u00fanico que no requiere una tarjeta de acceso. Aseg\u00farate de pasar por punto <strong>1<\/strong>si quieres recoger algunos misiles guiados.<\/p>\n\n\n\n<p>A continuaci\u00f3n, recorra el lado sur de la meseta, el camino rojo pasa por una curva, ya que hay recogidas de cristales que valen la pena a lo largo de este camino, sin mencionar m\u00e1s espacio para esquivar el fuego, en su camino al punto. <strong>segundo<\/strong>. Toma el ascensor en este punto y dir\u00edgete al punto <strong>C <\/strong>para descargar una tarjeta de acceso roja de la instalaci\u00f3n all\u00ed, vigilando el tanque pesado que lo guarda. En su camino de regreso al elevador, puede pasar por un punto <strong>3 <\/strong>para un arma Storm Spread.<\/p>\n\n\n\n<p>La tarjeta de acceso que posee ahora debe usarse en la bomba en el punto <strong>re <\/strong>antes de seguir el camino amarillo hacia el lado sur de este mapa, deteni\u00e9ndose en el punto <strong>2 <\/strong>si necesita recoger el arma Shockwave. Al llegar al punto <strong>mi<\/strong>, que es su pr\u00f3ximo destino, tendr\u00e1 que usar la plataforma del teletransportador para viajar al punto <strong>F<\/strong> a lo largo de la l\u00ednea azul claro. Si quieres un arma Storm Shield, puedes encontrar una de estas en el punto <strong>4<\/strong>.<\/p>\n\n\n\n<p>Despu\u00e9s de salir del Teletransportador en el punto <strong>F<\/strong>, recorra la parte superior del edificio hacia el punto <strong>GRAMO<\/strong> donde encontrar\u00e1 otro teletransportador acostado despu\u00e9s de una tarjeta roja. Tome esta tarjeta de acceso, ignorando el teletransportador por ahora y retroceda a trav\u00e9s de la almohadilla en el punto <strong>F<\/strong>, tomando nota del Storm Plow en el punto <strong>5 <\/strong>si quieres recogerlo, regresa al punto <strong>mi<\/strong>. Ahora puede usar la tarjeta que acaba de recoger para interactuar con la bomba en el punto <strong>H<\/strong>, completando su objetivo principal.<\/p>\n\n\n\n<p>Dir\u00edgete una vez m\u00e1s a trav\u00e9s de la plataforma del teletransportador en el punto <strong>mi<\/strong>, volviendo a salir de nuevo en el punto <strong>F <\/strong>y regresa al Teletransportador que ignoraste anteriormente en el punto <strong>GRAMO<\/strong>. Tomar esta plataforma lo llevar\u00e1 a la meseta cercana en el punto I, donde puede encontrar otro Teletransportador en el punto <strong>J<\/strong>, que a su vez lo llevar\u00e1 a la plataforma en lo alto del edificio en el punto <strong>K<\/strong>. Activa la plataforma aqu\u00ed para desactivar el campo de fuerza y \u00e1brete camino a trav\u00e9s de un \u00faltimo tanque pesado (intenta usar el Fusion Core Rack como una trampa explosiva) para asegurar tu salida en la plataforma de salida en el punto <strong>L<\/strong>.<\/p>\n\n\n\n<p>Nota: En el video a continuaci\u00f3n, este tanque pesado final no se genera, en una segunda jugada lo hizo, lo que significa que depende de c\u00f3mo cruce los disparadores que se encuentran justo despu\u00e9s del campo de fuerza deshabilitado. Mant\u00e9n esto en mente.<\/p>\n\n\n\n<figure class=\"wp-block-gallery has-nested-images columns-default is-cropped wp-block-gallery-1 is-layout-flex wp-block-gallery-is-layout-flex\">\n<figure class=\"wp-block-image size-large\"><img decoding=\"async\" width=\"1024\" height=\"576\" src=\"https:\/\/steelstorm.standardof.net\/wp-content\/uploads\/sites\/3\/2020\/10\/Steel-Storm-Bonus-Missions-Skirmish-Purgatory-2.jpg\" alt=\"\" class=\"wp-image-228\" title=\"\" srcset=\"https:\/\/steelstorm.standardof.net\/wp-content\/uploads\/sites\/3\/2020\/10\/Steel-Storm-Bonus-Missions-Skirmish-Purgatory-2.jpg 1024w, https:\/\/steelstorm.standardof.net\/wp-content\/uploads\/sites\/3\/2020\/10\/Steel-Storm-Bonus-Missions-Skirmish-Purgatory-2-300x169.jpg 300w, https:\/\/steelstorm.standardof.net\/wp-content\/uploads\/sites\/3\/2020\/10\/Steel-Storm-Bonus-Missions-Skirmish-Purgatory-2-768x432.jpg 768w, https:\/\/steelstorm.standardof.net\/wp-content\/uploads\/sites\/3\/2020\/10\/Steel-Storm-Bonus-Missions-Skirmish-Purgatory-2-16x9.jpg 16w\" sizes=\"(max-width: 1024px) 100vw, 1024px\" \/><\/figure>\n\n\n\n<figure class=\"wp-block-image size-large\"><img decoding=\"async\" width=\"1024\" height=\"576\" src=\"https:\/\/steelstorm.standardof.net\/wp-content\/uploads\/sites\/3\/2020\/10\/Steel-Storm-Bonus-Missions-Skirmish-Purgatory-5.jpg\" alt=\"\" class=\"wp-image-231\" title=\"\" srcset=\"https:\/\/steelstorm.standardof.net\/wp-content\/uploads\/sites\/3\/2020\/10\/Steel-Storm-Bonus-Missions-Skirmish-Purgatory-5.jpg 1024w, https:\/\/steelstorm.standardof.net\/wp-content\/uploads\/sites\/3\/2020\/10\/Steel-Storm-Bonus-Missions-Skirmish-Purgatory-5-300x169.jpg 300w, https:\/\/steelstorm.standardof.net\/wp-content\/uploads\/sites\/3\/2020\/10\/Steel-Storm-Bonus-Missions-Skirmish-Purgatory-5-768x432.jpg 768w, https:\/\/steelstorm.standardof.net\/wp-content\/uploads\/sites\/3\/2020\/10\/Steel-Storm-Bonus-Missions-Skirmish-Purgatory-5-16x9.jpg 16w\" sizes=\"(max-width: 1024px) 100vw, 1024px\" \/><\/figure>\n\n\n\n<figure class=\"wp-block-image size-large\"><img decoding=\"async\" width=\"1024\" height=\"576\" src=\"https:\/\/steelstorm.standardof.net\/wp-content\/uploads\/sites\/3\/2020\/10\/Steel-Storm-Bonus-Missions-Skirmish-Purgatory-4.jpg\" alt=\"\" class=\"wp-image-230\" title=\"\" srcset=\"https:\/\/steelstorm.standardof.net\/wp-content\/uploads\/sites\/3\/2020\/10\/Steel-Storm-Bonus-Missions-Skirmish-Purgatory-4.jpg 1024w, https:\/\/steelstorm.standardof.net\/wp-content\/uploads\/sites\/3\/2020\/10\/Steel-Storm-Bonus-Missions-Skirmish-Purgatory-4-300x169.jpg 300w, https:\/\/steelstorm.standardof.net\/wp-content\/uploads\/sites\/3\/2020\/10\/Steel-Storm-Bonus-Missions-Skirmish-Purgatory-4-768x432.jpg 768w, https:\/\/steelstorm.standardof.net\/wp-content\/uploads\/sites\/3\/2020\/10\/Steel-Storm-Bonus-Missions-Skirmish-Purgatory-4-16x9.jpg 16w\" sizes=\"(max-width: 1024px) 100vw, 1024px\" \/><\/figure>\n\n\n\n<figure class=\"wp-block-image size-large\"><img decoding=\"async\" width=\"1024\" height=\"576\" src=\"https:\/\/steelstorm.standardof.net\/wp-content\/uploads\/sites\/3\/2020\/10\/Steel-Storm-Bonus-Missions-Skirmish-Purgatory-3.jpg\" alt=\"\" class=\"wp-image-229\" title=\"\" srcset=\"https:\/\/steelstorm.standardof.net\/wp-content\/uploads\/sites\/3\/2020\/10\/Steel-Storm-Bonus-Missions-Skirmish-Purgatory-3.jpg 1024w, https:\/\/steelstorm.standardof.net\/wp-content\/uploads\/sites\/3\/2020\/10\/Steel-Storm-Bonus-Missions-Skirmish-Purgatory-3-300x169.jpg 300w, https:\/\/steelstorm.standardof.net\/wp-content\/uploads\/sites\/3\/2020\/10\/Steel-Storm-Bonus-Missions-Skirmish-Purgatory-3-768x432.jpg 768w, https:\/\/steelstorm.standardof.net\/wp-content\/uploads\/sites\/3\/2020\/10\/Steel-Storm-Bonus-Missions-Skirmish-Purgatory-3-16x9.jpg 16w\" sizes=\"(max-width: 1024px) 100vw, 1024px\" \/><\/figure>\n<\/figure>\n\n<\/div><\/div>\n\n\n<div style=\"height:20px\" aria-hidden=\"true\" class=\"wp-block-spacer\"><\/div>\n\n\n\n<h3 class=\"has-text-align-center wp-block-heading\">Video gu\u00eda de Skirmish - Purgatory<\/h3>\n\n\n\n<figure class=\"wp-block-embed is-type-video is-provider-youtube wp-block-embed-youtube wp-embed-aspect-16-9 wp-has-aspect-ratio\"><div class=\"wp-block-embed__wrapper\">\n<div class=\"ast-oembed-container\" style=\"height: 100%;\"><iframe title=\"Skirmish: Purgatory - Steel Storm: Burning Retribution - Bonus Level Walktrough\" width=\"500\" height=\"281\" src=\"https:\/\/www.youtube.com\/embed\/uk475GiaiQc?feature=oembed\" frameborder=\"0\" allow=\"accelerometer; autoplay; clipboard-write; encrypted-media; gyroscope; picture-in-picture; web-share\" referrerpolicy=\"strict-origin-when-cross-origin\" allowfullscreen><\/iframe><\/div>\n<\/div><\/figure>","protected":false},"excerpt":{"rendered":"<p>In the second bonus level of the video game Steel Storm, you are presented with the task of turning on a pump system in this nighttime desert map. With this mission you should be starting out with a nice arsenal of weaponry, granted that you escaped Onslaught with them intact. Map and Objectives &#8211; Primary [&hellip;]<\/p>","protected":false},"author":1,"featured_media":54,"parent":173,"menu_order":0,"comment_status":"open","ping_status":"closed","template":"","meta":{"_uag_custom_page_level_css":"","site-sidebar-layout":"default","site-content-layout":"default","ast-site-content-layout":"","site-content-style":"default","site-sidebar-style":"default","ast-global-header-display":"","ast-banner-title-visibility":"","ast-main-header-display":"","ast-hfb-above-header-display":"","ast-hfb-below-header-display":"","ast-hfb-mobile-header-display":"","site-post-title":"","ast-breadcrumbs-content":"","ast-featured-img":"","footer-sml-layout":"","theme-transparent-header-meta":"default","adv-header-id-meta":"","stick-header-meta":"","header-above-stick-meta":"","header-main-stick-meta":"","header-below-stick-meta":"","astra-migrate-meta-layouts":"default","ast-page-background-enabled":"default","ast-page-background-meta":{"desktop":{"background-color":"","background-image":"","background-repeat":"repeat","background-position":"center center","background-size":"auto","background-attachment":"scroll","background-type":"","background-media":"","overlay-type":"","overlay-color":"","overlay-gradient":""},"tablet":{"background-color":"","background-image":"","background-repeat":"repeat","background-position":"center center","background-size":"auto","background-attachment":"scroll","background-type":"","background-media":"","overlay-type":"","overlay-color":"","overlay-gradient":""},"mobile":{"background-color":"","background-image":"","background-repeat":"repeat","background-position":"center center","background-size":"auto","background-attachment":"scroll","background-type":"","background-media":"","overlay-type":"","overlay-color":"","overlay-gradient":""}},"ast-content-background-meta":{"desktop":{"background-color":"var(--ast-global-color-5)","background-image":"","background-repeat":"repeat","background-position":"center center","background-size":"auto","background-attachment":"scroll","background-type":"","background-media":"","overlay-type":"","overlay-color":"","overlay-gradient":""},"tablet":{"background-color":"var(--ast-global-color-5)","background-image":"","background-repeat":"repeat","background-position":"center center","background-size":"auto","background-attachment":"scroll","background-type":"","background-media":"","overlay-type":"","overlay-color":"","overlay-gradient":""},"mobile":{"background-color":"var(--ast-global-color-5)","background-image":"","background-repeat":"repeat","background-position":"center center","background-size":"auto","background-attachment":"scroll","background-type":"","background-media":"","overlay-type":"","overlay-color":"","overlay-gradient":""}},"footnotes":""},"uagb_featured_image_src":{"full":["https:\/\/steelstorm.standardof.net\/wp-content\/uploads\/sites\/3\/2020\/10\/MnEdR-1.jpg",1200,750,false],"thumbnail":["https:\/\/steelstorm.standardof.net\/wp-content\/uploads\/sites\/3\/2020\/10\/MnEdR-1-150x150.jpg",150,150,true],"medium":["https:\/\/steelstorm.standardof.net\/wp-content\/uploads\/sites\/3\/2020\/10\/MnEdR-1-300x188.jpg",300,188,true],"medium_large":["https:\/\/steelstorm.standardof.net\/wp-content\/uploads\/sites\/3\/2020\/10\/MnEdR-1-768x480.jpg",768,480,true],"large":["https:\/\/steelstorm.standardof.net\/wp-content\/uploads\/sites\/3\/2020\/10\/MnEdR-1-1024x640.jpg",1024,640,true],"1536x1536":["https:\/\/steelstorm.standardof.net\/wp-content\/uploads\/sites\/3\/2020\/10\/MnEdR-1.jpg",1200,750,false],"2048x2048":["https:\/\/steelstorm.standardof.net\/wp-content\/uploads\/sites\/3\/2020\/10\/MnEdR-1.jpg",1200,750,false],"trp-custom-language-flag":["https:\/\/steelstorm.standardof.net\/wp-content\/uploads\/sites\/3\/2020\/10\/MnEdR-1.jpg",18,12,false]},"uagb_author_info":{"display_name":"SOE","author_link":"https:\/\/steelstorm.standardof.net\/es\/author\/k-tastic\/"},"uagb_comment_info":0,"uagb_excerpt":"In the second bonus level of the video game Steel Storm, you are presented with the task of turning on a pump system in this nighttime desert map. With this mission you should be starting out with a nice arsenal of weaponry, granted that you escaped Onslaught with them intact. Map and Objectives &#8211; Primary&hellip;","_links":{"self":[{"href":"https:\/\/steelstorm.standardof.net\/es\/wp-json\/wp\/v2\/pages\/234"}],"collection":[{"href":"https:\/\/steelstorm.standardof.net\/es\/wp-json\/wp\/v2\/pages"}],"about":[{"href":"https:\/\/steelstorm.standardof.net\/es\/wp-json\/wp\/v2\/types\/page"}],"author":[{"embeddable":true,"href":"https:\/\/steelstorm.standardof.net\/es\/wp-json\/wp\/v2\/users\/1"}],"replies":[{"embeddable":true,"href":"https:\/\/steelstorm.standardof.net\/es\/wp-json\/wp\/v2\/comments?post=234"}],"version-history":[{"count":1,"href":"https:\/\/steelstorm.standardof.net\/es\/wp-json\/wp\/v2\/pages\/234\/revisions"}],"predecessor-version":[{"id":464,"href":"https:\/\/steelstorm.standardof.net\/es\/wp-json\/wp\/v2\/pages\/234\/revisions\/464"}],"up":[{"embeddable":true,"href":"https:\/\/steelstorm.standardof.net\/es\/wp-json\/wp\/v2\/pages\/173"}],"wp:featuredmedia":[{"embeddable":true,"href":"https:\/\/steelstorm.standardof.net\/es\/wp-json\/wp\/v2\/media\/54"}],"wp:attachment":[{"href":"https:\/\/steelstorm.standardof.net\/es\/wp-json\/wp\/v2\/media?parent=234"}],"curies":[{"name":"wp","href":"https:\/\/api.w.org\/{rel}","templated":true}]}}