{"id":173,"date":"2020-10-17T10:02:43","date_gmt":"2020-10-17T10:02:43","guid":{"rendered":"https:\/\/steelstorm.standardof.net\/?page_id=173"},"modified":"2020-10-17T15:17:50","modified_gmt":"2020-10-17T15:17:50","slug":"level-walkthroughs","status":"publish","type":"page","link":"https:\/\/steelstorm.standardof.net\/es\/guide\/tutoriales-de-nivel-2\/","title":{"rendered":"Tutoriales de nivel"},"content":{"rendered":"<div class=\"wp-block-cover has-background-dim-80 has-background-dim\" style=\"background-image:url(https:\/\/steelstorm.standardof.net\/wp-content\/uploads\/sites\/3\/2020\/10\/Level-Guides.jpg);min-height:200px;aspect-ratio:unset;\"><div class=\"wp-block-cover__inner-container is-layout-flow wp-block-cover-is-layout-flow\">\n<h2 class=\"has-text-align-center wp-block-heading\">Gu\u00edas y tutoriales de nivel<\/h2>\n<\/div><\/div>\n\n\n\n<h3 class=\"wp-block-heading\"><\/h3>\n\n\n\n<ul><li><strong>Born to Burn: Curso de formaci\u00f3n piloto<\/strong><\/li><li><strong>Retribuci\u00f3n ardiente<\/strong><\/li><li><strong>Misiones de bonificaci\u00f3n<\/strong><\/li><li><strong>Misiones perdidas<\/strong><\/li><\/ul>\n\n\n\n<p>Hay 3 fuentes principales de informaci\u00f3n presentadas dentro de las gu\u00edas de nivel, que cubren cada una de las misiones en Steel Storm Burning Retribution. La primera de las cuales son las im\u00e1genes del lado derecho de la p\u00e1gina junto al recorrido de cada nivel. Aqu\u00ed encontrar\u00e1s un mapa dibujado para cada nivel, mostrando las rutas a recorrer para alcanzar los objetivos primarios o puntos de inter\u00e9s espec\u00edfico, de manera eficiente. Algunas recolecciones de art\u00edculos se se\u00f1alan ocasionalmente all\u00ed, pero solo si se consideran importantes para mantener la legibilidad de los mapas. Im\u00e1genes adicionales mostrar\u00e1n escenas de juego de ciertos puntos marcados.<\/p>\n\n\n\n<p>Las partes de texto de la gu\u00eda se cotejan con el mapa de ruta para proporcionar detalles sobre los objetivos principales, explicar lo que representan los diversos marcadores y c\u00f3mo se utilizan estas rutas para llegar a estos lugares importantes marcados. Se supone que los enemigos y la mayor\u00eda de los elementos son un obst\u00e1culo siempre presente, y solo se se\u00f1alan aqu\u00ed si se consideran particularmente vol\u00e1tiles o dignos de menci\u00f3n en una misi\u00f3n.<\/p>\n\n\n\n<p>Finalmente, hay un tutorial en video para cada nivel que se puede encontrar justo debajo de las porciones de texto e imagen que proporciona los detalles m\u00e1s espec\u00edficos sobre las amenazas que se enfrentan. Si desea saber exactamente d\u00f3nde est\u00e1 cada peque\u00f1o detalle, esta es su mejor fuente con una reproducci\u00f3n de principio a fin sin interrupciones e incluyendo un comentario de audio.<\/p>\n\n\n\n<hr class=\"wp-block-separator\"\/>\n\n\n\n<div class=\"wp-block-cover has-background-dim-80 has-background-dim\" style=\"background-image:url(https:\/\/steelstorm.standardof.net\/wp-content\/uploads\/sites\/3\/2020\/10\/Steel-Storm-Levels-Headhunter-The-Collector-2.jpg);min-height:200px;aspect-ratio:unset;\"><div class=\"wp-block-cover__inner-container is-layout-flow wp-block-cover-is-layout-flow\">\n<h3 class=\"has-text-align-center wp-block-heading\">Born to Burn: misiones del curso de formaci\u00f3n de pilotos<\/h3>\n<\/div><\/div>\n\n\n\n<div class=\"gb-grid-wrapper gb-grid-wrapper-843856d6\">\n<div class=\"gb-grid-column gb-grid-column-5b8f3b76\"><div class=\"gb-container gb-container-5b8f3b76\"><div class=\"gb-inside-container\">\n<h4 class=\"has-text-align-center wp-block-heading\"><strong><a class=\"rank-math-link\" href=\"https:\/\/steelstorm.standardof.net\/es\/guide\/tutoriales-de-nivel-2\/adquisicion-nacido-para-quemar\/\">Adquisici\u00f3n<\/a><\/strong><\/h4>\n<\/div><\/div><\/div>\n\n\n\n<div class=\"gb-grid-column gb-grid-column-be49958b\"><div class=\"gb-container gb-container-be49958b\"><div class=\"gb-inside-container\">\n<h4 class=\"has-text-align-center wp-block-heading\"><strong><a class=\"rank-math-link\" href=\"https:\/\/steelstorm.standardof.net\/es\/guide\/tutoriales-de-nivel-2\/nacido-para-quemar-el-coleccionista\/\">El coleccionista<\/a><\/strong><\/h4>\n<\/div><\/div><\/div>\n\n\n\n<div class=\"gb-grid-column gb-grid-column-e251aa3c\"><div class=\"gb-container gb-container-e251aa3c\"><div class=\"gb-inside-container\">\n<h4 class=\"has-text-align-center wp-block-heading\"><strong><a class=\"rank-math-link\" href=\"https:\/\/steelstorm.standardof.net\/es\/guide\/tutoriales-de-nivel-2\/nacido-para-arder-en-el-foso-de-los-leones\/\">En el foso de los leones<\/a><\/strong><\/h4>\n<\/div><\/div><\/div>\n<\/div>\n\n\n\n<p>Esta p\u00e1gina de tutorial cubre el primer episodio, &quot;Born to Burn: Pilot Training Course&quot;, del videojuego Steel Storm: Burning Retribution, que comprende tres misiones que antes formaban parte del ahora desaparecido &quot;Episodio 1&quot;. Cada nivel tiene su propia secci\u00f3n con mapas y video gu\u00eda que lo acompa\u00f1an. Esta gu\u00eda se hizo como si se reprodujera en <strong>Cl\u00e1sico<\/strong> o <strong>Dif\u00edcil <\/strong>dificultad.<\/p>\n\n\n\n<p>Tenga en cuenta que cada episodio y las misiones de bonificaci\u00f3n en este juego tienen su propia continuaci\u00f3n cuando se trata de armas adquiridas, lo que significa que cualquier cosa que recoja en la misi\u00f3n de un determinado episodio, puede llevarlo a otro nivel del mismo episodio, pero no al segundo episodio o las misiones de bonificaci\u00f3n. Esto incluye segundas partidas de niveles completados anteriormente, lo que te permite volver para obtener una puntuaci\u00f3n m\u00e1s alta con mejores armas.<\/p>\n\n\n\n<p>Born to Burn: Pilot Training Course sirve como introducci\u00f3n al juego de Steel Storm. Estos niveles tienen los desaf\u00edos m\u00e1s f\u00e1ciles en comparaci\u00f3n con los pr\u00f3ximos episodios y las misiones de bonificaci\u00f3n.<\/p>\n\n\n\n<hr class=\"wp-block-separator\"\/>\n\n\n\n<div class=\"wp-block-cover has-background-dim-80 has-background-dim\" style=\"background-image:url(https:\/\/steelstorm.standardof.net\/wp-content\/uploads\/sites\/3\/2020\/10\/Burning-Retribution.jpg);min-height:200px;aspect-ratio:unset;\"><div class=\"wp-block-cover__inner-container is-layout-flow wp-block-cover-is-layout-flow\">\n<h3 class=\"has-text-align-center wp-block-heading\">Retribuci\u00f3n ardiente<\/h3>\n<\/div><\/div>\n\n\n\n<div class=\"gb-container gb-container-84c3f63c\"><div class=\"gb-inside-container\">\n<h4 class=\"has-text-align-center has-white-color has-text-color wp-block-heading\"><strong>Cap\u00edtulo 1<\/strong><\/h4>\n\n\n\n<div class=\"gb-grid-wrapper gb-grid-wrapper-f2f3ae79\">\n<div class=\"gb-grid-column gb-grid-column-1aab7781\"><div class=\"gb-container gb-container-1aab7781\"><div class=\"gb-inside-container\">\n<h5 class=\"has-text-align-center wp-block-heading\"><strong><a href=\"https:\/\/steelstorm.standardof.net\/es\/guide\/tutoriales-de-nivel-2\/canon-congelado-ardiente-retribucion\/\" class=\"rank-math-link\">Ca\u00f1\u00f3n helado<\/a><\/strong><\/h5>\n<\/div><\/div><\/div>\n\n\n\n<div class=\"gb-grid-column gb-grid-column-42ee31c5\"><div class=\"gb-container gb-container-42ee31c5\"><div class=\"gb-inside-container\">\n<h5 class=\"has-text-align-center wp-block-heading\"><strong><a href=\"https:\/\/steelstorm.standardof.net\/es\/guide\/tutoriales-de-nivel-2\/quema-retribucion-entumecido-acero\/\" class=\"rank-math-link\">Acero entumecido<\/a><\/strong><\/h5>\n<\/div><\/div><\/div>\n<\/div>\n<\/div><\/div>\n\n\n\n<div class=\"gb-container gb-container-54b9e81e\"><div class=\"gb-inside-container\">\n<h4 class=\"has-text-align-center has-white-color has-text-color wp-block-heading\"><strong>Capitulo 2<\/strong><\/h4>\n\n\n\n<div class=\"gb-grid-wrapper gb-grid-wrapper-18e74611\">\n<div class=\"gb-grid-column gb-grid-column-56f48146\"><div class=\"gb-container gb-container-56f48146\"><div class=\"gb-inside-container\">\n<h5 class=\"has-text-align-center wp-block-heading\"><strong><a href=\"https:\/\/steelstorm.standardof.net\/es\/guide\/tutoriales-de-nivel-2\/ardiente-retribucion-hielo-paraiso\/\" class=\"rank-math-link\">Para\u00edso de hielo<\/a><\/strong><\/h5>\n<\/div><\/div><\/div>\n\n\n\n<div class=\"gb-grid-column gb-grid-column-183e5fca\"><div class=\"gb-container gb-container-183e5fca\"><div class=\"gb-inside-container\">\n<h5 class=\"has-text-align-center wp-block-heading\"><strong><a href=\"https:\/\/steelstorm.standardof.net\/es\/guide\/tutoriales-de-nivel-2\/castigo-ardiente-debajo-del-sudario-congelado\/\" class=\"rank-math-link\">Debajo del sudario helado<\/a><\/strong><\/h5>\n<\/div><\/div><\/div>\n\n\n\n<div class=\"gb-grid-column gb-grid-column-ef9975af\"><div class=\"gb-container gb-container-ef9975af\"><div class=\"gb-inside-container\">\n<h5 class=\"has-text-align-center wp-block-heading\"><strong><a href=\"https:\/\/steelstorm.standardof.net\/es\/guide\/tutoriales-de-nivel-2\/ardiente-retribucion-sigue-al-topo\/\" class=\"rank-math-link\">Sigue al topo<\/a><\/strong><\/h5>\n<\/div><\/div><\/div>\n<\/div>\n\n\n\n<div class=\"gb-grid-wrapper gb-grid-wrapper-0f8d198f\">\n<div class=\"gb-grid-column gb-grid-column-e42dbeec\"><div class=\"gb-container gb-container-e42dbeec\"><div class=\"gb-inside-container\">\n<h5 class=\"has-text-align-center wp-block-heading\"><strong><a href=\"https:\/\/steelstorm.standardof.net\/es\/guide\/tutoriales-de-nivel-2\/quema-retribucion-la-red\/\" class=\"rank-math-link\">La red<\/a><\/strong><\/h5>\n<\/div><\/div><\/div>\n\n\n\n<div class=\"gb-grid-column gb-grid-column-2a18f3cb\"><div class=\"gb-container gb-container-2a18f3cb\"><div class=\"gb-inside-container\">\n<h5 class=\"has-text-align-center wp-block-heading\"><strong><a href=\"https:\/\/steelstorm.standardof.net\/es\/guide\/tutoriales-de-nivel-2\/quema-castigo-plaza-de-perdicion\/\" class=\"rank-math-link\">Plaza de la Perdici\u00f3n<\/a><\/strong><\/h5>\n<\/div><\/div><\/div>\n<\/div>\n<\/div><\/div>\n\n\n\n<p>Esta parte del tutorial cubre el Episodio 2 de Steel Storm, Burning Retribution, continuando la serie de gu\u00edas de nivel que se juegan a lo largo del juego en <strong>Cl\u00e1sico <\/strong>o <strong>Dif\u00edcil <\/strong>dificultad. Solo como parte del juego completo, a diferencia del Episodio 1 que tambi\u00e9n forma parte de la versi\u00f3n gratuita, el Episodio 2 traer\u00e1 consigo una serie de nuevos enemigos y armas adicionales nunca antes vistas, a menos que ya hayas completado las misiones de bonificaci\u00f3n.<\/p>\n\n\n\n<p>El Episodio 2 o Retribuci\u00f3n ardiente es el conjunto m\u00e1s grande de niveles continuos del juego, dividido en cuatro cap\u00edtulos separados, cada uno con su propio grupo de misi\u00f3n. Espere ver desaf\u00edos m\u00e1s dif\u00edciles, varias configuraciones regionales nuevas y tareas m\u00e1s complicadas para lograr.<\/p>\n\n\n\n<hr class=\"wp-block-separator\"\/>\n\n\n\n<div class=\"wp-block-cover has-background-dim-80 has-background-dim\" style=\"background-image:url(https:\/\/steelstorm.standardof.net\/wp-content\/uploads\/sites\/3\/2020\/10\/Bonus-Missions.jpg);background-position:48% 37%;min-height:200px;aspect-ratio:unset;\"><div class=\"wp-block-cover__inner-container is-layout-flow wp-block-cover-is-layout-flow\">\n<h3 class=\"has-text-align-center wp-block-heading\">Misiones de bonificaci\u00f3n: escaramuza<\/h3>\n<\/div><\/div>\n\n\n\n<div class=\"gb-grid-wrapper gb-grid-wrapper-996d369e\">\n<div class=\"gb-grid-column gb-grid-column-af22efae\"><div class=\"gb-container gb-container-af22efae\"><div class=\"gb-inside-container\">\n<h4 class=\"has-text-align-center wp-block-heading\"><strong><a href=\"https:\/\/steelstorm.standardof.net\/es\/guide\/tutoriales-de-nivel-2\/escaramuza-ardiente-arenas\/\" class=\"rank-math-link\">Arenas ardientes<\/a><\/strong><\/h4>\n<\/div><\/div><\/div>\n\n\n\n<div class=\"gb-grid-column gb-grid-column-6e6a0850\"><div class=\"gb-container gb-container-6e6a0850\"><div class=\"gb-inside-container\">\n<h4 class=\"has-text-align-center wp-block-heading\"><strong><a href=\"https:\/\/steelstorm.standardof.net\/es\/guide\/tutoriales-de-nivel-2\/ataque-de-escaramuza\/\" class=\"rank-math-link\">Embate<\/a><\/strong><\/h4>\n<\/div><\/div><\/div>\n\n\n\n<div class=\"gb-grid-column gb-grid-column-c5daec24\"><div class=\"gb-container gb-container-c5daec24\"><div class=\"gb-inside-container\">\n<h4 class=\"has-text-align-center wp-block-heading\"><strong><a href=\"https:\/\/steelstorm.standardof.net\/es\/guide\/tutoriales-de-nivel-2\/escaramuza-purgatorio\/\" class=\"rank-math-link\">Purgatorio<\/a><\/strong><\/h4>\n<\/div><\/div><\/div>\n<\/div>\n\n\n\n<p>Esta parte de la gu\u00eda cubre las misiones adicionales disponibles en Steel Storm: Burning Retribution. En esta gu\u00eda encontrar\u00e1 una secci\u00f3n para cada nivel, que contiene mapas, sugerencias y consejos y un video tutorial realizado en el <strong>Cl\u00e1sico <\/strong>o <strong>Dif\u00edcil<\/strong> dificultad.<\/p>\n\n\n\n<p>Estas misiones se agregaron en un parche reciente del juego, ofrecen desaf\u00edos \u00fanicos, separados de la progresi\u00f3n principal de los episodios 1 y 2. Como cada episodio, este grupo de niveles tiene su propia progresi\u00f3n con las armas capturadas, comenzando solo con la ametralladora en el primer nivel.<\/p>\n\n\n\n<hr class=\"wp-block-separator\"\/>\n\n\n\n<div class=\"wp-block-cover has-background-dim-80 has-background-dim\" style=\"background-image:url(https:\/\/steelstorm.standardof.net\/wp-content\/uploads\/sites\/3\/2020\/10\/Lost-Missions.jpg);background-position:48% 37%;min-height:200px;aspect-ratio:unset;\"><div class=\"wp-block-cover__inner-container is-layout-flow wp-block-cover-is-layout-flow\">\n<h3 class=\"has-text-align-center wp-block-heading\">Misiones perdidas<\/h3>\n<\/div><\/div>\n\n\n\n<div class=\"gb-grid-wrapper gb-grid-wrapper-4e236f43\">\n<div class=\"gb-grid-column gb-grid-column-bc3b5ab5\"><div class=\"gb-container gb-container-bc3b5ab5\"><div class=\"gb-inside-container\">\n<h4 class=\"has-text-align-center wp-block-heading\"><strong><a href=\"https:\/\/steelstorm.standardof.net\/es\/guide\/tutoriales-de-nivel-2\/perdido-en-el-tiempo-en-la-consternacion-2\/\" class=\"rank-math-link\">En consternaci\u00f3n<\/a><\/strong><\/h4>\n<\/div><\/div><\/div>\n\n\n\n<div class=\"gb-grid-column gb-grid-column-d8f4e8aa\"><div class=\"gb-container gb-container-d8f4e8aa\"><div class=\"gb-inside-container\">\n<h4 class=\"has-text-align-center wp-block-heading\"><strong><a href=\"https:\/\/steelstorm.standardof.net\/es\/guide\/tutoriales-de-nivel-2\/fusion-perdida-en-el-tiempo\/\" class=\"rank-math-link\">Fusi\u00f3n de un reactor<\/a><\/strong><\/h4>\n<\/div><\/div><\/div>\n<\/div>\n\n\n\n<p>Las misiones perdidas en Steel Storm son actualmente un conjunto de dos niveles que alguna vez fueron parte del antiguo y ahora desaparecido Episodio 1, antes de que se dividiera y se convirtiera en el conjunto de niveles Born to Burn. Esencialmente separados del continuo principal del juego, estos episodios ahora est\u00e1n Perdidos en el tiempo, a la deriva a trav\u00e9s del espacio virtual, pero a\u00fan accesibles para jugar como parte de su propia serie.<\/p>\n\n\n\n<div style=\"height:20px\" aria-hidden=\"true\" class=\"wp-block-spacer\"><\/div>","protected":false},"excerpt":{"rendered":"<p>Born to Burn: Pilot Training Course Burning Retribution Bonus Missions Lost Missions There are 3 main sources of information presented within the level guides, covering each of the missions in Steel Storm Burning Retribution. The first of which are the pictures to the right side of the page by each level\u2019s walkthrough. Here you will [&hellip;]<\/p>","protected":false},"author":1,"featured_media":54,"parent":6,"menu_order":0,"comment_status":"open","ping_status":"closed","template":"","meta":{"_uag_custom_page_level_css":"","site-sidebar-layout":"default","site-content-layout":"default","ast-site-content-layout":"","site-content-style":"default","site-sidebar-style":"default","ast-global-header-display":"","ast-banner-title-visibility":"","ast-main-header-display":"","ast-hfb-above-header-display":"","ast-hfb-below-header-display":"","ast-hfb-mobile-header-display":"","site-post-title":"","ast-breadcrumbs-content":"","ast-featured-img":"","footer-sml-layout":"","theme-transparent-header-meta":"default","adv-header-id-meta":"","stick-header-meta":"","header-above-stick-meta":"","header-main-stick-meta":"","header-below-stick-meta":"","astra-migrate-meta-layouts":"default","ast-page-background-enabled":"default","ast-page-background-meta":{"desktop":{"background-color":"","background-image":"","background-repeat":"repeat","background-position":"center center","background-size":"auto","background-attachment":"scroll","background-type":"","background-media":"","overlay-type":"","overlay-color":"","overlay-gradient":""},"tablet":{"background-color":"","background-image":"","background-repeat":"repeat","background-position":"center center","background-size":"auto","background-attachment":"scroll","background-type":"","background-media":"","overlay-type":"","overlay-color":"","overlay-gradient":""},"mobile":{"background-color":"","background-image":"","background-repeat":"repeat","background-position":"center center","background-size":"auto","background-attachment":"scroll","background-type":"","background-media":"","overlay-type":"","overlay-color":"","overlay-gradient":""}},"ast-content-background-meta":{"desktop":{"background-color":"var(--ast-global-color-5)","background-image":"","background-repeat":"repeat","background-position":"center center","background-size":"auto","background-attachment":"scroll","background-type":"","background-media":"","overlay-type":"","overlay-color":"","overlay-gradient":""},"tablet":{"background-color":"var(--ast-global-color-5)","background-image":"","background-repeat":"repeat","background-position":"center center","background-size":"auto","background-attachment":"scroll","background-type":"","background-media":"","overlay-type":"","overlay-color":"","overlay-gradient":""},"mobile":{"background-color":"var(--ast-global-color-5)","background-image":"","background-repeat":"repeat","background-position":"center center","background-size":"auto","background-attachment":"scroll","background-type":"","background-media":"","overlay-type":"","overlay-color":"","overlay-gradient":""}},"footnotes":""},"uagb_featured_image_src":{"full":["https:\/\/steelstorm.standardof.net\/wp-content\/uploads\/sites\/3\/2020\/10\/MnEdR-1.jpg",1200,750,false],"thumbnail":["https:\/\/steelstorm.standardof.net\/wp-content\/uploads\/sites\/3\/2020\/10\/MnEdR-1-150x150.jpg",150,150,true],"medium":["https:\/\/steelstorm.standardof.net\/wp-content\/uploads\/sites\/3\/2020\/10\/MnEdR-1-300x188.jpg",300,188,true],"medium_large":["https:\/\/steelstorm.standardof.net\/wp-content\/uploads\/sites\/3\/2020\/10\/MnEdR-1-768x480.jpg",768,480,true],"large":["https:\/\/steelstorm.standardof.net\/wp-content\/uploads\/sites\/3\/2020\/10\/MnEdR-1-1024x640.jpg",1024,640,true],"1536x1536":["https:\/\/steelstorm.standardof.net\/wp-content\/uploads\/sites\/3\/2020\/10\/MnEdR-1.jpg",1200,750,false],"2048x2048":["https:\/\/steelstorm.standardof.net\/wp-content\/uploads\/sites\/3\/2020\/10\/MnEdR-1.jpg",1200,750,false],"trp-custom-language-flag":["https:\/\/steelstorm.standardof.net\/wp-content\/uploads\/sites\/3\/2020\/10\/MnEdR-1.jpg",18,12,false]},"uagb_author_info":{"display_name":"SOE","author_link":"https:\/\/steelstorm.standardof.net\/es\/author\/k-tastic\/"},"uagb_comment_info":0,"uagb_excerpt":"Born to Burn: Pilot Training Course Burning Retribution Bonus Missions Lost Missions There are 3 main sources of information presented within the level guides, covering each of the missions in Steel Storm Burning Retribution. The first of which are the pictures to the right side of the page by each level\u2019s walkthrough. Here you will&hellip;","_links":{"self":[{"href":"https:\/\/steelstorm.standardof.net\/es\/wp-json\/wp\/v2\/pages\/173"}],"collection":[{"href":"https:\/\/steelstorm.standardof.net\/es\/wp-json\/wp\/v2\/pages"}],"about":[{"href":"https:\/\/steelstorm.standardof.net\/es\/wp-json\/wp\/v2\/types\/page"}],"author":[{"embeddable":true,"href":"https:\/\/steelstorm.standardof.net\/es\/wp-json\/wp\/v2\/users\/1"}],"replies":[{"embeddable":true,"href":"https:\/\/steelstorm.standardof.net\/es\/wp-json\/wp\/v2\/comments?post=173"}],"version-history":[{"count":0,"href":"https:\/\/steelstorm.standardof.net\/es\/wp-json\/wp\/v2\/pages\/173\/revisions"}],"up":[{"embeddable":true,"href":"https:\/\/steelstorm.standardof.net\/es\/wp-json\/wp\/v2\/pages\/6"}],"wp:featuredmedia":[{"embeddable":true,"href":"https:\/\/steelstorm.standardof.net\/es\/wp-json\/wp\/v2\/media\/54"}],"wp:attachment":[{"href":"https:\/\/steelstorm.standardof.net\/es\/wp-json\/wp\/v2\/media?parent=173"}],"curies":[{"name":"wp","href":"https:\/\/api.w.org\/{rel}","templated":true}]}}