{"id":170,"date":"2020-10-17T06:09:23","date_gmt":"2020-10-17T06:09:23","guid":{"rendered":"https:\/\/steelstorm.standardof.net\/?page_id=170"},"modified":"2020-10-19T05:14:33","modified_gmt":"2020-10-19T05:14:33","slug":"secondary-weapons","status":"publish","type":"page","link":"https:\/\/steelstorm.standardof.net\/es\/guide\/armas\/armas-secundarias\/","title":{"rendered":"Armas secundarias"},"content":{"rendered":"<p>los <strong>Secundario <\/strong>El grupo de armas se dispara con la tecla Mouse 2 (clic derecho) de forma predeterminada, lo que proporciona una mayor potencia de fuego para su tanque. Normalmente, solo puede disparar una de las armas de energ\u00eda o bal\u00edstica a la vez, pero si usa la tecla May\u00fas para cambiar r\u00e1pidamente de un lado a otro, puede usar ambas simult\u00e1neamente.<\/p>\n\n\n\n<div style=\"height:20px\" aria-hidden=\"true\" class=\"wp-block-spacer\"><\/div>\n\n\n\n<div class=\"wp-block-cover alignwide has-background-dim-70 has-black-background-color has-background-dim\" style=\"background-image:url(https:\/\/steelstorm.standardof.net\/wp-content\/uploads\/sites\/3\/2020\/10\/Steel-Storm-Weapons-MIRV-Screenshot.jpg);background-position:49% 25%;min-height:112px;aspect-ratio:unset;\"><div class=\"wp-block-cover__inner-container is-layout-flow wp-block-cover-is-layout-flow\">\n<h2 class=\"has-text-align-center wp-block-heading\"><span class=\"qubely-text-uppercase\" style=\"text-transform: uppercase;\"><span data=\"#ff6900\" class=\"qubely-text-has-color\" style=\"color: #ff6900;\">Armas bal\u00edsticas secundarias<\/span><\/span><\/h2>\n\n\n\n<p class=\"has-text-align-center\">La bal\u00edstica secundaria consiste en varias variedades diferentes de lanzadores de misiles para causar una destrucci\u00f3n seria entre tus enemigos.<\/p>\n<\/div><\/div>\n\n\n\n<div style=\"height:20px\" aria-hidden=\"true\" class=\"wp-block-spacer\"><\/div>\n\n\n\n<div class=\"gb-container gb-container-dbddee8c\"><div class=\"gb-inside-container\">\n<h3 class=\"has-text-align-center wp-block-heading\">Pod de cohete<\/h3>\n\n\n\n<div class=\"wp-block-image\"><figure class=\"aligncenter size-medium\"><a href=\"https:\/\/steelstorm.standardof.net\/es\/steel-storm-weapons-rocket-pod-icon\/\"><img decoding=\"async\" width=\"300\" height=\"212\" src=\"https:\/\/steelstorm.standardof.net\/wp-content\/uploads\/sites\/3\/2020\/10\/Steel-Storm-Weapons-Rocket-Pod-Icon-300x212.jpg\" alt=\"Pod de cohete\" class=\"wp-image-128\" title=\"\" srcset=\"https:\/\/steelstorm.standardof.net\/wp-content\/uploads\/sites\/3\/2020\/10\/Steel-Storm-Weapons-Rocket-Pod-Icon-300x212.jpg 300w, https:\/\/steelstorm.standardof.net\/wp-content\/uploads\/sites\/3\/2020\/10\/Steel-Storm-Weapons-Rocket-Pod-Icon-16x12.jpg 16w, https:\/\/steelstorm.standardof.net\/wp-content\/uploads\/sites\/3\/2020\/10\/Steel-Storm-Weapons-Rocket-Pod-Icon.jpg 465w\" sizes=\"(max-width: 300px) 100vw, 300px\" \/><\/a><figcaption>Pod de cohete<\/figcaption><\/figure><\/div>\n\n\n\n<p>Un arma excelente de corto a medio alcance, el Rocket Pod desata una r\u00e1faga gruesa de misiles que se extienden para causar un da\u00f1o grave a cualquier enemigo atrapado dentro de la explosi\u00f3n. Esta arma es igualmente efectiva contra todos los tipos de enemigos siempre que puedas acercarte lo suficiente para dispararlos.<\/p>\n\n\n\n<div class=\"wp-block-image\"><figure class=\"aligncenter size-full is-resized\"><a href=\"https:\/\/steelstorm.standardof.net\/es\/steel-storm-weapons-rocket-pod-screenshot\/\"><img decoding=\"async\" src=\"https:\/\/steelstorm.standardof.net\/wp-content\/uploads\/sites\/3\/2020\/10\/Steel-Storm-Weapons-Rocket-Pod-Screenshot.jpg\" alt=\"Arma secundaria de Rocket Pod\" class=\"wp-image-129\" width=\"768\" height=\"432\" title=\"\" srcset=\"https:\/\/steelstorm.standardof.net\/wp-content\/uploads\/sites\/3\/2020\/10\/Steel-Storm-Weapons-Rocket-Pod-Screenshot.jpg 1024w, https:\/\/steelstorm.standardof.net\/wp-content\/uploads\/sites\/3\/2020\/10\/Steel-Storm-Weapons-Rocket-Pod-Screenshot-300x169.jpg 300w, https:\/\/steelstorm.standardof.net\/wp-content\/uploads\/sites\/3\/2020\/10\/Steel-Storm-Weapons-Rocket-Pod-Screenshot-768x432.jpg 768w, https:\/\/steelstorm.standardof.net\/wp-content\/uploads\/sites\/3\/2020\/10\/Steel-Storm-Weapons-Rocket-Pod-Screenshot-16x9.jpg 16w\" sizes=\"(max-width: 768px) 100vw, 768px\" \/><\/a><figcaption>Lanzamiento de enjambres de cohetes contra grupos de tanques hostiles.<\/figcaption><\/figure><\/div>\n<\/div><\/div>\n\n\n\n<div style=\"height:20px\" aria-hidden=\"true\" class=\"wp-block-spacer\"><\/div>\n\n\n\n<div class=\"gb-container gb-container-2b743f96\"><div class=\"gb-inside-container\">\n<h3 class=\"has-text-align-center wp-block-heading\">Misil Homing<\/h3>\n\n\n\n<div class=\"wp-block-image\"><figure class=\"aligncenter size-medium\"><a href=\"https:\/\/steelstorm.standardof.net\/es\/steel-storm-weapons-homing-missile-icon\/\"><img decoding=\"async\" width=\"300\" height=\"274\" src=\"https:\/\/steelstorm.standardof.net\/wp-content\/uploads\/sites\/3\/2020\/10\/Steel-Storm-Weapons-Homing-Missile-Icon-300x274.jpg\" alt=\"Misil Homing\" class=\"wp-image-124\" title=\"\" srcset=\"https:\/\/steelstorm.standardof.net\/wp-content\/uploads\/sites\/3\/2020\/10\/Steel-Storm-Weapons-Homing-Missile-Icon-300x274.jpg 300w, https:\/\/steelstorm.standardof.net\/wp-content\/uploads\/sites\/3\/2020\/10\/Steel-Storm-Weapons-Homing-Missile-Icon-13x12.jpg 13w, https:\/\/steelstorm.standardof.net\/wp-content\/uploads\/sites\/3\/2020\/10\/Steel-Storm-Weapons-Homing-Missile-Icon.jpg 410w\" sizes=\"(max-width: 300px) 100vw, 300px\" \/><\/a><figcaption>Misil Homing<\/figcaption><\/figure><\/div>\n\n\n\n<p>Los Misiles Homing se lanzan como un par de misiles de alto explosivo que persiguen a los objetivos enemigos cercanos. Los Misiles Homing son buenos a corto y largo alcance, pero son mucho m\u00e1s efectivos contra objetivos m\u00e1s lentos o estacionarios, ya que los tanques ligeros y rel\u00e1mpagos m\u00e1s r\u00e1pidos pueden esquivar los misiles homing menos maniobrables.<\/p>\n\n\n\n<p>Lo que hace que esta arma sea particularmente \u00fatil es la capacidad de disparar desde una esquina o detr\u00e1s de una obstrucci\u00f3n para golpear a los enemigos que no est\u00e9n directamente en tu l\u00ednea de visi\u00f3n. De esta manera, los Misiles Homing se pueden usar para destruir a varios enemigos sin tener que exponerse a devolver el fuego. Por \u00faltimo, esta es la mejor arma para alcanzar objetivos que vuelan por encima o por debajo de ti, ya que los misiles tambi\u00e9n pueden viajar hacia arriba y hacia abajo por el aire.<\/p>\n\n\n\n<div class=\"wp-block-image\"><figure class=\"aligncenter size-full is-resized\"><a href=\"https:\/\/steelstorm.standardof.net\/es\/steel-storm-weapons-homing-missile-screenshot\/\"><img decoding=\"async\" src=\"https:\/\/steelstorm.standardof.net\/wp-content\/uploads\/sites\/3\/2020\/10\/Steel-Storm-Weapons-Homing-Missile-Screenshot.jpg\" alt=\"Arma secundaria de misiles autoguiados\" class=\"wp-image-125\" width=\"768\" height=\"432\" title=\"\" srcset=\"https:\/\/steelstorm.standardof.net\/wp-content\/uploads\/sites\/3\/2020\/10\/Steel-Storm-Weapons-Homing-Missile-Screenshot.jpg 1024w, https:\/\/steelstorm.standardof.net\/wp-content\/uploads\/sites\/3\/2020\/10\/Steel-Storm-Weapons-Homing-Missile-Screenshot-300x169.jpg 300w, https:\/\/steelstorm.standardof.net\/wp-content\/uploads\/sites\/3\/2020\/10\/Steel-Storm-Weapons-Homing-Missile-Screenshot-768x432.jpg 768w, https:\/\/steelstorm.standardof.net\/wp-content\/uploads\/sites\/3\/2020\/10\/Steel-Storm-Weapons-Homing-Missile-Screenshot-16x9.jpg 16w\" sizes=\"(max-width: 768px) 100vw, 768px\" \/><\/a><figcaption>Bloquear y eliminar tanques enemigos con el misil homing.\n<\/figcaption><\/figure><\/div>\n<\/div><\/div>\n\n\n\n<div style=\"height:20px\" aria-hidden=\"true\" class=\"wp-block-spacer\"><\/div>\n\n\n\n<div class=\"gb-container gb-container-ba90241e\"><div class=\"gb-inside-container\">\n<h3 class=\"has-text-align-center wp-block-heading\">MIRV<\/h3>\n\n\n\n<div class=\"wp-block-image\"><figure class=\"aligncenter size-medium\"><a href=\"https:\/\/steelstorm.standardof.net\/es\/steel-storm-weapons-mirv-icon\/\"><img decoding=\"async\" width=\"300\" height=\"279\" src=\"https:\/\/steelstorm.standardof.net\/wp-content\/uploads\/sites\/3\/2020\/10\/Steel-Storm-Weapons-MIRV-Icon-300x279.jpg\" alt=\"MIRV\" class=\"wp-image-126\" title=\"\" srcset=\"https:\/\/steelstorm.standardof.net\/wp-content\/uploads\/sites\/3\/2020\/10\/Steel-Storm-Weapons-MIRV-Icon-300x279.jpg 300w, https:\/\/steelstorm.standardof.net\/wp-content\/uploads\/sites\/3\/2020\/10\/Steel-Storm-Weapons-MIRV-Icon-13x12.jpg 13w, https:\/\/steelstorm.standardof.net\/wp-content\/uploads\/sites\/3\/2020\/10\/Steel-Storm-Weapons-MIRV-Icon.jpg 380w\" sizes=\"(max-width: 300px) 100vw, 300px\" \/><\/a><figcaption>MIRV<\/figcaption><\/figure><\/div>\n\n\n\n<p>El MIRV es un arma de medio a largo alcance eficaz contra grandes grupos de enemigos. Esta arma lanza un solo misil que vuela directamente al aire antes de formar un arco delante de su tanque, dividirse en m\u00faltiples ojivas y caer al suelo aproximadamente a la mitad de la pantalla. Los MIRV son ineficaces a corta distancia debido a la distancia establecida que deben viajar antes de volver a descender, sin embargo, pueden usarse para golpear objetivos enemigos detr\u00e1s de campos de fuerza o inalcanzables.<\/p>\n\n\n\n<div class=\"wp-block-image\"><figure class=\"aligncenter size-full is-resized\"><a href=\"https:\/\/steelstorm.standardof.net\/es\/steel-storm-weapons-mirv-screenshot\/\"><img decoding=\"async\" src=\"https:\/\/steelstorm.standardof.net\/wp-content\/uploads\/sites\/3\/2020\/10\/Steel-Storm-Weapons-MIRV-Screenshot.jpg\" alt=\"Arma secundaria MIRV\" class=\"wp-image-127\" width=\"768\" height=\"432\" title=\"\" srcset=\"https:\/\/steelstorm.standardof.net\/wp-content\/uploads\/sites\/3\/2020\/10\/Steel-Storm-Weapons-MIRV-Screenshot.jpg 1024w, https:\/\/steelstorm.standardof.net\/wp-content\/uploads\/sites\/3\/2020\/10\/Steel-Storm-Weapons-MIRV-Screenshot-300x169.jpg 300w, https:\/\/steelstorm.standardof.net\/wp-content\/uploads\/sites\/3\/2020\/10\/Steel-Storm-Weapons-MIRV-Screenshot-768x432.jpg 768w, https:\/\/steelstorm.standardof.net\/wp-content\/uploads\/sites\/3\/2020\/10\/Steel-Storm-Weapons-MIRV-Screenshot-16x9.jpg 16w\" sizes=\"(max-width: 768px) 100vw, 768px\" \/><\/a><figcaption>Lloviendo muerte desde arriba, usando el arma secundaria bal\u00edstica MIRV.\n<\/figcaption><\/figure><\/div>\n<\/div><\/div>\n\n\n\n<div style=\"height:20px\" aria-hidden=\"true\" class=\"wp-block-spacer\"><\/div>\n\n\n\n<div class=\"wp-block-cover alignwide has-black-background-color has-background-dim\" style=\"background-image:url(https:\/\/steelstorm.standardof.net\/wp-content\/uploads\/sites\/3\/2020\/10\/Steel-Storm-Weapons-Beam-Cannon-Screenshot.jpg);background-position:51% 24%;min-height:112px;aspect-ratio:unset;\"><div class=\"wp-block-cover__inner-container is-layout-flow wp-block-cover-is-layout-flow\">\n<h2 class=\"has-text-align-center wp-block-heading\"><span style=\"text-transform: uppercase;\" class=\"qubely-text-uppercase\"><span style=\"color: #ff6900;\" data=\"#ff6900\" class=\"qubely-text-has-color\">Armas de energ\u00eda secundaria<\/span><\/span><\/h2>\n\n\n\n<p class=\"has-text-align-center\">Las armas de energ\u00eda secundaria ocupan su propio espacio separado de las armas bal\u00edsticas, lo que le permite cambiar entre las dos seg\u00fan sus necesidades en ese momento.<\/p>\n<\/div><\/div>\n\n\n\n<div style=\"height:20px\" aria-hidden=\"true\" class=\"wp-block-spacer\"><\/div>\n\n\n\n<div class=\"gb-container gb-container-9502a65f\"><div class=\"gb-inside-container\">\n<h3 class=\"has-text-align-center wp-block-heading\">Ca\u00f1\u00f3n de haz<\/h3>\n\n\n\n<div class=\"wp-block-image\"><figure class=\"aligncenter size-medium\"><a href=\"https:\/\/steelstorm.standardof.net\/es\/steel-storm-weapons-beam-cannon-icon\/\"><img decoding=\"async\" width=\"300\" height=\"241\" src=\"https:\/\/steelstorm.standardof.net\/wp-content\/uploads\/sites\/3\/2020\/10\/Steel-Storm-Weapons-Beam-Cannon-Icon-300x241.jpg\" alt=\"Ca\u00f1\u00f3n de haz\" class=\"wp-image-122\" title=\"\" srcset=\"https:\/\/steelstorm.standardof.net\/wp-content\/uploads\/sites\/3\/2020\/10\/Steel-Storm-Weapons-Beam-Cannon-Icon-300x241.jpg 300w, https:\/\/steelstorm.standardof.net\/wp-content\/uploads\/sites\/3\/2020\/10\/Steel-Storm-Weapons-Beam-Cannon-Icon-16x12.jpg 16w, https:\/\/steelstorm.standardof.net\/wp-content\/uploads\/sites\/3\/2020\/10\/Steel-Storm-Weapons-Beam-Cannon-Icon.jpg 489w\" sizes=\"(max-width: 300px) 100vw, 300px\" \/><\/a><figcaption>Ca\u00f1\u00f3n de haz<\/figcaption><\/figure><\/div>\n\n\n\n<p>El Beam Cannon dispara un l\u00e1ser pesado concentrado directamente en frente de su tanque y es el distribuidor de da\u00f1o directo m\u00e1s pesado a su disposici\u00f3n. Una sola explosi\u00f3n completa es suficiente para destruir por completo una torreta o un tanque medio. Esta arma tambi\u00e9n es excelente contra los tanques pesados, jefes y para destruir edificios. Su \u00fanico inconveniente es su capacidad limitada para manejar grandes grupos de enemigos que se encuentran dispersos, aunque los barridos de derecha a izquierda pueden ayudar a compensar, las c\u00e1psulas de cohetes y los MIRV son a\u00fan mejores para este prop\u00f3sito.<\/p>\n\n\n\n<figure class=\"wp-block-image size-full is-resized\"><a href=\"https:\/\/steelstorm.standardof.net\/es\/steel-storm-weapons-beam-cannon-screenshot\/\"><img decoding=\"async\" src=\"https:\/\/steelstorm.standardof.net\/wp-content\/uploads\/sites\/3\/2020\/10\/Steel-Storm-Weapons-Beam-Cannon-Screenshot.jpg\" alt=\"Arma secundaria del ca\u00f1\u00f3n de haz\" class=\"wp-image-123\" width=\"768\" height=\"432\" title=\"\" srcset=\"https:\/\/steelstorm.standardof.net\/wp-content\/uploads\/sites\/3\/2020\/10\/Steel-Storm-Weapons-Beam-Cannon-Screenshot.jpg 1024w, https:\/\/steelstorm.standardof.net\/wp-content\/uploads\/sites\/3\/2020\/10\/Steel-Storm-Weapons-Beam-Cannon-Screenshot-300x169.jpg 300w, https:\/\/steelstorm.standardof.net\/wp-content\/uploads\/sites\/3\/2020\/10\/Steel-Storm-Weapons-Beam-Cannon-Screenshot-768x432.jpg 768w, https:\/\/steelstorm.standardof.net\/wp-content\/uploads\/sites\/3\/2020\/10\/Steel-Storm-Weapons-Beam-Cannon-Screenshot-16x9.jpg 16w\" sizes=\"(max-width: 768px) 100vw, 768px\" \/><\/a><figcaption>Disparando el Beam Cannon contra un grupo de enemigos.\n<\/figcaption><\/figure>\n<\/div><\/div>\n\n\n\n<div style=\"height:20px\" aria-hidden=\"true\" class=\"wp-block-spacer\"><\/div>\n\n\n\n<div class=\"gb-container gb-container-78d07a83\"><div class=\"gb-inside-container\">\n<h3 class=\"has-text-align-center wp-block-heading\">Rayo<\/h3>\n\n\n\n<div class=\"wp-block-image\"><figure class=\"aligncenter size-medium\"><a href=\"https:\/\/steelstorm.standardof.net\/es\/steel-storm-weapons-thunderbolt-icon\/\"><img decoding=\"async\" width=\"300\" height=\"266\" src=\"https:\/\/steelstorm.standardof.net\/wp-content\/uploads\/sites\/3\/2020\/10\/Steel-Storm-Weapons-Thunderbolt-Icon-300x266.jpg\" alt=\"Rayo\" class=\"wp-image-130\" title=\"\" srcset=\"https:\/\/steelstorm.standardof.net\/wp-content\/uploads\/sites\/3\/2020\/10\/Steel-Storm-Weapons-Thunderbolt-Icon-300x266.jpg 300w, https:\/\/steelstorm.standardof.net\/wp-content\/uploads\/sites\/3\/2020\/10\/Steel-Storm-Weapons-Thunderbolt-Icon-14x12.jpg 14w, https:\/\/steelstorm.standardof.net\/wp-content\/uploads\/sites\/3\/2020\/10\/Steel-Storm-Weapons-Thunderbolt-Icon.jpg 438w\" sizes=\"(max-width: 300px) 100vw, 300px\" \/><\/a><figcaption>Rayo <\/figcaption><\/figure><\/div>\n\n\n\n<p>El Thunderbolt es similar al arma disparada por el Lightning Tank pero de una variedad m\u00e1s fuerte. Si bien es un arma de corto alcance con poco da\u00f1o, sus beneficios provienen de hacer que todo lo que golpee se desactive temporalmente y pueda saltar a las unidades enemigas cercanas. <\/p>\n\n\n\n<p>El Thunderbolt puede desactivar de manera efectiva escuadrones enteros de barcos apretados y cuando se combina con explosiones cronometradas de la Onda de choque, puede usarse para mantener a tus enemigos muertos en el agua indefinidamente mientras le quitas el casco y la armadura.<\/p>\n\n\n\n<div class=\"wp-block-image\"><figure class=\"aligncenter size-full is-resized\"><a href=\"https:\/\/steelstorm.standardof.net\/es\/steel-storm-weapons-thunderbolt-screenshot\/\"><img decoding=\"async\" src=\"https:\/\/steelstorm.standardof.net\/wp-content\/uploads\/sites\/3\/2020\/10\/Steel-Storm-Weapons-Thunderbolt-Screenshot.jpg\" alt=\"Arma secundaria Thunderbolt\" class=\"wp-image-131\" width=\"768\" height=\"432\" title=\"\" srcset=\"https:\/\/steelstorm.standardof.net\/wp-content\/uploads\/sites\/3\/2020\/10\/Steel-Storm-Weapons-Thunderbolt-Screenshot.jpg 1024w, https:\/\/steelstorm.standardof.net\/wp-content\/uploads\/sites\/3\/2020\/10\/Steel-Storm-Weapons-Thunderbolt-Screenshot-300x169.jpg 300w, https:\/\/steelstorm.standardof.net\/wp-content\/uploads\/sites\/3\/2020\/10\/Steel-Storm-Weapons-Thunderbolt-Screenshot-768x432.jpg 768w, https:\/\/steelstorm.standardof.net\/wp-content\/uploads\/sites\/3\/2020\/10\/Steel-Storm-Weapons-Thunderbolt-Screenshot-16x9.jpg 16w\" sizes=\"(max-width: 768px) 100vw, 768px\" \/><\/a><figcaption>Usar el Thunderbolt para encadenar el da\u00f1o y eliminar r\u00e1pidamente a un grupo reducido de enemigos.<\/figcaption><\/figure><\/div>\n<\/div><\/div>","protected":false},"excerpt":{"rendered":"<p>The Secondary group of weapons are fired with the Mouse 2 key (right click) by default, providing heavier firepower for your tank. Normally you can only fire one of either the energy or ballistic weapons at a time but if you use the shift key to switch back and forth quickly, you can actually use [&hellip;]<\/p>","protected":false},"author":1,"featured_media":54,"parent":111,"menu_order":0,"comment_status":"open","ping_status":"closed","template":"","meta":{"_uag_custom_page_level_css":"","site-sidebar-layout":"default","site-content-layout":"default","ast-site-content-layout":"","site-content-style":"default","site-sidebar-style":"default","ast-global-header-display":"","ast-banner-title-visibility":"","ast-main-header-display":"","ast-hfb-above-header-display":"","ast-hfb-below-header-display":"","ast-hfb-mobile-header-display":"","site-post-title":"","ast-breadcrumbs-content":"","ast-featured-img":"","footer-sml-layout":"","theme-transparent-header-meta":"default","adv-header-id-meta":"","stick-header-meta":"","header-above-stick-meta":"","header-main-stick-meta":"","header-below-stick-meta":"","astra-migrate-meta-layouts":"default","ast-page-background-enabled":"default","ast-page-background-meta":{"desktop":{"background-color":"","background-image":"","background-repeat":"repeat","background-position":"center center","background-size":"auto","background-attachment":"scroll","background-type":"","background-media":"","overlay-type":"","overlay-color":"","overlay-gradient":""},"tablet":{"background-color":"","background-image":"","background-repeat":"repeat","background-position":"center center","background-size":"auto","background-attachment":"scroll","background-type":"","background-media":"","overlay-type":"","overlay-color":"","overlay-gradient":""},"mobile":{"background-color":"","background-image":"","background-repeat":"repeat","background-position":"center center","background-size":"auto","background-attachment":"scroll","background-type":"","background-media":"","overlay-type":"","overlay-color":"","overlay-gradient":""}},"ast-content-background-meta":{"desktop":{"background-color":"var(--ast-global-color-5)","background-image":"","background-repeat":"repeat","background-position":"center center","background-size":"auto","background-attachment":"scroll","background-type":"","background-media":"","overlay-type":"","overlay-color":"","overlay-gradient":""},"tablet":{"background-color":"var(--ast-global-color-5)","background-image":"","background-repeat":"repeat","background-position":"center center","background-size":"auto","background-attachment":"scroll","background-type":"","background-media":"","overlay-type":"","overlay-color":"","overlay-gradient":""},"mobile":{"background-color":"var(--ast-global-color-5)","background-image":"","background-repeat":"repeat","background-position":"center center","background-size":"auto","background-attachment":"scroll","background-type":"","background-media":"","overlay-type":"","overlay-color":"","overlay-gradient":""}},"footnotes":""},"uagb_featured_image_src":{"full":["https:\/\/steelstorm.standardof.net\/wp-content\/uploads\/sites\/3\/2020\/10\/MnEdR-1.jpg",1200,750,false],"thumbnail":["https:\/\/steelstorm.standardof.net\/wp-content\/uploads\/sites\/3\/2020\/10\/MnEdR-1-150x150.jpg",150,150,true],"medium":["https:\/\/steelstorm.standardof.net\/wp-content\/uploads\/sites\/3\/2020\/10\/MnEdR-1-300x188.jpg",300,188,true],"medium_large":["https:\/\/steelstorm.standardof.net\/wp-content\/uploads\/sites\/3\/2020\/10\/MnEdR-1-768x480.jpg",768,480,true],"large":["https:\/\/steelstorm.standardof.net\/wp-content\/uploads\/sites\/3\/2020\/10\/MnEdR-1-1024x640.jpg",1024,640,true],"1536x1536":["https:\/\/steelstorm.standardof.net\/wp-content\/uploads\/sites\/3\/2020\/10\/MnEdR-1.jpg",1200,750,false],"2048x2048":["https:\/\/steelstorm.standardof.net\/wp-content\/uploads\/sites\/3\/2020\/10\/MnEdR-1.jpg",1200,750,false],"trp-custom-language-flag":["https:\/\/steelstorm.standardof.net\/wp-content\/uploads\/sites\/3\/2020\/10\/MnEdR-1.jpg",18,12,false]},"uagb_author_info":{"display_name":"SOE","author_link":"https:\/\/steelstorm.standardof.net\/es\/author\/k-tastic\/"},"uagb_comment_info":0,"uagb_excerpt":"The Secondary group of weapons are fired with the Mouse 2 key (right click) by default, providing heavier firepower for your tank. Normally you can only fire one of either the energy or ballistic weapons at a time but if you use the shift key to switch back and forth quickly, you can actually use&hellip;","_links":{"self":[{"href":"https:\/\/steelstorm.standardof.net\/es\/wp-json\/wp\/v2\/pages\/170"}],"collection":[{"href":"https:\/\/steelstorm.standardof.net\/es\/wp-json\/wp\/v2\/pages"}],"about":[{"href":"https:\/\/steelstorm.standardof.net\/es\/wp-json\/wp\/v2\/types\/page"}],"author":[{"embeddable":true,"href":"https:\/\/steelstorm.standardof.net\/es\/wp-json\/wp\/v2\/users\/1"}],"replies":[{"embeddable":true,"href":"https:\/\/steelstorm.standardof.net\/es\/wp-json\/wp\/v2\/comments?post=170"}],"version-history":[{"count":0,"href":"https:\/\/steelstorm.standardof.net\/es\/wp-json\/wp\/v2\/pages\/170\/revisions"}],"up":[{"embeddable":true,"href":"https:\/\/steelstorm.standardof.net\/es\/wp-json\/wp\/v2\/pages\/111"}],"wp:featuredmedia":[{"embeddable":true,"href":"https:\/\/steelstorm.standardof.net\/es\/wp-json\/wp\/v2\/media\/54"}],"wp:attachment":[{"href":"https:\/\/steelstorm.standardof.net\/es\/wp-json\/wp\/v2\/media?parent=170"}],"curies":[{"name":"wp","href":"https:\/\/api.w.org\/{rel}","templated":true}]}}