{"id":168,"date":"2020-10-16T22:11:39","date_gmt":"2020-10-16T22:11:39","guid":{"rendered":"https:\/\/steelstorm.standardof.net\/?page_id=168"},"modified":"2020-10-19T05:14:29","modified_gmt":"2020-10-19T05:14:29","slug":"primary-weapons","status":"publish","type":"page","link":"https:\/\/steelstorm.standardof.net\/es\/guide\/armas\/armas-primarias\/","title":{"rendered":"Armas primarias"},"content":{"rendered":"<p>los <strong>Primario<\/strong> El grupo de armas son armas que se disparan constantemente con solo presionar la tecla del mouse 1 (clic izquierdo) de forma predeterminada, y se trata m\u00e1s de disparos r\u00e1pidos y de llenar la pantalla con tus disparos que de da\u00f1os graves. Puedes disparar a ambos <strong>Energ\u00eda <\/strong>y <strong>Bal\u00edstico <\/strong>primarias a la vez siempre que ambos est\u00e9n equipados.<\/p>\n\n\n\n<div style=\"height:20px\" aria-hidden=\"true\" class=\"wp-block-spacer\"><\/div>\n\n\n\n<div class=\"wp-block-cover alignwide has-background-dim-70 has-black-background-color has-background-dim\" style=\"background-image:url(https:\/\/steelstorm.standardof.net\/wp-content\/uploads\/sites\/3\/2020\/10\/Steel-Storm-Weapon-Screens-Minigun.jpg);background-position:49% 25%;min-height:112px;aspect-ratio:unset;\"><div class=\"wp-block-cover__inner-container is-layout-flow wp-block-cover-is-layout-flow\">\n<h2 class=\"has-text-align-center wp-block-heading\"><span style=\"text-transform: uppercase;\" class=\"qubely-text-uppercase\"><span style=\"color: #ff6900;\" data=\"#ff6900\" class=\"qubely-text-has-color\">Armas bal\u00edsticas primarias<\/span><\/span><\/h2>\n\n\n\n<p class=\"has-text-align-center\">Las armas bal\u00edsticas primarias son el tipo de arma b\u00e1sica con la que comienzas cada nueva campa\u00f1a de inmediato. Son las \u00fanicas armas que no se desactivan cuando su tanque es alcanzado por el <strong>Rayo <\/strong>arma empu\u00f1ada por <strong>Tanques de rayos<\/strong>. Su elecci\u00f3n entre estas armas y su efectividad puede depender de lo que funcione mejor para usted hasta cierto punto.<\/p>\n<\/div><\/div>\n\n\n\n<div style=\"height:20px\" aria-hidden=\"true\" class=\"wp-block-spacer\"><\/div>\n\n\n\n<div class=\"gb-container gb-container-dbddee8c\"><div class=\"gb-inside-container\">\n<h3 class=\"has-text-align-center wp-block-heading\">Miniguns<\/h3>\n\n\n\n<div class=\"wp-block-image\"><figure class=\"aligncenter size-medium\"><a href=\"https:\/\/steelstorm.standardof.net\/es\/steel-storm-weapon-icons-minigun\/\"><img decoding=\"async\" width=\"300\" height=\"253\" src=\"https:\/\/steelstorm.standardof.net\/wp-content\/uploads\/sites\/3\/2020\/10\/Steel-Storm-Weapon-Icons-Minigun-300x253.jpg\" alt=\"Minigun\" class=\"wp-image-119\" title=\"\" srcset=\"https:\/\/steelstorm.standardof.net\/wp-content\/uploads\/sites\/3\/2020\/10\/Steel-Storm-Weapon-Icons-Minigun-300x253.jpg 300w, https:\/\/steelstorm.standardof.net\/wp-content\/uploads\/sites\/3\/2020\/10\/Steel-Storm-Weapon-Icons-Minigun-14x12.jpg 14w, https:\/\/steelstorm.standardof.net\/wp-content\/uploads\/sites\/3\/2020\/10\/Steel-Storm-Weapon-Icons-Minigun.jpg 438w\" sizes=\"(max-width: 300px) 100vw, 300px\" \/><\/a><figcaption>Minigun<\/figcaption><\/figure><\/div>\n\n\n\n<p>Su arma inicial b\u00e1sica, la Minigun siempre es \u00fatil, con una velocidad de disparo constante, esencialmente es un da\u00f1o instant\u00e1neo contra cualquier objetivo que est\u00e9 directamente frente a usted en ese momento. De las dos armas, las Miniguns son m\u00e1s efectivas contra objetivos con armadura ligera que se mueven m\u00e1s r\u00e1pido y que pueden esquivar las explosiones de los ca\u00f1ones antia\u00e9reos ligeramente menos consistentes.<\/p>\n\n\n\n<div class=\"wp-block-image\"><figure class=\"aligncenter size-full is-resized\"><a href=\"https:\/\/steelstorm.standardof.net\/es\/steel-storm-weapon-screens-minigun\/\"><img decoding=\"async\" src=\"https:\/\/steelstorm.standardof.net\/wp-content\/uploads\/sites\/3\/2020\/10\/Steel-Storm-Weapon-Screens-Minigun.jpg\" alt=\"Captura de pantalla de la Minigun en acci\u00f3n en Steel Storm.\" class=\"wp-image-114\" width=\"665\" height=\"428\" title=\"\" srcset=\"https:\/\/steelstorm.standardof.net\/wp-content\/uploads\/sites\/3\/2020\/10\/Steel-Storm-Weapon-Screens-Minigun.jpg 887w, https:\/\/steelstorm.standardof.net\/wp-content\/uploads\/sites\/3\/2020\/10\/Steel-Storm-Weapon-Screens-Minigun-300x193.jpg 300w, https:\/\/steelstorm.standardof.net\/wp-content\/uploads\/sites\/3\/2020\/10\/Steel-Storm-Weapon-Screens-Minigun-768x494.jpg 768w, https:\/\/steelstorm.standardof.net\/wp-content\/uploads\/sites\/3\/2020\/10\/Steel-Storm-Weapon-Screens-Minigun-16x10.jpg 16w\" sizes=\"(max-width: 665px) 100vw, 665px\" \/><\/a><figcaption>Destruyendo tanques enemigos con rondas de ametralladora.<\/figcaption><\/figure><\/div>\n<\/div><\/div>\n\n\n\n<div style=\"height:20px\" aria-hidden=\"true\" class=\"wp-block-spacer\"><\/div>\n\n\n\n<div class=\"gb-container gb-container-0489589c\"><div class=\"gb-inside-container\">\n<h3 class=\"has-text-align-center wp-block-heading\">Ca\u00f1\u00f3n antia\u00e9reo<\/h3>\n\n\n\n<div class=\"wp-block-image\"><figure class=\"aligncenter size-medium\"><a href=\"https:\/\/steelstorm.standardof.net\/es\/steel-storm-weapons-shockwave-icon\/\"><img decoding=\"async\" width=\"300\" height=\"276\" src=\"https:\/\/steelstorm.standardof.net\/wp-content\/uploads\/sites\/3\/2020\/10\/Steel-Storm-Weapons-Shockwave-Icon-300x276.jpg\" alt=\"Onda de choque\" class=\"wp-image-134\" title=\"\" srcset=\"https:\/\/steelstorm.standardof.net\/wp-content\/uploads\/sites\/3\/2020\/10\/Steel-Storm-Weapons-Shockwave-Icon-300x276.jpg 300w, https:\/\/steelstorm.standardof.net\/wp-content\/uploads\/sites\/3\/2020\/10\/Steel-Storm-Weapons-Shockwave-Icon-13x12.jpg 13w, https:\/\/steelstorm.standardof.net\/wp-content\/uploads\/sites\/3\/2020\/10\/Steel-Storm-Weapons-Shockwave-Icon.jpg 524w\" sizes=\"(max-width: 300px) 100vw, 300px\" \/><\/a><figcaption>Onda de choque<\/figcaption><\/figure><\/div>\n\n\n\n<p>El Flak Cannon, aunque tiene esencialmente el mismo da\u00f1o a lo largo del tiempo que el Minigun, hace m\u00e1s r\u00e1fagas de da\u00f1o condensadas con una velocidad de disparo significativamente m\u00e1s lenta. Por esta raz\u00f3n, el ca\u00f1\u00f3n antia\u00e9reo es efectivo cuando se usa contra objetivos con blindaje m\u00e1s pesado, ya que los objetivos con mucha movilidad pueden causarle problemas con esta arma. Los Lightning Tanks, aunque son muy m\u00f3viles, pueden detenerse bastante bien con esta arma debido a su tendencia a cargar de frente.<\/p>\n\n\n\n<div class=\"wp-block-image\"><figure class=\"aligncenter size-full is-resized\"><a href=\"https:\/\/steelstorm.standardof.net\/es\/steel-storm-weapon-screens-flak-cannon\/\"><img decoding=\"async\" src=\"https:\/\/steelstorm.standardof.net\/wp-content\/uploads\/sites\/3\/2020\/10\/Steel-Storm-Weapon-Screens-Flak-Cannon.jpg\" alt=\"Captura de pantalla del ca\u00f1\u00f3n Flak en acci\u00f3n en Steel Storm.\" class=\"wp-image-113\" width=\"557\" height=\"392\" title=\"\" srcset=\"https:\/\/steelstorm.standardof.net\/wp-content\/uploads\/sites\/3\/2020\/10\/Steel-Storm-Weapon-Screens-Flak-Cannon.jpg 743w, https:\/\/steelstorm.standardof.net\/wp-content\/uploads\/sites\/3\/2020\/10\/Steel-Storm-Weapon-Screens-Flak-Cannon-300x211.jpg 300w, https:\/\/steelstorm.standardof.net\/wp-content\/uploads\/sites\/3\/2020\/10\/Steel-Storm-Weapon-Screens-Flak-Cannon-16x12.jpg 16w\" sizes=\"(max-width: 557px) 100vw, 557px\" \/><\/a><figcaption>Disparar Flak Cannon estalla en un tanque enemigo.<\/figcaption><\/figure><\/div>\n<\/div><\/div>\n\n\n\n<div style=\"height:20px\" aria-hidden=\"true\" class=\"wp-block-spacer\"><\/div>\n\n\n\n<div class=\"wp-block-cover alignwide has-background-dim-70 has-black-background-color has-background-dim\" style=\"background-image:url(https:\/\/steelstorm.standardof.net\/wp-content\/uploads\/sites\/3\/2020\/10\/Steel-Storm-Weapon-Screens-Storm-Spread.jpg);background-position:52% 40%;min-height:112px;aspect-ratio:unset;\"><div class=\"wp-block-cover__inner-container is-layout-flow wp-block-cover-is-layout-flow\">\n<h2 class=\"has-text-align-center wp-block-heading\"><span style=\"text-transform: uppercase;\" class=\"qubely-text-uppercase\"><span style=\"color: #ff6900;\" data=\"#ff6900\" class=\"qubely-text-has-color\">Armas de energ\u00eda primaria<\/span><\/span><\/h2>\n\n\n\n<p class=\"has-text-align-center\">Las armas de energ\u00eda primaria ocupan un espacio separado de sus contrapartes bal\u00edsticas, centr\u00e1ndose en usos m\u00e1s variados basados en situaciones. Aunque se dispara constantemente junto con tu arma bal\u00edstica, tus armas de energ\u00eda primaria pueden desactivarse temporalmente por la explosi\u00f3n de un tanque de rayos. Adem\u00e1s, no comienzas una nueva campa\u00f1a con una de estas armas equipada y primero debes adquirir y dejar el nivel con una para llevarla a la siguiente misi\u00f3n.<\/p>\n<\/div><\/div>\n\n\n\n<div style=\"height:20px\" aria-hidden=\"true\" class=\"wp-block-spacer\"><\/div>\n\n\n\n<div class=\"gb-container gb-container-e9721c9a\"><div class=\"gb-inside-container\">\n<h2 class=\"has-text-align-center wp-block-heading\">Arado de tormenta<\/h2>\n\n\n\n<div class=\"wp-block-image\"><figure class=\"aligncenter size-medium is-resized\"><a href=\"https:\/\/steelstorm.standardof.net\/es\/steel-storm-weapon-icons-storm-plow\/\"><img decoding=\"async\" src=\"https:\/\/steelstorm.standardof.net\/wp-content\/uploads\/sites\/3\/2020\/10\/Steel-Storm-Weapon-Icons-Storm-Plow-300x300.jpg\" alt=\"Arado de tormenta\" class=\"wp-image-120\" width=\"300\" height=\"300\" title=\"\" srcset=\"https:\/\/steelstorm.standardof.net\/wp-content\/uploads\/sites\/3\/2020\/10\/Steel-Storm-Weapon-Icons-Storm-Plow-300x300.jpg 300w, https:\/\/steelstorm.standardof.net\/wp-content\/uploads\/sites\/3\/2020\/10\/Steel-Storm-Weapon-Icons-Storm-Plow-150x150.jpg 150w, https:\/\/steelstorm.standardof.net\/wp-content\/uploads\/sites\/3\/2020\/10\/Steel-Storm-Weapon-Icons-Storm-Plow-12x12.jpg 12w, https:\/\/steelstorm.standardof.net\/wp-content\/uploads\/sites\/3\/2020\/10\/Steel-Storm-Weapon-Icons-Storm-Plow.jpg 431w\" sizes=\"(max-width: 300px) 100vw, 300px\" \/><\/a><figcaption>Arado de tormenta<\/figcaption><\/figure><\/div>\n\n\n\n<p>La variedad m\u00e1s abundante de armas de energ\u00eda primaria, esta pistola dispara rayos de plasma azul similares a los disparados por los tanques ligeros y medios, aunque a un ritmo m\u00e1s r\u00e1pido. Debido a que los proyectiles reducen la velocidad de desplazamiento a medida que viajan en una sola corriente hacia donde apuntan sus armas, esta arma es m\u00e1s efectiva contra objetivos estacionarios o lentos a menos que se use en un movimiento de barrido de derecha a izquierda. Los rangos m\u00e1s cercanos tambi\u00e9n compensar\u00e1n este peque\u00f1o inconveniente.<\/p>\n\n\n\n<figure class=\"wp-block-image size-full is-resized\"><a href=\"https:\/\/steelstorm.standardof.net\/es\/steel-storm-weapon-screens-storm-plow\/\"><img decoding=\"async\" src=\"https:\/\/steelstorm.standardof.net\/wp-content\/uploads\/sites\/3\/2020\/10\/Steel-Storm-Weapon-Screens-Storm-Plow.jpg\" alt=\"Captura de pantalla del Storm Plow en acci\u00f3n en Steel Storm.\" class=\"wp-image-115\" width=\"768\" height=\"432\" title=\"\" srcset=\"https:\/\/steelstorm.standardof.net\/wp-content\/uploads\/sites\/3\/2020\/10\/Steel-Storm-Weapon-Screens-Storm-Plow.jpg 1024w, https:\/\/steelstorm.standardof.net\/wp-content\/uploads\/sites\/3\/2020\/10\/Steel-Storm-Weapon-Screens-Storm-Plow-300x169.jpg 300w, https:\/\/steelstorm.standardof.net\/wp-content\/uploads\/sites\/3\/2020\/10\/Steel-Storm-Weapon-Screens-Storm-Plow-768x432.jpg 768w, https:\/\/steelstorm.standardof.net\/wp-content\/uploads\/sites\/3\/2020\/10\/Steel-Storm-Weapon-Screens-Storm-Plow-16x9.jpg 16w\" sizes=\"(max-width: 768px) 100vw, 768px\" \/><\/a><figcaption>Usando el arma de energ\u00eda Storm Plow contra escuadrones enemigos.<\/figcaption><\/figure>\n<\/div><\/div>\n\n\n\n<div style=\"height:20px\" aria-hidden=\"true\" class=\"wp-block-spacer\"><\/div>\n\n\n\n<div class=\"gb-container gb-container-689d21ca\"><div class=\"gb-inside-container\">\n<h2 class=\"has-text-align-center wp-block-heading\">Propagaci\u00f3n de la tormenta<\/h2>\n\n\n\n<div class=\"wp-block-image\"><figure class=\"aligncenter size-medium\"><a href=\"https:\/\/steelstorm.standardof.net\/es\/steel-storm-weapon-icons-storm-spread\/\"><img decoding=\"async\" width=\"300\" height=\"293\" src=\"https:\/\/steelstorm.standardof.net\/wp-content\/uploads\/sites\/3\/2020\/10\/Steel-Storm-Weapon-Icons-Storm-Spread-300x293.jpg\" alt=\"Propagaci\u00f3n de la tormenta\" class=\"wp-image-112\" title=\"\" srcset=\"https:\/\/steelstorm.standardof.net\/wp-content\/uploads\/sites\/3\/2020\/10\/Steel-Storm-Weapon-Icons-Storm-Spread-300x293.jpg 300w, https:\/\/steelstorm.standardof.net\/wp-content\/uploads\/sites\/3\/2020\/10\/Steel-Storm-Weapon-Icons-Storm-Spread-12x12.jpg 12w, https:\/\/steelstorm.standardof.net\/wp-content\/uploads\/sites\/3\/2020\/10\/Steel-Storm-Weapon-Icons-Storm-Spread.jpg 429w\" sizes=\"(max-width: 300px) 100vw, 300px\" \/><\/a><figcaption>Propagaci\u00f3n de la tormenta<\/figcaption><\/figure><\/div>\n\n\n\n<p>El arma de energ\u00eda Storm Spread toma los rayos de plasma azul y los dispara en un arco en abanico frente a tu tanque, lo que hace menos da\u00f1o a los objetivos directamente frente a ti, pero parece disparar m\u00e1s rayos en general. Esto hace que Storm Spread sea un arma excelente para debilitar a grandes grupos de enemigos ligeros, pero que carecen de torretas o tanques pesados.<\/p>\n\n\n\n<div class=\"wp-block-image\"><figure class=\"aligncenter size-full is-resized\"><a href=\"https:\/\/steelstorm.standardof.net\/es\/steel-storm-weapon-screens-storm-spread\/\"><img decoding=\"async\" src=\"https:\/\/steelstorm.standardof.net\/wp-content\/uploads\/sites\/3\/2020\/10\/Steel-Storm-Weapon-Screens-Storm-Spread.jpg\" alt=\"Captura de pantalla de Storm Spread en Steel Storm.\" class=\"wp-image-117\" width=\"768\" height=\"432\" title=\"\" srcset=\"https:\/\/steelstorm.standardof.net\/wp-content\/uploads\/sites\/3\/2020\/10\/Steel-Storm-Weapon-Screens-Storm-Spread.jpg 1024w, https:\/\/steelstorm.standardof.net\/wp-content\/uploads\/sites\/3\/2020\/10\/Steel-Storm-Weapon-Screens-Storm-Spread-300x169.jpg 300w, https:\/\/steelstorm.standardof.net\/wp-content\/uploads\/sites\/3\/2020\/10\/Steel-Storm-Weapon-Screens-Storm-Spread-768x432.jpg 768w, https:\/\/steelstorm.standardof.net\/wp-content\/uploads\/sites\/3\/2020\/10\/Steel-Storm-Weapon-Screens-Storm-Spread-16x9.jpg 16w\" sizes=\"(max-width: 768px) 100vw, 768px\" \/><\/a><figcaption>Usando el arma de energ\u00eda Storm Spread contra enjambres de tanques enemigos.\n<\/figcaption><\/figure><\/div>\n<\/div><\/div>\n\n\n\n<div style=\"height:20px\" aria-hidden=\"true\" class=\"wp-block-spacer\"><\/div>\n\n\n\n<div class=\"gb-container gb-container-ed53a44b\"><div class=\"gb-inside-container\">\n<h2 class=\"has-text-align-center wp-block-heading\">Escudo de tormenta<\/h2>\n\n\n\n<div class=\"wp-block-image\"><figure class=\"aligncenter size-medium\"><a href=\"https:\/\/steelstorm.standardof.net\/es\/steel-storm-weapon-icons-storm-shield\/\"><img decoding=\"async\" width=\"300\" height=\"272\" src=\"https:\/\/steelstorm.standardof.net\/wp-content\/uploads\/sites\/3\/2020\/10\/Steel-Storm-Weapon-Icons-Storm-Shield-300x272.jpg\" alt=\"Escudo de tormenta\" class=\"wp-image-121\" title=\"\" srcset=\"https:\/\/steelstorm.standardof.net\/wp-content\/uploads\/sites\/3\/2020\/10\/Steel-Storm-Weapon-Icons-Storm-Shield-300x272.jpg 300w, https:\/\/steelstorm.standardof.net\/wp-content\/uploads\/sites\/3\/2020\/10\/Steel-Storm-Weapon-Icons-Storm-Shield-13x12.jpg 13w, https:\/\/steelstorm.standardof.net\/wp-content\/uploads\/sites\/3\/2020\/10\/Steel-Storm-Weapon-Icons-Storm-Shield.jpg 492w\" sizes=\"(max-width: 300px) 100vw, 300px\" \/><\/a><figcaption>Escudo de tormenta<\/figcaption><\/figure><\/div>\n\n\n\n<p>El Storm Shield es m\u00e1s una herramienta defensiva que un arma, generando varios rayos de plasma que rodean perpetuamente tu nave mientras el arma est\u00e1 disparando. Si bien estos rayos da\u00f1ar\u00e1n a cualquier unidad enemiga que se acerque lo suficiente a ti, lo que es m\u00e1s importante es su capacidad para absorber los disparos enemigos.<\/p>\n\n\n\n<p> No espere que esto sea una especie de escudo de invencibilidad, ya que los huecos en el anillo de pernos a\u00fan permitir\u00e1n que el enemigo atraviese el fuego e incluso entonces, el fuego condensado a\u00fan superar\u00e1 el Escudo de tormenta. Considere esta arma como un Flak Jacket en lugar de una armadura completa.<\/p>\n\n\n\n<div class=\"wp-block-image\"><figure class=\"aligncenter size-full is-resized\"><a href=\"https:\/\/steelstorm.standardof.net\/es\/steel-storm-weapon-screens-storm-shield\/\"><img decoding=\"async\" src=\"https:\/\/steelstorm.standardof.net\/wp-content\/uploads\/sites\/3\/2020\/10\/Steel-Storm-Weapon-Screens-Storm-Shield.jpg\" alt=\"Captura de pantalla del Storm Shield en acci\u00f3n en Steel Storm.\" class=\"wp-image-116\" width=\"768\" height=\"432\" title=\"\" srcset=\"https:\/\/steelstorm.standardof.net\/wp-content\/uploads\/sites\/3\/2020\/10\/Steel-Storm-Weapon-Screens-Storm-Shield.jpg 1024w, https:\/\/steelstorm.standardof.net\/wp-content\/uploads\/sites\/3\/2020\/10\/Steel-Storm-Weapon-Screens-Storm-Shield-300x169.jpg 300w, https:\/\/steelstorm.standardof.net\/wp-content\/uploads\/sites\/3\/2020\/10\/Steel-Storm-Weapon-Screens-Storm-Shield-768x432.jpg 768w, https:\/\/steelstorm.standardof.net\/wp-content\/uploads\/sites\/3\/2020\/10\/Steel-Storm-Weapon-Screens-Storm-Shield-16x9.jpg 16w\" sizes=\"(max-width: 768px) 100vw, 768px\" \/><\/a><figcaption>Usar el arma de energ\u00eda Storm Shield para ayudar a defenderse de los ataques.\n<\/figcaption><\/figure><\/div>\n<\/div><\/div>\n\n\n\n<div style=\"height:20px\" aria-hidden=\"true\" class=\"wp-block-spacer\"><\/div>","protected":false},"excerpt":{"rendered":"<p>The Primary weapons group are weapons which are fired constantly with the press of the Mouse 1 (left click) key by default, being more about rapid firing and filling up the screen with your shots than heavy damage. You can fire both Energy and Ballistic primaries at once as long as you have both equipped. [&hellip;]<\/p>","protected":false},"author":1,"featured_media":54,"parent":111,"menu_order":0,"comment_status":"open","ping_status":"closed","template":"","meta":{"_uag_custom_page_level_css":"","site-sidebar-layout":"default","site-content-layout":"default","ast-site-content-layout":"","site-content-style":"default","site-sidebar-style":"default","ast-global-header-display":"","ast-banner-title-visibility":"","ast-main-header-display":"","ast-hfb-above-header-display":"","ast-hfb-below-header-display":"","ast-hfb-mobile-header-display":"","site-post-title":"","ast-breadcrumbs-content":"","ast-featured-img":"","footer-sml-layout":"","theme-transparent-header-meta":"default","adv-header-id-meta":"","stick-header-meta":"","header-above-stick-meta":"","header-main-stick-meta":"","header-below-stick-meta":"","astra-migrate-meta-layouts":"default","ast-page-background-enabled":"default","ast-page-background-meta":{"desktop":{"background-color":"","background-image":"","background-repeat":"repeat","background-position":"center center","background-size":"auto","background-attachment":"scroll","background-type":"","background-media":"","overlay-type":"","overlay-color":"","overlay-gradient":""},"tablet":{"background-color":"","background-image":"","background-repeat":"repeat","background-position":"center center","background-size":"auto","background-attachment":"scroll","background-type":"","background-media":"","overlay-type":"","overlay-color":"","overlay-gradient":""},"mobile":{"background-color":"","background-image":"","background-repeat":"repeat","background-position":"center center","background-size":"auto","background-attachment":"scroll","background-type":"","background-media":"","overlay-type":"","overlay-color":"","overlay-gradient":""}},"ast-content-background-meta":{"desktop":{"background-color":"var(--ast-global-color-5)","background-image":"","background-repeat":"repeat","background-position":"center center","background-size":"auto","background-attachment":"scroll","background-type":"","background-media":"","overlay-type":"","overlay-color":"","overlay-gradient":""},"tablet":{"background-color":"var(--ast-global-color-5)","background-image":"","background-repeat":"repeat","background-position":"center center","background-size":"auto","background-attachment":"scroll","background-type":"","background-media":"","overlay-type":"","overlay-color":"","overlay-gradient":""},"mobile":{"background-color":"var(--ast-global-color-5)","background-image":"","background-repeat":"repeat","background-position":"center center","background-size":"auto","background-attachment":"scroll","background-type":"","background-media":"","overlay-type":"","overlay-color":"","overlay-gradient":""}},"footnotes":""},"uagb_featured_image_src":{"full":["https:\/\/steelstorm.standardof.net\/wp-content\/uploads\/sites\/3\/2020\/10\/MnEdR-1.jpg",1200,750,false],"thumbnail":["https:\/\/steelstorm.standardof.net\/wp-content\/uploads\/sites\/3\/2020\/10\/MnEdR-1-150x150.jpg",150,150,true],"medium":["https:\/\/steelstorm.standardof.net\/wp-content\/uploads\/sites\/3\/2020\/10\/MnEdR-1-300x188.jpg",300,188,true],"medium_large":["https:\/\/steelstorm.standardof.net\/wp-content\/uploads\/sites\/3\/2020\/10\/MnEdR-1-768x480.jpg",768,480,true],"large":["https:\/\/steelstorm.standardof.net\/wp-content\/uploads\/sites\/3\/2020\/10\/MnEdR-1-1024x640.jpg",1024,640,true],"1536x1536":["https:\/\/steelstorm.standardof.net\/wp-content\/uploads\/sites\/3\/2020\/10\/MnEdR-1.jpg",1200,750,false],"2048x2048":["https:\/\/steelstorm.standardof.net\/wp-content\/uploads\/sites\/3\/2020\/10\/MnEdR-1.jpg",1200,750,false],"trp-custom-language-flag":["https:\/\/steelstorm.standardof.net\/wp-content\/uploads\/sites\/3\/2020\/10\/MnEdR-1.jpg",18,12,false]},"uagb_author_info":{"display_name":"SOE","author_link":"https:\/\/steelstorm.standardof.net\/es\/author\/k-tastic\/"},"uagb_comment_info":0,"uagb_excerpt":"The Primary weapons group are weapons which are fired constantly with the press of the Mouse 1 (left click) key by default, being more about rapid firing and filling up the screen with your shots than heavy damage. You can fire both Energy and Ballistic primaries at once as long as you have both equipped.&hellip;","_links":{"self":[{"href":"https:\/\/steelstorm.standardof.net\/es\/wp-json\/wp\/v2\/pages\/168"}],"collection":[{"href":"https:\/\/steelstorm.standardof.net\/es\/wp-json\/wp\/v2\/pages"}],"about":[{"href":"https:\/\/steelstorm.standardof.net\/es\/wp-json\/wp\/v2\/types\/page"}],"author":[{"embeddable":true,"href":"https:\/\/steelstorm.standardof.net\/es\/wp-json\/wp\/v2\/users\/1"}],"replies":[{"embeddable":true,"href":"https:\/\/steelstorm.standardof.net\/es\/wp-json\/wp\/v2\/comments?post=168"}],"version-history":[{"count":0,"href":"https:\/\/steelstorm.standardof.net\/es\/wp-json\/wp\/v2\/pages\/168\/revisions"}],"up":[{"embeddable":true,"href":"https:\/\/steelstorm.standardof.net\/es\/wp-json\/wp\/v2\/pages\/111"}],"wp:featuredmedia":[{"embeddable":true,"href":"https:\/\/steelstorm.standardof.net\/es\/wp-json\/wp\/v2\/media\/54"}],"wp:attachment":[{"href":"https:\/\/steelstorm.standardof.net\/es\/wp-json\/wp\/v2\/media?parent=168"}],"curies":[{"name":"wp","href":"https:\/\/api.w.org\/{rel}","templated":true}]}}