{"id":162,"date":"2020-10-16T19:13:30","date_gmt":"2020-10-16T19:13:30","guid":{"rendered":"https:\/\/steelstorm.standardof.net\/?page_id=162"},"modified":"2020-10-19T05:14:08","modified_gmt":"2020-10-19T05:14:08","slug":"utility-pickups","status":"publish","type":"page","link":"https:\/\/steelstorm.standardof.net\/es\/guide\/camionetas-utilitarias\/","title":{"rendered":"Pastillas de utilidad"},"content":{"rendered":"<p>Las recolecciones de utilidad se consideran los elementos que se encuentran dispersos a lo largo de los distintos niveles del juego que brindan varios beneficios en lugar de nuevas armas. Estos elementos se pueden encontrar a menudo en varias cajas o se pueden descubrir al destruir ciertas estructuras o enemigos.<\/p>\n\n\n\n<div style=\"height:20px\" aria-hidden=\"true\" class=\"wp-block-spacer\"><\/div>\n\n\n\n<div class=\"gb-container gb-container-ae025cb2\"><div class=\"gb-inside-container\">\n<h2 class=\"has-text-align-center wp-block-heading\">Placas de armadura<\/h2>\n\n\n\n<div class=\"wp-block-image is-style-default\"><figure class=\"aligncenter size-full\"><a href=\"https:\/\/steelstorm.standardof.net\/es\/steel-storm-utility-armor-plates\/\"><img decoding=\"async\" width=\"674\" height=\"439\" src=\"https:\/\/steelstorm.standardof.net\/wp-content\/uploads\/sites\/3\/2020\/10\/Steel-Storm-Utility-Armor-Plates.jpg\" alt=\"Placas de armadura\" class=\"wp-image-135\" title=\"\" srcset=\"https:\/\/steelstorm.standardof.net\/wp-content\/uploads\/sites\/3\/2020\/10\/Steel-Storm-Utility-Armor-Plates.jpg 674w, https:\/\/steelstorm.standardof.net\/wp-content\/uploads\/sites\/3\/2020\/10\/Steel-Storm-Utility-Armor-Plates-300x195.jpg 300w, https:\/\/steelstorm.standardof.net\/wp-content\/uploads\/sites\/3\/2020\/10\/Steel-Storm-Utility-Armor-Plates-16x10.jpg 16w\" sizes=\"(max-width: 674px) 100vw, 674px\" \/><\/a><figcaption>Placas de armadura<\/figcaption><\/figure><\/div>\n\n\n\n<p>Las placas de armadura vienen en dos variedades. Primero est\u00e1 la placa de armadura normal, que parece una sola llave inglesa, que repone una peque\u00f1a porci\u00f3n, aproximadamente 20% de la salud de tu armadura, llenando el \u00edcono de la nave en la parte inferior izquierda de tu pantalla. La placa de armadura completa se ve como dos llaves cruzadas como una X y restaurar\u00e1 por completo todos los puntos de vida de tu armadura.<\/p>\n\n\n\n<p class=\"has-text-align-center\">Las placas de armadura otorgan +100 puntos<br>Full Armor otorga +500 puntos<\/p>\n<\/div><\/div>\n\n\n\n<div style=\"height:20px\" aria-hidden=\"true\" class=\"wp-block-spacer\"><\/div>\n\n\n\n<div class=\"gb-container gb-container-8bc27669\"><div class=\"gb-inside-container\">\n<h2 class=\"has-text-align-center wp-block-heading\">Escudos<\/h2>\n\n\n\n<div class=\"wp-block-image is-style-default\"><figure class=\"aligncenter size-large\"><a href=\"https:\/\/steelstorm.standardof.net\/es\/steel-storm-utility-shields\/\"><img decoding=\"async\" width=\"614\" height=\"371\" src=\"https:\/\/steelstorm.standardof.net\/wp-content\/uploads\/sites\/3\/2020\/10\/Steel-Storm-Utility-Shields.jpg\" alt=\"Escudos\" class=\"wp-image-138\" title=\"\" srcset=\"https:\/\/steelstorm.standardof.net\/wp-content\/uploads\/sites\/3\/2020\/10\/Steel-Storm-Utility-Shields.jpg 614w, https:\/\/steelstorm.standardof.net\/wp-content\/uploads\/sites\/3\/2020\/10\/Steel-Storm-Utility-Shields-300x181.jpg 300w, https:\/\/steelstorm.standardof.net\/wp-content\/uploads\/sites\/3\/2020\/10\/Steel-Storm-Utility-Shields-16x10.jpg 16w\" sizes=\"(max-width: 614px) 100vw, 614px\" \/><\/a><figcaption>Escudos<\/figcaption><\/figure><\/div>\n\n\n\n<p>Los escudos son peque\u00f1as esferas azules brillantes que tienen una imagen que se asemeja a tu nave dentro de ellas. Estos elementos te otorgar\u00e1n un escudo defensivo que es como un segundo conjunto de puntos de golpe para tu nave, absorbiendo la mayor parte del da\u00f1o con muy poco que llegue a la armadura. Puede apilar hasta cuatro capas de escudos en su nave y cada recolecci\u00f3n de este elemento repondr\u00e1 su nivel actual mientras agrega una capa adicional hasta el m\u00e1ximo. Esto significa que si le queda una capa a 5%, es esencial que reciba + 195% en la fuerza de su escudo de una de estas.<\/p>\n\n\n\n<p>Los puntos de impacto del escudo est\u00e1n representados por la barra azul en la parte inferior izquierda de la pantalla, que representa la fuerza actual de la capa m\u00e1s externa y los anillos alrededor del icono de salud de la nave que representan cu\u00e1ntas capas quedan.<\/p>\n\n\n\n<p class=\"has-text-align-center\">Los escudos otorgan +1,000 puntos<\/p>\n<\/div><\/div>\n\n\n\n<div style=\"height:20px\" aria-hidden=\"true\" class=\"wp-block-spacer\"><\/div>\n\n\n\n<div class=\"gb-container gb-container-a8a829b0\"><div class=\"gb-inside-container\">\n<h2 class=\"has-text-align-center wp-block-heading\">Vida extra<\/h2>\n\n\n\n<div class=\"wp-block-image is-style-default\"><figure class=\"aligncenter size-large\"><a href=\"https:\/\/steelstorm.standardof.net\/es\/steel-storm-utility-extra-life\/\"><img decoding=\"async\" width=\"443\" height=\"407\" src=\"https:\/\/steelstorm.standardof.net\/wp-content\/uploads\/sites\/3\/2020\/10\/Steel-Storm-Utility-Extra-Life.jpg\" alt=\"Vida extra\" class=\"wp-image-137\" title=\"\" srcset=\"https:\/\/steelstorm.standardof.net\/wp-content\/uploads\/sites\/3\/2020\/10\/Steel-Storm-Utility-Extra-Life.jpg 443w, https:\/\/steelstorm.standardof.net\/wp-content\/uploads\/sites\/3\/2020\/10\/Steel-Storm-Utility-Extra-Life-300x276.jpg 300w, https:\/\/steelstorm.standardof.net\/wp-content\/uploads\/sites\/3\/2020\/10\/Steel-Storm-Utility-Extra-Life-13x12.jpg 13w\" sizes=\"(max-width: 443px) 100vw, 443px\" \/><\/a><figcaption>Vida extra<\/figcaption><\/figure><\/div>\n\n\n\n<p>Como era de esperar, estas pastillas de color amarillo brillante que se parecen a los escudos excepto por su color, le otorgan una vida extra con la que completar la misi\u00f3n. Estos realmente no se encuentran en contenedores como los otros art\u00edculos, en su mayor\u00eda ocultos en \u00e1reas de dif\u00edcil acceso o en alg\u00fan lugar donde es probable que te golpeen el trasero.<\/p>\n<\/div><\/div>\n\n\n\n<div style=\"height:20px\" aria-hidden=\"true\" class=\"wp-block-spacer\"><\/div>\n\n\n\n<div class=\"gb-container gb-container-54835e6c\"><div class=\"gb-inside-container\">\n<h2 class=\"has-text-align-center wp-block-heading\">Cristales de puntos de bonificaci\u00f3n<\/h2>\n\n\n\n<div class=\"wp-block-image is-style-default\"><figure class=\"aligncenter size-large\"><a href=\"https:\/\/steelstorm.standardof.net\/es\/steel-storm-utility-crystals\/\"><img decoding=\"async\" width=\"711\" height=\"533\" src=\"https:\/\/steelstorm.standardof.net\/wp-content\/uploads\/sites\/3\/2020\/10\/Steel-Storm-Utility-Crystals.jpg\" alt=\"Cristales de puntos de bonificaci\u00f3n\" class=\"wp-image-136\" title=\"\" srcset=\"https:\/\/steelstorm.standardof.net\/wp-content\/uploads\/sites\/3\/2020\/10\/Steel-Storm-Utility-Crystals.jpg 711w, https:\/\/steelstorm.standardof.net\/wp-content\/uploads\/sites\/3\/2020\/10\/Steel-Storm-Utility-Crystals-300x225.jpg 300w, https:\/\/steelstorm.standardof.net\/wp-content\/uploads\/sites\/3\/2020\/10\/Steel-Storm-Utility-Crystals-16x12.jpg 16w\" sizes=\"(max-width: 711px) 100vw, 711px\" \/><\/a><figcaption>Cristales de puntos de bonificaci\u00f3n<\/figcaption><\/figure><\/div>\n\n\n\n<p>Estas recolecciones simplemente le otorgan puntos adicionales, lo que aumenta su puntaje. Vienen en tres variedades de colores, cada una de las cuales vale una cantidad diferente y se pueden encontrar por todas partes, a menudo tambi\u00e9n cayendo de una serie de enemigos u objetos destruidos, y los tipos m\u00e1s valiosos se encuentran t\u00edpicamente en \u00e1reas m\u00e1s dif\u00edciles de alcanzar o m\u00e1s peligrosas.<\/p>\n\n\n\n<p class=\"has-text-align-center\">Los Cristales de bonificaci\u00f3n rojos valen +100 puntos.<br>Los Cristales de bonificaci\u00f3n verdes valen +1.000 puntos.<br>Los Cristales de bonificaci\u00f3n azules valen +10.000 puntos.<\/p>\n<\/div><\/div>\n\n\n\n<div style=\"height:20px\" aria-hidden=\"true\" class=\"wp-block-spacer\"><\/div>","protected":false},"excerpt":{"rendered":"<p>Utility pickups are considered the items found scattered throughout the various game levels that provide various benefits instead of new weapons. These items can be often found in various crates or uncovered by destroying certain structures or enemies. Armor Plates Armor Plates come in two varieties. First there is the regular Armor Plate, looking like [&hellip;]<\/p>","protected":false},"author":1,"featured_media":54,"parent":6,"menu_order":0,"comment_status":"open","ping_status":"closed","template":"","meta":{"_uag_custom_page_level_css":"","site-sidebar-layout":"default","site-content-layout":"default","ast-site-content-layout":"","site-content-style":"default","site-sidebar-style":"default","ast-global-header-display":"","ast-banner-title-visibility":"","ast-main-header-display":"","ast-hfb-above-header-display":"","ast-hfb-below-header-display":"","ast-hfb-mobile-header-display":"","site-post-title":"","ast-breadcrumbs-content":"","ast-featured-img":"","footer-sml-layout":"","theme-transparent-header-meta":"default","adv-header-id-meta":"","stick-header-meta":"","header-above-stick-meta":"","header-main-stick-meta":"","header-below-stick-meta":"","astra-migrate-meta-layouts":"default","ast-page-background-enabled":"default","ast-page-background-meta":{"desktop":{"background-color":"","background-image":"","background-repeat":"repeat","background-position":"center center","background-size":"auto","background-attachment":"scroll","background-type":"","background-media":"","overlay-type":"","overlay-color":"","overlay-gradient":""},"tablet":{"background-color":"","background-image":"","background-repeat":"repeat","background-position":"center center","background-size":"auto","background-attachment":"scroll","background-type":"","background-media":"","overlay-type":"","overlay-color":"","overlay-gradient":""},"mobile":{"background-color":"","background-image":"","background-repeat":"repeat","background-position":"center center","background-size":"auto","background-attachment":"scroll","background-type":"","background-media":"","overlay-type":"","overlay-color":"","overlay-gradient":""}},"ast-content-background-meta":{"desktop":{"background-color":"var(--ast-global-color-5)","background-image":"","background-repeat":"repeat","background-position":"center center","background-size":"auto","background-attachment":"scroll","background-type":"","background-media":"","overlay-type":"","overlay-color":"","overlay-gradient":""},"tablet":{"background-color":"var(--ast-global-color-5)","background-image":"","background-repeat":"repeat","background-position":"center center","background-size":"auto","background-attachment":"scroll","background-type":"","background-media":"","overlay-type":"","overlay-color":"","overlay-gradient":""},"mobile":{"background-color":"var(--ast-global-color-5)","background-image":"","background-repeat":"repeat","background-position":"center center","background-size":"auto","background-attachment":"scroll","background-type":"","background-media":"","overlay-type":"","overlay-color":"","overlay-gradient":""}},"footnotes":""},"uagb_featured_image_src":{"full":["https:\/\/steelstorm.standardof.net\/wp-content\/uploads\/sites\/3\/2020\/10\/MnEdR-1.jpg",1200,750,false],"thumbnail":["https:\/\/steelstorm.standardof.net\/wp-content\/uploads\/sites\/3\/2020\/10\/MnEdR-1-150x150.jpg",150,150,true],"medium":["https:\/\/steelstorm.standardof.net\/wp-content\/uploads\/sites\/3\/2020\/10\/MnEdR-1-300x188.jpg",300,188,true],"medium_large":["https:\/\/steelstorm.standardof.net\/wp-content\/uploads\/sites\/3\/2020\/10\/MnEdR-1-768x480.jpg",768,480,true],"large":["https:\/\/steelstorm.standardof.net\/wp-content\/uploads\/sites\/3\/2020\/10\/MnEdR-1-1024x640.jpg",1024,640,true],"1536x1536":["https:\/\/steelstorm.standardof.net\/wp-content\/uploads\/sites\/3\/2020\/10\/MnEdR-1.jpg",1200,750,false],"2048x2048":["https:\/\/steelstorm.standardof.net\/wp-content\/uploads\/sites\/3\/2020\/10\/MnEdR-1.jpg",1200,750,false],"trp-custom-language-flag":["https:\/\/steelstorm.standardof.net\/wp-content\/uploads\/sites\/3\/2020\/10\/MnEdR-1.jpg",18,12,false]},"uagb_author_info":{"display_name":"SOE","author_link":"https:\/\/steelstorm.standardof.net\/es\/author\/k-tastic\/"},"uagb_comment_info":0,"uagb_excerpt":"Utility pickups are considered the items found scattered throughout the various game levels that provide various benefits instead of new weapons. These items can be often found in various crates or uncovered by destroying certain structures or enemies. Armor Plates Armor Plates come in two varieties. First there is the regular Armor Plate, looking like&hellip;","_links":{"self":[{"href":"https:\/\/steelstorm.standardof.net\/es\/wp-json\/wp\/v2\/pages\/162"}],"collection":[{"href":"https:\/\/steelstorm.standardof.net\/es\/wp-json\/wp\/v2\/pages"}],"about":[{"href":"https:\/\/steelstorm.standardof.net\/es\/wp-json\/wp\/v2\/types\/page"}],"author":[{"embeddable":true,"href":"https:\/\/steelstorm.standardof.net\/es\/wp-json\/wp\/v2\/users\/1"}],"replies":[{"embeddable":true,"href":"https:\/\/steelstorm.standardof.net\/es\/wp-json\/wp\/v2\/comments?post=162"}],"version-history":[{"count":0,"href":"https:\/\/steelstorm.standardof.net\/es\/wp-json\/wp\/v2\/pages\/162\/revisions"}],"up":[{"embeddable":true,"href":"https:\/\/steelstorm.standardof.net\/es\/wp-json\/wp\/v2\/pages\/6"}],"wp:featuredmedia":[{"embeddable":true,"href":"https:\/\/steelstorm.standardof.net\/es\/wp-json\/wp\/v2\/media\/54"}],"wp:attachment":[{"href":"https:\/\/steelstorm.standardof.net\/es\/wp-json\/wp\/v2\/media?parent=162"}],"curies":[{"name":"wp","href":"https:\/\/api.w.org\/{rel}","templated":true}]}}