{"id":111,"date":"2020-10-16T18:47:20","date_gmt":"2020-10-16T18:47:20","guid":{"rendered":"https:\/\/steelstorm.standardof.net\/?page_id=111"},"modified":"2020-10-19T05:14:40","modified_gmt":"2020-10-19T05:14:40","slug":"weapons","status":"publish","type":"page","link":"https:\/\/steelstorm.standardof.net\/es\/guide\/armas\/","title":{"rendered":"Armas"},"content":{"rendered":"<div class=\"gb-container gb-container-27be7412\"><div class=\"gb-inside-container\">\n<h3 class=\"has-text-align-center wp-block-heading\">\u26a0\ufe0f Transporte de armas entre misiones \u26a0\ufe0f<\/h3>\n\n\n\n<p>Es importante recordar que si recoges un arma en un nivel y mueres antes de salir del nivel con el arma a\u00fan equipada, esa arma ser\u00e1 destruida y tendr\u00e1s que reiniciar el nivel para volver a obtenerla. Cuando abandonas un nivel con armamento equipado, se guardar\u00e1 de forma permanente, lo que te permitir\u00e1 iniciar nuevas misiones o reproducir las antiguas con los armamentos que ten\u00edas equipados la \u00faltima vez que completaste un nivel. Si abandonas la pr\u00f3xima misi\u00f3n con un conjunto de armas diferente, entonces se convertir\u00e1n en tu nuevo conjunto permanente.<\/p>\n\n\n\n<p>No puedes cambiar de arma fuera de los niveles en s\u00ed y solo recuperando y saliendo con las pastillas as\u00ed, incluso si ten\u00edas esas armas guardadas previamente. Si mueres en un nivel, reaparecer\u00e1s con el armamento que ten\u00edas equipado al comienzo de la misi\u00f3n. Por \u00faltimo, pero sigue siendo importante, esta continuaci\u00f3n de armas es espec\u00edfica para cada grupo de misiones en la pantalla de campa\u00f1a, por lo que los niveles de bonificaci\u00f3n, el episodio 1 y el episodio 2 tendr\u00e1n su propia &quot;memoria de armas&quot; y los elementos no se pueden transferir entre estos grupos.<\/p>\n<\/div><\/div>\n\n\n\n<div style=\"height:20px\" aria-hidden=\"true\" class=\"wp-block-spacer\"><\/div>\n\n\n\n<div class=\"wp-block-cover has-background-dim-80 has-background-dim\" style=\"background-image:url(https:\/\/steelstorm.standardof.net\/wp-content\/uploads\/sites\/3\/2020\/10\/Steel-Storm-Weapon-Screens-Storm-Spread.jpg);min-height:220px;aspect-ratio:unset;\"><div class=\"wp-block-cover__inner-container is-layout-flow wp-block-cover-is-layout-flow\">\n<h2 class=\"has-text-align-center wp-block-heading\"><a href=\"https:\/\/steelstorm.standardof.net\/es\/guide\/armas\/armas-primarias\/\" class=\"rank-math-link\">Armas primarias<\/a><\/h2>\n\n\n\n<p class=\"has-text-align-center\">los <strong>Primario <\/strong>El grupo de armas son armas que se disparan constantemente con solo presionar la tecla Mouse 1 (clic izquierdo) de forma predeterminada, y se trata m\u00e1s de disparos r\u00e1pidos y de llenar la pantalla con tus disparos que de da\u00f1os graves. Puedes disparar tanto primarias de energ\u00eda como bal\u00edsticas a la vez siempre que ambos est\u00e9n equipados.<\/p>\n<\/div><\/div>\n\n\n\n<div style=\"height:20px\" aria-hidden=\"true\" class=\"wp-block-spacer\"><\/div>\n\n\n\n<div class=\"wp-block-cover has-background-dim-80 has-background-dim\" style=\"background-image:url(https:\/\/steelstorm.standardof.net\/wp-content\/uploads\/sites\/3\/2020\/10\/Steel-Storm-Weapons-Beam-Cannon-Screenshot.jpg);min-height:220px;aspect-ratio:unset;\"><div class=\"wp-block-cover__inner-container is-layout-flow wp-block-cover-is-layout-flow\">\n<h2 class=\"has-text-align-center wp-block-heading\"><a href=\"https:\/\/steelstorm.standardof.net\/es\/guide\/armas\/armas-secundarias\/\" class=\"rank-math-link\">Armas secundarias<\/a><\/h2>\n\n\n\n<p class=\"has-text-align-center\">los <strong>Secundario <\/strong>El grupo de armas se dispara con la tecla Mouse 2 (clic derecho) de forma predeterminada, lo que proporciona una mayor potencia de fuego para su tanque. Normalmente, solo puede disparar una de las armas de energ\u00eda o bal\u00edstica a la vez, pero si usa la tecla May\u00fas para cambiar r\u00e1pidamente de un lado a otro, puede usar ambas simult\u00e1neamente.<\/p>\n<\/div><\/div>\n\n\n\n<div style=\"height:20px\" aria-hidden=\"true\" class=\"wp-block-spacer\"><\/div>\n\n\n\n<div class=\"wp-block-cover has-background-dim-80 has-background-dim\" style=\"background-image:url(https:\/\/steelstorm.standardof.net\/wp-content\/uploads\/sites\/3\/2020\/10\/Steel-Storm-Weapons-Shockwave-Firing.jpg);background-position:62% 72%;min-height:220px;aspect-ratio:unset;\"><div class=\"wp-block-cover__inner-container is-layout-flow wp-block-cover-is-layout-flow\">\n<h2 class=\"has-text-align-center wp-block-heading\"><a href=\"https:\/\/steelstorm.standardof.net\/es\/guide\/armas\/armas-especiales\/\" class=\"rank-math-link\">Armas especiales<\/a><\/h2>\n\n\n\n<p class=\"has-text-align-center\"><strong>Armas especiales <\/strong>son los que se activan con la barra espaciadora y proporcionan efectos \u00fatiles. Actualmente solo hay un arma especial, la Shockwave.<\/p>\n<\/div><\/div>\n\n\n\n<div style=\"height:20px\" aria-hidden=\"true\" class=\"wp-block-spacer\"><\/div>\n\n\n\n<p><\/p>","protected":false},"excerpt":{"rendered":"<p>\u26a0\ufe0f Carrying Over Weapons Between Missions \u26a0\ufe0f It is important to remember that if you pick up a weapon in a level and die before leaving the level with the weapon still equipped, that weapon will be destroyed and you will have to restart the level to obtain it again. When you leave a level [&hellip;]<\/p>","protected":false},"author":1,"featured_media":54,"parent":6,"menu_order":0,"comment_status":"open","ping_status":"closed","template":"","meta":{"_uag_custom_page_level_css":"","site-sidebar-layout":"default","site-content-layout":"default","ast-site-content-layout":"","site-content-style":"default","site-sidebar-style":"default","ast-global-header-display":"","ast-banner-title-visibility":"","ast-main-header-display":"","ast-hfb-above-header-display":"","ast-hfb-below-header-display":"","ast-hfb-mobile-header-display":"","site-post-title":"","ast-breadcrumbs-content":"","ast-featured-img":"","footer-sml-layout":"","theme-transparent-header-meta":"default","adv-header-id-meta":"","stick-header-meta":"","header-above-stick-meta":"","header-main-stick-meta":"","header-below-stick-meta":"","astra-migrate-meta-layouts":"default","ast-page-background-enabled":"default","ast-page-background-meta":{"desktop":{"background-color":"","background-image":"","background-repeat":"repeat","background-position":"center center","background-size":"auto","background-attachment":"scroll","background-type":"","background-media":"","overlay-type":"","overlay-color":"","overlay-gradient":""},"tablet":{"background-color":"","background-image":"","background-repeat":"repeat","background-position":"center center","background-size":"auto","background-attachment":"scroll","background-type":"","background-media":"","overlay-type":"","overlay-color":"","overlay-gradient":""},"mobile":{"background-color":"","background-image":"","background-repeat":"repeat","background-position":"center center","background-size":"auto","background-attachment":"scroll","background-type":"","background-media":"","overlay-type":"","overlay-color":"","overlay-gradient":""}},"ast-content-background-meta":{"desktop":{"background-color":"var(--ast-global-color-5)","background-image":"","background-repeat":"repeat","background-position":"center center","background-size":"auto","background-attachment":"scroll","background-type":"","background-media":"","overlay-type":"","overlay-color":"","overlay-gradient":""},"tablet":{"background-color":"var(--ast-global-color-5)","background-image":"","background-repeat":"repeat","background-position":"center center","background-size":"auto","background-attachment":"scroll","background-type":"","background-media":"","overlay-type":"","overlay-color":"","overlay-gradient":""},"mobile":{"background-color":"var(--ast-global-color-5)","background-image":"","background-repeat":"repeat","background-position":"center center","background-size":"auto","background-attachment":"scroll","background-type":"","background-media":"","overlay-type":"","overlay-color":"","overlay-gradient":""}},"footnotes":""},"uagb_featured_image_src":{"full":["https:\/\/steelstorm.standardof.net\/wp-content\/uploads\/sites\/3\/2020\/10\/MnEdR-1.jpg",1200,750,false],"thumbnail":["https:\/\/steelstorm.standardof.net\/wp-content\/uploads\/sites\/3\/2020\/10\/MnEdR-1-150x150.jpg",150,150,true],"medium":["https:\/\/steelstorm.standardof.net\/wp-content\/uploads\/sites\/3\/2020\/10\/MnEdR-1-300x188.jpg",300,188,true],"medium_large":["https:\/\/steelstorm.standardof.net\/wp-content\/uploads\/sites\/3\/2020\/10\/MnEdR-1-768x480.jpg",768,480,true],"large":["https:\/\/steelstorm.standardof.net\/wp-content\/uploads\/sites\/3\/2020\/10\/MnEdR-1-1024x640.jpg",1024,640,true],"1536x1536":["https:\/\/steelstorm.standardof.net\/wp-content\/uploads\/sites\/3\/2020\/10\/MnEdR-1.jpg",1200,750,false],"2048x2048":["https:\/\/steelstorm.standardof.net\/wp-content\/uploads\/sites\/3\/2020\/10\/MnEdR-1.jpg",1200,750,false],"trp-custom-language-flag":["https:\/\/steelstorm.standardof.net\/wp-content\/uploads\/sites\/3\/2020\/10\/MnEdR-1.jpg",18,12,false]},"uagb_author_info":{"display_name":"SOE","author_link":"https:\/\/steelstorm.standardof.net\/es\/author\/k-tastic\/"},"uagb_comment_info":0,"uagb_excerpt":"\u26a0\ufe0f Carrying Over Weapons Between Missions \u26a0\ufe0f It is important to remember that if you pick up a weapon in a level and die before leaving the level with the weapon still equipped, that weapon will be destroyed and you will have to restart the level to obtain it again. When you leave a level&hellip;","_links":{"self":[{"href":"https:\/\/steelstorm.standardof.net\/es\/wp-json\/wp\/v2\/pages\/111"}],"collection":[{"href":"https:\/\/steelstorm.standardof.net\/es\/wp-json\/wp\/v2\/pages"}],"about":[{"href":"https:\/\/steelstorm.standardof.net\/es\/wp-json\/wp\/v2\/types\/page"}],"author":[{"embeddable":true,"href":"https:\/\/steelstorm.standardof.net\/es\/wp-json\/wp\/v2\/users\/1"}],"replies":[{"embeddable":true,"href":"https:\/\/steelstorm.standardof.net\/es\/wp-json\/wp\/v2\/comments?post=111"}],"version-history":[{"count":0,"href":"https:\/\/steelstorm.standardof.net\/es\/wp-json\/wp\/v2\/pages\/111\/revisions"}],"up":[{"embeddable":true,"href":"https:\/\/steelstorm.standardof.net\/es\/wp-json\/wp\/v2\/pages\/6"}],"wp:featuredmedia":[{"embeddable":true,"href":"https:\/\/steelstorm.standardof.net\/es\/wp-json\/wp\/v2\/media\/54"}],"wp:attachment":[{"href":"https:\/\/steelstorm.standardof.net\/es\/wp-json\/wp\/v2\/media?parent=111"}],"curies":[{"name":"wp","href":"https:\/\/api.w.org\/{rel}","templated":true}]}}