{"id":107,"date":"2020-10-16T18:14:58","date_gmt":"2020-10-16T18:14:58","guid":{"rendered":"https:\/\/steelstorm.standardof.net\/?page_id=107"},"modified":"2020-11-11T07:08:43","modified_gmt":"2020-11-11T07:08:43","slug":"turrets","status":"publish","type":"page","link":"https:\/\/steelstorm.standardof.net\/es\/guide\/unidades-enemigas\/torretas\/","title":{"rendered":"Torretas"},"content":{"rendered":"<p>Las torretas son los defensores estacionarios de las bases y el territorio enemigos, que poseen algunas armas y habilidades que no poseen los enemigos m\u00f3viles. De todos estos, probablemente la torreta de reparaci\u00f3n es la m\u00e1s potencialmente peligrosa debido a su habilidad especial. Debido a su falta de movilidad, a menudo puedes encontrar formas de golpear a estas unidades directamente donde no te pueden devolver el golpe debido al borde de una obstrucci\u00f3n.<\/p>\n\n\n\n<div style=\"height:20px\" aria-hidden=\"true\" class=\"wp-block-spacer\"><\/div>\n\n\n\n<div class=\"gb-container gb-container-ae025cb2\"><div class=\"gb-inside-container\">\n<h2 class=\"wp-block-heading\">Torreta de plasma ligero<\/h2>\n\n\n\n<div class=\"wp-block-image is-style-default\"><figure class=\"aligncenter size-large\"><a href=\"https:\/\/steelstorm.standardof.net\/es\/guide\/unidades-enemigas\/torretas\/steel-storm-enemy-turrets-light-plasma\/\"><img decoding=\"async\" width=\"469\" height=\"420\" src=\"https:\/\/steelstorm.standardof.net\/wp-content\/uploads\/sites\/3\/2020\/10\/Steel-Storm-Enemy-Turrets-Light-Plasma-469x420.jpg\" alt=\"Torreta de plasma ligero\" class=\"wp-image-28\" title=\"\" srcset=\"https:\/\/steelstorm.standardof.net\/wp-content\/uploads\/sites\/3\/2020\/10\/Steel-Storm-Enemy-Turrets-Light-Plasma.jpg 469w, https:\/\/steelstorm.standardof.net\/wp-content\/uploads\/sites\/3\/2020\/10\/Steel-Storm-Enemy-Turrets-Light-Plasma-300x269.jpg 300w\" sizes=\"(max-width: 469px) 100vw, 469px\" \/><\/a><figcaption>Torreta de plasma ligero<\/figcaption><\/figure><\/div>\n\n\n\n<p>La torreta de plasma ligero comparte su arma con el tanque ligero, esencialmente una variante estacionaria m\u00e1s resistente de ese enemigo. Dispara rayos de Plasma Ligero al doble de velocidad que los tanques Ligeros, pero generalmente no es una amenaza significativa a menos que te atrapen con unos pocos en un espacio reducido.<\/p>\n<\/div><\/div>\n\n\n\n<div style=\"height:20px\" aria-hidden=\"true\" class=\"wp-block-spacer\"><\/div>\n\n\n\n<div class=\"gb-container gb-container-e480a6f2\"><div class=\"gb-inside-container\">\n<h2 class=\"wp-block-heading\">Torreta de haz pesado<\/h2>\n\n\n\n<div class=\"wp-block-image is-style-default\"><figure class=\"aligncenter size-large\"><a href=\"https:\/\/steelstorm.standardof.net\/es\/guide\/unidades-enemigas\/torretas\/steel-storm-enemy-turrets-heavy-beam\/\"><img decoding=\"async\" width=\"471\" height=\"416\" src=\"https:\/\/steelstorm.standardof.net\/wp-content\/uploads\/sites\/3\/2020\/10\/Steel-Storm-Enemy-Turrets-Heavy-Beam-471x416.jpg\" alt=\"Torreta de haz pesado\" class=\"wp-image-27\" title=\"\" srcset=\"https:\/\/steelstorm.standardof.net\/wp-content\/uploads\/sites\/3\/2020\/10\/Steel-Storm-Enemy-Turrets-Heavy-Beam.jpg 471w, https:\/\/steelstorm.standardof.net\/wp-content\/uploads\/sites\/3\/2020\/10\/Steel-Storm-Enemy-Turrets-Heavy-Beam-300x265.jpg 300w\" sizes=\"(max-width: 471px) 100vw, 471px\" \/><\/a><figcaption>Torreta de haz pesado<\/figcaption><\/figure><\/div>\n\n\n\n<p>La torreta de haz pesado dispara una variedad roja m\u00e1s peque\u00f1a de tu ca\u00f1\u00f3n de haz, y te golpea instant\u00e1neamente cuando se dispara con una cantidad peque\u00f1a pero significativa de da\u00f1o. No hay una buena manera de evitar el rayo y la onda de choque no puede repelerlo, dej\u00e1ndote disparar misiles autoguiados desde una esquina o acerc\u00e1ndote desde una direcci\u00f3n que te permita aprovechar r\u00e1pidamente la velocidad de giro lenta de esta torreta. Hay un corto tiempo de recarga entre disparos que tambi\u00e9n puede aprovechar y, si es complicado salir r\u00e1pidamente por detr\u00e1s de las esquinas, puede enga\u00f1ar al Heavy Beam para que dispare contra un obst\u00e1culo.<\/p>\n<\/div><\/div>\n\n\n\n<div style=\"height:20px\" aria-hidden=\"true\" class=\"wp-block-spacer\"><\/div>\n\n\n\n<div class=\"gb-container gb-container-b346aadf\"><div class=\"gb-inside-container\">\n<h2 class=\"wp-block-heading\">Torreta de cohetes<\/h2>\n\n\n\n<div class=\"wp-block-image is-style-default\"><figure class=\"aligncenter size-large\"><a href=\"https:\/\/steelstorm.standardof.net\/es\/guide\/unidades-enemigas\/torretas\/steel-storm-enemy-turrets-rocket\/\"><img decoding=\"async\" width=\"497\" height=\"461\" src=\"https:\/\/steelstorm.standardof.net\/wp-content\/uploads\/sites\/3\/2020\/10\/Steel-Storm-Enemy-Turrets-Rocket-497x461.jpg\" alt=\"Torreta de cohetes\" class=\"wp-image-30\" title=\"\" srcset=\"https:\/\/steelstorm.standardof.net\/wp-content\/uploads\/sites\/3\/2020\/10\/Steel-Storm-Enemy-Turrets-Rocket.jpg 497w, https:\/\/steelstorm.standardof.net\/wp-content\/uploads\/sites\/3\/2020\/10\/Steel-Storm-Enemy-Turrets-Rocket-300x278.jpg 300w\" sizes=\"(max-width: 497px) 100vw, 497px\" \/><\/a><figcaption>Torreta de cohetes<\/figcaption><\/figure><\/div>\n\n\n\n<p>Las torretas cohete son plataformas de armas estacionarias que tienen el mismo efecto que tu arma Rocket Pod. Estas torretas lanzan un aluvi\u00f3n de cohetes que en realidad tienen el doble de alcance que tus Rocket Pods, lo que hace que esta arma sea particularmente mortal en \u00e1reas confinadas. Afortunadamente, los misiles son lo suficientemente lentos como para esquivarlos en un espacio abierto con facilidad y la onda de choque se puede usar para repeler los cohetes hacia la torreta de cohetes, que a menudo es m\u00e1s que suficiente para destruirla por completo. Un bombardeo de estos cohetes suele ser suficiente para destruirte por completo, incluso con armadura completa y un par de capas de escudos.<\/p>\n<\/div><\/div>\n\n\n\n<div style=\"height:20px\" aria-hidden=\"true\" class=\"wp-block-spacer\"><\/div>\n\n\n\n<div class=\"gb-container gb-container-0b6d8679\"><div class=\"gb-inside-container\">\n<h2 class=\"wp-block-heading\">Torreta de reparaci\u00f3n<\/h2>\n\n\n\n<div class=\"wp-block-image is-style-default\"><figure class=\"aligncenter size-large\"><a href=\"https:\/\/steelstorm.standardof.net\/es\/guide\/unidades-enemigas\/torretas\/steel-storm-enemy-turrets-repair\/\"><img decoding=\"async\" width=\"480\" height=\"388\" src=\"https:\/\/steelstorm.standardof.net\/wp-content\/uploads\/sites\/3\/2020\/10\/Steel-Storm-Enemy-Turrets-Repair-480x388.jpg\" alt=\"Torreta de reparaci\u00f3n\" class=\"wp-image-29\" title=\"\" srcset=\"https:\/\/steelstorm.standardof.net\/wp-content\/uploads\/sites\/3\/2020\/10\/Steel-Storm-Enemy-Turrets-Repair.jpg 480w, https:\/\/steelstorm.standardof.net\/wp-content\/uploads\/sites\/3\/2020\/10\/Steel-Storm-Enemy-Turrets-Repair-300x243.jpg 300w\" sizes=\"(max-width: 480px) 100vw, 480px\" \/><\/a><figcaption>Torreta de reparaci\u00f3n<\/figcaption><\/figure><\/div>\n\n\n\n<p>Si bien en realidad no posee armas propias, la torreta de reparaci\u00f3n es f\u00e1cilmente el mayor dolor de los cuatro. Como es de esperar, el \u00fanico prop\u00f3sito de Repair Turret es rejuvenecer y devolver a la vida las c\u00e1scaras cercanas de los enemigos fallecidos, deshaciendo todo su trabajo manual donde aparecen o se colocan. Puede escuchar el sonido distintivo de su capacidad de reparaci\u00f3n y el rayo amarillo que se extiende desde la torreta hasta su objetivo de reparaci\u00f3n para ayudarlo a ubicarlos si est\u00e1n fuera de la pantalla. Siempre intenta alejar a los enemigos m\u00f3viles de las torretas de reparaci\u00f3n lo m\u00e1s lejos posible para sacarlos de su zona de reanimaci\u00f3n o apresura la torreta r\u00e1pidamente, especialmente si aparece en un campo de unidades muertas antes de que levante todo un ej\u00e9rcito de zombis para atacarte. .<\/p>\n<\/div><\/div>","protected":false},"excerpt":{"rendered":"<p>The Turrets are the stationary defenders of enemy bases and territory, possessing some weapons and abilities not possessed by the mobile hostiles. Of all these, probably the Repair Turret is the most potentially hazardous due to its special ability. Due to their lack of mobility you can often find ways of hitting these units directly [&hellip;]<\/p>","protected":false},"author":1,"featured_media":54,"parent":32,"menu_order":0,"comment_status":"open","ping_status":"closed","template":"","meta":{"_uag_custom_page_level_css":"","site-sidebar-layout":"default","site-content-layout":"default","ast-site-content-layout":"","site-content-style":"default","site-sidebar-style":"default","ast-global-header-display":"","ast-banner-title-visibility":"","ast-main-header-display":"","ast-hfb-above-header-display":"","ast-hfb-below-header-display":"","ast-hfb-mobile-header-display":"","site-post-title":"","ast-breadcrumbs-content":"","ast-featured-img":"","footer-sml-layout":"","theme-transparent-header-meta":"default","adv-header-id-meta":"","stick-header-meta":"","header-above-stick-meta":"","header-main-stick-meta":"","header-below-stick-meta":"","astra-migrate-meta-layouts":"default","ast-page-background-enabled":"default","ast-page-background-meta":{"desktop":{"background-color":"","background-image":"","background-repeat":"repeat","background-position":"center center","background-size":"auto","background-attachment":"scroll","background-type":"","background-media":"","overlay-type":"","overlay-color":"","overlay-gradient":""},"tablet":{"background-color":"","background-image":"","background-repeat":"repeat","background-position":"center center","background-size":"auto","background-attachment":"scroll","background-type":"","background-media":"","overlay-type":"","overlay-color":"","overlay-gradient":""},"mobile":{"background-color":"","background-image":"","background-repeat":"repeat","background-position":"center center","background-size":"auto","background-attachment":"scroll","background-type":"","background-media":"","overlay-type":"","overlay-color":"","overlay-gradient":""}},"ast-content-background-meta":{"desktop":{"background-color":"var(--ast-global-color-5)","background-image":"","background-repeat":"repeat","background-position":"center center","background-size":"auto","background-attachment":"scroll","background-type":"","background-media":"","overlay-type":"","overlay-color":"","overlay-gradient":""},"tablet":{"background-color":"var(--ast-global-color-5)","background-image":"","background-repeat":"repeat","background-position":"center center","background-size":"auto","background-attachment":"scroll","background-type":"","background-media":"","overlay-type":"","overlay-color":"","overlay-gradient":""},"mobile":{"background-color":"var(--ast-global-color-5)","background-image":"","background-repeat":"repeat","background-position":"center center","background-size":"auto","background-attachment":"scroll","background-type":"","background-media":"","overlay-type":"","overlay-color":"","overlay-gradient":""}},"footnotes":""},"uagb_featured_image_src":{"full":["https:\/\/steelstorm.standardof.net\/wp-content\/uploads\/sites\/3\/2020\/10\/MnEdR-1.jpg",1200,750,false],"thumbnail":["https:\/\/steelstorm.standardof.net\/wp-content\/uploads\/sites\/3\/2020\/10\/MnEdR-1-150x150.jpg",150,150,true],"medium":["https:\/\/steelstorm.standardof.net\/wp-content\/uploads\/sites\/3\/2020\/10\/MnEdR-1-300x188.jpg",300,188,true],"medium_large":["https:\/\/steelstorm.standardof.net\/wp-content\/uploads\/sites\/3\/2020\/10\/MnEdR-1-768x480.jpg",768,480,true],"large":["https:\/\/steelstorm.standardof.net\/wp-content\/uploads\/sites\/3\/2020\/10\/MnEdR-1-1024x640.jpg",1024,640,true],"1536x1536":["https:\/\/steelstorm.standardof.net\/wp-content\/uploads\/sites\/3\/2020\/10\/MnEdR-1.jpg",1200,750,false],"2048x2048":["https:\/\/steelstorm.standardof.net\/wp-content\/uploads\/sites\/3\/2020\/10\/MnEdR-1.jpg",1200,750,false],"trp-custom-language-flag":["https:\/\/steelstorm.standardof.net\/wp-content\/uploads\/sites\/3\/2020\/10\/MnEdR-1.jpg",18,12,false]},"uagb_author_info":{"display_name":"SOE","author_link":"https:\/\/steelstorm.standardof.net\/es\/author\/k-tastic\/"},"uagb_comment_info":0,"uagb_excerpt":"The Turrets are the stationary defenders of enemy bases and territory, possessing some weapons and abilities not possessed by the mobile hostiles. Of all these, probably the Repair Turret is the most potentially hazardous due to its special ability. Due to their lack of mobility you can often find ways of hitting these units directly&hellip;","_links":{"self":[{"href":"https:\/\/steelstorm.standardof.net\/es\/wp-json\/wp\/v2\/pages\/107"}],"collection":[{"href":"https:\/\/steelstorm.standardof.net\/es\/wp-json\/wp\/v2\/pages"}],"about":[{"href":"https:\/\/steelstorm.standardof.net\/es\/wp-json\/wp\/v2\/types\/page"}],"author":[{"embeddable":true,"href":"https:\/\/steelstorm.standardof.net\/es\/wp-json\/wp\/v2\/users\/1"}],"replies":[{"embeddable":true,"href":"https:\/\/steelstorm.standardof.net\/es\/wp-json\/wp\/v2\/comments?post=107"}],"version-history":[{"count":1,"href":"https:\/\/steelstorm.standardof.net\/es\/wp-json\/wp\/v2\/pages\/107\/revisions"}],"predecessor-version":[{"id":404,"href":"https:\/\/steelstorm.standardof.net\/es\/wp-json\/wp\/v2\/pages\/107\/revisions\/404"}],"up":[{"embeddable":true,"href":"https:\/\/steelstorm.standardof.net\/es\/wp-json\/wp\/v2\/pages\/32"}],"wp:featuredmedia":[{"embeddable":true,"href":"https:\/\/steelstorm.standardof.net\/es\/wp-json\/wp\/v2\/media\/54"}],"wp:attachment":[{"href":"https:\/\/steelstorm.standardof.net\/es\/wp-json\/wp\/v2\/media?parent=107"}],"curies":[{"name":"wp","href":"https:\/\/api.w.org\/{rel}","templated":true}]}}