{"id":85,"date":"2020-10-16T17:40:26","date_gmt":"2020-10-16T17:40:26","guid":{"rendered":"https:\/\/steelstorm.standardof.net\/?page_id=85"},"modified":"2020-11-11T07:16:49","modified_gmt":"2020-11-11T07:16:49","slug":"hover-tanks","status":"publish","type":"page","link":"https:\/\/steelstorm.standardof.net\/de\/fuhren\/feindliche-einheiten\/schwebetanks\/","title":{"rendered":"Schwebetanks"},"content":{"rendered":"<p>Die Schwebepanzer in Steel Storm: Burning Retribution sind die zahlreichsten Feinde, denen Sie begegnen werden. Derzeit gibt es drei verschiedene Varianten: Light Tank, Medium Tank und Lightning Tank. Alle von ihnen sind sehr wendig und werden praktisch \u00fcberall gesehen.<\/p>\n\n\n\n<div style=\"height:20px\" aria-hidden=\"true\" class=\"wp-block-spacer\"><\/div>\n\n\n\n<div class=\"gb-container gb-container-ae025cb2\"><div class=\"gb-inside-container\">\n<h2 class=\"wp-block-heading\">Leichter Panzer<\/h2>\n\n\n\n<div class=\"wp-block-image is-style-default\"><figure class=\"aligncenter size-large\"><a href=\"https:\/\/steelstorm.standardof.net\/de\/fuhren\/feindliche-einheiten\/schwebetanks\/steel-storm-enemy-hover-tanks-light\/\"><img decoding=\"async\" width=\"822\" height=\"642\" src=\"https:\/\/steelstorm.standardof.net\/wp-content\/uploads\/sites\/3\/2020\/10\/Steel-Storm-Enemy-Hover-Tanks-Light-822x642.jpg\" alt=\"Leichter Panzer\" class=\"wp-image-24\" title=\"\" srcset=\"https:\/\/steelstorm.standardof.net\/wp-content\/uploads\/sites\/3\/2020\/10\/Steel-Storm-Enemy-Hover-Tanks-Light.jpg 822w, https:\/\/steelstorm.standardof.net\/wp-content\/uploads\/sites\/3\/2020\/10\/Steel-Storm-Enemy-Hover-Tanks-Light-300x234.jpg 300w\" sizes=\"(max-width: 822px) 100vw, 822px\" \/><\/a><figcaption>Leichter Panzer<\/figcaption><\/figure><\/div>\n\n\n\n<p>Das <strong>Leichte Panzer<\/strong> zeichnen sich durch ihre braune Farbe und die auf einem Turm montierte Kanone aus. Diese Einheiten n\u00e4hern sich h\u00e4ufig der mittleren Reichweite und schie\u00dfen einzelne Lichtplasma-Sch\u00fcsse auf Sie, w\u00e4hrend Sie strafeln oder sich von einer Seite zur anderen bewegen. Wenn auf diese Einheiten geschossen wird, ziehen sie sich schnell auf eine gr\u00f6\u00dfere Reichweite zur\u00fcck, w\u00e4hrend sie immer noch auf Sie schie\u00dfen.<\/p>\n\n\n\n<p>Dies sind die schw\u00e4chsten Feinde, denen Sie gegen\u00fcberstehen, aber auch die zahlreichsten. \u00dcber die ersten Level hinaus k\u00f6nnen Sie erwarten, diese in gro\u00dfen Gruppen und Hinterhalten zu sehen. Minigun-Feuer oder ein Sweep mit der Strahlkanone ist die beste Wahl, um diese Einheiten dank des Sofortschlagmechanismus dieser Waffen aus gro\u00dfer Entfernung zu zerst\u00f6ren, w\u00e4hrend Raketen-Pods die effektive Wahl sind, wenn sich Gruppen von ihnen in der N\u00e4he der mittleren Reichweite befinden.<\/p>\n<\/div><\/div>\n\n\n\n<div style=\"height:20px\" aria-hidden=\"true\" class=\"wp-block-spacer\"><\/div>\n\n\n\n<div class=\"gb-container gb-container-9524adab\"><div class=\"gb-inside-container\">\n<h2 class=\"wp-block-heading\">Mittlerer Tank<\/h2>\n\n\n\n<div class=\"wp-block-image is-style-default\"><figure class=\"aligncenter size-large\"><a href=\"https:\/\/steelstorm.standardof.net\/de\/fuhren\/feindliche-einheiten\/schwebetanks\/steel-storm-enemy-hover-tanks-medium\/\"><img decoding=\"async\" width=\"869\" height=\"680\" src=\"https:\/\/steelstorm.standardof.net\/wp-content\/uploads\/sites\/3\/2020\/10\/Steel-Storm-Enemy-Hover-Tanks-Medium-869x680.jpg\" alt=\"Mittlerer Tank\" class=\"wp-image-26\" title=\"\" srcset=\"https:\/\/steelstorm.standardof.net\/wp-content\/uploads\/sites\/3\/2020\/10\/Steel-Storm-Enemy-Hover-Tanks-Medium.jpg 869w, https:\/\/steelstorm.standardof.net\/wp-content\/uploads\/sites\/3\/2020\/10\/Steel-Storm-Enemy-Hover-Tanks-Medium-300x235.jpg 300w\" sizes=\"(max-width: 869px) 100vw, 869px\" \/><\/a><figcaption>Mittlerer Tank<\/figcaption><\/figure><\/div>\n\n\n\n<p><strong>Mittlere Panzer<\/strong> sind eine schwer bewaffnete und gepanzerte Version des Lichtpanzers, die gleichzeitig Lichtplasmabolzen abfeuert, w\u00e4hrend sie sich langsamer als die Lichtvariante bewegen. <\/p>\n\n\n\n<p>Diese werden im Laufe des Spiels h\u00e4ufiger angezeigt und sind h\u00e4ufig in gr\u00f6\u00dferer Anzahl in wichtigeren Bereichen zu finden. Diese Einheiten werden versuchen, Ihrem Feuer auszuweichen, nachdem sie sich der mittleren Reichweite gen\u00e4hert haben, aber weitaus weniger geschickt darin sind.<\/p>\n<\/div><\/div>\n\n\n\n<div style=\"height:20px\" aria-hidden=\"true\" class=\"wp-block-spacer\"><\/div>\n\n\n\n<div class=\"gb-container gb-container-9a287803\"><div class=\"gb-inside-container\">\n<h2 class=\"wp-block-heading\">Blitzpanzer<\/h2>\n\n\n\n<div class=\"wp-block-image is-style-default\"><figure class=\"aligncenter size-large\"><a href=\"https:\/\/steelstorm.standardof.net\/de\/fuhren\/feindliche-einheiten\/schwebetanks\/steel-storm-enemy-hover-tanks-lightning\/\"><img decoding=\"async\" width=\"825\" height=\"629\" src=\"https:\/\/steelstorm.standardof.net\/wp-content\/uploads\/sites\/3\/2020\/10\/Steel-Storm-Enemy-Hover-Tanks-Lightning-825x629.jpg\" alt=\"Blitzpanzer\" class=\"wp-image-25\" title=\"\" srcset=\"https:\/\/steelstorm.standardof.net\/wp-content\/uploads\/sites\/3\/2020\/10\/Steel-Storm-Enemy-Hover-Tanks-Lightning.jpg 825w, https:\/\/steelstorm.standardof.net\/wp-content\/uploads\/sites\/3\/2020\/10\/Steel-Storm-Enemy-Hover-Tanks-Lightning-300x229.jpg 300w\" sizes=\"(max-width: 825px) 100vw, 825px\" \/><\/a><figcaption>Blitzpanzer<\/figcaption><\/figure><\/div>\n\n\n\n<p><strong>Blitzpanzer<\/strong> sind wahrscheinlich die gef\u00e4hrlichsten aller kleinen Panzer. Diese Einheiten besitzen eine \u00e4hnliche Waffe wie die <strong>Blitz <\/strong>Dies ist eine extrem kurze Reichweite und f\u00fcgt Ihnen nur geringen Schaden zu. Sie hat jedoch den starken sekund\u00e4ren Effekt, dass Sie Ihre sekund\u00e4ren, speziellen und prim\u00e4ren Energiewaffen deaktivieren und nur Ihre Miniguns oder Flak-Kanonen zur Verf\u00fcgung haben, mit denen Sie sich bis zum Effekt verteidigen k\u00f6nnen abnutzen.<\/p>\n\n\n\n<p>Der Lightning Tank ist daf\u00fcr bekannt, dass er auch bei schwerem Gewehrfeuer direkt auf Sie zukommt, um Sie mit seinem Bolzen zu zappen. Gruppen dieser Einheiten sind sehr gef\u00e4hrlich und k\u00f6nnen Ihre anderen Waffen st\u00e4ndig deaktivieren, sodass Sie sich zur\u00fcckziehen oder \u00fcberfordert sein m\u00fcssen. Versuchen Sie, sie zu \u00fcbertreffen und Ihre Sto\u00dfwelle auszul\u00f6sen, wenn sie zu nahe kommen, obwohl die Sto\u00dfwelle ungef\u00e4hr in der gleichen Reichweite wie ihr Zap liegt, was das Timing schwierig macht.<\/p>\n<\/div><\/div>","protected":false},"excerpt":{"rendered":"<p>The hover tanks in Steel Storm: Burning Retribution are the most numerous enemies you will face. Currently they come in three separate varieties, the Light Tank, Medium Tank and the Lightning Tank. All of them are highly maneuverable and will be seen practically everywhere. Light Tank The Light Tanks are distinguished by their tan color [&hellip;]<\/p>","protected":false},"author":1,"featured_media":54,"parent":32,"menu_order":0,"comment_status":"open","ping_status":"closed","template":"","meta":{"_uag_custom_page_level_css":"","site-sidebar-layout":"default","site-content-layout":"default","ast-site-content-layout":"","site-content-style":"default","site-sidebar-style":"default","ast-global-header-display":"","ast-banner-title-visibility":"","ast-main-header-display":"","ast-hfb-above-header-display":"","ast-hfb-below-header-display":"","ast-hfb-mobile-header-display":"","site-post-title":"","ast-breadcrumbs-content":"","ast-featured-img":"","footer-sml-layout":"","theme-transparent-header-meta":"default","adv-header-id-meta":"","stick-header-meta":"","header-above-stick-meta":"","header-main-stick-meta":"","header-below-stick-meta":"","astra-migrate-meta-layouts":"default","ast-page-background-enabled":"default","ast-page-background-meta":{"desktop":{"background-color":"","background-image":"","background-repeat":"repeat","background-position":"center center","background-size":"auto","background-attachment":"scroll","background-type":"","background-media":"","overlay-type":"","overlay-color":"","overlay-gradient":""},"tablet":{"background-color":"","background-image":"","background-repeat":"repeat","background-position":"center center","background-size":"auto","background-attachment":"scroll","background-type":"","background-media":"","overlay-type":"","overlay-color":"","overlay-gradient":""},"mobile":{"background-color":"","background-image":"","background-repeat":"repeat","background-position":"center center","background-size":"auto","background-attachment":"scroll","background-type":"","background-media":"","overlay-type":"","overlay-color":"","overlay-gradient":""}},"ast-content-background-meta":{"desktop":{"background-color":"var(--ast-global-color-5)","background-image":"","background-repeat":"repeat","background-position":"center center","background-size":"auto","background-attachment":"scroll","background-type":"","background-media":"","overlay-type":"","overlay-color":"","overlay-gradient":""},"tablet":{"background-color":"var(--ast-global-color-5)","background-image":"","background-repeat":"repeat","background-position":"center center","background-size":"auto","background-attachment":"scroll","background-type":"","background-media":"","overlay-type":"","overlay-color":"","overlay-gradient":""},"mobile":{"background-color":"var(--ast-global-color-5)","background-image":"","background-repeat":"repeat","background-position":"center center","background-size":"auto","background-attachment":"scroll","background-type":"","background-media":"","overlay-type":"","overlay-color":"","overlay-gradient":""}},"footnotes":""},"uagb_featured_image_src":{"full":["https:\/\/steelstorm.standardof.net\/wp-content\/uploads\/sites\/3\/2020\/10\/MnEdR-1.jpg",1200,750,false],"thumbnail":["https:\/\/steelstorm.standardof.net\/wp-content\/uploads\/sites\/3\/2020\/10\/MnEdR-1-150x150.jpg",150,150,true],"medium":["https:\/\/steelstorm.standardof.net\/wp-content\/uploads\/sites\/3\/2020\/10\/MnEdR-1-300x188.jpg",300,188,true],"medium_large":["https:\/\/steelstorm.standardof.net\/wp-content\/uploads\/sites\/3\/2020\/10\/MnEdR-1-768x480.jpg",768,480,true],"large":["https:\/\/steelstorm.standardof.net\/wp-content\/uploads\/sites\/3\/2020\/10\/MnEdR-1-1024x640.jpg",1024,640,true],"1536x1536":["https:\/\/steelstorm.standardof.net\/wp-content\/uploads\/sites\/3\/2020\/10\/MnEdR-1.jpg",1200,750,false],"2048x2048":["https:\/\/steelstorm.standardof.net\/wp-content\/uploads\/sites\/3\/2020\/10\/MnEdR-1.jpg",1200,750,false],"trp-custom-language-flag":["https:\/\/steelstorm.standardof.net\/wp-content\/uploads\/sites\/3\/2020\/10\/MnEdR-1.jpg",18,12,false]},"uagb_author_info":{"display_name":"SOE","author_link":"https:\/\/steelstorm.standardof.net\/de\/author\/k-tastic\/"},"uagb_comment_info":0,"uagb_excerpt":"The hover tanks in Steel Storm: Burning Retribution are the most numerous enemies you will face. Currently they come in three separate varieties, the Light Tank, Medium Tank and the Lightning Tank. All of them are highly maneuverable and will be seen practically everywhere. Light Tank The Light Tanks are distinguished by their tan color&hellip;","_links":{"self":[{"href":"https:\/\/steelstorm.standardof.net\/de\/wp-json\/wp\/v2\/pages\/85"}],"collection":[{"href":"https:\/\/steelstorm.standardof.net\/de\/wp-json\/wp\/v2\/pages"}],"about":[{"href":"https:\/\/steelstorm.standardof.net\/de\/wp-json\/wp\/v2\/types\/page"}],"author":[{"embeddable":true,"href":"https:\/\/steelstorm.standardof.net\/de\/wp-json\/wp\/v2\/users\/1"}],"replies":[{"embeddable":true,"href":"https:\/\/steelstorm.standardof.net\/de\/wp-json\/wp\/v2\/comments?post=85"}],"version-history":[{"count":1,"href":"https:\/\/steelstorm.standardof.net\/de\/wp-json\/wp\/v2\/pages\/85\/revisions"}],"predecessor-version":[{"id":406,"href":"https:\/\/steelstorm.standardof.net\/de\/wp-json\/wp\/v2\/pages\/85\/revisions\/406"}],"up":[{"embeddable":true,"href":"https:\/\/steelstorm.standardof.net\/de\/wp-json\/wp\/v2\/pages\/32"}],"wp:featuredmedia":[{"embeddable":true,"href":"https:\/\/steelstorm.standardof.net\/de\/wp-json\/wp\/v2\/media\/54"}],"wp:attachment":[{"href":"https:\/\/steelstorm.standardof.net\/de\/wp-json\/wp\/v2\/media?parent=85"}],"curies":[{"name":"wp","href":"https:\/\/api.w.org\/{rel}","templated":true}]}}