{"id":6,"date":"2020-10-15T16:21:48","date_gmt":"2020-10-15T16:21:48","guid":{"rendered":"http:\/\/steelstorm.standardof.net\/?page_id=6"},"modified":"2020-10-18T17:49:22","modified_gmt":"2020-10-18T17:49:22","slug":"guide","status":"publish","type":"page","link":"https:\/\/steelstorm.standardof.net\/de\/","title":{"rendered":"Strategieindex \u201eSteel Storm: Burning Retribution\u201c"},"content":{"rendered":"<p>Diese Seite dient als Index f\u00fcr die Reihe von Anleitungen, die die verschiedenen Aspekte des Videospiels Steel Storm abdecken. Hier finden Sie Links zu ausf\u00fchrlicheren exemplarischen Vorgehensweisen sowie zus\u00e4tzliche Abschnitte und Links zu bestimmten Handb\u00fcchern, die bei der Ver\u00f6ffentlichung hinzugef\u00fcgt wurden.<\/p>\n\n\n\n<hr class=\"wp-block-separator\"\/>\n\n\n\n<h2 class=\"has-text-align-center has-white-color has-text-color wp-block-heading\"><a href=\"https:\/\/www.standardof.net\/wp-content\/uploads\/2011\/09\/5288493.jpg\" target=\"_blank\" rel=\"noopener\"><\/a><a class=\"rank-math-link\" href=\"https:\/\/steelstorm.standardof.net\/de\/fuhren\/level-walkthroughs-2\/\">Level-Komplettl\u00f6sungen<\/a><\/h2>\n\n\n\n<p>Dieser Teil des Steel Storm-Handbuchs behandelt die verschiedenen Levels im Spiel mit jeweils einer vollst\u00e4ndigen Anleitung. In Ihrem Inneren finden Sie eine Vielzahl von Informationen wie Routenkarten, Video-Durchspiele und zus\u00e4tzliche Screenshots sowie Informationen zu wichtigen Elementen oder Orten, die in den einzelnen Elementen enthalten sind.<\/p>\n\n\n\n<figure class=\"wp-block-image size-large is-resized\"><a href=\"https:\/\/steelstorm.standardof.net\/de\/fuhren\/level-walkthroughs-2\/level-guides\/\"><img decoding=\"async\" src=\"https:\/\/steelstorm.standardof.net\/wp-content\/uploads\/sites\/3\/2020\/10\/Level-Guides.jpg\" alt=\"\" class=\"wp-image-174\" width=\"768\" height=\"432\" title=\"\" srcset=\"https:\/\/steelstorm.standardof.net\/wp-content\/uploads\/sites\/3\/2020\/10\/Level-Guides.jpg 1024w, https:\/\/steelstorm.standardof.net\/wp-content\/uploads\/sites\/3\/2020\/10\/Level-Guides-300x169.jpg 300w, https:\/\/steelstorm.standardof.net\/wp-content\/uploads\/sites\/3\/2020\/10\/Level-Guides-768x432.jpg 768w, https:\/\/steelstorm.standardof.net\/wp-content\/uploads\/sites\/3\/2020\/10\/Level-Guides-16x9.jpg 16w\" sizes=\"(max-width: 768px) 100vw, 768px\" \/><\/a><\/figure>\n\n\n\n<hr class=\"wp-block-separator\"\/>\n\n\n\n<h2 class=\"has-text-align-center has-white-color has-text-color wp-block-heading\"><a href=\"https:\/\/steelstorm.standardof.net\/de\/fuhren\/feindliche-einheiten\/\" class=\"rank-math-link\">Feinde<\/a><\/h2>\n\n\n\n<p>Dieser Teil des Strategiehandbuchs behandelt die verschiedenen feindlichen Einheiten, die in den verschiedenen Levels dieses Spiels verstreut sind. Feinde vom Typ Boss wurden aus diesem Teil herausgelassen und stattdessen in den Level-Walkthroughs behandelt, in denen sie auftauchen, um Spoiler zu verhindern, und aufgrund ihrer Seltenheit.<\/p>\n\n\n\n<p>Dieser Teil der Anleitung ist in drei Abschnitte unterteilt, die die Schwebetanks abdecken, die am zahlreichsten sind und h\u00e4ufig in Gruppen im Spiel vorkommen. Zweitens finden Sie die Mini-Bosse des schweren Panzers, die voller Waffen sind, die bereit sind, Sie zu braten, und schlie\u00dflich die T\u00fcrme, station\u00e4re Stellungen, die die feindlichen Standorte verteidigen und dennoch genauso t\u00f6dlich sind.<\/p>\n\n\n\n<div class=\"wp-block-image\"><figure class=\"aligncenter size-large is-resized\"><img decoding=\"async\" src=\"https:\/\/steelstorm.standardof.net\/wp-content\/uploads\/sites\/3\/2020\/10\/Steel-Storm-Enemy-Units-Group-Shot-850x410.jpg\" alt=\"Feindliche Einheiten\" class=\"wp-image-31\" width=\"638\" height=\"308\" title=\"\" srcset=\"https:\/\/steelstorm.standardof.net\/wp-content\/uploads\/sites\/3\/2020\/10\/Steel-Storm-Enemy-Units-Group-Shot.jpg 850w, https:\/\/steelstorm.standardof.net\/wp-content\/uploads\/sites\/3\/2020\/10\/Steel-Storm-Enemy-Units-Group-Shot-300x145.jpg 300w\" sizes=\"(max-width: 638px) 100vw, 638px\" \/><\/figure><\/div>\n\n\n\n<hr class=\"wp-block-separator\"\/>\n\n\n\n<h2 class=\"has-text-align-center has-white-color has-text-color wp-block-heading\"><a href=\"https:\/\/steelstorm.standardof.net\/de\/fuhren\/waffen\/\" class=\"rank-math-link\">Waffen<\/a><\/h2>\n\n\n\n<p>Waffen gibt es in vielen Varianten, die in eine von 5 verschiedenen Gruppen eingeteilt sind, je nachdem, wie sie feuern und welchen Platz sie in Ihrem Panzer einnehmen. Es ist immer m\u00f6glich, jeweils einen Waffentyp gleichzeitig zu tragen, wobei Waffen ausgetauscht werden k\u00f6nnen, die denselben Steckplatz belegen. Sobald eine Waffe aufgenommen wurde, musst du das Level verlassen und eine neue starten, um mit der noch ausger\u00fcsteten Waffe wieder zu erscheinen. Wenn Sie im selben Level sterben, in dem Sie eine Waffe aufgenommen haben, wird diese zerst\u00f6rt und kann nicht wiederhergestellt werden, es sei denn, Sie starten die Mission neu. Jeder Abschnitt ist in mehrere Gruppen unterteilt und enth\u00e4lt Informationen dar\u00fcber, wie Sie davon profitieren und welche Waffen in welcher Situation am besten geeignet sind.<\/p>\n\n\n\n<div class=\"wp-block-image\"><figure class=\"aligncenter size-large is-resized\"><img decoding=\"async\" src=\"https:\/\/steelstorm.standardof.net\/wp-content\/uploads\/sites\/3\/2020\/10\/steel-storm-all-items.jpg\" alt=\"\" class=\"wp-image-320\" width=\"602\" height=\"386\" title=\"\" srcset=\"https:\/\/steelstorm.standardof.net\/wp-content\/uploads\/sites\/3\/2020\/10\/steel-storm-all-items.jpg 802w, https:\/\/steelstorm.standardof.net\/wp-content\/uploads\/sites\/3\/2020\/10\/steel-storm-all-items-300x193.jpg 300w, https:\/\/steelstorm.standardof.net\/wp-content\/uploads\/sites\/3\/2020\/10\/steel-storm-all-items-768x493.jpg 768w, https:\/\/steelstorm.standardof.net\/wp-content\/uploads\/sites\/3\/2020\/10\/steel-storm-all-items-16x10.jpg 16w\" sizes=\"(max-width: 602px) 100vw, 602px\" \/><\/figure><\/div>\n\n\n\n<hr class=\"wp-block-separator\"\/>\n\n\n\n<h2 class=\"has-text-align-center has-white-color has-text-color wp-block-heading\"><a href=\"https:\/\/steelstorm.standardof.net\/de\/fuhren\/utility-pickups\/\" class=\"rank-math-link\">Utility Pickups<\/a><\/h2>\n\n\n\n<p>In diesem Handbuch finden Sie Informationen zu den verschiedenen Vorteilen, die Dienstprogramme in der Spielwelt von Steel Storm bieten. Diese Gegenst\u00e4nde k\u00f6nnen oft in verschiedenen Kisten gefunden oder durch Zerst\u00f6rung bestimmter Strukturen oder Feinde aufgedeckt werden.<\/p>\n\n\n\n<hr class=\"wp-block-separator\"\/>\n\n\n\n<h3 class=\"has-text-align-center has-white-color has-text-color wp-block-heading\">Credits &amp; Danksagungen<\/h3>\n\n\n\n<p>Steel Storm: Burning Retribution \u00a9 2008-2026 Kot-in-Action Creative Artel; All rights reserved. Steel Storm and Kot-in-Action logo are trademarks of Kot-in-Action Creative Artel in the United States of America and elsewhere. All other trademarks are the property of their respective owners.<\/p>\n\n\n\n<p>Dieser Leitfaden wurde erstellt von <a href=\"http:\/\/standardof.net\/about\/\" target=\"_blank\" rel=\"noopener\">Standard der Unterhaltung<\/a> als eine Reihe von exemplarischen Vorgehensweisen und Anweisungen f\u00fcr das Spiel zu dienen<em> <a href=\"http:\/\/www.steel-storm.com\/\" target=\"_blank\" rel=\"noopener\">Stahlsturm: Brennende Vergeltung<\/a><\/em>.<\/p>\n\n\n\n<hr class=\"wp-block-separator\"\/>\n\n\n\n<h3 class=\"has-text-align-center wp-block-heading\"><strong>Wo kann man Steel Storm Burning Retribution kaufen?<\/strong><\/h3>\n\n\n\n<p class=\"has-text-align-center\">PC-Benutzer k\u00f6nnen dieses Spiel \u00fcber die aufgef\u00fchrten digitalen Download-Dienste erwerben. <br>Leider ist der Entwickler-Store nicht mehr funktionsf\u00e4hig. <\/p>\n\n\n\n<div class=\"gb-grid-wrapper gb-grid-wrapper-5e4fa48a\">\n<div class=\"gb-grid-column gb-grid-column-518d7a6a\"><div class=\"gb-container gb-container-518d7a6a\"><div class=\"gb-inside-container\">\n<div class=\"wp-block-image\"><figure class=\"aligncenter size-large is-resized\"><a href=\"https:\/\/store.steampowered.com\/app\/96200\/Steel_Storm_Burning_Retribution\/\" target=\"_blank\" rel=\"noopener\"><img decoding=\"async\" src=\"https:\/\/steelstorm.standardof.net\/wp-content\/uploads\/sites\/3\/2020\/10\/Steam-Logo.png\" alt=\"Dampf \" class=\"wp-image-299\" width=\"128\" height=\"128\" title=\"\" srcset=\"https:\/\/steelstorm.standardof.net\/wp-content\/uploads\/sites\/3\/2020\/10\/Steam-Logo.png 256w, https:\/\/steelstorm.standardof.net\/wp-content\/uploads\/sites\/3\/2020\/10\/Steam-Logo-150x150.png 150w, https:\/\/steelstorm.standardof.net\/wp-content\/uploads\/sites\/3\/2020\/10\/Steam-Logo-12x12.png 12w\" sizes=\"(max-width: 128px) 100vw, 128px\" \/><\/a><figcaption>Dampf <\/figcaption><\/figure><\/div>\n\n\n\n<div class=\"wp-block-image\"><figure class=\"aligncenter size-large is-resized\"><img decoding=\"async\" src=\"https:\/\/steelstorm.standardof.net\/wp-content\/uploads\/sites\/3\/2020\/10\/Windows-Linux-OS-Icon.png\" alt=\"\" class=\"wp-image-300\" width=\"128\" height=\"64\" title=\"\" srcset=\"https:\/\/steelstorm.standardof.net\/wp-content\/uploads\/sites\/3\/2020\/10\/Windows-Linux-OS-Icon.png 256w, https:\/\/steelstorm.standardof.net\/wp-content\/uploads\/sites\/3\/2020\/10\/Windows-Linux-OS-Icon-16x8.png 16w\" sizes=\"(max-width: 128px) 100vw, 128px\" \/><\/figure><\/div>\n<\/div><\/div><\/div>\n\n\n\n<div class=\"gb-grid-column gb-grid-column-160cff19\"><div class=\"gb-container gb-container-160cff19\"><div class=\"gb-inside-container\">\n<div class=\"wp-block-image\"><figure class=\"aligncenter size-large is-resized\"><a href=\"https:\/\/bit.ly\/32fQctg\" target=\"_blank\" rel=\"noopener\"><img decoding=\"async\" src=\"https:\/\/steelstorm.standardof.net\/wp-content\/uploads\/sites\/3\/2020\/10\/gamersgate_icon.png\" alt=\"GamersGate\" class=\"wp-image-303\" width=\"128\" height=\"128\" title=\"\" srcset=\"https:\/\/steelstorm.standardof.net\/wp-content\/uploads\/sites\/3\/2020\/10\/gamersgate_icon.png 256w, https:\/\/steelstorm.standardof.net\/wp-content\/uploads\/sites\/3\/2020\/10\/gamersgate_icon-150x150.png 150w, https:\/\/steelstorm.standardof.net\/wp-content\/uploads\/sites\/3\/2020\/10\/gamersgate_icon-12x12.png 12w\" sizes=\"(max-width: 128px) 100vw, 128px\" \/><\/a><figcaption>GamersGate<\/figcaption><\/figure><\/div>\n\n\n\n<div class=\"wp-block-image\"><figure class=\"aligncenter size-large is-resized\"><img decoding=\"async\" src=\"https:\/\/steelstorm.standardof.net\/wp-content\/uploads\/sites\/3\/2020\/10\/Windows-OS-Icon.png\" alt=\"\" class=\"wp-image-301\" width=\"64\" height=\"64\" title=\"\" srcset=\"https:\/\/steelstorm.standardof.net\/wp-content\/uploads\/sites\/3\/2020\/10\/Windows-OS-Icon.png 128w, https:\/\/steelstorm.standardof.net\/wp-content\/uploads\/sites\/3\/2020\/10\/Windows-OS-Icon-12x12.png 12w\" sizes=\"(max-width: 64px) 100vw, 64px\" \/><\/figure><\/div>\n<\/div><\/div><\/div>\n\n\n\n<div class=\"gb-grid-column gb-grid-column-d73f9fab\"><div class=\"gb-container gb-container-d73f9fab\"><div class=\"gb-inside-container\">\n<div class=\"wp-block-image\"><figure class=\"aligncenter size-large is-resized\"><a href=\"https:\/\/www.macgamestore.com\/product\/1897\/Steel-Storm-Burning-Retribution\/\" target=\"_blank\" rel=\"noopener\"><img decoding=\"async\" src=\"https:\/\/steelstorm.standardof.net\/wp-content\/uploads\/sites\/3\/2020\/10\/mac-games-store.png\" alt=\"Mac Games Store\" class=\"wp-image-305\" width=\"128\" height=\"128\" title=\"\" srcset=\"https:\/\/steelstorm.standardof.net\/wp-content\/uploads\/sites\/3\/2020\/10\/mac-games-store.png 256w, https:\/\/steelstorm.standardof.net\/wp-content\/uploads\/sites\/3\/2020\/10\/mac-games-store-150x150.png 150w, https:\/\/steelstorm.standardof.net\/wp-content\/uploads\/sites\/3\/2020\/10\/mac-games-store-12x12.png 12w\" sizes=\"(max-width: 128px) 100vw, 128px\" \/><\/a><figcaption>Mac Games Store<\/figcaption><\/figure><\/div>\n\n\n\n<div class=\"wp-block-image\"><figure class=\"aligncenter size-large is-resized\"><img decoding=\"async\" src=\"https:\/\/steelstorm.standardof.net\/wp-content\/uploads\/sites\/3\/2020\/10\/Apple-OS-Icon.png\" alt=\"\" class=\"wp-image-302\" width=\"64\" height=\"64\" title=\"\" srcset=\"https:\/\/steelstorm.standardof.net\/wp-content\/uploads\/sites\/3\/2020\/10\/Apple-OS-Icon.png 128w, https:\/\/steelstorm.standardof.net\/wp-content\/uploads\/sites\/3\/2020\/10\/Apple-OS-Icon-12x12.png 12w\" sizes=\"(max-width: 64px) 100vw, 64px\" \/><\/figure><\/div>\n<\/div><\/div><\/div>\n<\/div>","protected":false},"excerpt":{"rendered":"<p>This page serves as an index for the series of guides covering the various aspects of the video game, Steel Storm. Here you will find links to more in depth walkthroughs along with additional sections and links to specific guides added as they are published. Level Walkthroughs This portion of the Steel Storm guide will [&hellip;]<\/p>","protected":false},"author":1,"featured_media":54,"parent":0,"menu_order":0,"comment_status":"open","ping_status":"closed","template":"","meta":{"_uag_custom_page_level_css":"","site-sidebar-layout":"default","site-content-layout":"default","ast-site-content-layout":"","site-content-style":"default","site-sidebar-style":"default","ast-global-header-display":"","ast-banner-title-visibility":"","ast-main-header-display":"","ast-hfb-above-header-display":"","ast-hfb-below-header-display":"","ast-hfb-mobile-header-display":"","site-post-title":"","ast-breadcrumbs-content":"","ast-featured-img":"","footer-sml-layout":"","theme-transparent-header-meta":"default","adv-header-id-meta":"","stick-header-meta":"","header-above-stick-meta":"","header-main-stick-meta":"","header-below-stick-meta":"","astra-migrate-meta-layouts":"default","ast-page-background-enabled":"default","ast-page-background-meta":{"desktop":{"background-color":"","background-image":"","background-repeat":"repeat","background-position":"center center","background-size":"auto","background-attachment":"scroll","background-type":"","background-media":"","overlay-type":"","overlay-color":"","overlay-gradient":""},"tablet":{"background-color":"","background-image":"","background-repeat":"repeat","background-position":"center center","background-size":"auto","background-attachment":"scroll","background-type":"","background-media":"","overlay-type":"","overlay-color":"","overlay-gradient":""},"mobile":{"background-color":"","background-image":"","background-repeat":"repeat","background-position":"center center","background-size":"auto","background-attachment":"scroll","background-type":"","background-media":"","overlay-type":"","overlay-color":"","overlay-gradient":""}},"ast-content-background-meta":{"desktop":{"background-color":"var(--ast-global-color-5)","background-image":"","background-repeat":"repeat","background-position":"center center","background-size":"auto","background-attachment":"scroll","background-type":"","background-media":"","overlay-type":"","overlay-color":"","overlay-gradient":""},"tablet":{"background-color":"var(--ast-global-color-5)","background-image":"","background-repeat":"repeat","background-position":"center center","background-size":"auto","background-attachment":"scroll","background-type":"","background-media":"","overlay-type":"","overlay-color":"","overlay-gradient":""},"mobile":{"background-color":"var(--ast-global-color-5)","background-image":"","background-repeat":"repeat","background-position":"center center","background-size":"auto","background-attachment":"scroll","background-type":"","background-media":"","overlay-type":"","overlay-color":"","overlay-gradient":""}},"footnotes":""},"uagb_featured_image_src":{"full":["https:\/\/steelstorm.standardof.net\/wp-content\/uploads\/sites\/3\/2020\/10\/MnEdR-1.jpg",1200,750,false],"thumbnail":["https:\/\/steelstorm.standardof.net\/wp-content\/uploads\/sites\/3\/2020\/10\/MnEdR-1-150x150.jpg",150,150,true],"medium":["https:\/\/steelstorm.standardof.net\/wp-content\/uploads\/sites\/3\/2020\/10\/MnEdR-1-300x188.jpg",300,188,true],"medium_large":["https:\/\/steelstorm.standardof.net\/wp-content\/uploads\/sites\/3\/2020\/10\/MnEdR-1-768x480.jpg",768,480,true],"large":["https:\/\/steelstorm.standardof.net\/wp-content\/uploads\/sites\/3\/2020\/10\/MnEdR-1-1024x640.jpg",1024,640,true],"1536x1536":["https:\/\/steelstorm.standardof.net\/wp-content\/uploads\/sites\/3\/2020\/10\/MnEdR-1.jpg",1200,750,false],"2048x2048":["https:\/\/steelstorm.standardof.net\/wp-content\/uploads\/sites\/3\/2020\/10\/MnEdR-1.jpg",1200,750,false],"trp-custom-language-flag":["https:\/\/steelstorm.standardof.net\/wp-content\/uploads\/sites\/3\/2020\/10\/MnEdR-1.jpg",18,12,false]},"uagb_author_info":{"display_name":"SOE","author_link":"https:\/\/steelstorm.standardof.net\/de\/author\/k-tastic\/"},"uagb_comment_info":1,"uagb_excerpt":"This page serves as an index for the series of guides covering the various aspects of the video game, Steel Storm. Here you will find links to more in depth walkthroughs along with additional sections and links to specific guides added as they are published. Level Walkthroughs This portion of the Steel Storm guide will&hellip;","_links":{"self":[{"href":"https:\/\/steelstorm.standardof.net\/de\/wp-json\/wp\/v2\/pages\/6"}],"collection":[{"href":"https:\/\/steelstorm.standardof.net\/de\/wp-json\/wp\/v2\/pages"}],"about":[{"href":"https:\/\/steelstorm.standardof.net\/de\/wp-json\/wp\/v2\/types\/page"}],"author":[{"embeddable":true,"href":"https:\/\/steelstorm.standardof.net\/de\/wp-json\/wp\/v2\/users\/1"}],"replies":[{"embeddable":true,"href":"https:\/\/steelstorm.standardof.net\/de\/wp-json\/wp\/v2\/comments?post=6"}],"version-history":[{"count":0,"href":"https:\/\/steelstorm.standardof.net\/de\/wp-json\/wp\/v2\/pages\/6\/revisions"}],"wp:featuredmedia":[{"embeddable":true,"href":"https:\/\/steelstorm.standardof.net\/de\/wp-json\/wp\/v2\/media\/54"}],"wp:attachment":[{"href":"https:\/\/steelstorm.standardof.net\/de\/wp-json\/wp\/v2\/media?parent=6"}],"curies":[{"name":"wp","href":"https:\/\/api.w.org\/{rel}","templated":true}]}}