{"id":34,"date":"2020-10-15T16:58:25","date_gmt":"2020-10-15T16:58:25","guid":{"rendered":"https:\/\/steelstorm.standardof.net\/?page_id=34"},"modified":"2020-10-19T05:14:19","modified_gmt":"2020-10-19T05:14:19","slug":"heavy-tanks","status":"publish","type":"page","link":"https:\/\/steelstorm.standardof.net\/de\/fuhren\/feindliche-einheiten\/schwere-panzer\/","title":{"rendered":"Schwere Panzer"},"content":{"rendered":"<div class=\"gb-grid-wrapper gb-grid-wrapper-5ed3ed01\">\n<div class=\"gb-grid-column gb-grid-column-c5035d0f\"><div class=\"gb-container gb-container-c5035d0f\"><div class=\"gb-inside-container\">\n<p>Schwere Panzer gelten als eine Art Mini-Boss in <em>Stahlsturm: Brennende Vergeltung<\/em>Sie stellen \u00fcberall dort ernsthafte Bedrohungen dar, wo sie auftauchen, werden jedoch durch ihre langsame Geschwindigkeit und geringe Mobilit\u00e4t behindert. Es ist fast immer wichtig, Hindernisse zu benutzen, um sich zu verteidigen, w\u00e4hrend Sie diese Einheiten angreifen, da sie mit mehreren starken Waffen ausgestattet sind, die schnell massive Trefferpunkte entfernen k\u00f6nnen.<\/p>\n<\/div><\/div><\/div>\n<\/div>\n\n\n\n<div style=\"height:20px\" aria-hidden=\"true\" class=\"wp-block-spacer\"><\/div>\n\n\n\n<div class=\"gb-container gb-container-dbddee8c\"><div class=\"gb-inside-container\">\n<h2 class=\"wp-block-heading\">Schwerer Protonentank<\/h2>\n\n\n\n<div class=\"wp-block-image is-style-default\"><figure class=\"aligncenter size-full\"><a href=\"https:\/\/steelstorm.standardof.net\/de\/fuhren\/feindliche-einheiten\/schwere-panzer\/steel-storm-enemy-heavy-tanks-proton\/\"><img decoding=\"async\" width=\"471\" height=\"446\" src=\"https:\/\/steelstorm.standardof.net\/wp-content\/uploads\/sites\/3\/2020\/10\/Steel-Storm-Enemy-Heavy-Tanks-Proton.jpg\" alt=\"Proton schwerer Panzer\" class=\"wp-image-23\" title=\"\" srcset=\"https:\/\/steelstorm.standardof.net\/wp-content\/uploads\/sites\/3\/2020\/10\/Steel-Storm-Enemy-Heavy-Tanks-Proton.jpg 471w, https:\/\/steelstorm.standardof.net\/wp-content\/uploads\/sites\/3\/2020\/10\/Steel-Storm-Enemy-Heavy-Tanks-Proton-300x284.jpg 300w\" sizes=\"(max-width: 471px) 100vw, 471px\" \/><\/a><figcaption>Proton schwerer Panzer<\/figcaption><\/figure><\/div>\n\n\n\n<p>Wahrscheinlich der t\u00f6dlichere der beiden Panzer, fliegen die lila Bolzen, die vom schweren Protonenpanzer herausgeschleudert werden, viel schneller als die leichten Plasmabolzen, die von den kleineren Panzerbr\u00fcdern abgefeuert werden, und richten weitaus mehr Schaden an. <\/p>\n\n\n\n<p>Mit einem hervorragenden Ziel k\u00f6nnen diese Einheiten leicht einen Vorsprung auf Sie bekommen. Machen Sie also viel Zick-Zack, wenn Sie den Explosionen ausgesetzt sein m\u00fcssen.<\/p>\n<\/div><\/div>\n\n\n\n<div style=\"height:20px\" aria-hidden=\"true\" class=\"wp-block-spacer\"><\/div>\n\n\n\n<div class=\"gb-container gb-container-9c7c93b0\"><div class=\"gb-inside-container\">\n<h2 class=\"wp-block-heading\">Schwerer Minigun-Panzer<\/h2>\n\n\n\n<div class=\"wp-block-image is-style-default\"><figure class=\"aligncenter size-full\"><a href=\"https:\/\/steelstorm.standardof.net\/de\/fuhren\/feindliche-einheiten\/schwere-panzer\/steel-storm-enemy-heavy-tanks-minigun\/\"><img decoding=\"async\" width=\"429\" height=\"446\" src=\"https:\/\/steelstorm.standardof.net\/wp-content\/uploads\/sites\/3\/2020\/10\/Steel-Storm-Enemy-Heavy-Tanks-Minigun.jpg\" alt=\"Minigun schwerer Panzer\" class=\"wp-image-22\" title=\"\" srcset=\"https:\/\/steelstorm.standardof.net\/wp-content\/uploads\/sites\/3\/2020\/10\/Steel-Storm-Enemy-Heavy-Tanks-Minigun.jpg 429w, https:\/\/steelstorm.standardof.net\/wp-content\/uploads\/sites\/3\/2020\/10\/Steel-Storm-Enemy-Heavy-Tanks-Minigun-289x300.jpg 289w\" sizes=\"(max-width: 429px) 100vw, 429px\" \/><\/a><figcaption>Minigun schwerer Panzer<\/figcaption><\/figure><\/div>\n\n\n\n<p>Der schwere Minigun-Panzer verf\u00fcgt tats\u00e4chlich \u00fcber zwei verschiedene Waffentypen, von denen der erste die sofort getroffenen Miniguns sind, die denen, die Sie besitzen, sehr \u00e4hnlich sind und die durch leichte Plasmabolzen unterst\u00fctzt werden. <\/p>\n\n\n\n<p>Obwohl es weitaus schwieriger ist, den Sch\u00fcssen dieses Panzers auszuweichen, f\u00fcgt der schwere Minigun-Panzer mit seinen Schl\u00e4gen deutlich weniger Schaden zu als der schwere Protonen-Panzer. <\/p>\n\n\n\n<p>Stellen Sie sicher, dass Sie ein paar zus\u00e4tzliche Trefferpunkte zu verlieren haben, bevor Sie einen dieser Punkte einsetzen, da der Versuch, bei schlechter Gesundheit auszuweichen, ein gro\u00dfer Schmerz sein kann.<\/p>\n<\/div><\/div>\n\n\n\n<p><\/p>","protected":false},"excerpt":{"rendered":"<p>Heavy Proton Tank Probably the more deadly of the two tanks, the purple bolts hurled out by the Heavy Proton Tank fly much faster than the Light Plasma bolts fired by the smaller tank brethren and do far more damage. With an excellent aim, these units can get a lead on you quite easily so [&hellip;]<\/p>","protected":false},"author":1,"featured_media":54,"parent":32,"menu_order":0,"comment_status":"open","ping_status":"closed","template":"","meta":{"_uag_custom_page_level_css":"","site-sidebar-layout":"default","site-content-layout":"default","ast-site-content-layout":"","site-content-style":"default","site-sidebar-style":"default","ast-global-header-display":"","ast-banner-title-visibility":"","ast-main-header-display":"","ast-hfb-above-header-display":"","ast-hfb-below-header-display":"","ast-hfb-mobile-header-display":"","site-post-title":"","ast-breadcrumbs-content":"","ast-featured-img":"","footer-sml-layout":"","theme-transparent-header-meta":"default","adv-header-id-meta":"","stick-header-meta":"","header-above-stick-meta":"","header-main-stick-meta":"","header-below-stick-meta":"","astra-migrate-meta-layouts":"default","ast-page-background-enabled":"default","ast-page-background-meta":{"desktop":{"background-color":"","background-image":"","background-repeat":"repeat","background-position":"center center","background-size":"auto","background-attachment":"scroll","background-type":"","background-media":"","overlay-type":"","overlay-color":"","overlay-gradient":""},"tablet":{"background-color":"","background-image":"","background-repeat":"repeat","background-position":"center center","background-size":"auto","background-attachment":"scroll","background-type":"","background-media":"","overlay-type":"","overlay-color":"","overlay-gradient":""},"mobile":{"background-color":"","background-image":"","background-repeat":"repeat","background-position":"center center","background-size":"auto","background-attachment":"scroll","background-type":"","background-media":"","overlay-type":"","overlay-color":"","overlay-gradient":""}},"ast-content-background-meta":{"desktop":{"background-color":"var(--ast-global-color-5)","background-image":"","background-repeat":"repeat","background-position":"center center","background-size":"auto","background-attachment":"scroll","background-type":"","background-media":"","overlay-type":"","overlay-color":"","overlay-gradient":""},"tablet":{"background-color":"var(--ast-global-color-5)","background-image":"","background-repeat":"repeat","background-position":"center center","background-size":"auto","background-attachment":"scroll","background-type":"","background-media":"","overlay-type":"","overlay-color":"","overlay-gradient":""},"mobile":{"background-color":"var(--ast-global-color-5)","background-image":"","background-repeat":"repeat","background-position":"center center","background-size":"auto","background-attachment":"scroll","background-type":"","background-media":"","overlay-type":"","overlay-color":"","overlay-gradient":""}},"footnotes":""},"uagb_featured_image_src":{"full":["https:\/\/steelstorm.standardof.net\/wp-content\/uploads\/sites\/3\/2020\/10\/MnEdR-1.jpg",1200,750,false],"thumbnail":["https:\/\/steelstorm.standardof.net\/wp-content\/uploads\/sites\/3\/2020\/10\/MnEdR-1-150x150.jpg",150,150,true],"medium":["https:\/\/steelstorm.standardof.net\/wp-content\/uploads\/sites\/3\/2020\/10\/MnEdR-1-300x188.jpg",300,188,true],"medium_large":["https:\/\/steelstorm.standardof.net\/wp-content\/uploads\/sites\/3\/2020\/10\/MnEdR-1-768x480.jpg",768,480,true],"large":["https:\/\/steelstorm.standardof.net\/wp-content\/uploads\/sites\/3\/2020\/10\/MnEdR-1-1024x640.jpg",1024,640,true],"1536x1536":["https:\/\/steelstorm.standardof.net\/wp-content\/uploads\/sites\/3\/2020\/10\/MnEdR-1.jpg",1200,750,false],"2048x2048":["https:\/\/steelstorm.standardof.net\/wp-content\/uploads\/sites\/3\/2020\/10\/MnEdR-1.jpg",1200,750,false],"trp-custom-language-flag":["https:\/\/steelstorm.standardof.net\/wp-content\/uploads\/sites\/3\/2020\/10\/MnEdR-1.jpg",18,12,false]},"uagb_author_info":{"display_name":"SOE","author_link":"https:\/\/steelstorm.standardof.net\/de\/author\/k-tastic\/"},"uagb_comment_info":0,"uagb_excerpt":"Heavy Proton Tank Probably the more deadly of the two tanks, the purple bolts hurled out by the Heavy Proton Tank fly much faster than the Light Plasma bolts fired by the smaller tank brethren and do far more damage. With an excellent aim, these units can get a lead on you quite easily so&hellip;","_links":{"self":[{"href":"https:\/\/steelstorm.standardof.net\/de\/wp-json\/wp\/v2\/pages\/34"}],"collection":[{"href":"https:\/\/steelstorm.standardof.net\/de\/wp-json\/wp\/v2\/pages"}],"about":[{"href":"https:\/\/steelstorm.standardof.net\/de\/wp-json\/wp\/v2\/types\/page"}],"author":[{"embeddable":true,"href":"https:\/\/steelstorm.standardof.net\/de\/wp-json\/wp\/v2\/users\/1"}],"replies":[{"embeddable":true,"href":"https:\/\/steelstorm.standardof.net\/de\/wp-json\/wp\/v2\/comments?post=34"}],"version-history":[{"count":0,"href":"https:\/\/steelstorm.standardof.net\/de\/wp-json\/wp\/v2\/pages\/34\/revisions"}],"up":[{"embeddable":true,"href":"https:\/\/steelstorm.standardof.net\/de\/wp-json\/wp\/v2\/pages\/32"}],"wp:featuredmedia":[{"embeddable":true,"href":"https:\/\/steelstorm.standardof.net\/de\/wp-json\/wp\/v2\/media\/54"}],"wp:attachment":[{"href":"https:\/\/steelstorm.standardof.net\/de\/wp-json\/wp\/v2\/media?parent=34"}],"curies":[{"name":"wp","href":"https:\/\/api.w.org\/{rel}","templated":true}]}}