{"id":32,"date":"2020-10-15T16:48:38","date_gmt":"2020-10-15T16:48:38","guid":{"rendered":"https:\/\/steelstorm.standardof.net\/?page_id=32"},"modified":"2020-10-19T05:14:15","modified_gmt":"2020-10-19T05:14:15","slug":"enemy-units","status":"publish","type":"page","link":"https:\/\/steelstorm.standardof.net\/de\/fuhren\/feindliche-einheiten\/","title":{"rendered":"Feindliche Einheiten"},"content":{"rendered":"<div class=\"wp-block-image\"><figure class=\"aligncenter size-large\"><a href=\"https:\/\/steelstorm.standardof.net\/de\/fuhren\/feindliche-einheiten\/steel-storm-enemy-units-group-shot\/\"><img decoding=\"async\" width=\"850\" height=\"410\" src=\"https:\/\/steelstorm.standardof.net\/wp-content\/uploads\/sites\/3\/2020\/10\/Steel-Storm-Enemy-Units-Group-Shot-850x410.jpg\" alt=\"Feindliche Einheiten\" class=\"wp-image-31\" title=\"\" srcset=\"https:\/\/steelstorm.standardof.net\/wp-content\/uploads\/sites\/3\/2020\/10\/Steel-Storm-Enemy-Units-Group-Shot.jpg 850w, https:\/\/steelstorm.standardof.net\/wp-content\/uploads\/sites\/3\/2020\/10\/Steel-Storm-Enemy-Units-Group-Shot-300x145.jpg 300w\" sizes=\"(max-width: 850px) 100vw, 850px\" \/><\/a><\/figure><\/div>\n\n\n\n<p>Dieser Leitfaden behandelt alle verschiedenen feindlichen Einheiten, denen Sie in den verschiedenen Levels von Steel Storm gegen\u00fcberstehen.<\/p>\n\n\n\n<p>Bosse sind hier nicht enthalten, um Spoiler einzuschr\u00e4nken. Sie finden sie in den jeweiligen Level-Guides.<\/p>\n\n\n\n<h2 class=\"wp-block-heading\"><a href=\"https:\/\/steelstorm.standardof.net\/de\/fuhren\/feindliche-einheiten\/schwebetanks\/\" class=\"rank-math-link\">Schwebetanks<\/a><\/h2>\n\n\n\n<p><strong>Schwebetanks<\/strong> sind die zahlreicheren, mobilen Feinde, denen Sie im Spiel gegen\u00fcberstehen, in drei Varianten. Diese erscheinen oft oder werden in Gruppen gefunden, stellen f\u00fcr sich genommen nur eine geringe Bedrohung dar, werden jedoch in ihrer gro\u00dfen Anzahl gef\u00e4hrlich.<\/p>\n\n\n\n<h2 class=\"wp-block-heading\"><a href=\"https:\/\/steelstorm.standardof.net\/de\/fuhren\/feindliche-einheiten\/schwere-panzer\/\" class=\"rank-math-link\">Schwere Panzer<\/a><\/h2>\n\n\n\n<p><strong>Schwere Panzer<\/strong> sind Arten von gro\u00dfen mobilen Feinden, die sich oft sehr langsam fortbewegen, aber mit mehreren Waffen bewaffnet sind, die Ihren Panzer leicht zerst\u00f6ren k\u00f6nnen. Gegen diese Einheiten, die am besten mit dem Vorteil des nahe gelegenen Gel\u00e4ndes bek\u00e4mpft werden, ist \u00e4u\u00dferste Vorsicht geboten.<\/p>\n\n\n\n<h2 class=\"wp-block-heading\"><a href=\"https:\/\/steelstorm.standardof.net\/de\/fuhren\/feindliche-einheiten\/turme\/\" class=\"rank-math-link\">T\u00fcrme<\/a><\/h2>\n\n\n\n<p><strong>T\u00fcrme <\/strong>sind station\u00e4re Verteidiger, die zwar nicht in der Lage sind, sich zu bewegen, aber aufgrund ihrer Waffen eine ernsthafte Bedrohung darstellen. Sie werden oft feststellen, dass einige dieser feindlichen Einheiten w\u00e4hrend eines Hinterhalts mit einigen zus\u00e4tzlichen Schwebetanks teleportiert werden.<\/p>","protected":false},"excerpt":{"rendered":"<p>This guide covers all the various enemy units you will find yourself facing in the various levels of Steel Storm. Bosses are not included here to limit spoilers. You will find them covered in their respective level guides. Hover Tanks Hover Tanks are the more numerous, mobile enemies you face in the game, coming in [&hellip;]<\/p>","protected":false},"author":1,"featured_media":0,"parent":6,"menu_order":0,"comment_status":"open","ping_status":"closed","template":"","meta":{"_uag_custom_page_level_css":"","site-sidebar-layout":"default","site-content-layout":"default","ast-site-content-layout":"","site-content-style":"default","site-sidebar-style":"default","ast-global-header-display":"","ast-banner-title-visibility":"","ast-main-header-display":"","ast-hfb-above-header-display":"","ast-hfb-below-header-display":"","ast-hfb-mobile-header-display":"","site-post-title":"","ast-breadcrumbs-content":"","ast-featured-img":"","footer-sml-layout":"","theme-transparent-header-meta":"default","adv-header-id-meta":"","stick-header-meta":"","header-above-stick-meta":"","header-main-stick-meta":"","header-below-stick-meta":"","astra-migrate-meta-layouts":"default","ast-page-background-enabled":"default","ast-page-background-meta":{"desktop":{"background-color":"","background-image":"","background-repeat":"repeat","background-position":"center center","background-size":"auto","background-attachment":"scroll","background-type":"","background-media":"","overlay-type":"","overlay-color":"","overlay-gradient":""},"tablet":{"background-color":"","background-image":"","background-repeat":"repeat","background-position":"center center","background-size":"auto","background-attachment":"scroll","background-type":"","background-media":"","overlay-type":"","overlay-color":"","overlay-gradient":""},"mobile":{"background-color":"","background-image":"","background-repeat":"repeat","background-position":"center center","background-size":"auto","background-attachment":"scroll","background-type":"","background-media":"","overlay-type":"","overlay-color":"","overlay-gradient":""}},"ast-content-background-meta":{"desktop":{"background-color":"var(--ast-global-color-5)","background-image":"","background-repeat":"repeat","background-position":"center center","background-size":"auto","background-attachment":"scroll","background-type":"","background-media":"","overlay-type":"","overlay-color":"","overlay-gradient":""},"tablet":{"background-color":"var(--ast-global-color-5)","background-image":"","background-repeat":"repeat","background-position":"center center","background-size":"auto","background-attachment":"scroll","background-type":"","background-media":"","overlay-type":"","overlay-color":"","overlay-gradient":""},"mobile":{"background-color":"var(--ast-global-color-5)","background-image":"","background-repeat":"repeat","background-position":"center center","background-size":"auto","background-attachment":"scroll","background-type":"","background-media":"","overlay-type":"","overlay-color":"","overlay-gradient":""}},"footnotes":""},"uagb_featured_image_src":{"full":false,"thumbnail":false,"medium":false,"medium_large":false,"large":false,"1536x1536":false,"2048x2048":false,"trp-custom-language-flag":false},"uagb_author_info":{"display_name":"SOE","author_link":"https:\/\/steelstorm.standardof.net\/de\/author\/k-tastic\/"},"uagb_comment_info":0,"uagb_excerpt":"This guide covers all the various enemy units you will find yourself facing in the various levels of Steel Storm. Bosses are not included here to limit spoilers. You will find them covered in their respective level guides. Hover Tanks Hover Tanks are the more numerous, mobile enemies you face in the game, coming in&hellip;","_links":{"self":[{"href":"https:\/\/steelstorm.standardof.net\/de\/wp-json\/wp\/v2\/pages\/32"}],"collection":[{"href":"https:\/\/steelstorm.standardof.net\/de\/wp-json\/wp\/v2\/pages"}],"about":[{"href":"https:\/\/steelstorm.standardof.net\/de\/wp-json\/wp\/v2\/types\/page"}],"author":[{"embeddable":true,"href":"https:\/\/steelstorm.standardof.net\/de\/wp-json\/wp\/v2\/users\/1"}],"replies":[{"embeddable":true,"href":"https:\/\/steelstorm.standardof.net\/de\/wp-json\/wp\/v2\/comments?post=32"}],"version-history":[{"count":0,"href":"https:\/\/steelstorm.standardof.net\/de\/wp-json\/wp\/v2\/pages\/32\/revisions"}],"up":[{"embeddable":true,"href":"https:\/\/steelstorm.standardof.net\/de\/wp-json\/wp\/v2\/pages\/6"}],"wp:attachment":[{"href":"https:\/\/steelstorm.standardof.net\/de\/wp-json\/wp\/v2\/media?parent=32"}],"curies":[{"name":"wp","href":"https:\/\/api.w.org\/{rel}","templated":true}]}}