{"id":296,"date":"2020-10-17T14:50:20","date_gmt":"2020-10-17T14:50:20","guid":{"rendered":"https:\/\/steelstorm.standardof.net\/?page_id=296"},"modified":"2020-10-17T14:50:20","modified_gmt":"2020-10-17T14:50:20","slug":"burning-retribution-the-network","status":"publish","type":"page","link":"https:\/\/steelstorm.standardof.net\/de\/fuhren\/level-walkthroughs-2\/brennen-vergeltung-das-netzwerk\/","title":{"rendered":"Brennende Vergeltung: Das Netzwerk"},"content":{"rendered":"<p>In der Mission Frostlock - The Network betrittst du nun, nachdem du das Deep Cave-Netzwerk infiltriert hast, den Mainframe-Speicherbereich des Feindes, in dem du 4 Schl\u00fcssel sammeln musst, um das K\u00fchlsystem vollst\u00e4ndig zu deaktivieren und zu zerst\u00f6ren. W\u00e4hrend Sie sich in diesem Komplex befinden, m\u00fcssen Sie auch eine experimentelle Waffe aufheben.<\/p>\n\n\n\n<div style=\"height:20px\" aria-hidden=\"true\" class=\"wp-block-spacer\"><\/div>\n\n\n\n<div class=\"gb-container gb-container-ae025cb2\"><div class=\"gb-inside-container\">\n<h2 class=\"has-text-align-center wp-block-heading\">Karte und Ziele<\/h2>\n\n\n\n<div class=\"wp-block-image is-style-default\"><figure class=\"aligncenter size-full is-resized\"><a href=\"https:\/\/steelstorm.standardof.net\/de\/steel-storm-burning-retribution-the-network\/\"><img decoding=\"async\" src=\"https:\/\/steelstorm.standardof.net\/wp-content\/uploads\/sites\/3\/2020\/10\/Steel-Storm-Burning-Retribution-The-Network.jpg\" alt=\"\" class=\"wp-image-278\" width=\"654\" height=\"505\" title=\"\" srcset=\"https:\/\/steelstorm.standardof.net\/wp-content\/uploads\/sites\/3\/2020\/10\/Steel-Storm-Burning-Retribution-The-Network.jpg 872w, https:\/\/steelstorm.standardof.net\/wp-content\/uploads\/sites\/3\/2020\/10\/Steel-Storm-Burning-Retribution-The-Network-300x232.jpg 300w, https:\/\/steelstorm.standardof.net\/wp-content\/uploads\/sites\/3\/2020\/10\/Steel-Storm-Burning-Retribution-The-Network-768x593.jpg 768w, https:\/\/steelstorm.standardof.net\/wp-content\/uploads\/sites\/3\/2020\/10\/Steel-Storm-Burning-Retribution-The-Network-16x12.jpg 16w\" sizes=\"(max-width: 654px) 100vw, 654px\" \/><\/a><\/figure><\/div>\n\n\n\n<h3 class=\"has-text-align-center wp-block-heading\">- Hauptziele -<\/h3>\n\n\n\n<p class=\"has-text-align-center\">Deaktivieren Sie das K\u00fchlsystem des Mainframes.<\/p>\n\n\n\n<h4 class=\"has-text-align-center wp-block-heading\">- Sekund\u00e4rziele -<\/h4>\n\n\n\n<p class=\"has-text-align-center\">Entkomme mit der unbekannten Waffe.<\/p>\n<\/div><\/div>\n\n\n\n<div style=\"height:20px\" aria-hidden=\"true\" class=\"wp-block-spacer\"><\/div>\n\n\n\n<div class=\"gb-container gb-container-686af150\"><div class=\"gb-inside-container\">\n<h2 class=\"has-text-align-center wp-block-heading\">Level Progression und Tipps:<\/h2>\n\n\n\n<p>Der erste wichtige Hinweis ist, dass es andere potenzielle Routen gibt, mit denen diese Mission entweder genauso effizient oder effizienter durchgef\u00fchrt werden kann. Die hier beschriebene Route war jedoch eine, die ich angesichts der Winkel, in denen Sie sich bestimmten Feinden n\u00e4hern, als \u00fcberschaubar empfand. Auch wenn dieses Level einfach und relativ einfach ist, wird es durch enge R\u00e4ume kompliziert, die die Dinge weitaus t\u00f6dlicher machen.<\/p>\n\n\n\n<p>Sie starten an der Stelle neben dem Ausgangspad <strong>EIN <\/strong>und sollte beginnen, auf dem roten Pfad zu Punkt B zu gehen, nachdem Sie den Schild in der N\u00e4he aufgehoben haben. Gehen Sie nicht in die andere Richtung durch die G\u00e4nge, da Sie dadurch sofort get\u00f6tet werden k\u00f6nnen. Erreichen des Punktes <strong>B.<\/strong>Sie werden auf einen Heavy Beam Turret und ein Paar Light Plasma Turrets sto\u00dfen, die die erste rote Schl\u00fcsselkarte bewachen. Nehmen Sie diese heraus und n\u00e4hern Sie sich mit den Betonhindernissen dem Balkenturm gegen die rechte Seite des Flurs. Sobald diese unten sind, bereiten Sie sich auf einen Panzer\u00fcberfall vor, wenn Sie die Kreuzung vor sich \u00fcberqueren.<\/p>\n\n\n\n<p>Machen Sie sich auf den Weg zum Punkt <strong>C.<\/strong> unter Ber\u00fccksichtigung von zwei besonderen Gefahren. Wenn Sie vor Erreichen von C auf den Raum mit vier roten S\u00e4ulen und frei unter dem Boden flie\u00dfendem K\u00fchlmittel sto\u00dfen, befindet sich beim Betreten rechts ein Turm mit schwerem Strahl, was eine \u00dcberraschung sein kann, wenn Sie nur vorw\u00e4rts rasen. Verwenden Sie einen abgewinkelten Schuss aus der Ecke des Eingangs, um ihn herauszunehmen, ohne sich dem Feuer auszusetzen. Ihre zweite bedeutende Bedrohung ist hinter diesem Raum, kurz bevor Sie die Kurve im Flur treffen <strong>C.<\/strong>Dies wird einen Reparatur-Turm von einigen h\u00f6chstwahrscheinlich zuvor zerst\u00f6rten Feinden hervorbringen. Nehmen Sie dies schnell heraus, um Kopfschmerzen zu vermeiden.<\/p>\n\n\n\n<p>Obwohl technisch k\u00f6nnen Sie die L\u00fcfter mit einem Triggerpad an Punkt deaktivieren <strong>E.<\/strong>Solange Sie eine angemessene Menge an Gesundheit haben, k\u00f6nnen Sie die Fl\u00fcgel der L\u00fcfter auf beiden Seiten der Schl\u00fcsselkarte an einer bestimmten Stelle anhalten <strong>D.<\/strong>mit nur geringem Schaden. Es kann gef\u00e4hrlicher sein, zuerst den alternativen Weg zu nehmen, um dieses Pad zu erreichen. Angesichts des Winkels m\u00fcssen Sie sich jedoch einigen T\u00fcrmen von Ihrem Weg aus n\u00e4hern. Sobald diese zweite Karte Ihnen geh\u00f6rt, achten Sie auf die beiden Light Plasma Turrets direkt auf der anderen Seite des zweiten L\u00fcfters. Verwenden Sie dazu Ihre Sto\u00dfwelle, w\u00e4hrend Sie die Tasche zwischen den beiden L\u00fcftern lassen, um zu verhindern, dass sie Ihren Panzer abschie\u00dfen.<\/p>\n\n\n\n<p>Seien Sie vorsichtig, wenn Sie um die n\u00e4chste Ecke biegen, da zwei Hinterhaltstrupps zusammen mit einem Heavy Beam Turret auftauchen, der vom \u00e4u\u00dfersten Ende des Flurs auf Sie schie\u00dft. Der erste Trupp mit 2 Lichtpanzern und einem Blitzpanzer erscheint, wenn er sich direkt an den wei\u00dfen Lichtern auf beiden Seiten des Flurs vorbei bewegt. Wave #2 besteht aus 3 mittleren Panzern, die erscheinen, wenn Sie das Quadrat ber\u00fchren, auf dem sich der Heavy Beam Turret befand. Beide sollten mit einem schnellen R\u00fcckw\u00e4rtsgang und dem Ausl\u00f6sen der Sto\u00dfwelle behandelt werden, sobald Sie sie laichen sehen. Wenn Sie mit diesen umgehen, k\u00f6nnen Sie sich auf den Weg zum Punkt machen <strong>E.<\/strong>Hier finden Sie einen Raketenturm, der von einem Reparaturturm unterst\u00fctzt wird. Versuchen Sie, die Position der Reparaturt\u00fcrme anhand ihres Strahls vorherzusagen und treffen Sie sie vom Flur au\u00dferhalb des Bildschirms, bevor Sie den Raum vollst\u00e4ndig betreten, um sich einige Trefferpunkte zu ersparen.<\/p>\n\n\n\n<p>Ihr n\u00e4chstes Hindernis nach dem Aufheben der 3. Schl\u00fcsselkarte besteht darin, eine Gruppe von T\u00fcrmen zu \u00fcbernehmen, die von einem Reparaturturm unterst\u00fctzt werden. Dies ist der Hauptgrund, warum ich erw\u00e4hnt habe, dass Sie sich aus der auf der Karte rechts angegebenen Richtung n\u00e4hern. Der erste Turm an dieser Stelle, Punkt <strong>F.<\/strong>Sie werden sehen, dass sich der Raketenturm in der Mitte dieser Gruppe befindet. Der Reparaturturm, auf den Sie sich konzentrieren m\u00fcssen, befindet sich rechts, wenn Sie beiden gegen\u00fcberstehen. Laufen Sie schnell zum Raketenturm und l\u00f6sen Sie Ihre Sto\u00dfwelle aus, bevor die Raketen Sie treffen, damit sie zur\u00fcckfliegen. Verwenden Sie (hoffentlich haben Sie sie) Ihre Strahlkanone, um den Reparaturturm auszuschalten, oder \u00fcbergie\u00dfen Sie ihn einfach mit den Raketen, die Sie verwenden Vielleicht haben Sie es mit dem Thunderbolt usw. bet\u00e4ubt. Nehmen Sie die letzte Schl\u00fcsselkarte, sobald Sie die verbleibenden T\u00fcrme ausgel\u00f6scht haben, die jetzt nicht zur\u00fcckkommen werden.<\/p>\n\n\n\n<p>Jetzt ist es mit allen vier Schl\u00fcsselkarten an der Zeit, die experimentelle Waffe, die Homing Missiles, von Punkt G zu holen. Sie m\u00fcssen sich einem weiteren Trio von T\u00fcrmen (2 Balken und 1 Rakete) stellen, die von einem laichenden Reparaturrevolver auf dem Raketenturm unterst\u00fctzt werden Zerst\u00f6rung. Nehmen Sie den Raketenturm mit einer normalen Waffe aus der Ferne heraus. Verwenden Sie dann nach dem Laichen des Reparaturturms und der anschlie\u00dfenden Wiederbelebung des Raketenturms die Dash- und Shockwave-Methode, die Sie zuvor f\u00fcr die Gruppe verwendet haben <strong>F.<\/strong>. Es gibt einen letzten Strahlenturm der Zielsuchrakete, den Sie sammeln m\u00fcssen, der zerst\u00f6rt und nahe genug herangef\u00fchrt werden kann, um zu bet\u00e4uben, ohne dass er auf Sie schie\u00dft, wenn Sie vorsichtig sind, welcher der Container den Weg zum Herausnehmen blockiert. Du solltest es wirklich schon haben, die Shockwave befindet sich auch neben der Homing Missile, aber im Ernst, viel Gl\u00fcck, es so weit zu schaffen, ohne es von den vorherigen Missionen abgerufen zu haben.<\/p>\n\n\n\n<p><strong>Hinweis:<\/strong>Wenn Sie h\u00e4ufig sterben und lieber auf Nummer sicher gehen m\u00f6chten, lassen Sie die Zielsuchrakete hier, bis Sie das prim\u00e4re Ziel erreicht haben, um zu vermeiden, dass Sie es im Tod verlieren und das Level neu starten oder Ihr sekund\u00e4res Ziel verfehlen m\u00fcssen.<\/p>\n\n\n\n<p>Wenn Sie die Zielsuchrakete haben, k\u00f6nnen Sie auf dem blauen Pfad zu Ihrem Endziel bei Punkt H fahren. Sobald Sie die obere Ebene erreicht haben, m\u00fcssen Sie sich mit einigen Balken- und Raketent\u00fcrmen befassen, die Sie r\u00e4umen sollten, bevor Sie die Paneele hier hacken. Achten Sie auf einen Hinterhalt, denn wenn Sie zwei der vier T\u00fcrme (insbesondere eines des oberen und eines des unteren Paares) zerst\u00f6ren, befindet sich ein einzelner schwerer Minigun-Panzer neben dem s\u00fcdlichen Turmpaar und in der N\u00e4he des eine Platte von den anderen drei entfernt. Sobald diese Feinde erledigt sind, k\u00f6nnen Sie alle vier Schl\u00fcsselkarten auf den vier Feldern hier verwenden, um Ihr prim\u00e4res Ziel zu erreichen und das Netzwerk in Steel Storm \u00fcber das Ausgangsfeld zu verlassen <strong>EIN<\/strong>.<\/p>\n<\/div><\/div>\n\n\n\n<div style=\"height:20px\" aria-hidden=\"true\" class=\"wp-block-spacer\"><\/div>\n\n\n\n<h3 class=\"has-text-align-center wp-block-heading\">Frostlock - Der Netzwerk-Video-Walkthrough<\/h3>\n\n\n\n<figure class=\"wp-block-embed-youtube wp-block-embed is-type-video is-provider-youtube wp-embed-aspect-4-3 wp-has-aspect-ratio\"><div class=\"wp-block-embed__wrapper\">\n<div class=\"ast-oembed-container\" style=\"height: 100%;\"><iframe title=\"Ch2-L4 Frostlock - Das Netzwerk: Stahlsturm - Episode 2\" width=\"500\" height=\"375\" src=\"https:\/\/www.youtube.com\/embed\/qfi24ZrjSH0?feature=oembed\" frameborder=\"0\" allow=\"accelerometer; autoplay; clipboard-write; encrypted-media; gyroscope; picture-in-picture; web-share\" referrerpolicy=\"strict-origin-when-cross-origin\" allowfullscreen><\/iframe><\/div>\n<\/div><\/figure>","protected":false},"excerpt":{"rendered":"<p>In the mission Frostlock \u2013 The Network, having infiltrated the deep cave network, you now enter the enemy\u2019s mainframe storage area which you will have to collect a set of 4 keys in order to fully access to disable the cooling system in order to destroy it. While you are within this complex you are [&hellip;]<\/p>","protected":false},"author":1,"featured_media":54,"parent":173,"menu_order":0,"comment_status":"open","ping_status":"closed","template":"","meta":{"_uag_custom_page_level_css":"","site-sidebar-layout":"default","site-content-layout":"default","ast-site-content-layout":"","site-content-style":"default","site-sidebar-style":"default","ast-global-header-display":"","ast-banner-title-visibility":"","ast-main-header-display":"","ast-hfb-above-header-display":"","ast-hfb-below-header-display":"","ast-hfb-mobile-header-display":"","site-post-title":"","ast-breadcrumbs-content":"","ast-featured-img":"","footer-sml-layout":"","theme-transparent-header-meta":"default","adv-header-id-meta":"","stick-header-meta":"","header-above-stick-meta":"","header-main-stick-meta":"","header-below-stick-meta":"","astra-migrate-meta-layouts":"default","ast-page-background-enabled":"default","ast-page-background-meta":{"desktop":{"background-color":"","background-image":"","background-repeat":"repeat","background-position":"center center","background-size":"auto","background-attachment":"scroll","background-type":"","background-media":"","overlay-type":"","overlay-color":"","overlay-gradient":""},"tablet":{"background-color":"","background-image":"","background-repeat":"repeat","background-position":"center center","background-size":"auto","background-attachment":"scroll","background-type":"","background-media":"","overlay-type":"","overlay-color":"","overlay-gradient":""},"mobile":{"background-color":"","background-image":"","background-repeat":"repeat","background-position":"center center","background-size":"auto","background-attachment":"scroll","background-type":"","background-media":"","overlay-type":"","overlay-color":"","overlay-gradient":""}},"ast-content-background-meta":{"desktop":{"background-color":"var(--ast-global-color-5)","background-image":"","background-repeat":"repeat","background-position":"center center","background-size":"auto","background-attachment":"scroll","background-type":"","background-media":"","overlay-type":"","overlay-color":"","overlay-gradient":""},"tablet":{"background-color":"var(--ast-global-color-5)","background-image":"","background-repeat":"repeat","background-position":"center center","background-size":"auto","background-attachment":"scroll","background-type":"","background-media":"","overlay-type":"","overlay-color":"","overlay-gradient":""},"mobile":{"background-color":"var(--ast-global-color-5)","background-image":"","background-repeat":"repeat","background-position":"center center","background-size":"auto","background-attachment":"scroll","background-type":"","background-media":"","overlay-type":"","overlay-color":"","overlay-gradient":""}},"footnotes":""},"uagb_featured_image_src":{"full":["https:\/\/steelstorm.standardof.net\/wp-content\/uploads\/sites\/3\/2020\/10\/MnEdR-1.jpg",1200,750,false],"thumbnail":["https:\/\/steelstorm.standardof.net\/wp-content\/uploads\/sites\/3\/2020\/10\/MnEdR-1-150x150.jpg",150,150,true],"medium":["https:\/\/steelstorm.standardof.net\/wp-content\/uploads\/sites\/3\/2020\/10\/MnEdR-1-300x188.jpg",300,188,true],"medium_large":["https:\/\/steelstorm.standardof.net\/wp-content\/uploads\/sites\/3\/2020\/10\/MnEdR-1-768x480.jpg",768,480,true],"large":["https:\/\/steelstorm.standardof.net\/wp-content\/uploads\/sites\/3\/2020\/10\/MnEdR-1-1024x640.jpg",1024,640,true],"1536x1536":["https:\/\/steelstorm.standardof.net\/wp-content\/uploads\/sites\/3\/2020\/10\/MnEdR-1.jpg",1200,750,false],"2048x2048":["https:\/\/steelstorm.standardof.net\/wp-content\/uploads\/sites\/3\/2020\/10\/MnEdR-1.jpg",1200,750,false],"trp-custom-language-flag":["https:\/\/steelstorm.standardof.net\/wp-content\/uploads\/sites\/3\/2020\/10\/MnEdR-1.jpg",18,12,false]},"uagb_author_info":{"display_name":"SOE","author_link":"https:\/\/steelstorm.standardof.net\/de\/author\/k-tastic\/"},"uagb_comment_info":0,"uagb_excerpt":"In the mission Frostlock \u2013 The Network, having infiltrated the deep cave network, you now enter the enemy\u2019s mainframe storage area which you will have to collect a set of 4 keys in order to fully access to disable the cooling system in order to destroy it. While you are within this complex you are&hellip;","_links":{"self":[{"href":"https:\/\/steelstorm.standardof.net\/de\/wp-json\/wp\/v2\/pages\/296"}],"collection":[{"href":"https:\/\/steelstorm.standardof.net\/de\/wp-json\/wp\/v2\/pages"}],"about":[{"href":"https:\/\/steelstorm.standardof.net\/de\/wp-json\/wp\/v2\/types\/page"}],"author":[{"embeddable":true,"href":"https:\/\/steelstorm.standardof.net\/de\/wp-json\/wp\/v2\/users\/1"}],"replies":[{"embeddable":true,"href":"https:\/\/steelstorm.standardof.net\/de\/wp-json\/wp\/v2\/comments?post=296"}],"version-history":[{"count":0,"href":"https:\/\/steelstorm.standardof.net\/de\/wp-json\/wp\/v2\/pages\/296\/revisions"}],"up":[{"embeddable":true,"href":"https:\/\/steelstorm.standardof.net\/de\/wp-json\/wp\/v2\/pages\/173"}],"wp:featuredmedia":[{"embeddable":true,"href":"https:\/\/steelstorm.standardof.net\/de\/wp-json\/wp\/v2\/media\/54"}],"wp:attachment":[{"href":"https:\/\/steelstorm.standardof.net\/de\/wp-json\/wp\/v2\/media?parent=296"}],"curies":[{"name":"wp","href":"https:\/\/api.w.org\/{rel}","templated":true}]}}