{"id":295,"date":"2020-10-17T14:52:28","date_gmt":"2020-10-17T14:52:28","guid":{"rendered":"https:\/\/steelstorm.standardof.net\/?page_id=295"},"modified":"2022-10-31T08:17:37","modified_gmt":"2022-10-31T08:17:37","slug":"burning-retribution-plaza-of-doom","status":"publish","type":"page","link":"https:\/\/steelstorm.standardof.net\/de\/fuhren\/level-walkthroughs-2\/brennender-vergeltungsplatz-des-untergangs-2\/","title":{"rendered":"Brennende Vergeltung: Plaza of Doom"},"content":{"rendered":"<p>Nachdem Sie das vorherige Level verlassen haben, werden Sie zu einem unbekannten au\u00dferirdischen Hangar an einem fremden Ort gebracht. Intel schl\u00e4gt vor, dass der Feind ein gro\u00dfes Fahrzeug eingesetzt hat, das als Carrier bekannt ist. Machen Sie sich bereit f\u00fcr Ihren ersten Bosskampf in Steel Storm Burning Retribution.<\/p>\n\n\n\n<div style=\"height:20px\" aria-hidden=\"true\" class=\"wp-block-spacer\"><\/div>\n\n\n<div class=\"gb-container gb-container-ae025cb2\"><div class=\"gb-inside-container\">\n\n<h2 class=\"has-text-align-center wp-block-heading\">Karte und Ziele<\/h2>\n\n\n\n<div class=\"wp-block-image is-style-default\"><figure class=\"aligncenter size-full is-resized\"><a href=\"https:\/\/steelstorm.standardof.net\/de\/steel-storm-burning-retribution-plaza-of-doom-1\/\"><img decoding=\"async\" src=\"https:\/\/steelstorm.standardof.net\/wp-content\/uploads\/sites\/3\/2020\/10\/Steel-Storm-Burning-Retribution-Plaza-of-Doom-1.jpg\" alt=\"\" class=\"wp-image-272\" width=\"649\" height=\"503\" title=\"\" srcset=\"https:\/\/steelstorm.standardof.net\/wp-content\/uploads\/sites\/3\/2020\/10\/Steel-Storm-Burning-Retribution-Plaza-of-Doom-1.jpg 865w, https:\/\/steelstorm.standardof.net\/wp-content\/uploads\/sites\/3\/2020\/10\/Steel-Storm-Burning-Retribution-Plaza-of-Doom-1-300x232.jpg 300w, https:\/\/steelstorm.standardof.net\/wp-content\/uploads\/sites\/3\/2020\/10\/Steel-Storm-Burning-Retribution-Plaza-of-Doom-1-768x595.jpg 768w, https:\/\/steelstorm.standardof.net\/wp-content\/uploads\/sites\/3\/2020\/10\/Steel-Storm-Burning-Retribution-Plaza-of-Doom-1-16x12.jpg 16w\" sizes=\"(max-width: 649px) 100vw, 649px\" \/><\/a><\/figure><\/div>\n\n\n\n<h3 class=\"has-text-align-center wp-block-heading\">- Hauptziele -<\/h3>\n\n\n\n<p class=\"has-text-align-center\">Daten vom Mainframe abrufen<br>Zerst\u00f6re den Tr\u00e4ger<\/p>\n\n<\/div><\/div>\n\n\n<div style=\"height:20px\" aria-hidden=\"true\" class=\"wp-block-spacer\"><\/div>\n\n\n<div class=\"gb-container gb-container-686af150\"><div class=\"gb-inside-container\">\n\n<h2 class=\"has-text-align-center wp-block-heading\">Level Progression und Tipps:<\/h2>\n\n\n\n<p>Diese Mission dreht sich so ziemlich ausschlie\u00dflich um Ihren Kampf mit dem Carrier, ohne dass sonst noch echte Aufgaben zu erledigen sind, obwohl dieser Kampf kein Scherz ist. Zun\u00e4chst einmal hilft es immens, dieses Level mit der Strahlkanone zusammen mit der Zielsuchrakete von The Network zu beginnen, da ihre einzigartigen F\u00e4higkeiten hier fast notwendig sein werden. Machen Sie sich mit dem Wissen vertraut, dass der Carrier haupts\u00e4chlich im zentralen Bereich bleibt, obwohl kleinere Einheiten, die vom Carrier zusammen mit Panzer-Spawns gestartet werden, die Dinge komplizieren.<\/p>\n\n\n\n<p>Anfangs befinden sich keine Feinde auf der Karte, und Ihre erste Aufgabe besteht darin, zu Punkt A zu reisen, um dort auf das Bedienfeld zuzugreifen. Sobald Sie sich ihm n\u00e4hern, wird ein Kraftfeld aktiviert und der Tr\u00e4ger erscheint in der Mitte und beginnt seinen Angriff.<\/p>\n\n\n\n<p>Der Carrier selbst ist nicht gerade bewaffnet und verl\u00e4sst sich stattdessen auf einen st\u00e4ndigen Strom schwebender Einheiten, die aus seinen R\u00fcckseiten starten. Diese schwebenden Einheiten k\u00f6nnen nur von Ihrer Sto\u00dfwelle oder, was noch wichtiger ist, Ihren Zielsuchraketen getroffen werden, die sich in die Luft kr\u00fcmmen und sie niederschlagen k\u00f6nnen. Diese Einheiten feuern ihre eigenen Raketen auf Sie ab, die \u00fcber leichte Zielsuchf\u00e4higkeiten verf\u00fcgen, aber mit einer Sto\u00dfwelle leicht ausgewichen oder abgewehrt werden k\u00f6nnen. \u00dcber die abgefeuerten Einheiten hinaus verf\u00fcgt der Tr\u00e4ger \u00fcber eine Sto\u00dfwelle, die von Zeit zu Zeit ausgel\u00f6st wird und einige Ihrer Sch\u00fcsse abwehrt, sowie \u00fcber einen an seiner Nase angebrachten Repair Turret-Strahl, mit dem er andere gefallene Feinde kontinuierlich wiederbeleben kann. Wenn Sie direkt auf den Tr\u00e4ger schie\u00dfen, wechseln Sie von Zielsuchraketen zur Strahlkanone, um hohen Schaden zu verursachen, der nicht abgewehrt werden kann.<\/p>\n\n\n\n<p>W\u00e4hrend des Kampfes, wenn Sie dem Tr\u00e4ger ernsthaften Schaden zuf\u00fcgen, erscheinen st\u00e4ndig mehrere Gruppen feindlicher Panzer auf dem Platz um die Startposition des Tr\u00e4gers. Wenn diese herauskommen, k\u00f6nnen Sie sie vom Tr\u00e4ger in die verschiedenen G\u00e4nge ziehen, um die Anzahl der Ziele zu verwalten, mit denen Sie gleichzeitig fertig werden m\u00fcssen.<\/p>\n\n\n\n<p>Einige der verschiedenen Punkte auf der Karte oben sind markiert, um zu beschreiben, welche Pickups sie enthalten und welche wie folgt aufgelistet werden: (Einige befinden sich m\u00f6glicherweise in Containern)<\/p>\n\n\n\n<ul><li>Punkt 1: Extraleben und 2 Panzerplatten<\/li><li>Punkt 2: Schild und 2 Panzerplatten<\/li><li>Punkt 3: 1 Volle R\u00fcstung<\/li><li>Punkt 4: 2 Schilde<\/li><li>Punkt C: 10 Panzerplatten, Blitz und Sturmschild<\/li><li>Punkt A: 4 Panzerplatten im Flur.<\/li><li>Punkt E: 4 Schilde, 4 Vollpanzer, 1 R\u00fcstungsplatte, Sturmausbreitung, Flakkanone, Strahlkanone, Zielsuchrakete (Diese Gegenst\u00e4nde erscheinen in zwei Gruppen, ausgel\u00f6st durch den starken Schaden des Tr\u00e4gers.)<\/li><li>Spawnpunkt: 4 Schilde, 3 R\u00fcstungsplatten, Raketenh\u00fclse, MIRV, volle R\u00fcstung (wieder erscheinen einige dieser Gegenst\u00e4nde erst, nachdem der Tr\u00e4ger erheblichen Schaden erlitten hat)<\/li><\/ul>\n\n\n\n<p>Ziehen Sie sich zu diesen Punkten zur\u00fcck, wenn Sie die Pickups ben\u00f6tigen, die sie Ihnen anbieten, und versuchen Sie es weiterhin mit dem Carrier, indem Sie den oben genannten Strategien folgen. Sobald du das Biest besiegt hast, kannst du die verbleibenden Spawns abwischen, die an diesem Punkt nicht mehr kommen, bevor du die Dinge hier einpackst. Wenn die K\u00fcste frei ist, k\u00f6nnen Sie jetzt an Punkt A auf das Bedienfeld zugreifen, um alle Ihre Hauptziele zu erreichen, bevor Sie die Mission \u00fcber das Ausgangsfeld an Punkt C verlassen k\u00f6nnen. Damit haben Sie das zweite Kapitel von Episode 2 in abgeschlossen Stahlsturm brennende Vergeltung.<\/p>\n\n\n\n<figure class=\"wp-block-gallery has-nested-images columns-default is-cropped wp-block-gallery-1 is-layout-flex wp-block-gallery-is-layout-flex\">\n<figure class=\"wp-block-image size-large\"><a href=\"https:\/\/steelstorm.standardof.net\/wp-content\/uploads\/sites\/3\/2020\/10\/Steel-Storm-Burning-Retribution-Plaza-of-Doom-2.jpg\"><img decoding=\"async\" width=\"960\" height=\"720\" src=\"https:\/\/steelstorm.standardof.net\/wp-content\/uploads\/sites\/3\/2020\/10\/Steel-Storm-Burning-Retribution-Plaza-of-Doom-2.jpg\" alt=\"\" class=\"wp-image-273\" title=\"\" srcset=\"https:\/\/steelstorm.standardof.net\/wp-content\/uploads\/sites\/3\/2020\/10\/Steel-Storm-Burning-Retribution-Plaza-of-Doom-2.jpg 960w, https:\/\/steelstorm.standardof.net\/wp-content\/uploads\/sites\/3\/2020\/10\/Steel-Storm-Burning-Retribution-Plaza-of-Doom-2-300x225.jpg 300w, https:\/\/steelstorm.standardof.net\/wp-content\/uploads\/sites\/3\/2020\/10\/Steel-Storm-Burning-Retribution-Plaza-of-Doom-2-768x576.jpg 768w, https:\/\/steelstorm.standardof.net\/wp-content\/uploads\/sites\/3\/2020\/10\/Steel-Storm-Burning-Retribution-Plaza-of-Doom-2-16x12.jpg 16w\" sizes=\"(max-width: 960px) 100vw, 960px\" \/><\/a><\/figure>\n\n\n\n<figure class=\"wp-block-image size-large\"><a href=\"https:\/\/steelstorm.standardof.net\/wp-content\/uploads\/sites\/3\/2020\/10\/Steel-Storm-Burning-Retribution-Plaza-of-Doom-6.jpg\"><img decoding=\"async\" width=\"960\" height=\"720\" src=\"https:\/\/steelstorm.standardof.net\/wp-content\/uploads\/sites\/3\/2020\/10\/Steel-Storm-Burning-Retribution-Plaza-of-Doom-6.jpg\" alt=\"\" class=\"wp-image-277\" title=\"\" srcset=\"https:\/\/steelstorm.standardof.net\/wp-content\/uploads\/sites\/3\/2020\/10\/Steel-Storm-Burning-Retribution-Plaza-of-Doom-6.jpg 960w, https:\/\/steelstorm.standardof.net\/wp-content\/uploads\/sites\/3\/2020\/10\/Steel-Storm-Burning-Retribution-Plaza-of-Doom-6-300x225.jpg 300w, https:\/\/steelstorm.standardof.net\/wp-content\/uploads\/sites\/3\/2020\/10\/Steel-Storm-Burning-Retribution-Plaza-of-Doom-6-768x576.jpg 768w, https:\/\/steelstorm.standardof.net\/wp-content\/uploads\/sites\/3\/2020\/10\/Steel-Storm-Burning-Retribution-Plaza-of-Doom-6-16x12.jpg 16w\" sizes=\"(max-width: 960px) 100vw, 960px\" \/><\/a><\/figure>\n\n\n\n<figure class=\"wp-block-image size-large\"><a href=\"https:\/\/steelstorm.standardof.net\/wp-content\/uploads\/sites\/3\/2020\/10\/Steel-Storm-Burning-Retribution-Plaza-of-Doom-5.jpg\"><img decoding=\"async\" width=\"960\" height=\"720\" src=\"https:\/\/steelstorm.standardof.net\/wp-content\/uploads\/sites\/3\/2020\/10\/Steel-Storm-Burning-Retribution-Plaza-of-Doom-5.jpg\" alt=\"\" class=\"wp-image-276\" title=\"\" srcset=\"https:\/\/steelstorm.standardof.net\/wp-content\/uploads\/sites\/3\/2020\/10\/Steel-Storm-Burning-Retribution-Plaza-of-Doom-5.jpg 960w, https:\/\/steelstorm.standardof.net\/wp-content\/uploads\/sites\/3\/2020\/10\/Steel-Storm-Burning-Retribution-Plaza-of-Doom-5-300x225.jpg 300w, https:\/\/steelstorm.standardof.net\/wp-content\/uploads\/sites\/3\/2020\/10\/Steel-Storm-Burning-Retribution-Plaza-of-Doom-5-768x576.jpg 768w, https:\/\/steelstorm.standardof.net\/wp-content\/uploads\/sites\/3\/2020\/10\/Steel-Storm-Burning-Retribution-Plaza-of-Doom-5-16x12.jpg 16w\" sizes=\"(max-width: 960px) 100vw, 960px\" \/><\/a><\/figure>\n\n\n\n<figure class=\"wp-block-image size-large\"><a href=\"https:\/\/steelstorm.standardof.net\/wp-content\/uploads\/sites\/3\/2020\/10\/Steel-Storm-Burning-Retribution-Plaza-of-Doom-3.jpg\"><img decoding=\"async\" width=\"960\" height=\"720\" src=\"https:\/\/steelstorm.standardof.net\/wp-content\/uploads\/sites\/3\/2020\/10\/Steel-Storm-Burning-Retribution-Plaza-of-Doom-3.jpg\" alt=\"\" class=\"wp-image-274\" title=\"\" srcset=\"https:\/\/steelstorm.standardof.net\/wp-content\/uploads\/sites\/3\/2020\/10\/Steel-Storm-Burning-Retribution-Plaza-of-Doom-3.jpg 960w, https:\/\/steelstorm.standardof.net\/wp-content\/uploads\/sites\/3\/2020\/10\/Steel-Storm-Burning-Retribution-Plaza-of-Doom-3-300x225.jpg 300w, https:\/\/steelstorm.standardof.net\/wp-content\/uploads\/sites\/3\/2020\/10\/Steel-Storm-Burning-Retribution-Plaza-of-Doom-3-768x576.jpg 768w, https:\/\/steelstorm.standardof.net\/wp-content\/uploads\/sites\/3\/2020\/10\/Steel-Storm-Burning-Retribution-Plaza-of-Doom-3-16x12.jpg 16w\" sizes=\"(max-width: 960px) 100vw, 960px\" \/><\/a><\/figure>\n\n\n\n<figure class=\"wp-block-image size-large\"><a href=\"https:\/\/steelstorm.standardof.net\/wp-content\/uploads\/sites\/3\/2020\/10\/Steel-Storm-Burning-Retribution-Plaza-of-Doom-4.jpg\"><img decoding=\"async\" width=\"960\" height=\"720\" src=\"https:\/\/steelstorm.standardof.net\/wp-content\/uploads\/sites\/3\/2020\/10\/Steel-Storm-Burning-Retribution-Plaza-of-Doom-4.jpg\" alt=\"\" class=\"wp-image-275\" title=\"\" srcset=\"https:\/\/steelstorm.standardof.net\/wp-content\/uploads\/sites\/3\/2020\/10\/Steel-Storm-Burning-Retribution-Plaza-of-Doom-4.jpg 960w, https:\/\/steelstorm.standardof.net\/wp-content\/uploads\/sites\/3\/2020\/10\/Steel-Storm-Burning-Retribution-Plaza-of-Doom-4-300x225.jpg 300w, https:\/\/steelstorm.standardof.net\/wp-content\/uploads\/sites\/3\/2020\/10\/Steel-Storm-Burning-Retribution-Plaza-of-Doom-4-768x576.jpg 768w, https:\/\/steelstorm.standardof.net\/wp-content\/uploads\/sites\/3\/2020\/10\/Steel-Storm-Burning-Retribution-Plaza-of-Doom-4-16x12.jpg 16w\" sizes=\"(max-width: 960px) 100vw, 960px\" \/><\/a><\/figure>\n<\/figure>\n\n<\/div><\/div>\n\n\n<div style=\"height:20px\" aria-hidden=\"true\" class=\"wp-block-spacer\"><\/div>\n\n\n\n<h3 class=\"has-text-align-center wp-block-heading\">Kreuzung des Glaubens - Plaza of Doom Video Walkthrough<\/h3>\n\n\n\n<figure class=\"wp-block-embed is-type-video is-provider-youtube wp-block-embed-youtube wp-embed-aspect-4-3 wp-has-aspect-ratio\"><div class=\"wp-block-embed__wrapper\">\n<div class=\"ast-oembed-container\" style=\"height: 100%;\"><iframe title=\"Ch2-L5 Kreuzung des Glaubens - Plaza of Doom: Stahlsturm - Episode 2\" width=\"500\" height=\"375\" src=\"https:\/\/www.youtube.com\/embed\/5vj5L4HA6q8?feature=oembed\" frameborder=\"0\" allow=\"accelerometer; autoplay; clipboard-write; encrypted-media; gyroscope; picture-in-picture; web-share\" referrerpolicy=\"strict-origin-when-cross-origin\" allowfullscreen><\/iframe><\/div>\n<\/div><\/figure>","protected":false},"excerpt":{"rendered":"<p>After leaving the previous level you are transported to an unknown alien hangar in a strange location. Intel suggests that the enemy has deployed a large vehicle known as the Carrier. Get ready for your first boss fight in Steel Storm Burning Retribution. Map and Objectives &#8211; Primary Objectives &#8211; Retrieve data from the MainframeDestroy [&hellip;]<\/p>","protected":false},"author":1,"featured_media":54,"parent":173,"menu_order":0,"comment_status":"open","ping_status":"closed","template":"","meta":{"_uag_custom_page_level_css":"","site-sidebar-layout":"default","site-content-layout":"default","ast-site-content-layout":"","site-content-style":"default","site-sidebar-style":"default","ast-global-header-display":"","ast-banner-title-visibility":"","ast-main-header-display":"","ast-hfb-above-header-display":"","ast-hfb-below-header-display":"","ast-hfb-mobile-header-display":"","site-post-title":"","ast-breadcrumbs-content":"","ast-featured-img":"","footer-sml-layout":"","theme-transparent-header-meta":"default","adv-header-id-meta":"","stick-header-meta":"","header-above-stick-meta":"","header-main-stick-meta":"","header-below-stick-meta":"","astra-migrate-meta-layouts":"default","ast-page-background-enabled":"default","ast-page-background-meta":{"desktop":{"background-color":"","background-image":"","background-repeat":"repeat","background-position":"center center","background-size":"auto","background-attachment":"scroll","background-type":"","background-media":"","overlay-type":"","overlay-color":"","overlay-gradient":""},"tablet":{"background-color":"","background-image":"","background-repeat":"repeat","background-position":"center center","background-size":"auto","background-attachment":"scroll","background-type":"","background-media":"","overlay-type":"","overlay-color":"","overlay-gradient":""},"mobile":{"background-color":"","background-image":"","background-repeat":"repeat","background-position":"center center","background-size":"auto","background-attachment":"scroll","background-type":"","background-media":"","overlay-type":"","overlay-color":"","overlay-gradient":""}},"ast-content-background-meta":{"desktop":{"background-color":"var(--ast-global-color-5)","background-image":"","background-repeat":"repeat","background-position":"center center","background-size":"auto","background-attachment":"scroll","background-type":"","background-media":"","overlay-type":"","overlay-color":"","overlay-gradient":""},"tablet":{"background-color":"var(--ast-global-color-5)","background-image":"","background-repeat":"repeat","background-position":"center center","background-size":"auto","background-attachment":"scroll","background-type":"","background-media":"","overlay-type":"","overlay-color":"","overlay-gradient":""},"mobile":{"background-color":"var(--ast-global-color-5)","background-image":"","background-repeat":"repeat","background-position":"center center","background-size":"auto","background-attachment":"scroll","background-type":"","background-media":"","overlay-type":"","overlay-color":"","overlay-gradient":""}},"footnotes":""},"uagb_featured_image_src":{"full":["https:\/\/steelstorm.standardof.net\/wp-content\/uploads\/sites\/3\/2020\/10\/MnEdR-1.jpg",1200,750,false],"thumbnail":["https:\/\/steelstorm.standardof.net\/wp-content\/uploads\/sites\/3\/2020\/10\/MnEdR-1-150x150.jpg",150,150,true],"medium":["https:\/\/steelstorm.standardof.net\/wp-content\/uploads\/sites\/3\/2020\/10\/MnEdR-1-300x188.jpg",300,188,true],"medium_large":["https:\/\/steelstorm.standardof.net\/wp-content\/uploads\/sites\/3\/2020\/10\/MnEdR-1-768x480.jpg",768,480,true],"large":["https:\/\/steelstorm.standardof.net\/wp-content\/uploads\/sites\/3\/2020\/10\/MnEdR-1-1024x640.jpg",1024,640,true],"1536x1536":["https:\/\/steelstorm.standardof.net\/wp-content\/uploads\/sites\/3\/2020\/10\/MnEdR-1.jpg",1200,750,false],"2048x2048":["https:\/\/steelstorm.standardof.net\/wp-content\/uploads\/sites\/3\/2020\/10\/MnEdR-1.jpg",1200,750,false],"trp-custom-language-flag":["https:\/\/steelstorm.standardof.net\/wp-content\/uploads\/sites\/3\/2020\/10\/MnEdR-1.jpg",18,12,false]},"uagb_author_info":{"display_name":"SOE","author_link":"https:\/\/steelstorm.standardof.net\/de\/author\/k-tastic\/"},"uagb_comment_info":0,"uagb_excerpt":"After leaving the previous level you are transported to an unknown alien hangar in a strange location. Intel suggests that the enemy has deployed a large vehicle known as the Carrier. Get ready for your first boss fight in Steel Storm Burning Retribution. Map and Objectives &#8211; Primary Objectives &#8211; Retrieve data from the MainframeDestroy&hellip;","_links":{"self":[{"href":"https:\/\/steelstorm.standardof.net\/de\/wp-json\/wp\/v2\/pages\/295"}],"collection":[{"href":"https:\/\/steelstorm.standardof.net\/de\/wp-json\/wp\/v2\/pages"}],"about":[{"href":"https:\/\/steelstorm.standardof.net\/de\/wp-json\/wp\/v2\/types\/page"}],"author":[{"embeddable":true,"href":"https:\/\/steelstorm.standardof.net\/de\/wp-json\/wp\/v2\/users\/1"}],"replies":[{"embeddable":true,"href":"https:\/\/steelstorm.standardof.net\/de\/wp-json\/wp\/v2\/comments?post=295"}],"version-history":[{"count":2,"href":"https:\/\/steelstorm.standardof.net\/de\/wp-json\/wp\/v2\/pages\/295\/revisions"}],"predecessor-version":[{"id":449,"href":"https:\/\/steelstorm.standardof.net\/de\/wp-json\/wp\/v2\/pages\/295\/revisions\/449"}],"up":[{"embeddable":true,"href":"https:\/\/steelstorm.standardof.net\/de\/wp-json\/wp\/v2\/pages\/173"}],"wp:featuredmedia":[{"embeddable":true,"href":"https:\/\/steelstorm.standardof.net\/de\/wp-json\/wp\/v2\/media\/54"}],"wp:attachment":[{"href":"https:\/\/steelstorm.standardof.net\/de\/wp-json\/wp\/v2\/media?parent=295"}],"curies":[{"name":"wp","href":"https:\/\/api.w.org\/{rel}","templated":true}]}}