{"id":292,"date":"2020-10-17T14:46:23","date_gmt":"2020-10-17T14:46:23","guid":{"rendered":"https:\/\/steelstorm.standardof.net\/?page_id=292"},"modified":"2022-10-31T08:15:40","modified_gmt":"2022-10-31T08:15:40","slug":"burning-retribution-follow-the-mole","status":"publish","type":"page","link":"https:\/\/steelstorm.standardof.net\/de\/fuhren\/level-walkthroughs-2\/brennende-vergeltung-folgt-dem-maulwurf\/","title":{"rendered":"Brennende Vergeltung: Folgen Sie dem Maulwurf"},"content":{"rendered":"<p>Wenn Sie jetzt tiefer in die Basis vordringen, haben Sie Crushing Shackles - Follow the Mole in Steel Storm Burning Retribution erneut mit dem alliierten Panzer gepaart und sind tiefer durch ein Teleporter-Netzwerk eingedrungen, mit dem Truppen des Feindes versetzt werden.<\/p>\n\n\n\n<div style=\"height:20px\" aria-hidden=\"true\" class=\"wp-block-spacer\"><\/div>\n\n\n<div class=\"gb-container gb-container-ae025cb2\"><div class=\"gb-inside-container\">\n\n<h2 class=\"has-text-align-center wp-block-heading\">Karte und Ziele<\/h2>\n\n\n\n<div class=\"wp-block-image is-style-default\"><figure class=\"aligncenter size-full is-resized\"><a href=\"https:\/\/steelstorm.standardof.net\/de\/steel-storm-burning-retribution-follow-the-mole-1\/\"><img decoding=\"async\" src=\"https:\/\/steelstorm.standardof.net\/wp-content\/uploads\/sites\/3\/2020\/10\/Steel-Storm-Burning-Retribution-Follow-the-Mole-1.jpg\" alt=\"\" class=\"wp-image-263\" width=\"661\" height=\"503\" title=\"\" srcset=\"https:\/\/steelstorm.standardof.net\/wp-content\/uploads\/sites\/3\/2020\/10\/Steel-Storm-Burning-Retribution-Follow-the-Mole-1.jpg 881w, https:\/\/steelstorm.standardof.net\/wp-content\/uploads\/sites\/3\/2020\/10\/Steel-Storm-Burning-Retribution-Follow-the-Mole-1-300x228.jpg 300w, https:\/\/steelstorm.standardof.net\/wp-content\/uploads\/sites\/3\/2020\/10\/Steel-Storm-Burning-Retribution-Follow-the-Mole-1-768x584.jpg 768w, https:\/\/steelstorm.standardof.net\/wp-content\/uploads\/sites\/3\/2020\/10\/Steel-Storm-Burning-Retribution-Follow-the-Mole-1-16x12.jpg 16w\" sizes=\"(max-width: 661px) 100vw, 661px\" \/><\/a><\/figure><\/div>\n\n\n\n<h3 class=\"has-text-align-center wp-block-heading\">- Hauptziele -<\/h3>\n\n\n\n<p class=\"has-text-align-center\">Zerst\u00f6re die Verbrennungsanlage<br>Zerst\u00f6re das Portal<\/p>\n\n<\/div><\/div>\n\n\n<div style=\"height:20px\" aria-hidden=\"true\" class=\"wp-block-spacer\"><\/div>\n\n\n<div class=\"gb-container gb-container-686af150\"><div class=\"gb-inside-container\">\n\n<h2 class=\"has-text-align-center wp-block-heading\">Level Progression und Tipps:<\/h2>\n\n\n\n<p>Warten Sie zu Beginn des Levels, bis sich Ihr verb\u00fcndeter Panzer auf den Weg zum ersten Kraftfeld gemacht hat, das Ihnen den Weg blockiert <strong>EIN<\/strong>. Wie in der Einsatzbesprechung erw\u00e4hnt, kann Ihr verb\u00fcndeter Panzer die meisten Kraftfelder in diesem Level deaktivieren. Wenn Sie ihn am Leben erhalten, anstatt die Druckplatten zum Fallenlassen von Feldern zu verwenden, wenn er stirbt, k\u00f6nnen Sie keine zus\u00e4tzlichen Wellen mehr bek\u00e4mpfen Feinde, die durch die Verwendung dieser Pads ausgel\u00f6st werden. Wenn Sie jedoch nach mehr Zerst\u00f6rung suchen, k\u00f6nnen Sie diese Pads trotzdem ausl\u00f6sen, um Punkte von den get\u00f6teten Feinden zu erhalten.<\/p>\n\n\n\n<div class=\"wp-block-image\"><figure class=\"aligncenter size-full is-resized\"><a href=\"https:\/\/steelstorm.standardof.net\/wp-content\/uploads\/sites\/3\/2020\/10\/Steel-Storm-Burning-Retribution-Follow-the-Mole-2.jpg\"><img decoding=\"async\" src=\"https:\/\/steelstorm.standardof.net\/wp-content\/uploads\/sites\/3\/2020\/10\/Steel-Storm-Burning-Retribution-Follow-the-Mole-2.jpg\" alt=\"\" class=\"wp-image-264\" width=\"512\" height=\"384\" title=\"\" srcset=\"https:\/\/steelstorm.standardof.net\/wp-content\/uploads\/sites\/3\/2020\/10\/Steel-Storm-Burning-Retribution-Follow-the-Mole-2.jpg 1024w, https:\/\/steelstorm.standardof.net\/wp-content\/uploads\/sites\/3\/2020\/10\/Steel-Storm-Burning-Retribution-Follow-the-Mole-2-300x225.jpg 300w, https:\/\/steelstorm.standardof.net\/wp-content\/uploads\/sites\/3\/2020\/10\/Steel-Storm-Burning-Retribution-Follow-the-Mole-2-768x576.jpg 768w, https:\/\/steelstorm.standardof.net\/wp-content\/uploads\/sites\/3\/2020\/10\/Steel-Storm-Burning-Retribution-Follow-the-Mole-2-16x12.jpg 16w\" sizes=\"(max-width: 512px) 100vw, 512px\" \/><\/a><\/figure><\/div>\n\n\n\n<p>Folgen Sie dem gr\u00fcnen Pfad und sch\u00fctzen Sie Ihren verb\u00fcndeten Panzer, um an den n\u00e4chsten Kraftfeldern vorbeizukommen. Punkt <strong>1<\/strong> kennzeichnet den Ort der alternativen Option, Kraftfeldausl\u00f6ser, bevor Sie den Punkt erreichen <strong>B.<\/strong>. Am Punkt <strong>B.<\/strong> Sie finden ein Triggerpad, mit dem Sie das n\u00e4chste Kraftfeld fallen lassen m\u00fcssen, das Ihr verb\u00fcndeter Panzer nicht selbst fallen lassen kann, ohne die Strahlkanone auf dem Weg zu nehmen. Auf dem Weg zum Punkt <strong>2<\/strong> In einem der Beh\u00e4lter auf der rechten Seite der Wand befindet sich vor den K\u00fchlt\u00fcrmen eine Sturmausbreitung <strong>2 <\/strong>selbst.<\/p>\n\n\n\n<p>Wenn Ihr verb\u00fcndeter Panzer umkommt, bevor Sie die beiden Felder an einem Punkt fallen lassen <strong>5<\/strong>k\u00f6nnen Sie die K\u00fchlt\u00fcrme an Punkt zerst\u00f6ren <strong>2<\/strong> um das nahe gelegene Kraftfeld fallen zu lassen, obwohl ein Paar schwerer Protonentanks diese Pads zusammen mit einigen T\u00fcrmen bewachen muss. Pad verwenden <strong>4<\/strong> L\u00e4sst das erste Feld fallen und erzeugt ein zus\u00e4tzliches <strong>3<\/strong> Lightning Tanks am Punkt <strong>5<\/strong> w\u00e4hrend Pad <strong>3 <\/strong>L\u00e4sst das Feld \u00f6stlich des ersten Feldes fallen, jedoch ohne zus\u00e4tzliche Spawns.<\/p>\n\n\n\n<p>Am Punkt <strong>C.<\/strong> Sie werden einen schweren Protonenpanzer finden, der die gr\u00f6\u00dfte Bedrohung f\u00fcr die Zerst\u00f6rung Ihres Verb\u00fcndeten darstellt, wenn er noch lebt. Wenn Sie nicht \u00fcber den alliierten Panzer verf\u00fcgen, um das Feld zu deaktivieren, das den Teleporter blockiert <strong>C.<\/strong> Am Ende dieses Kampfes k\u00f6nnen Sie das Pad an einer bestimmten Stelle verwenden <strong>6<\/strong>das gleiche Feld fallen zu lassen, jedoch einen nahe gelegenen schweren Minigun-Panzer mit 2 Blitzpanzern hervorzubringen.<\/p>\n\n\n\n<div class=\"wp-block-image\"><figure class=\"aligncenter size-full is-resized\"><a href=\"https:\/\/steelstorm.standardof.net\/wp-content\/uploads\/sites\/3\/2020\/10\/Steel-Storm-Burning-Retribution-Follow-the-Mole-3.jpg\"><img decoding=\"async\" src=\"https:\/\/steelstorm.standardof.net\/wp-content\/uploads\/sites\/3\/2020\/10\/Steel-Storm-Burning-Retribution-Follow-the-Mole-3.jpg\" alt=\"\" class=\"wp-image-265\" width=\"512\" height=\"384\" title=\"\" srcset=\"https:\/\/steelstorm.standardof.net\/wp-content\/uploads\/sites\/3\/2020\/10\/Steel-Storm-Burning-Retribution-Follow-the-Mole-3.jpg 1024w, https:\/\/steelstorm.standardof.net\/wp-content\/uploads\/sites\/3\/2020\/10\/Steel-Storm-Burning-Retribution-Follow-the-Mole-3-300x225.jpg 300w, https:\/\/steelstorm.standardof.net\/wp-content\/uploads\/sites\/3\/2020\/10\/Steel-Storm-Burning-Retribution-Follow-the-Mole-3-768x576.jpg 768w, https:\/\/steelstorm.standardof.net\/wp-content\/uploads\/sites\/3\/2020\/10\/Steel-Storm-Burning-Retribution-Follow-the-Mole-3-16x12.jpg 16w\" sizes=\"(max-width: 512px) 100vw, 512px\" \/><\/a><\/figure><\/div>\n\n\n\n<p>Nehmen Sie den Teleporter an der richtigen Stelle <strong>C.<\/strong> auf den erh\u00f6hten Plattformbereich direkt vor Ihnen zu springen. Sie werden hier eine Schockwelle finden, aber n\u00e4hern Sie sich ihr langsam, da in ihrer N\u00e4he drei Raketent\u00fcrme entstehen, zwei hinter und einer vor Ihnen. Gehen Sie schnell zur\u00fcck und starten Sie die Sto\u00dfwelle, um die T\u00fcrme zu deaktivieren und alle Raketen abzuwehren, die auf Sie fliegen. Beenden Sie diese, bevor Sie den vor Ihnen liegenden herausnehmen, um den Weg zum Teleporter an einer bestimmten Stelle freizumachen <strong>D.<\/strong>.<\/p>\n\n\n\n<p>Nehmen Sie den Teleporter an Punkt <strong>D.<\/strong> bringt Sie zum Punkt <strong>E.<\/strong>. Folgen Sie nun dem blauen Pfad in Richtung Punkt <strong>F.<\/strong>und das Portal und die Verbrennungsanlage, die dahinter stehen. Das Portal und seine Verteidiger sind ziemlich gef\u00e4hrlich. Zwei schwere Minigun-Panzer patrouillieren, zusammen mit der M\u00f6glichkeit, dass das Portal zus\u00e4tzliche schwere Panzer in seinen Wellen erzeugt, ganz zu schweigen von der praktisch garantierten Unterst\u00fctzung von Blitzpanzern. Nutze die Sto\u00dfwelle und die Deckung liberal, um am Leben zu bleiben. Wenn du Homing Missiles hast, ist das umso besser. Du kannst dich hinter Barrieren verstecken und deine Kampfmittel in die Feinde kr\u00fcmmen.<\/p>\n\n\n\n<p>Wenn Sie es geschafft haben, die Verteidiger lange genug auseinander zu pfl\u00fcgen, um die Gesundheit des Portals darunter zu senken, entsteht eine weitere Welle. Gehen Sie dar\u00fcber hinaus und finden Sie die Verbrennungsanlage, die Sie an dieser Stelle problemlos herausnehmen sollten. Achten Sie auf einen einzelnen Blitzpanzer, der bei der Zerst\u00f6rung des Portals in der N\u00e4he des Ortes, an dem Sie sich teleportiert haben, erscheint. Sobald diese beiden Geb\u00e4ude heruntergekommen sind, k\u00f6nnen Sie durch den Teleporter zur\u00fcckkehren, um zum Ausgangsfeld zur\u00fcckzukehren, das Sie jetzt mit gesenktem Kraftfeld verwenden k\u00f6nnen .<\/p>\n\n\n\n<div class=\"wp-block-image\"><figure class=\"aligncenter size-full is-resized\"><a href=\"https:\/\/steelstorm.standardof.net\/wp-content\/uploads\/sites\/3\/2020\/10\/Steel-Storm-Burning-Retribution-Follow-the-Mole-4.jpg\"><img decoding=\"async\" src=\"https:\/\/steelstorm.standardof.net\/wp-content\/uploads\/sites\/3\/2020\/10\/Steel-Storm-Burning-Retribution-Follow-the-Mole-4.jpg\" alt=\"\" class=\"wp-image-266\" width=\"512\" height=\"384\" title=\"\" srcset=\"https:\/\/steelstorm.standardof.net\/wp-content\/uploads\/sites\/3\/2020\/10\/Steel-Storm-Burning-Retribution-Follow-the-Mole-4.jpg 1024w, https:\/\/steelstorm.standardof.net\/wp-content\/uploads\/sites\/3\/2020\/10\/Steel-Storm-Burning-Retribution-Follow-the-Mole-4-300x225.jpg 300w, https:\/\/steelstorm.standardof.net\/wp-content\/uploads\/sites\/3\/2020\/10\/Steel-Storm-Burning-Retribution-Follow-the-Mole-4-768x576.jpg 768w, https:\/\/steelstorm.standardof.net\/wp-content\/uploads\/sites\/3\/2020\/10\/Steel-Storm-Burning-Retribution-Follow-the-Mole-4-16x12.jpg 16w\" sizes=\"(max-width: 512px) 100vw, 512px\" \/><\/a><\/figure><\/div>\n\n<\/div><\/div>\n\n\n<div style=\"height:20px\" aria-hidden=\"true\" class=\"wp-block-spacer\"><\/div>\n\n\n\n<h3 class=\"has-text-align-center wp-block-heading\">Crushing Shackles - Folgen Sie dem Walkthrough zum Mole-Video<\/h3>\n\n\n\n<figure class=\"wp-block-embed is-type-video is-provider-youtube wp-block-embed-youtube wp-embed-aspect-4-3 wp-has-aspect-ratio\"><div class=\"wp-block-embed__wrapper\">\n<div class=\"ast-oembed-container\" style=\"height: 100%;\"><iframe title=\"Ch2-L3 Crushing Shackles - Folge dem Maulwurf: Steel Storm - Episode 2\" width=\"500\" height=\"375\" src=\"https:\/\/www.youtube.com\/embed\/6bro2-ddPYo?feature=oembed\" frameborder=\"0\" allow=\"accelerometer; autoplay; clipboard-write; encrypted-media; gyroscope; picture-in-picture; web-share\" referrerpolicy=\"strict-origin-when-cross-origin\" allowfullscreen><\/iframe><\/div>\n<\/div><\/figure>","protected":false},"excerpt":{"rendered":"<p>Now making your way deeper into the base, Crushing Shackles \u2013 Follow the Mole in Steel Storm Burning Retribution has you paired up once more with the allied tank, infiltrating deeper through a teleporter network used to transfer troops of the enemy\u2019s. Map and Objectives &#8211; Primary Objectives &#8211; Destroy the IncineratorDestroy the Portal Level [&hellip;]<\/p>","protected":false},"author":1,"featured_media":54,"parent":173,"menu_order":0,"comment_status":"open","ping_status":"closed","template":"","meta":{"_uag_custom_page_level_css":"","site-sidebar-layout":"default","site-content-layout":"default","ast-site-content-layout":"","site-content-style":"default","site-sidebar-style":"default","ast-global-header-display":"","ast-banner-title-visibility":"","ast-main-header-display":"","ast-hfb-above-header-display":"","ast-hfb-below-header-display":"","ast-hfb-mobile-header-display":"","site-post-title":"","ast-breadcrumbs-content":"","ast-featured-img":"","footer-sml-layout":"","theme-transparent-header-meta":"default","adv-header-id-meta":"","stick-header-meta":"","header-above-stick-meta":"","header-main-stick-meta":"","header-below-stick-meta":"","astra-migrate-meta-layouts":"default","ast-page-background-enabled":"default","ast-page-background-meta":{"desktop":{"background-color":"","background-image":"","background-repeat":"repeat","background-position":"center center","background-size":"auto","background-attachment":"scroll","background-type":"","background-media":"","overlay-type":"","overlay-color":"","overlay-gradient":""},"tablet":{"background-color":"","background-image":"","background-repeat":"repeat","background-position":"center center","background-size":"auto","background-attachment":"scroll","background-type":"","background-media":"","overlay-type":"","overlay-color":"","overlay-gradient":""},"mobile":{"background-color":"","background-image":"","background-repeat":"repeat","background-position":"center center","background-size":"auto","background-attachment":"scroll","background-type":"","background-media":"","overlay-type":"","overlay-color":"","overlay-gradient":""}},"ast-content-background-meta":{"desktop":{"background-color":"var(--ast-global-color-5)","background-image":"","background-repeat":"repeat","background-position":"center center","background-size":"auto","background-attachment":"scroll","background-type":"","background-media":"","overlay-type":"","overlay-color":"","overlay-gradient":""},"tablet":{"background-color":"var(--ast-global-color-5)","background-image":"","background-repeat":"repeat","background-position":"center center","background-size":"auto","background-attachment":"scroll","background-type":"","background-media":"","overlay-type":"","overlay-color":"","overlay-gradient":""},"mobile":{"background-color":"var(--ast-global-color-5)","background-image":"","background-repeat":"repeat","background-position":"center center","background-size":"auto","background-attachment":"scroll","background-type":"","background-media":"","overlay-type":"","overlay-color":"","overlay-gradient":""}},"footnotes":""},"uagb_featured_image_src":{"full":["https:\/\/steelstorm.standardof.net\/wp-content\/uploads\/sites\/3\/2020\/10\/MnEdR-1.jpg",1200,750,false],"thumbnail":["https:\/\/steelstorm.standardof.net\/wp-content\/uploads\/sites\/3\/2020\/10\/MnEdR-1-150x150.jpg",150,150,true],"medium":["https:\/\/steelstorm.standardof.net\/wp-content\/uploads\/sites\/3\/2020\/10\/MnEdR-1-300x188.jpg",300,188,true],"medium_large":["https:\/\/steelstorm.standardof.net\/wp-content\/uploads\/sites\/3\/2020\/10\/MnEdR-1-768x480.jpg",768,480,true],"large":["https:\/\/steelstorm.standardof.net\/wp-content\/uploads\/sites\/3\/2020\/10\/MnEdR-1-1024x640.jpg",1024,640,true],"1536x1536":["https:\/\/steelstorm.standardof.net\/wp-content\/uploads\/sites\/3\/2020\/10\/MnEdR-1.jpg",1200,750,false],"2048x2048":["https:\/\/steelstorm.standardof.net\/wp-content\/uploads\/sites\/3\/2020\/10\/MnEdR-1.jpg",1200,750,false],"trp-custom-language-flag":["https:\/\/steelstorm.standardof.net\/wp-content\/uploads\/sites\/3\/2020\/10\/MnEdR-1.jpg",18,12,false]},"uagb_author_info":{"display_name":"SOE","author_link":"https:\/\/steelstorm.standardof.net\/de\/author\/k-tastic\/"},"uagb_comment_info":0,"uagb_excerpt":"Now making your way deeper into the base, Crushing Shackles \u2013 Follow the Mole in Steel Storm Burning Retribution has you paired up once more with the allied tank, infiltrating deeper through a teleporter network used to transfer troops of the enemy\u2019s. Map and Objectives &#8211; Primary Objectives &#8211; Destroy the IncineratorDestroy the Portal Level&hellip;","_links":{"self":[{"href":"https:\/\/steelstorm.standardof.net\/de\/wp-json\/wp\/v2\/pages\/292"}],"collection":[{"href":"https:\/\/steelstorm.standardof.net\/de\/wp-json\/wp\/v2\/pages"}],"about":[{"href":"https:\/\/steelstorm.standardof.net\/de\/wp-json\/wp\/v2\/types\/page"}],"author":[{"embeddable":true,"href":"https:\/\/steelstorm.standardof.net\/de\/wp-json\/wp\/v2\/users\/1"}],"replies":[{"embeddable":true,"href":"https:\/\/steelstorm.standardof.net\/de\/wp-json\/wp\/v2\/comments?post=292"}],"version-history":[{"count":2,"href":"https:\/\/steelstorm.standardof.net\/de\/wp-json\/wp\/v2\/pages\/292\/revisions"}],"predecessor-version":[{"id":446,"href":"https:\/\/steelstorm.standardof.net\/de\/wp-json\/wp\/v2\/pages\/292\/revisions\/446"}],"up":[{"embeddable":true,"href":"https:\/\/steelstorm.standardof.net\/de\/wp-json\/wp\/v2\/pages\/173"}],"wp:featuredmedia":[{"embeddable":true,"href":"https:\/\/steelstorm.standardof.net\/de\/wp-json\/wp\/v2\/media\/54"}],"wp:attachment":[{"href":"https:\/\/steelstorm.standardof.net\/de\/wp-json\/wp\/v2\/media?parent=292"}],"curies":[{"name":"wp","href":"https:\/\/api.w.org\/{rel}","templated":true}]}}