{"id":291,"date":"2020-10-17T14:43:27","date_gmt":"2020-10-17T14:43:27","guid":{"rendered":"https:\/\/steelstorm.standardof.net\/?page_id=291"},"modified":"2022-10-31T08:19:38","modified_gmt":"2022-10-31T08:19:38","slug":"burning-retribution-beneath-the-frozen-shroud","status":"publish","type":"page","link":"https:\/\/steelstorm.standardof.net\/de\/fuhren\/level-walkthroughs-2\/brennende-vergeltung-unter-dem-gefrorenen-leichentuch\/","title":{"rendered":"Brennende Vergeltung: Unter dem gefrorenen Leichentuch"},"content":{"rendered":"<p>Wenn Sie unter dem gefrorenen Leichentuch zur gleichen Karte wie im vorherigen Level zur\u00fcckkehren, gelangen Sie weiter in die Karte hinein und erkunden den H\u00f6hlenabschnitt tiefer im Inneren. Ihre Aufgabe hier ist es, Zugangscodes zur unterirdischen Basis zu erhalten, w\u00e4hrend Sie das Bel\u00fcftungssystem deaktivieren, das gef\u00e4hrliches Methan aus den H\u00f6hlen entl\u00fcftet und die feindlichen Einrichtungen sch\u00fctzt.<\/p>\n\n\n\n<div style=\"height:20px\" aria-hidden=\"true\" class=\"wp-block-spacer\"><\/div>\n\n\n<div class=\"gb-container gb-container-ae025cb2\"><div class=\"gb-inside-container\">\n\n<h2 class=\"has-text-align-center wp-block-heading\">Karte und Ziele<\/h2>\n\n\n\n<div class=\"wp-block-image is-style-default\"><figure class=\"aligncenter size-full is-resized\"><a href=\"https:\/\/steelstorm.standardof.net\/de\/steel-storm-burning-retribution-beneath-the-frozen-shroud-1\/\"><img decoding=\"async\" src=\"https:\/\/steelstorm.standardof.net\/wp-content\/uploads\/sites\/3\/2020\/10\/Steel-Storm-Burning-Retribution-Beneath-the-Frozen-Shroud-1.jpg\" alt=\"\" class=\"wp-image-256\" width=\"600\" height=\"387\" title=\"\" srcset=\"https:\/\/steelstorm.standardof.net\/wp-content\/uploads\/sites\/3\/2020\/10\/Steel-Storm-Burning-Retribution-Beneath-the-Frozen-Shroud-1.jpg 800w, https:\/\/steelstorm.standardof.net\/wp-content\/uploads\/sites\/3\/2020\/10\/Steel-Storm-Burning-Retribution-Beneath-the-Frozen-Shroud-1-300x194.jpg 300w, https:\/\/steelstorm.standardof.net\/wp-content\/uploads\/sites\/3\/2020\/10\/Steel-Storm-Burning-Retribution-Beneath-the-Frozen-Shroud-1-768x495.jpg 768w, https:\/\/steelstorm.standardof.net\/wp-content\/uploads\/sites\/3\/2020\/10\/Steel-Storm-Burning-Retribution-Beneath-the-Frozen-Shroud-1-16x10.jpg 16w\" sizes=\"(max-width: 600px) 100vw, 600px\" \/><\/a><\/figure><\/div>\n\n\n\n<h3 class=\"has-text-align-center wp-block-heading\">- Hauptziele -<\/h3>\n\n\n\n<p class=\"has-text-align-center\">Erhalten Sie Zugangscodes aus dem Tresor.<\/p>\n\n\n\n<h3 class=\"has-text-align-center wp-block-heading\">- Sekund\u00e4rziele -<\/h3>\n\n\n\n<p class=\"has-text-align-center\">L\u00fcftungssystem abschalten.<\/p>\n\n<\/div><\/div>\n\n\n<div style=\"height:20px\" aria-hidden=\"true\" class=\"wp-block-spacer\"><\/div>\n\n\n<div class=\"gb-container gb-container-686af150\"><div class=\"gb-inside-container\">\n\n<h2 class=\"has-text-align-center wp-block-heading\">Level Progression und Tipps:<\/h2>\n\n\n\n<p>Wie Sie am Punkt beginnen <strong>EIN<\/strong> Sie werden feststellen, dass Ihr Verb\u00fcndeter Panzer, der blaue Lichtpanzer, derzeit hinter einem Kraftfeld gefangen ist und sp\u00e4ter herausgelassen werden muss. Gehen Sie vorerst den gr\u00fcnen Weg in Richtung Punkt <strong>B.<\/strong>. Unterwegs sollten Sie punktuell anhalten <strong>1<\/strong> um eine Verbrennungsanlage zu finden, die zerst\u00f6rt werden kann, um eine R\u00fcstung, einen Sturmpflug und die Flak-Kanone fallen zu lassen. Wenn Sie m\u00f6chten, k\u00f6nnen Sie an einer Stelle einen Pass machen <strong>2<\/strong>Au\u00dferdem k\u00f6nnen verschiedene Feinde zerst\u00f6rt und Punkte gewonnen werden, obwohl das Reisen zu diesem Ort als Teil der Ziele nicht erforderlich ist, w\u00e4hrend Sie die Feinde auf dem gr\u00fcnen Pfad r\u00e4umen m\u00f6chten, um Ihrem Verb\u00fcndeten zu helfen, f\u00fcr sp\u00e4ter auszusteigen. Das Herausnehmen dieses Standorts kann hilfreich sein, um zu verhindern, dass Ihr Freund sp\u00e4ter abgelenkt wird. Au\u00dferdem finden Sie hier eine Minigun in einem Hangar.<\/p>\n\n\n\n<p>Am Punkt <strong>B.<\/strong> Sie finden ein Paar Trigger-Pads, von denen eines das nahegelegene Kraftfeld fallen l\u00e4sst und das andere Ihren Verb\u00fcndeten aus der Gefangenschaft befreit. Sobald dies geschieht, wird Ihr Verb\u00fcndeter seinen Weg zum Punkt machen <strong>E.<\/strong>, dann <strong>C.<\/strong> dann endlich <strong>G<\/strong>und lie\u00df die Kraftfelder um die beiden Teleporter bei fallen <strong>C.<\/strong> und <strong>E. <\/strong>wenn es diese Orte passiert. W\u00e4hrend Ihr Kumpel seinen Weg geht, k\u00f6nnen Sie einige der Feinde an einem bestimmten Punkt beseitigen <strong>C.<\/strong>um seine Reisen zu erleichtern und ihn am Leben zu erhalten.<\/p>\n\n\n\n<p>Sobald Ihr Verb\u00fcndeter Panzer den Weg gefunden hat, beide Kraftfelder zu deaktivieren, die die Teleporter bewachen <strong>C.<\/strong> und <strong>E.<\/strong> Sie haben zwei M\u00f6glichkeiten. Sie k\u00f6nnen sich mit dem alliierten Panzer zusammenschlie\u00dfen, um die schwer verteidigte feindliche Basis an einem Punkt auszuschalten <strong>G <\/strong>Wenn Sie den roten Pfad befahren, was die Aufgabe angesichts der kombinierten Feuerkraft erleichtert, k\u00f6nnen Sie den blauen Pfad w\u00e4hlen, um Ihr sekund\u00e4res Ziel f\u00fcr Zeiteffizienz zu erreichen.<\/p>\n\n\n\n<h4 class=\"wp-block-heading\">Die feindliche Basis ausschalten<\/h4>\n\n\n\n<p>Am einfachsten ist es, wenn Ihr Verb\u00fcndeter noch lebt, wenn auch wahrscheinlich nicht mehr lange. Die feindliche Basis wird stark mit mehreren T\u00fcrmen verteidigt, vor allem aber mit einem Paar Reparaturt\u00fcrmen an schwer erreichbaren Orten, die zerst\u00f6rt werden m\u00fcssen, bevor die Basist\u00fcrme bleiben Nieder. Sie k\u00f6nnen diese entweder mit dem MIRV herausnehmen, um \u00fcber die Barrieren zu schie\u00dfen, oder die Sto\u00dfwelle wiederholt verwenden, um die Reparaturt\u00fcrme deaktiviert zu halten, w\u00e4hrend Sie die bewaffneten T\u00fcrme auseinander schie\u00dfen, damit Sie sicher auf die andere Seite der Barriere gelangen k\u00f6nnen.<\/p>\n\n\n\n<p>Sobald die Basis in Flammen aufgeht, erscheinen mehrere Wellen kleiner Panzer zusammen mit einem schweren Protonenpanzer zwischen ihr und dem Ausgangspad. Nehmen Sie diese kleineren Einheiten zuerst heraus, beenden Sie den schweren Panzer separat und nehmen Sie dann die rote Schl\u00fcsselkarte, auf die Sie jetzt zugreifen k\u00f6nnen, von der R\u00fcckseite der Ex-Basis.<\/p>\n\n\n\n<h4 class=\"wp-block-heading\"><a href=\"https:\/\/www.standardof.net\/wp-content\/uploads\/2011\/09\/5365115.jpg\" target=\"_blank\" rel=\"noopener\"><\/a>Entl\u00fcftungssystem herunterfahren<\/h4>\n\n\n\n<p>Sie m\u00fcssen auf eine Reihe von Terminals zugreifen, um das Bel\u00fcftungssystem des Feindes zu deaktivieren. Das erste wird \u00fcber das Teleporter-Pad erreicht, das jetzt an einer bestimmten Stelle zug\u00e4nglich sein sollte <strong>C.<\/strong> Das bringt Sie an die Spitze <strong>D.<\/strong>. Nehmen Sie die beiden leichten Plasma-T\u00fcrme heraus und greifen Sie dann auf das Feld am n\u00f6rdlichen Ende zu, um das Kraftfeld fallen zu lassen. Achten Sie darauf, dass Sie den schweren Strahlenkanonen-Turm fallen lassen, der dabei erscheint. Sobald Sie unten sind, aktivieren Sie die beiden Felder hinter dem heruntergekommenen Kraftfeld und gehen Sie zur\u00fcck zum Teleporter.<\/p>\n\n\n\n<p>Der zweite Teleporter am Punkt <strong>E. <\/strong>wird Ihr n\u00e4chstes Ziel sein und Sie zur nahe gelegenen Anh\u00f6he bringen <strong>F.<\/strong>. Sobald Sie hier oben sind, aktivieren Sie das Feld am Nordende, um ein weiteres Kraftfeld fallen zu lassen, das ein zweites Terminalpaar sch\u00fctzt. Halten Sie an, um gegen die Gruppe kleiner Panzer zu k\u00e4mpfen, die aus dieser Aktion hervorgehen. Sobald diese Verteidiger ausgefallen sind, k\u00f6nnen Sie beide Felder aktivieren, um das Bel\u00fcftungssystem herunterzufahren, w\u00e4hrend Sie das Kraftfeld um die Goodies gegen\u00fcber dem Teleporter abstellen <strong>E.<\/strong>. Gehen Sie zur\u00fcck nach unten und holen Sie sich das Extraleben und wenn Sie es brauchen, die Sturmausbreitung und die Schockwelle.<\/p>\n\n\n\n<p>Wenn Sie mit all diesen Aufgaben fertig sind, k\u00f6nnen Sie die rote Schl\u00fcsselkarte, die Sie von der feindlichen Basis aufgenommen haben, nehmen und damit das Kraftfeld um das Ausgangsportal n\u00f6rdlich des Punktes fallen lassen <strong>G <\/strong>am roten X, beenden Sie die zweite Ebene in diesem Kapitel.<\/p>\n\n\n\n<figure class=\"wp-block-gallery has-nested-images columns-default is-cropped wp-block-gallery-1 is-layout-flex wp-block-gallery-is-layout-flex\">\n<figure class=\"wp-block-image size-large\"><img decoding=\"async\" width=\"1024\" height=\"768\" src=\"https:\/\/steelstorm.standardof.net\/wp-content\/uploads\/sites\/3\/2020\/10\/Steel-Storm-Burning-Retribution-Beneath-the-Frozen-Shroud-3.jpg\" alt=\"\" class=\"wp-image-258\" title=\"\" srcset=\"https:\/\/steelstorm.standardof.net\/wp-content\/uploads\/sites\/3\/2020\/10\/Steel-Storm-Burning-Retribution-Beneath-the-Frozen-Shroud-3.jpg 1024w, https:\/\/steelstorm.standardof.net\/wp-content\/uploads\/sites\/3\/2020\/10\/Steel-Storm-Burning-Retribution-Beneath-the-Frozen-Shroud-3-300x225.jpg 300w, https:\/\/steelstorm.standardof.net\/wp-content\/uploads\/sites\/3\/2020\/10\/Steel-Storm-Burning-Retribution-Beneath-the-Frozen-Shroud-3-768x576.jpg 768w, https:\/\/steelstorm.standardof.net\/wp-content\/uploads\/sites\/3\/2020\/10\/Steel-Storm-Burning-Retribution-Beneath-the-Frozen-Shroud-3-16x12.jpg 16w\" sizes=\"(max-width: 1024px) 100vw, 1024px\" \/><\/figure>\n\n\n\n<figure class=\"wp-block-image size-large\"><img decoding=\"async\" width=\"1024\" height=\"768\" src=\"https:\/\/steelstorm.standardof.net\/wp-content\/uploads\/sites\/3\/2020\/10\/Steel-Storm-Burning-Retribution-Beneath-the-Frozen-Shroud-7.jpg\" alt=\"\" class=\"wp-image-262\" title=\"\" srcset=\"https:\/\/steelstorm.standardof.net\/wp-content\/uploads\/sites\/3\/2020\/10\/Steel-Storm-Burning-Retribution-Beneath-the-Frozen-Shroud-7.jpg 1024w, https:\/\/steelstorm.standardof.net\/wp-content\/uploads\/sites\/3\/2020\/10\/Steel-Storm-Burning-Retribution-Beneath-the-Frozen-Shroud-7-300x225.jpg 300w, https:\/\/steelstorm.standardof.net\/wp-content\/uploads\/sites\/3\/2020\/10\/Steel-Storm-Burning-Retribution-Beneath-the-Frozen-Shroud-7-768x576.jpg 768w, https:\/\/steelstorm.standardof.net\/wp-content\/uploads\/sites\/3\/2020\/10\/Steel-Storm-Burning-Retribution-Beneath-the-Frozen-Shroud-7-16x12.jpg 16w\" sizes=\"(max-width: 1024px) 100vw, 1024px\" \/><\/figure>\n\n\n\n<figure class=\"wp-block-image size-large\"><img decoding=\"async\" width=\"1024\" height=\"768\" src=\"https:\/\/steelstorm.standardof.net\/wp-content\/uploads\/sites\/3\/2020\/10\/Steel-Storm-Burning-Retribution-Beneath-the-Frozen-Shroud-6.jpg\" alt=\"\" class=\"wp-image-261\" title=\"\" srcset=\"https:\/\/steelstorm.standardof.net\/wp-content\/uploads\/sites\/3\/2020\/10\/Steel-Storm-Burning-Retribution-Beneath-the-Frozen-Shroud-6.jpg 1024w, https:\/\/steelstorm.standardof.net\/wp-content\/uploads\/sites\/3\/2020\/10\/Steel-Storm-Burning-Retribution-Beneath-the-Frozen-Shroud-6-300x225.jpg 300w, https:\/\/steelstorm.standardof.net\/wp-content\/uploads\/sites\/3\/2020\/10\/Steel-Storm-Burning-Retribution-Beneath-the-Frozen-Shroud-6-768x576.jpg 768w, https:\/\/steelstorm.standardof.net\/wp-content\/uploads\/sites\/3\/2020\/10\/Steel-Storm-Burning-Retribution-Beneath-the-Frozen-Shroud-6-16x12.jpg 16w\" sizes=\"(max-width: 1024px) 100vw, 1024px\" \/><\/figure>\n\n\n\n<figure class=\"wp-block-image size-large\"><img decoding=\"async\" width=\"1024\" height=\"768\" src=\"https:\/\/steelstorm.standardof.net\/wp-content\/uploads\/sites\/3\/2020\/10\/Steel-Storm-Burning-Retribution-Beneath-the-Frozen-Shroud-5.jpg\" alt=\"\" class=\"wp-image-260\" title=\"\" srcset=\"https:\/\/steelstorm.standardof.net\/wp-content\/uploads\/sites\/3\/2020\/10\/Steel-Storm-Burning-Retribution-Beneath-the-Frozen-Shroud-5.jpg 1024w, https:\/\/steelstorm.standardof.net\/wp-content\/uploads\/sites\/3\/2020\/10\/Steel-Storm-Burning-Retribution-Beneath-the-Frozen-Shroud-5-300x225.jpg 300w, https:\/\/steelstorm.standardof.net\/wp-content\/uploads\/sites\/3\/2020\/10\/Steel-Storm-Burning-Retribution-Beneath-the-Frozen-Shroud-5-768x576.jpg 768w, https:\/\/steelstorm.standardof.net\/wp-content\/uploads\/sites\/3\/2020\/10\/Steel-Storm-Burning-Retribution-Beneath-the-Frozen-Shroud-5-16x12.jpg 16w\" sizes=\"(max-width: 1024px) 100vw, 1024px\" \/><\/figure>\n\n\n\n<figure class=\"wp-block-image size-large\"><img decoding=\"async\" width=\"1024\" height=\"768\" src=\"https:\/\/steelstorm.standardof.net\/wp-content\/uploads\/sites\/3\/2020\/10\/Steel-Storm-Burning-Retribution-Beneath-the-Frozen-Shroud-4.jpg\" alt=\"\" class=\"wp-image-259\" title=\"\" srcset=\"https:\/\/steelstorm.standardof.net\/wp-content\/uploads\/sites\/3\/2020\/10\/Steel-Storm-Burning-Retribution-Beneath-the-Frozen-Shroud-4.jpg 1024w, https:\/\/steelstorm.standardof.net\/wp-content\/uploads\/sites\/3\/2020\/10\/Steel-Storm-Burning-Retribution-Beneath-the-Frozen-Shroud-4-300x225.jpg 300w, https:\/\/steelstorm.standardof.net\/wp-content\/uploads\/sites\/3\/2020\/10\/Steel-Storm-Burning-Retribution-Beneath-the-Frozen-Shroud-4-768x576.jpg 768w, https:\/\/steelstorm.standardof.net\/wp-content\/uploads\/sites\/3\/2020\/10\/Steel-Storm-Burning-Retribution-Beneath-the-Frozen-Shroud-4-16x12.jpg 16w\" sizes=\"(max-width: 1024px) 100vw, 1024px\" \/><\/figure>\n\n\n\n<figure class=\"wp-block-image size-large\"><img decoding=\"async\" width=\"1024\" height=\"768\" src=\"https:\/\/steelstorm.standardof.net\/wp-content\/uploads\/sites\/3\/2020\/10\/Steel-Storm-Burning-Retribution-Beneath-the-Frozen-Shroud-2.jpg\" alt=\"\" class=\"wp-image-257\" title=\"\" srcset=\"https:\/\/steelstorm.standardof.net\/wp-content\/uploads\/sites\/3\/2020\/10\/Steel-Storm-Burning-Retribution-Beneath-the-Frozen-Shroud-2.jpg 1024w, https:\/\/steelstorm.standardof.net\/wp-content\/uploads\/sites\/3\/2020\/10\/Steel-Storm-Burning-Retribution-Beneath-the-Frozen-Shroud-2-300x225.jpg 300w, https:\/\/steelstorm.standardof.net\/wp-content\/uploads\/sites\/3\/2020\/10\/Steel-Storm-Burning-Retribution-Beneath-the-Frozen-Shroud-2-768x576.jpg 768w, https:\/\/steelstorm.standardof.net\/wp-content\/uploads\/sites\/3\/2020\/10\/Steel-Storm-Burning-Retribution-Beneath-the-Frozen-Shroud-2-16x12.jpg 16w\" sizes=\"(max-width: 1024px) 100vw, 1024px\" \/><\/figure>\n<\/figure>\n\n<\/div><\/div>\n\n\n<div style=\"height:20px\" aria-hidden=\"true\" class=\"wp-block-spacer\"><\/div>\n\n\n\n<h3 class=\"has-text-align-center wp-block-heading\">Unter dem Frozen Shroud Video Walkthrough<\/h3>\n\n\n\n<figure class=\"wp-block-embed is-type-video is-provider-youtube wp-block-embed-youtube wp-embed-aspect-4-3 wp-has-aspect-ratio\"><div class=\"wp-block-embed__wrapper\">\n<div class=\"ast-oembed-container\" style=\"height: 100%;\"><iframe title=\"Ch2-L2 Crushing Shackles - Unter dem gefrorenen Leichentuch: Steel Storm - Episode 2\" width=\"500\" height=\"375\" src=\"https:\/\/www.youtube.com\/embed\/2rNAYXtHjHE?feature=oembed\" frameborder=\"0\" allow=\"accelerometer; autoplay; clipboard-write; encrypted-media; gyroscope; picture-in-picture; web-share\" referrerpolicy=\"strict-origin-when-cross-origin\" allowfullscreen><\/iframe><\/div>\n<\/div><\/figure>\n\n\n\n<p><\/p>","protected":false},"excerpt":{"rendered":"<p>Coming back to the same map as the previous level, Beneath the Frozen Shroud takes you further into the map, exploring the cave section deeper within. Your tasks here will be to obtain access codes to the underground base while disabling the ventilation system which vents dangerous methane from the caves, keeping the enemy facilities [&hellip;]<\/p>","protected":false},"author":1,"featured_media":54,"parent":173,"menu_order":0,"comment_status":"open","ping_status":"closed","template":"","meta":{"_uag_custom_page_level_css":"","site-sidebar-layout":"default","site-content-layout":"default","ast-site-content-layout":"","site-content-style":"default","site-sidebar-style":"default","ast-global-header-display":"","ast-banner-title-visibility":"","ast-main-header-display":"","ast-hfb-above-header-display":"","ast-hfb-below-header-display":"","ast-hfb-mobile-header-display":"","site-post-title":"","ast-breadcrumbs-content":"","ast-featured-img":"","footer-sml-layout":"","theme-transparent-header-meta":"default","adv-header-id-meta":"","stick-header-meta":"","header-above-stick-meta":"","header-main-stick-meta":"","header-below-stick-meta":"","astra-migrate-meta-layouts":"default","ast-page-background-enabled":"default","ast-page-background-meta":{"desktop":{"background-color":"","background-image":"","background-repeat":"repeat","background-position":"center center","background-size":"auto","background-attachment":"scroll","background-type":"","background-media":"","overlay-type":"","overlay-color":"","overlay-gradient":""},"tablet":{"background-color":"","background-image":"","background-repeat":"repeat","background-position":"center center","background-size":"auto","background-attachment":"scroll","background-type":"","background-media":"","overlay-type":"","overlay-color":"","overlay-gradient":""},"mobile":{"background-color":"","background-image":"","background-repeat":"repeat","background-position":"center center","background-size":"auto","background-attachment":"scroll","background-type":"","background-media":"","overlay-type":"","overlay-color":"","overlay-gradient":""}},"ast-content-background-meta":{"desktop":{"background-color":"var(--ast-global-color-5)","background-image":"","background-repeat":"repeat","background-position":"center center","background-size":"auto","background-attachment":"scroll","background-type":"","background-media":"","overlay-type":"","overlay-color":"","overlay-gradient":""},"tablet":{"background-color":"var(--ast-global-color-5)","background-image":"","background-repeat":"repeat","background-position":"center center","background-size":"auto","background-attachment":"scroll","background-type":"","background-media":"","overlay-type":"","overlay-color":"","overlay-gradient":""},"mobile":{"background-color":"var(--ast-global-color-5)","background-image":"","background-repeat":"repeat","background-position":"center center","background-size":"auto","background-attachment":"scroll","background-type":"","background-media":"","overlay-type":"","overlay-color":"","overlay-gradient":""}},"footnotes":""},"uagb_featured_image_src":{"full":["https:\/\/steelstorm.standardof.net\/wp-content\/uploads\/sites\/3\/2020\/10\/MnEdR-1.jpg",1200,750,false],"thumbnail":["https:\/\/steelstorm.standardof.net\/wp-content\/uploads\/sites\/3\/2020\/10\/MnEdR-1-150x150.jpg",150,150,true],"medium":["https:\/\/steelstorm.standardof.net\/wp-content\/uploads\/sites\/3\/2020\/10\/MnEdR-1-300x188.jpg",300,188,true],"medium_large":["https:\/\/steelstorm.standardof.net\/wp-content\/uploads\/sites\/3\/2020\/10\/MnEdR-1-768x480.jpg",768,480,true],"large":["https:\/\/steelstorm.standardof.net\/wp-content\/uploads\/sites\/3\/2020\/10\/MnEdR-1-1024x640.jpg",1024,640,true],"1536x1536":["https:\/\/steelstorm.standardof.net\/wp-content\/uploads\/sites\/3\/2020\/10\/MnEdR-1.jpg",1200,750,false],"2048x2048":["https:\/\/steelstorm.standardof.net\/wp-content\/uploads\/sites\/3\/2020\/10\/MnEdR-1.jpg",1200,750,false],"trp-custom-language-flag":["https:\/\/steelstorm.standardof.net\/wp-content\/uploads\/sites\/3\/2020\/10\/MnEdR-1.jpg",18,12,false]},"uagb_author_info":{"display_name":"SOE","author_link":"https:\/\/steelstorm.standardof.net\/de\/author\/k-tastic\/"},"uagb_comment_info":0,"uagb_excerpt":"Coming back to the same map as the previous level, Beneath the Frozen Shroud takes you further into the map, exploring the cave section deeper within. Your tasks here will be to obtain access codes to the underground base while disabling the ventilation system which vents dangerous methane from the caves, keeping the enemy facilities&hellip;","_links":{"self":[{"href":"https:\/\/steelstorm.standardof.net\/de\/wp-json\/wp\/v2\/pages\/291"}],"collection":[{"href":"https:\/\/steelstorm.standardof.net\/de\/wp-json\/wp\/v2\/pages"}],"about":[{"href":"https:\/\/steelstorm.standardof.net\/de\/wp-json\/wp\/v2\/types\/page"}],"author":[{"embeddable":true,"href":"https:\/\/steelstorm.standardof.net\/de\/wp-json\/wp\/v2\/users\/1"}],"replies":[{"embeddable":true,"href":"https:\/\/steelstorm.standardof.net\/de\/wp-json\/wp\/v2\/comments?post=291"}],"version-history":[{"count":1,"href":"https:\/\/steelstorm.standardof.net\/de\/wp-json\/wp\/v2\/pages\/291\/revisions"}],"predecessor-version":[{"id":453,"href":"https:\/\/steelstorm.standardof.net\/de\/wp-json\/wp\/v2\/pages\/291\/revisions\/453"}],"up":[{"embeddable":true,"href":"https:\/\/steelstorm.standardof.net\/de\/wp-json\/wp\/v2\/pages\/173"}],"wp:featuredmedia":[{"embeddable":true,"href":"https:\/\/steelstorm.standardof.net\/de\/wp-json\/wp\/v2\/media\/54"}],"wp:attachment":[{"href":"https:\/\/steelstorm.standardof.net\/de\/wp-json\/wp\/v2\/media?parent=291"}],"curies":[{"name":"wp","href":"https:\/\/api.w.org\/{rel}","templated":true}]}}