{"id":289,"date":"2020-10-17T14:38:20","date_gmt":"2020-10-17T14:38:20","guid":{"rendered":"https:\/\/steelstorm.standardof.net\/?page_id=289"},"modified":"2022-10-31T08:18:31","modified_gmt":"2022-10-31T08:18:31","slug":"burning-retribution-icebound-paradise","status":"publish","type":"page","link":"https:\/\/steelstorm.standardof.net\/de\/fuhren\/level-walkthroughs-2\/brennen-vergeltung-eisgebundenes-paradies\/","title":{"rendered":"Brennende Vergeltung: Eisgebundenes Paradies"},"content":{"rendered":"<p>In der ersten Stufe von Kapitel zwei, Crushing Shackles - Eisgebundenes Paradies der brennenden Vergeltung durch Stahlst\u00fcrme, wird die Schlacht in ein neues Gebiet verlegt, wobei die gefrorenen H\u00f6hlen aus dem ersten Kapitel \u00fcbrig bleiben. Die Aufgabe hier wird es sein, \u00fcber einen bewachten Teleporter auf der besch\u00e4digten Br\u00fccke Zugang zu einem Netzwerk von H\u00f6hlen zu erhalten, in denen der Feind lebt.<\/p>\n\n\n\n<div style=\"height:20px\" aria-hidden=\"true\" class=\"wp-block-spacer\"><\/div>\n\n\n<div class=\"gb-container gb-container-ae025cb2\"><div class=\"gb-inside-container\">\n\n<h2 class=\"has-text-align-center wp-block-heading\">Karte und Ziele<\/h2>\n\n\n\n<div class=\"wp-block-image is-style-default\"><figure class=\"aligncenter size-full is-resized\"><a href=\"https:\/\/steelstorm.standardof.net\/de\/steel-storm-burning-retribution-icebound-paradise-1\/\"><img decoding=\"async\" src=\"https:\/\/steelstorm.standardof.net\/wp-content\/uploads\/sites\/3\/2020\/10\/Steel-Storm-Burning-Retribution-Icebound-Paradise-1.jpg\" alt=\"\" class=\"wp-image-267\" width=\"600\" height=\"483\" title=\"\" srcset=\"https:\/\/steelstorm.standardof.net\/wp-content\/uploads\/sites\/3\/2020\/10\/Steel-Storm-Burning-Retribution-Icebound-Paradise-1.jpg 800w, https:\/\/steelstorm.standardof.net\/wp-content\/uploads\/sites\/3\/2020\/10\/Steel-Storm-Burning-Retribution-Icebound-Paradise-1-300x242.jpg 300w, https:\/\/steelstorm.standardof.net\/wp-content\/uploads\/sites\/3\/2020\/10\/Steel-Storm-Burning-Retribution-Icebound-Paradise-1-768x618.jpg 768w, https:\/\/steelstorm.standardof.net\/wp-content\/uploads\/sites\/3\/2020\/10\/Steel-Storm-Burning-Retribution-Icebound-Paradise-1-16x12.jpg 16w\" sizes=\"(max-width: 600px) 100vw, 600px\" \/><\/a><\/figure><\/div>\n\n\n\n<h3 class=\"has-text-align-center wp-block-heading\">- Hauptziele -<\/h3>\n\n\n\n<p class=\"has-text-align-center\">Erhalten Sie Zugang zur Br\u00fccke.<\/p>\n\n\n\n<h4 class=\"has-text-align-center wp-block-heading\">- Sekund\u00e4rziele -<\/h4>\n\n\n\n<p class=\"has-text-align-center\">Zerst\u00f6re die gro\u00dfe Lieferung an der Br\u00fccke.<\/p>\n\n<\/div><\/div>\n\n\n<div style=\"height:20px\" aria-hidden=\"true\" class=\"wp-block-spacer\"><\/div>\n\n\n<div class=\"gb-container gb-container-686af150\"><div class=\"gb-inside-container\">\n\n<h2 class=\"has-text-align-center wp-block-heading\">Level Progression und Tipps:<\/h2>\n\n\n\n<p>Zu Beginn des Levels findest du einen Sturmpflug, den du aufheben kannst, wenn du deine prim\u00e4re Energiewaffe austauschen willst. Nehmen Sie den gr\u00fcnen Pfad, bis Sie den Punkt erreichen <strong>EIN<\/strong>Dort finden Sie eine Verbrennungsanlage, zwei Kasernen und einen Obelisken, der von einigen T\u00fcrmen bewacht wird. Wenn du diese Verbrennungsanlage zerst\u00f6rst, findest du ein zus\u00e4tzliches Leben, Storm Spread und die Rocket Pod Pickups. Sobald Sie dies getan haben, k\u00f6nnen Sie das nahe gelegene Feld hacken, um das Kraftfeld fallen zu lassen. Sie m\u00fcssen anhalten, um zwei separate Wellen von Light Tanks bei etwa 1\/3 Hacking und Medium Tanks bei 2\/3 Hacking abzuwehren.<\/p>\n\n\n\n<p>Gehen Sie am jetzt nach unten gerichteten Kraftfeld vorbei in Richtung Punkt <strong>B.<\/strong>Sie finden einen schweren Protonenpanzer, der beim \u00dcberqueren des heruntergekommenen Feldes mit einer Strahlkanone, einem Schild und einer vollen R\u00fcstung in der N\u00e4he einiger Barrieren, die Sie aufheben k\u00f6nnen, erscheint. W\u00e4hrend des Kampfes mit diesem Panzer werden mehrere Spawns feindlicher Einheiten ausgel\u00f6st. Seien Sie also darauf vorbereitet, sie ebenfalls zu meiden.<\/p>\n\n\n\n<p>Machen Sie sich als n\u00e4chstes um die Kurve in Richtung Punkt <strong>C.<\/strong>. Hier finden Sie eine kleine Basis mit einem Paar Light Plasma Turrets und einem Paar Rocket Turrets. Jeder der Raketent\u00fcrme bringt einen nahe gelegenen Reparaturturm hervor. Seien Sie also darauf vorbereitet, diese schnell auszuschalten, oder positionieren Sie sich so, dass Sie die Sto\u00dfwelle auf sie anwenden, sobald sie eintreffen. Nehmen Sie die kleine Basis selbst heraus, nachdem diese T\u00fcrme heruntergefahren sind, damit sie eine rote Schl\u00fcsselkarte fallen l\u00e4sst, die Sie auf einer nahe gelegenen Tafel im S\u00fcdosten des Wasserfalls verwenden k\u00f6nnen. Dieses Feld l\u00e4sst das Kraftfeld fallen und erzeugt gleichzeitig ein neues Trio von T\u00fcrmen an der zerst\u00f6rten kleinen Basis, von denen eine eine schwere Strahlkanone ist. Sobald diese verschwunden sind, k\u00f6nnen Sie den Teleporter zum Zeigen bringen <strong>D.<\/strong>.<\/p>\n\n\n\n<p>Ihre letzte Aufgabe wird es sein, sich jetzt auf dem Weg zum Ausgangspad an einer bestimmten Stelle durch die massiven Gruppen von Kisten zu schnitzen <strong>E.<\/strong>. Es gibt nicht viele Feinde au\u00dfer ein paar kleineren Panzern, einigen Raketent\u00fcrmen und einem schweren Protonenpanzer, der erscheint, wenn Sie sich den Containern n\u00e4hern. Stellen Sie sicher, dass Sie alle Beh\u00e4lter sprengen, bis das Objektiv frei ist, und alle verschiedenen Gegenst\u00e4nde aufnehmen, von denen einer das MIRV ist. Sobald die Kisten verschwunden sind, beenden Sie ein Paar Light Plasma Turrets am Ausgangspad, um den Weg aus diesem Level freizumachen.<\/p>\n\n\n\n<figure class=\"wp-block-gallery has-nested-images columns-default is-cropped wp-block-gallery-1 is-layout-flex wp-block-gallery-is-layout-flex\">\n<figure class=\"wp-block-image size-large\"><img decoding=\"async\" width=\"1024\" height=\"768\" src=\"https:\/\/steelstorm.standardof.net\/wp-content\/uploads\/sites\/3\/2020\/10\/Steel-Storm-Burning-Retribution-Icebound-Paradise-2.jpg\" alt=\"\" class=\"wp-image-268\" title=\"\" srcset=\"https:\/\/steelstorm.standardof.net\/wp-content\/uploads\/sites\/3\/2020\/10\/Steel-Storm-Burning-Retribution-Icebound-Paradise-2.jpg 1024w, https:\/\/steelstorm.standardof.net\/wp-content\/uploads\/sites\/3\/2020\/10\/Steel-Storm-Burning-Retribution-Icebound-Paradise-2-300x225.jpg 300w, https:\/\/steelstorm.standardof.net\/wp-content\/uploads\/sites\/3\/2020\/10\/Steel-Storm-Burning-Retribution-Icebound-Paradise-2-768x576.jpg 768w, https:\/\/steelstorm.standardof.net\/wp-content\/uploads\/sites\/3\/2020\/10\/Steel-Storm-Burning-Retribution-Icebound-Paradise-2-16x12.jpg 16w\" sizes=\"(max-width: 1024px) 100vw, 1024px\" \/><\/figure>\n\n\n\n<figure class=\"wp-block-image size-large\"><img decoding=\"async\" width=\"1024\" height=\"768\" src=\"https:\/\/steelstorm.standardof.net\/wp-content\/uploads\/sites\/3\/2020\/10\/Steel-Storm-Burning-Retribution-Icebound-Paradise-5.jpg\" alt=\"\" class=\"wp-image-271\" title=\"\" srcset=\"https:\/\/steelstorm.standardof.net\/wp-content\/uploads\/sites\/3\/2020\/10\/Steel-Storm-Burning-Retribution-Icebound-Paradise-5.jpg 1024w, https:\/\/steelstorm.standardof.net\/wp-content\/uploads\/sites\/3\/2020\/10\/Steel-Storm-Burning-Retribution-Icebound-Paradise-5-300x225.jpg 300w, https:\/\/steelstorm.standardof.net\/wp-content\/uploads\/sites\/3\/2020\/10\/Steel-Storm-Burning-Retribution-Icebound-Paradise-5-768x576.jpg 768w, https:\/\/steelstorm.standardof.net\/wp-content\/uploads\/sites\/3\/2020\/10\/Steel-Storm-Burning-Retribution-Icebound-Paradise-5-16x12.jpg 16w\" sizes=\"(max-width: 1024px) 100vw, 1024px\" \/><\/figure>\n\n\n\n<figure class=\"wp-block-image size-large\"><img decoding=\"async\" width=\"1024\" height=\"768\" src=\"https:\/\/steelstorm.standardof.net\/wp-content\/uploads\/sites\/3\/2020\/10\/Steel-Storm-Burning-Retribution-Icebound-Paradise-4.jpg\" alt=\"\" class=\"wp-image-270\" title=\"\" srcset=\"https:\/\/steelstorm.standardof.net\/wp-content\/uploads\/sites\/3\/2020\/10\/Steel-Storm-Burning-Retribution-Icebound-Paradise-4.jpg 1024w, https:\/\/steelstorm.standardof.net\/wp-content\/uploads\/sites\/3\/2020\/10\/Steel-Storm-Burning-Retribution-Icebound-Paradise-4-300x225.jpg 300w, https:\/\/steelstorm.standardof.net\/wp-content\/uploads\/sites\/3\/2020\/10\/Steel-Storm-Burning-Retribution-Icebound-Paradise-4-768x576.jpg 768w, https:\/\/steelstorm.standardof.net\/wp-content\/uploads\/sites\/3\/2020\/10\/Steel-Storm-Burning-Retribution-Icebound-Paradise-4-16x12.jpg 16w\" sizes=\"(max-width: 1024px) 100vw, 1024px\" \/><\/figure>\n\n\n\n<figure class=\"wp-block-image size-large\"><img decoding=\"async\" width=\"1024\" height=\"768\" src=\"https:\/\/steelstorm.standardof.net\/wp-content\/uploads\/sites\/3\/2020\/10\/Steel-Storm-Burning-Retribution-Icebound-Paradise-3.jpg\" alt=\"\" class=\"wp-image-269\" title=\"\" srcset=\"https:\/\/steelstorm.standardof.net\/wp-content\/uploads\/sites\/3\/2020\/10\/Steel-Storm-Burning-Retribution-Icebound-Paradise-3.jpg 1024w, https:\/\/steelstorm.standardof.net\/wp-content\/uploads\/sites\/3\/2020\/10\/Steel-Storm-Burning-Retribution-Icebound-Paradise-3-300x225.jpg 300w, https:\/\/steelstorm.standardof.net\/wp-content\/uploads\/sites\/3\/2020\/10\/Steel-Storm-Burning-Retribution-Icebound-Paradise-3-768x576.jpg 768w, https:\/\/steelstorm.standardof.net\/wp-content\/uploads\/sites\/3\/2020\/10\/Steel-Storm-Burning-Retribution-Icebound-Paradise-3-16x12.jpg 16w\" sizes=\"(max-width: 1024px) 100vw, 1024px\" \/><\/figure>\n<\/figure>\n\n<\/div><\/div>\n\n\n<div style=\"height:20px\" aria-hidden=\"true\" class=\"wp-block-spacer\"><\/div>\n\n\n\n<h3 class=\"has-text-align-center wp-block-heading\">Crushing Shackles - Walkthrough zum Icebound Paradise Video<\/h3>\n\n\n\n<figure class=\"wp-block-embed is-type-video is-provider-youtube wp-block-embed-youtube wp-embed-aspect-4-3 wp-has-aspect-ratio\"><div class=\"wp-block-embed__wrapper\">\n<div class=\"ast-oembed-container\" style=\"height: 100%;\"><iframe title=\"Ch2-L1 Crushing Shackles - Eisgebundenes Paradies: Stahlsturm - Episode 2\" width=\"500\" height=\"375\" src=\"https:\/\/www.youtube.com\/embed\/5SbrHZEjc28?feature=oembed\" frameborder=\"0\" allow=\"accelerometer; autoplay; clipboard-write; encrypted-media; gyroscope; picture-in-picture; web-share\" referrerpolicy=\"strict-origin-when-cross-origin\" allowfullscreen><\/iframe><\/div>\n<\/div><\/figure>","protected":false},"excerpt":{"rendered":"<p>In the first level of chapter two, Crushing Shackles &#8211; Icebound Paradise of Steel Storm Burning Retribution, the battle is moved to a new area, leaving the frozen caverns from the first chapter. The task here will be to gain entry to a network of caves inhabited by the enemy via a guarded teleporter on [&hellip;]<\/p>","protected":false},"author":1,"featured_media":54,"parent":173,"menu_order":0,"comment_status":"open","ping_status":"closed","template":"","meta":{"_uag_custom_page_level_css":"","site-sidebar-layout":"default","site-content-layout":"default","ast-site-content-layout":"","site-content-style":"default","site-sidebar-style":"default","ast-global-header-display":"","ast-banner-title-visibility":"","ast-main-header-display":"","ast-hfb-above-header-display":"","ast-hfb-below-header-display":"","ast-hfb-mobile-header-display":"","site-post-title":"","ast-breadcrumbs-content":"","ast-featured-img":"","footer-sml-layout":"","theme-transparent-header-meta":"default","adv-header-id-meta":"","stick-header-meta":"","header-above-stick-meta":"","header-main-stick-meta":"","header-below-stick-meta":"","astra-migrate-meta-layouts":"default","ast-page-background-enabled":"default","ast-page-background-meta":{"desktop":{"background-color":"","background-image":"","background-repeat":"repeat","background-position":"center center","background-size":"auto","background-attachment":"scroll","background-type":"","background-media":"","overlay-type":"","overlay-color":"","overlay-gradient":""},"tablet":{"background-color":"","background-image":"","background-repeat":"repeat","background-position":"center center","background-size":"auto","background-attachment":"scroll","background-type":"","background-media":"","overlay-type":"","overlay-color":"","overlay-gradient":""},"mobile":{"background-color":"","background-image":"","background-repeat":"repeat","background-position":"center center","background-size":"auto","background-attachment":"scroll","background-type":"","background-media":"","overlay-type":"","overlay-color":"","overlay-gradient":""}},"ast-content-background-meta":{"desktop":{"background-color":"var(--ast-global-color-5)","background-image":"","background-repeat":"repeat","background-position":"center center","background-size":"auto","background-attachment":"scroll","background-type":"","background-media":"","overlay-type":"","overlay-color":"","overlay-gradient":""},"tablet":{"background-color":"var(--ast-global-color-5)","background-image":"","background-repeat":"repeat","background-position":"center center","background-size":"auto","background-attachment":"scroll","background-type":"","background-media":"","overlay-type":"","overlay-color":"","overlay-gradient":""},"mobile":{"background-color":"var(--ast-global-color-5)","background-image":"","background-repeat":"repeat","background-position":"center center","background-size":"auto","background-attachment":"scroll","background-type":"","background-media":"","overlay-type":"","overlay-color":"","overlay-gradient":""}},"footnotes":""},"uagb_featured_image_src":{"full":["https:\/\/steelstorm.standardof.net\/wp-content\/uploads\/sites\/3\/2020\/10\/MnEdR-1.jpg",1200,750,false],"thumbnail":["https:\/\/steelstorm.standardof.net\/wp-content\/uploads\/sites\/3\/2020\/10\/MnEdR-1-150x150.jpg",150,150,true],"medium":["https:\/\/steelstorm.standardof.net\/wp-content\/uploads\/sites\/3\/2020\/10\/MnEdR-1-300x188.jpg",300,188,true],"medium_large":["https:\/\/steelstorm.standardof.net\/wp-content\/uploads\/sites\/3\/2020\/10\/MnEdR-1-768x480.jpg",768,480,true],"large":["https:\/\/steelstorm.standardof.net\/wp-content\/uploads\/sites\/3\/2020\/10\/MnEdR-1-1024x640.jpg",1024,640,true],"1536x1536":["https:\/\/steelstorm.standardof.net\/wp-content\/uploads\/sites\/3\/2020\/10\/MnEdR-1.jpg",1200,750,false],"2048x2048":["https:\/\/steelstorm.standardof.net\/wp-content\/uploads\/sites\/3\/2020\/10\/MnEdR-1.jpg",1200,750,false],"trp-custom-language-flag":["https:\/\/steelstorm.standardof.net\/wp-content\/uploads\/sites\/3\/2020\/10\/MnEdR-1.jpg",18,12,false]},"uagb_author_info":{"display_name":"SOE","author_link":"https:\/\/steelstorm.standardof.net\/de\/author\/k-tastic\/"},"uagb_comment_info":1,"uagb_excerpt":"In the first level of chapter two, Crushing Shackles &#8211; Icebound Paradise of Steel Storm Burning Retribution, the battle is moved to a new area, leaving the frozen caverns from the first chapter. The task here will be to gain entry to a network of caves inhabited by the enemy via a guarded teleporter on&hellip;","_links":{"self":[{"href":"https:\/\/steelstorm.standardof.net\/de\/wp-json\/wp\/v2\/pages\/289"}],"collection":[{"href":"https:\/\/steelstorm.standardof.net\/de\/wp-json\/wp\/v2\/pages"}],"about":[{"href":"https:\/\/steelstorm.standardof.net\/de\/wp-json\/wp\/v2\/types\/page"}],"author":[{"embeddable":true,"href":"https:\/\/steelstorm.standardof.net\/de\/wp-json\/wp\/v2\/users\/1"}],"replies":[{"embeddable":true,"href":"https:\/\/steelstorm.standardof.net\/de\/wp-json\/wp\/v2\/comments?post=289"}],"version-history":[{"count":1,"href":"https:\/\/steelstorm.standardof.net\/de\/wp-json\/wp\/v2\/pages\/289\/revisions"}],"predecessor-version":[{"id":451,"href":"https:\/\/steelstorm.standardof.net\/de\/wp-json\/wp\/v2\/pages\/289\/revisions\/451"}],"up":[{"embeddable":true,"href":"https:\/\/steelstorm.standardof.net\/de\/wp-json\/wp\/v2\/pages\/173"}],"wp:featuredmedia":[{"embeddable":true,"href":"https:\/\/steelstorm.standardof.net\/de\/wp-json\/wp\/v2\/media\/54"}],"wp:attachment":[{"href":"https:\/\/steelstorm.standardof.net\/de\/wp-json\/wp\/v2\/media?parent=289"}],"curies":[{"name":"wp","href":"https:\/\/api.w.org\/{rel}","templated":true}]}}