{"id":286,"date":"2020-10-17T14:34:31","date_gmt":"2020-10-17T14:34:31","guid":{"rendered":"https:\/\/steelstorm.standardof.net\/?page_id=286"},"modified":"2022-10-31T08:20:16","modified_gmt":"2022-10-31T08:20:16","slug":"burning-retribution-numb-steel","status":"publish","type":"page","link":"https:\/\/steelstorm.standardof.net\/de\/fuhren\/level-walkthroughs-2\/brennen-vergeltung-taub-stahl\/","title":{"rendered":"Brennende Vergeltung: Taubstahl"},"content":{"rendered":"<p>Die zweite und letzte Mission in Kapitel 1 von Episode 2 in Steel Storm, Numb Steel, f\u00fchrt Sie zur\u00fcck zum gefrorenen Meteoriten, um auf derselben Karte wie zuvor fortzufahren, obwohl Sie sich jetzt auf die s\u00fcdliche H\u00e4lfte der Karte konzentrieren, auf die zuvor nicht zugegriffen werden konnte Teil, den Sie zuvor abgedeckt haben, ist jetzt gesperrt. Ihre Aufgabe hier wird es sein, die F\u00e4higkeit der Feinde zu unterbrechen, Wasser aus dem Eis zu ernten, was sie mit einer gro\u00dfen Bergbauplattform tun.<\/p>\n\n\n\n<div style=\"height:20px\" aria-hidden=\"true\" class=\"wp-block-spacer\"><\/div>\n\n\n<div class=\"gb-container gb-container-ae025cb2\"><div class=\"gb-inside-container\">\n\n<h2 class=\"has-text-align-center wp-block-heading\">Karte und Ziele<\/h2>\n\n\n\n<div class=\"wp-block-image is-style-default\"><figure class=\"aligncenter size-full is-resized\"><a href=\"https:\/\/steelstorm.standardof.net\/de\/steel-storm-burning-retribution-numb-steel-1\/\"><img decoding=\"async\" src=\"https:\/\/steelstorm.standardof.net\/wp-content\/uploads\/sites\/3\/2020\/10\/Steel-Storm-Burning-Retribution-Numb-Steel-1.jpg\" alt=\"\" class=\"wp-image-249\" width=\"653\" height=\"356\" title=\"\" srcset=\"https:\/\/steelstorm.standardof.net\/wp-content\/uploads\/sites\/3\/2020\/10\/Steel-Storm-Burning-Retribution-Numb-Steel-1.jpg 871w, https:\/\/steelstorm.standardof.net\/wp-content\/uploads\/sites\/3\/2020\/10\/Steel-Storm-Burning-Retribution-Numb-Steel-1-300x163.jpg 300w, https:\/\/steelstorm.standardof.net\/wp-content\/uploads\/sites\/3\/2020\/10\/Steel-Storm-Burning-Retribution-Numb-Steel-1-768x418.jpg 768w, https:\/\/steelstorm.standardof.net\/wp-content\/uploads\/sites\/3\/2020\/10\/Steel-Storm-Burning-Retribution-Numb-Steel-1-16x9.jpg 16w\" sizes=\"(max-width: 653px) 100vw, 653px\" \/><\/a><\/figure><\/div>\n\n\n\n<h3 class=\"has-text-align-center wp-block-heading\">- Hauptziele -<\/h3>\n\n\n\n<p class=\"has-text-align-center\">Verdampfer deaktivieren<\/p>\n\n\n\n<h4 class=\"has-text-align-center wp-block-heading\">- Sekund\u00e4rziele -<\/h4>\n\n\n\n<p class=\"has-text-align-center\">Zerst\u00f6re Fusionskern-Racks (3)<\/p>\n\n<\/div><\/div>\n\n\n<div style=\"height:20px\" aria-hidden=\"true\" class=\"wp-block-spacer\"><\/div>\n\n\n<div class=\"gb-container gb-container-686af150\"><div class=\"gb-inside-container\">\n\n<h2 class=\"has-text-align-center wp-block-heading\">Level Progression und Tipps:<\/h2>\n\n\n\n<p>Sie beginnen mit dem Laichen Ihres Panzers an einem Punkt <strong>EIN<\/strong>. Bevor Sie den gr\u00fcnen Pfad entlang gehen, sollten Sie s\u00fcdlich Ihrer Startposition nach einer Flak-Kanone und weiteren Pickups suchen. Seien Sie jedoch vorsichtig, da die Ann\u00e4herung an sie einen leichten Hinterhalt hervorruft. Wehren Sie diese Jungs ab, um die Gegenst\u00e4nde und Bonuskristalle zu sichern, bevor Sie sich auf den Weg machen <strong>B.<\/strong>. Wenn Sie den Sturmpflug aus der vorherigen Mission verloren haben, k\u00f6nnen Sie einen weiteren n\u00f6rdlich des Startorts aufnehmen.<\/p>\n\n\n\n<p>Ann\u00e4herungspunkt <strong>B.<\/strong>Sie werden mit einigen verschiedenen Panzern \u00fcberfallen, darunter ein paar Lightning-Panzer. Bek\u00e4mpfe sie und reise, um zu zeigen <strong>B.<\/strong> Sie k\u00f6nnen die Storm Spread-Waffe finden, die es wert ist, aufgenommen und schnell eingesetzt zu werden, um einen neuen gr\u00f6\u00dferen Hinterhalt abzuwehren, der durch das Auffinden oder die Ann\u00e4herung an ihn ausgel\u00f6st wird. Diese Welle verursacht die Kraftfelder um den Punkt <strong>B.<\/strong> f\u00fcr die Dauer des folgenden Kampfes auftauchen und erneut fallen, wenn der letzte feindliche Panzer ausgefallen ist.<\/p>\n\n\n\n<p>Punkt <strong>C. <\/strong>wird mehr geschlossene Tore und Hinterhalte mit sich bringen, bietet Ihnen jedoch die M\u00f6glichkeit, die Strahlkanone aufzunehmen, die Ihnen ein hervorragendes Werkzeug f\u00fcr die schnelle Entsorgung von T\u00fcrmen aus gro\u00dfer Entfernung bietet.<\/p>\n\n\n\n<p>Nachdem Sie die ersten Wellen von Feinden bek\u00e4mpft haben, die auftauchen, um Sie in diesem Bereich anzugreifen, gehen Sie zum Punkt <strong>D. <\/strong>Hier finden Sie zwei Konsolen, die ein duales Kraftfeld steuern. Eine davon ist sofort hackbar, w\u00e4hrend die andere eine Schl\u00fcsselkarte ben\u00f6tigt. Beginnen Sie mit dem Hacken der ersten blauen Konsole, um das Kraftfeld, das das Triggerpad sch\u00fctzt, an einer bestimmten Stelle fallen zu lassen <strong>C.<\/strong> Dies wiederum deaktiviert das Kraftfeld um den Teleporter direkt gegen\u00fcber, immer noch am Punkt <strong>C.<\/strong>. Einige neue T\u00fcrme erscheinen in der N\u00e4he des Abzugspads zusammen mit einigen Panzern, nachdem sie die Konsole gehackt haben.<\/p>\n\n\n\n<p>Nehmen Sie den Teleporter an der richtigen Stelle <strong>C.<\/strong> Das bringt dich auf dem lila Weg zum Punkt <strong>1<\/strong>. Hier finden Sie ein Paar Fusionskern-Racks, die Sie vom Pad oder weiter entfernt zerst\u00f6ren sollten, bevor Sie sich den Raketent\u00fcrmen am anderen Ende dieses geschlossenen Raums n\u00e4hern. Wenn die Raketent\u00fcrme mit noch offenen Racks auf Sie schie\u00dfen, k\u00f6nnen sie m\u00f6glicherweise die Racks zur Detonation bringen, w\u00e4hrend Sie sich in ihrer N\u00e4he befinden, und Sie vollst\u00e4ndig umhauen. Sobald die zwei Gestelle und zwei T\u00fcrme verschwunden sind, nimm alle Bonuskristalle zusammen mit der ersten roten Schl\u00fcsselkarte und gehe zur\u00fcck durch den Teleporter.<\/p>\n\n\n\n<p>Verwenden Sie die Schl\u00fcsselkarte, um auf die zweite Konsole zuzugreifen <strong>D.<\/strong> und sofort aufh\u00f6ren, wenn die n\u00e4chste Welle \u00fcberfallender Feinde w\u00e4hrend des Zugriffsversuchs erscheint. Bleib nicht still, bis der Hack beendet ist, da er dich t\u00f6ten kann. Nehmen Sie stattdessen schnell den Heavy Beam Turret heraus und heben Sie den Raketen-Pod auf, der erscheint, und wenden Sie ihn gegen die kondensierte Gruppe von Panzern, die Sie angreifen. Sobald Sie den Bereich ger\u00e4umt haben, k\u00f6nnen Sie zu Ihrem vorherigen Gesch\u00e4ft zur\u00fcckkehren und das Kraftfeld mit der Schl\u00fcsselkarte herunterfahren, um in Richtung Punkt zu fahren <strong>F.<\/strong>.<\/p>\n\n\n\n<p>Beim <strong>E.<\/strong> Sie werden einer Vielzahl von Feinden gegen\u00fcberstehen, aber vorerst wird Ihr Hauptaugenmerk nicht auf dem Verdampfer liegen, sondern Sie m\u00fcssen den Bereich r\u00e4umen, damit Sie das Terminal an einem bestimmten Punkt hacken k\u00f6nnen <strong>F.<\/strong>. Dieses Terminal l\u00e4sst das benachbarte Kraftfeld fallen, wodurch Sie auf ein Trigger-Pad zugreifen k\u00f6nnen, das wiederum das Kraftfeld zwischen freischaltet <strong>EIN<\/strong> und <strong>G<\/strong>. Jetzt ist es Zeit, zu diesen Orten zur\u00fcckzukehren und sich auf dem roten Weg in Richtung zu bewegen <strong>G<\/strong>.<\/p>\n\n\n\n<p>Bei Erreichen des Punktes <strong>G <\/strong>Sie werden eine Thunderbolt-Sekund\u00e4renergiewaffe finden, die Sie zur Verwendung aufheben k\u00f6nnen, obwohl ich vorschlagen w\u00fcrde, bei der Strahlkanone zu bleiben. R\u00e4umen Sie die Feinde hier auf und konzentrieren Sie sich auf den Reparaturturm, bevor Sie weiter zum Punkt gehen <strong>H.<\/strong> Dort befindet sich das Ausgangsportal, das von einem aktiven Kraftfeld bewacht wird, neben einem Geb\u00e4ude, dessen Eingang von einem Kraftfeld blockiert wird, und einem hackbaren Terminal dagegen. R\u00e4umen Sie den Bereich auf und hacken Sie dieses Terminal, um sein Kraftfeld fallen zu lassen. So k\u00f6nnen Sie das Geb\u00e4ude betreten und den Teleporter (lila Pfad) zum Punkt nehmen <strong>2<\/strong>.<\/p>\n\n\n\n<p>Am Punkt<strong> 2<\/strong> Sie k\u00f6nnen den dritten und letzten Fusionskern zerst\u00f6ren, dann den besch\u00e4digten Kern aufheben und zum anderen Teleporter (hellblauer Pfad) bringen, um zu zeigen<strong> E.<\/strong> Hier k\u00f6nnen Sie den besch\u00e4digten Kern in den Verdampfer einf\u00fchren, um Ihr prim\u00e4res Ziel zu erreichen und 2 rote Schl\u00fcsselkarten fallen zu lassen, damit Sie sie wieder aufnehmen und zum Punkt zur\u00fcckbringen k\u00f6nnen <strong>H.<\/strong> Verwenden Sie die Teleporter und halten Sie an, um gegen den schweren Protonentank zu k\u00e4mpfen, der durch die Deaktivierung des Verdampfers entstanden ist.<\/p>\n\n\n\n<p>Zur\u00fcck am Punkt ankommen <strong>H.<\/strong>Verwenden Sie beide Schl\u00fcsselkarten auf beiden Konsolen neben dem Exit-Portal. Dies l\u00f6st einen weiteren schweren Protonenpanzer aus, der zerst\u00f6rt werden muss, bevor das Kraftfeld, das das Ausgangsportal bewacht, endg\u00fcltig abf\u00e4llt und dabei einige Bonuskristalle hervorbringt.<\/p>\n\n\n\n<figure class=\"wp-block-gallery has-nested-images columns-default is-cropped wp-block-gallery-1 is-layout-flex wp-block-gallery-is-layout-flex\">\n<figure class=\"wp-block-image size-large\"><img decoding=\"async\" width=\"1024\" height=\"576\" src=\"https:\/\/steelstorm.standardof.net\/wp-content\/uploads\/sites\/3\/2020\/10\/Steel-Storm-Burning-Retribution-Numb-Steel-2.jpg\" alt=\"\" class=\"wp-image-250\" title=\"\" srcset=\"https:\/\/steelstorm.standardof.net\/wp-content\/uploads\/sites\/3\/2020\/10\/Steel-Storm-Burning-Retribution-Numb-Steel-2.jpg 1024w, https:\/\/steelstorm.standardof.net\/wp-content\/uploads\/sites\/3\/2020\/10\/Steel-Storm-Burning-Retribution-Numb-Steel-2-300x169.jpg 300w, https:\/\/steelstorm.standardof.net\/wp-content\/uploads\/sites\/3\/2020\/10\/Steel-Storm-Burning-Retribution-Numb-Steel-2-768x432.jpg 768w, https:\/\/steelstorm.standardof.net\/wp-content\/uploads\/sites\/3\/2020\/10\/Steel-Storm-Burning-Retribution-Numb-Steel-2-16x9.jpg 16w\" sizes=\"(max-width: 1024px) 100vw, 1024px\" \/><\/figure>\n\n\n\n<figure class=\"wp-block-image size-large\"><img decoding=\"async\" width=\"1024\" height=\"576\" src=\"https:\/\/steelstorm.standardof.net\/wp-content\/uploads\/sites\/3\/2020\/10\/Steel-Storm-Burning-Retribution-Numb-Steel-7.jpg\" alt=\"\" class=\"wp-image-255\" title=\"\" srcset=\"https:\/\/steelstorm.standardof.net\/wp-content\/uploads\/sites\/3\/2020\/10\/Steel-Storm-Burning-Retribution-Numb-Steel-7.jpg 1024w, https:\/\/steelstorm.standardof.net\/wp-content\/uploads\/sites\/3\/2020\/10\/Steel-Storm-Burning-Retribution-Numb-Steel-7-300x169.jpg 300w, https:\/\/steelstorm.standardof.net\/wp-content\/uploads\/sites\/3\/2020\/10\/Steel-Storm-Burning-Retribution-Numb-Steel-7-768x432.jpg 768w, https:\/\/steelstorm.standardof.net\/wp-content\/uploads\/sites\/3\/2020\/10\/Steel-Storm-Burning-Retribution-Numb-Steel-7-16x9.jpg 16w\" sizes=\"(max-width: 1024px) 100vw, 1024px\" \/><\/figure>\n\n\n\n<figure class=\"wp-block-image size-large\"><img decoding=\"async\" width=\"1024\" height=\"576\" src=\"https:\/\/steelstorm.standardof.net\/wp-content\/uploads\/sites\/3\/2020\/10\/Steel-Storm-Burning-Retribution-Numb-Steel-6.jpg\" alt=\"\" class=\"wp-image-254\" title=\"\" srcset=\"https:\/\/steelstorm.standardof.net\/wp-content\/uploads\/sites\/3\/2020\/10\/Steel-Storm-Burning-Retribution-Numb-Steel-6.jpg 1024w, https:\/\/steelstorm.standardof.net\/wp-content\/uploads\/sites\/3\/2020\/10\/Steel-Storm-Burning-Retribution-Numb-Steel-6-300x169.jpg 300w, https:\/\/steelstorm.standardof.net\/wp-content\/uploads\/sites\/3\/2020\/10\/Steel-Storm-Burning-Retribution-Numb-Steel-6-768x432.jpg 768w, https:\/\/steelstorm.standardof.net\/wp-content\/uploads\/sites\/3\/2020\/10\/Steel-Storm-Burning-Retribution-Numb-Steel-6-16x9.jpg 16w\" sizes=\"(max-width: 1024px) 100vw, 1024px\" \/><\/figure>\n\n\n\n<figure class=\"wp-block-image size-large\"><img decoding=\"async\" width=\"1024\" height=\"576\" src=\"https:\/\/steelstorm.standardof.net\/wp-content\/uploads\/sites\/3\/2020\/10\/Steel-Storm-Burning-Retribution-Numb-Steel-5.jpg\" alt=\"\" class=\"wp-image-253\" title=\"\" srcset=\"https:\/\/steelstorm.standardof.net\/wp-content\/uploads\/sites\/3\/2020\/10\/Steel-Storm-Burning-Retribution-Numb-Steel-5.jpg 1024w, https:\/\/steelstorm.standardof.net\/wp-content\/uploads\/sites\/3\/2020\/10\/Steel-Storm-Burning-Retribution-Numb-Steel-5-300x169.jpg 300w, https:\/\/steelstorm.standardof.net\/wp-content\/uploads\/sites\/3\/2020\/10\/Steel-Storm-Burning-Retribution-Numb-Steel-5-768x432.jpg 768w, https:\/\/steelstorm.standardof.net\/wp-content\/uploads\/sites\/3\/2020\/10\/Steel-Storm-Burning-Retribution-Numb-Steel-5-16x9.jpg 16w\" sizes=\"(max-width: 1024px) 100vw, 1024px\" \/><\/figure>\n\n\n\n<figure class=\"wp-block-image size-large\"><img decoding=\"async\" width=\"1024\" height=\"576\" src=\"https:\/\/steelstorm.standardof.net\/wp-content\/uploads\/sites\/3\/2020\/10\/Steel-Storm-Burning-Retribution-Numb-Steel-4.jpg\" alt=\"\" class=\"wp-image-252\" title=\"\" srcset=\"https:\/\/steelstorm.standardof.net\/wp-content\/uploads\/sites\/3\/2020\/10\/Steel-Storm-Burning-Retribution-Numb-Steel-4.jpg 1024w, https:\/\/steelstorm.standardof.net\/wp-content\/uploads\/sites\/3\/2020\/10\/Steel-Storm-Burning-Retribution-Numb-Steel-4-300x169.jpg 300w, https:\/\/steelstorm.standardof.net\/wp-content\/uploads\/sites\/3\/2020\/10\/Steel-Storm-Burning-Retribution-Numb-Steel-4-768x432.jpg 768w, https:\/\/steelstorm.standardof.net\/wp-content\/uploads\/sites\/3\/2020\/10\/Steel-Storm-Burning-Retribution-Numb-Steel-4-16x9.jpg 16w\" sizes=\"(max-width: 1024px) 100vw, 1024px\" \/><\/figure>\n\n\n\n<figure class=\"wp-block-image size-large\"><img decoding=\"async\" width=\"1024\" height=\"576\" src=\"https:\/\/steelstorm.standardof.net\/wp-content\/uploads\/sites\/3\/2020\/10\/Steel-Storm-Burning-Retribution-Numb-Steel-3.jpg\" alt=\"\" class=\"wp-image-251\" title=\"\" srcset=\"https:\/\/steelstorm.standardof.net\/wp-content\/uploads\/sites\/3\/2020\/10\/Steel-Storm-Burning-Retribution-Numb-Steel-3.jpg 1024w, https:\/\/steelstorm.standardof.net\/wp-content\/uploads\/sites\/3\/2020\/10\/Steel-Storm-Burning-Retribution-Numb-Steel-3-300x169.jpg 300w, https:\/\/steelstorm.standardof.net\/wp-content\/uploads\/sites\/3\/2020\/10\/Steel-Storm-Burning-Retribution-Numb-Steel-3-768x432.jpg 768w, https:\/\/steelstorm.standardof.net\/wp-content\/uploads\/sites\/3\/2020\/10\/Steel-Storm-Burning-Retribution-Numb-Steel-3-16x9.jpg 16w\" sizes=\"(max-width: 1024px) 100vw, 1024px\" \/><\/figure>\n<\/figure>\n\n<\/div><\/div>\n\n\n<div style=\"height:20px\" aria-hidden=\"true\" class=\"wp-block-spacer\"><\/div>\n\n\n\n<h3 class=\"has-text-align-center wp-block-heading\">Schneeflocken-Sturm - Taumb Steel Video Walkthrough<\/h3>\n\n\n\n<figure class=\"wp-block-embed is-type-video is-provider-youtube wp-block-embed-youtube wp-embed-aspect-16-9 wp-has-aspect-ratio\"><div class=\"wp-block-embed__wrapper\">\n<div class=\"ast-oembed-container\" style=\"height: 100%;\"><iframe title=\"Schneeflockensturm: Taubstahl - Stahlsturm: Brennende Vergeltung - Episode 2 Walktrough\" width=\"500\" height=\"281\" src=\"https:\/\/www.youtube.com\/embed\/YOoiuILS9Ts?feature=oembed\" frameborder=\"0\" allow=\"accelerometer; autoplay; clipboard-write; encrypted-media; gyroscope; picture-in-picture; web-share\" referrerpolicy=\"strict-origin-when-cross-origin\" allowfullscreen><\/iframe><\/div>\n<\/div><\/figure>","protected":false},"excerpt":{"rendered":"<p>The second and final mission in chapter 1 of Episode 2 in Steel Storm, Numb Steel, takes you back to the frozen meteorite to continue in the same map as previously, although now focusing on the southern half of the map which was previously inaccessible while the part you covered before is now locked off. [&hellip;]<\/p>","protected":false},"author":1,"featured_media":54,"parent":173,"menu_order":0,"comment_status":"open","ping_status":"closed","template":"","meta":{"_uag_custom_page_level_css":"","site-sidebar-layout":"default","site-content-layout":"default","ast-site-content-layout":"","site-content-style":"default","site-sidebar-style":"default","ast-global-header-display":"","ast-banner-title-visibility":"","ast-main-header-display":"","ast-hfb-above-header-display":"","ast-hfb-below-header-display":"","ast-hfb-mobile-header-display":"","site-post-title":"","ast-breadcrumbs-content":"","ast-featured-img":"","footer-sml-layout":"","theme-transparent-header-meta":"default","adv-header-id-meta":"","stick-header-meta":"","header-above-stick-meta":"","header-main-stick-meta":"","header-below-stick-meta":"","astra-migrate-meta-layouts":"default","ast-page-background-enabled":"default","ast-page-background-meta":{"desktop":{"background-color":"","background-image":"","background-repeat":"repeat","background-position":"center center","background-size":"auto","background-attachment":"scroll","background-type":"","background-media":"","overlay-type":"","overlay-color":"","overlay-gradient":""},"tablet":{"background-color":"","background-image":"","background-repeat":"repeat","background-position":"center center","background-size":"auto","background-attachment":"scroll","background-type":"","background-media":"","overlay-type":"","overlay-color":"","overlay-gradient":""},"mobile":{"background-color":"","background-image":"","background-repeat":"repeat","background-position":"center center","background-size":"auto","background-attachment":"scroll","background-type":"","background-media":"","overlay-type":"","overlay-color":"","overlay-gradient":""}},"ast-content-background-meta":{"desktop":{"background-color":"var(--ast-global-color-5)","background-image":"","background-repeat":"repeat","background-position":"center center","background-size":"auto","background-attachment":"scroll","background-type":"","background-media":"","overlay-type":"","overlay-color":"","overlay-gradient":""},"tablet":{"background-color":"var(--ast-global-color-5)","background-image":"","background-repeat":"repeat","background-position":"center center","background-size":"auto","background-attachment":"scroll","background-type":"","background-media":"","overlay-type":"","overlay-color":"","overlay-gradient":""},"mobile":{"background-color":"var(--ast-global-color-5)","background-image":"","background-repeat":"repeat","background-position":"center center","background-size":"auto","background-attachment":"scroll","background-type":"","background-media":"","overlay-type":"","overlay-color":"","overlay-gradient":""}},"footnotes":""},"uagb_featured_image_src":{"full":["https:\/\/steelstorm.standardof.net\/wp-content\/uploads\/sites\/3\/2020\/10\/MnEdR-1.jpg",1200,750,false],"thumbnail":["https:\/\/steelstorm.standardof.net\/wp-content\/uploads\/sites\/3\/2020\/10\/MnEdR-1-150x150.jpg",150,150,true],"medium":["https:\/\/steelstorm.standardof.net\/wp-content\/uploads\/sites\/3\/2020\/10\/MnEdR-1-300x188.jpg",300,188,true],"medium_large":["https:\/\/steelstorm.standardof.net\/wp-content\/uploads\/sites\/3\/2020\/10\/MnEdR-1-768x480.jpg",768,480,true],"large":["https:\/\/steelstorm.standardof.net\/wp-content\/uploads\/sites\/3\/2020\/10\/MnEdR-1-1024x640.jpg",1024,640,true],"1536x1536":["https:\/\/steelstorm.standardof.net\/wp-content\/uploads\/sites\/3\/2020\/10\/MnEdR-1.jpg",1200,750,false],"2048x2048":["https:\/\/steelstorm.standardof.net\/wp-content\/uploads\/sites\/3\/2020\/10\/MnEdR-1.jpg",1200,750,false],"trp-custom-language-flag":["https:\/\/steelstorm.standardof.net\/wp-content\/uploads\/sites\/3\/2020\/10\/MnEdR-1.jpg",18,12,false]},"uagb_author_info":{"display_name":"SOE","author_link":"https:\/\/steelstorm.standardof.net\/de\/author\/k-tastic\/"},"uagb_comment_info":0,"uagb_excerpt":"The second and final mission in chapter 1 of Episode 2 in Steel Storm, Numb Steel, takes you back to the frozen meteorite to continue in the same map as previously, although now focusing on the southern half of the map which was previously inaccessible while the part you covered before is now locked off.&hellip;","_links":{"self":[{"href":"https:\/\/steelstorm.standardof.net\/de\/wp-json\/wp\/v2\/pages\/286"}],"collection":[{"href":"https:\/\/steelstorm.standardof.net\/de\/wp-json\/wp\/v2\/pages"}],"about":[{"href":"https:\/\/steelstorm.standardof.net\/de\/wp-json\/wp\/v2\/types\/page"}],"author":[{"embeddable":true,"href":"https:\/\/steelstorm.standardof.net\/de\/wp-json\/wp\/v2\/users\/1"}],"replies":[{"embeddable":true,"href":"https:\/\/steelstorm.standardof.net\/de\/wp-json\/wp\/v2\/comments?post=286"}],"version-history":[{"count":1,"href":"https:\/\/steelstorm.standardof.net\/de\/wp-json\/wp\/v2\/pages\/286\/revisions"}],"predecessor-version":[{"id":455,"href":"https:\/\/steelstorm.standardof.net\/de\/wp-json\/wp\/v2\/pages\/286\/revisions\/455"}],"up":[{"embeddable":true,"href":"https:\/\/steelstorm.standardof.net\/de\/wp-json\/wp\/v2\/pages\/173"}],"wp:featuredmedia":[{"embeddable":true,"href":"https:\/\/steelstorm.standardof.net\/de\/wp-json\/wp\/v2\/media\/54"}],"wp:attachment":[{"href":"https:\/\/steelstorm.standardof.net\/de\/wp-json\/wp\/v2\/media?parent=286"}],"curies":[{"name":"wp","href":"https:\/\/api.w.org\/{rel}","templated":true}]}}