{"id":285,"date":"2020-10-17T14:31:12","date_gmt":"2020-10-17T14:31:12","guid":{"rendered":"https:\/\/steelstorm.standardof.net\/?page_id=285"},"modified":"2022-10-31T08:20:48","modified_gmt":"2022-10-31T08:20:48","slug":"burning-retribution-frozen-canyon","status":"publish","type":"page","link":"https:\/\/steelstorm.standardof.net\/de\/fuhren\/level-walkthroughs-2\/brennen-vergeltung-gefroren-canyon\/","title":{"rendered":"Brennende Vergeltung: Gefrorener Canyon"},"content":{"rendered":"<p>Die Burning Retribution-Episode von Steel Storm beginnt mit Below Zero - Frozen Canyon, wo Sie auf die Oberfl\u00e4che eines gefrorenen Meteoriten fallen, der durch den Weltraum wandert, wo sich vermutlich eine massive Ansammlung feindlicher Streitkr\u00e4fte und Einrichtungen befindet.<\/p>\n\n\n\n<div style=\"height:20px\" aria-hidden=\"true\" class=\"wp-block-spacer\"><\/div>\n\n\n<div class=\"gb-container gb-container-ae025cb2\"><div class=\"gb-inside-container\">\n\n<h2 class=\"has-text-align-center wp-block-heading\">Karte und Ziele<\/h2>\n\n\n\n<div class=\"wp-block-image is-style-default\"><figure class=\"aligncenter size-full is-resized\"><a href=\"https:\/\/steelstorm.standardof.net\/de\/steel-storm-burning-retribution-frozen-canyon-1\/\"><img decoding=\"async\" src=\"https:\/\/steelstorm.standardof.net\/wp-content\/uploads\/sites\/3\/2020\/10\/Steel-Storm-Burning-Retribution-Frozen-Canyon-1.jpg\" alt=\"\" class=\"wp-image-244\" width=\"575\" height=\"284\" title=\"\" srcset=\"https:\/\/steelstorm.standardof.net\/wp-content\/uploads\/sites\/3\/2020\/10\/Steel-Storm-Burning-Retribution-Frozen-Canyon-1.jpg 766w, https:\/\/steelstorm.standardof.net\/wp-content\/uploads\/sites\/3\/2020\/10\/Steel-Storm-Burning-Retribution-Frozen-Canyon-1-300x148.jpg 300w, https:\/\/steelstorm.standardof.net\/wp-content\/uploads\/sites\/3\/2020\/10\/Steel-Storm-Burning-Retribution-Frozen-Canyon-1-16x8.jpg 16w\" sizes=\"(max-width: 575px) 100vw, 575px\" \/><\/a><\/figure><\/div>\n\n\n\n<h3 class=\"has-text-align-center wp-block-heading\">- Hauptziele -<\/h3>\n\n\n\n<p class=\"has-text-align-center\">Rufen Sie die Zugangscodes vom schweren Tank ab.<\/p>\n\n<\/div><\/div>\n\n\n<div style=\"height:20px\" aria-hidden=\"true\" class=\"wp-block-spacer\"><\/div>\n\n\n<div class=\"gb-container gb-container-686af150\"><div class=\"gb-inside-container\">\n\n<h2 class=\"has-text-align-center wp-block-heading\">Level Progression und Tipps:<\/h2>\n\n\n\n<p>Sie starten in einem geschlossenen Bereich mit einigen Schilden und dem Sturmpflug, den Sie abholen m\u00fcssen, da Sie erst mit Beginn einer neuen Episode wieder in der Minigun sind. Nimm diese Gegenst\u00e4nde und breche die Felswand, um zum Punkt zu gelangen <strong>EIN <\/strong>Dies wird der erste einer Reihe von Hinterhalten sein, die den Hauptfluss dieses Levels ausmachen. Sobald Sie es nahe genug an das aktuell ge\u00f6ffnete Kraftfeld gebracht haben, das zum Punkt f\u00fchrt <strong>B.<\/strong>wird das Tor geschlossen und Sie werden von einer Reihe von leichten und mittleren Panzern zusammen mit 3 leichten Plasma-T\u00fcrmen angegriffen. Sobald Sie besiegt sind, k\u00f6nnen Sie auf das Trigger-Pad neben dem Kraftfeld treten, um es zu deaktivieren und fortzufahren.<\/p>\n\n\n\n<p>Am Punkt ankommen <strong>B. <\/strong>Beginnt den zweiten Hinterhalt, ruft das n\u00e4chste Kraftfeld auf, das zuvor ge\u00f6ffnet war, und f\u00e4ngt Sie erneut in einem geschlossenen Raum ein, um zus\u00e4tzliche Wellen von Feinden abzuwehren. Sie k\u00f6nnen in Richtung Punkt zur\u00fcckziehen <strong>EIN <\/strong>Das Feld in Richtung bleibt unten, so dass Sie sich mehr Raum geben k\u00f6nnen, um sich den Feinden zu stellen. Die gr\u00f6\u00dfte Bedrohung ist hier ein Trio von Lightning Tanks, die als Teil des ersten Angriffs erscheinen.<\/p>\n\n\n\n<p>Wenn Sie diese Einheiten abwehren, wird das Feld um den Punkt herum fallen gelassen <strong>C.<\/strong>Auf diese Weise k\u00f6nnen Sie die Flak-Kanone und einige Bonuskristalle aufheben und auf diese Weise zus\u00e4tzliche Angriffseinheiten erzeugen, haupts\u00e4chlich in Form eines Reparaturturms direkt au\u00dferhalb des Feldes <strong>C.<\/strong>. Lassen Sie diesen neuen Turm schnell fallen, um zu verhindern, dass zu viele Einheiten wiederbelebt werden. Wenn Sie den Feind zuvor in Richtung Punkt A gezogen haben, ist dies weniger problematisch.<\/p>\n\n\n\n<p>Nimm den zweiten Sturmpflug auf dem Weg zum Punkt <strong>D. <\/strong>wenn Sie die Waffe zuvor verloren haben, bevor Sie sich dem letzten Hinterhalt in diesem Level n\u00e4hern. Hier werden Sie von noch mehr Panzern mit einem Paar Reparaturt\u00fcrmen angegriffen, um sie zu unterst\u00fctzen. Ziehen Sie den Feind entweder weit zur\u00fcck oder, wenn Sie Gl\u00fcck haben, beschleunigen Sie die Reparaturt\u00fcrme, obwohl die Option zum Zur\u00fcckziehen weitaus \u00fcberlebensf\u00e4higer ist. Sobald Sie den Bereich ger\u00e4umt haben, k\u00f6nnen Sie sich dem Ausgangsfeld n\u00e4hern, das ein Kraftfeld um es herum aktiviert, bevor Sie dem roten Pfeil folgen, um ein weiteres Kraftfeld zu aktivieren, das den s\u00fcdlichen Teil der Karte dauerhaft blockiert.<\/p>\n\n\n\n<p>Sobald dieses zweite Kraftfeld auftaucht, erscheint das MIRV n\u00f6rdlich von Ihnen und bald darauf ein Paar Raketent\u00fcrme und ein leichter Plasma-Turm. Seien Sie vorsichtig, wenn Sie diese Raketent\u00fcrme angreifen, was selbst in gr\u00f6\u00dferer Entfernung ziemlich t\u00f6dlich sein kann, wenn man bedenkt, dass die Raketen weiter fliegen als die Raketen-Pods. Sobald diese unten sind, nimm das MIRV, um deine erste Sekund\u00e4rwaffe zu erhalten und schlie\u00dflich das letzte Ziel dieser Mission, den schweren Protonenpanzer, hervorzubringen.<\/p>\n\n\n\n<p>Sie k\u00f6nnen den Auf- und Abweg des MIRV effektiv nutzen, indem Sie sich hinter Hindernissen verstecken und gleichzeitig Waffen auf den schweren Panzer regnen. Sobald Sie Ihr Ziel fallen gelassen haben, k\u00f6nnen Sie zum jetzt ge\u00f6ffneten Ausgangspad gehen und das Frozen Canyon-Level abschlie\u00dfen.<\/p>\n\n\n\n<figure class=\"wp-block-gallery has-nested-images columns-default is-cropped wp-block-gallery-1 is-layout-flex wp-block-gallery-is-layout-flex\">\n<figure class=\"wp-block-image size-large\"><img decoding=\"async\" width=\"1024\" height=\"576\" src=\"https:\/\/steelstorm.standardof.net\/wp-content\/uploads\/sites\/3\/2020\/10\/Steel-Storm-Burning-Retribution-Frozen-Canyon-2.jpg\" alt=\"\" class=\"wp-image-245\" title=\"\" srcset=\"https:\/\/steelstorm.standardof.net\/wp-content\/uploads\/sites\/3\/2020\/10\/Steel-Storm-Burning-Retribution-Frozen-Canyon-2.jpg 1024w, https:\/\/steelstorm.standardof.net\/wp-content\/uploads\/sites\/3\/2020\/10\/Steel-Storm-Burning-Retribution-Frozen-Canyon-2-300x169.jpg 300w, https:\/\/steelstorm.standardof.net\/wp-content\/uploads\/sites\/3\/2020\/10\/Steel-Storm-Burning-Retribution-Frozen-Canyon-2-768x432.jpg 768w, https:\/\/steelstorm.standardof.net\/wp-content\/uploads\/sites\/3\/2020\/10\/Steel-Storm-Burning-Retribution-Frozen-Canyon-2-16x9.jpg 16w\" sizes=\"(max-width: 1024px) 100vw, 1024px\" \/><\/figure>\n\n\n\n<figure class=\"wp-block-image size-large\"><img decoding=\"async\" width=\"1024\" height=\"576\" src=\"https:\/\/steelstorm.standardof.net\/wp-content\/uploads\/sites\/3\/2020\/10\/Steel-Storm-Burning-Retribution-Frozen-Canyon-5.jpg\" alt=\"\" class=\"wp-image-248\" title=\"\" srcset=\"https:\/\/steelstorm.standardof.net\/wp-content\/uploads\/sites\/3\/2020\/10\/Steel-Storm-Burning-Retribution-Frozen-Canyon-5.jpg 1024w, https:\/\/steelstorm.standardof.net\/wp-content\/uploads\/sites\/3\/2020\/10\/Steel-Storm-Burning-Retribution-Frozen-Canyon-5-300x169.jpg 300w, https:\/\/steelstorm.standardof.net\/wp-content\/uploads\/sites\/3\/2020\/10\/Steel-Storm-Burning-Retribution-Frozen-Canyon-5-768x432.jpg 768w, https:\/\/steelstorm.standardof.net\/wp-content\/uploads\/sites\/3\/2020\/10\/Steel-Storm-Burning-Retribution-Frozen-Canyon-5-16x9.jpg 16w\" sizes=\"(max-width: 1024px) 100vw, 1024px\" \/><\/figure>\n\n\n\n<figure class=\"wp-block-image size-large\"><img decoding=\"async\" width=\"1024\" height=\"576\" src=\"https:\/\/steelstorm.standardof.net\/wp-content\/uploads\/sites\/3\/2020\/10\/Steel-Storm-Burning-Retribution-Frozen-Canyon-4.jpg\" alt=\"\" class=\"wp-image-247\" title=\"\" srcset=\"https:\/\/steelstorm.standardof.net\/wp-content\/uploads\/sites\/3\/2020\/10\/Steel-Storm-Burning-Retribution-Frozen-Canyon-4.jpg 1024w, https:\/\/steelstorm.standardof.net\/wp-content\/uploads\/sites\/3\/2020\/10\/Steel-Storm-Burning-Retribution-Frozen-Canyon-4-300x169.jpg 300w, https:\/\/steelstorm.standardof.net\/wp-content\/uploads\/sites\/3\/2020\/10\/Steel-Storm-Burning-Retribution-Frozen-Canyon-4-768x432.jpg 768w, https:\/\/steelstorm.standardof.net\/wp-content\/uploads\/sites\/3\/2020\/10\/Steel-Storm-Burning-Retribution-Frozen-Canyon-4-16x9.jpg 16w\" sizes=\"(max-width: 1024px) 100vw, 1024px\" \/><\/figure>\n\n\n\n<figure class=\"wp-block-image size-large\"><img decoding=\"async\" width=\"1024\" height=\"576\" src=\"https:\/\/steelstorm.standardof.net\/wp-content\/uploads\/sites\/3\/2020\/10\/Steel-Storm-Burning-Retribution-Frozen-Canyon-3.jpg\" alt=\"\" class=\"wp-image-246\" title=\"\" srcset=\"https:\/\/steelstorm.standardof.net\/wp-content\/uploads\/sites\/3\/2020\/10\/Steel-Storm-Burning-Retribution-Frozen-Canyon-3.jpg 1024w, https:\/\/steelstorm.standardof.net\/wp-content\/uploads\/sites\/3\/2020\/10\/Steel-Storm-Burning-Retribution-Frozen-Canyon-3-300x169.jpg 300w, https:\/\/steelstorm.standardof.net\/wp-content\/uploads\/sites\/3\/2020\/10\/Steel-Storm-Burning-Retribution-Frozen-Canyon-3-768x432.jpg 768w, https:\/\/steelstorm.standardof.net\/wp-content\/uploads\/sites\/3\/2020\/10\/Steel-Storm-Burning-Retribution-Frozen-Canyon-3-16x9.jpg 16w\" sizes=\"(max-width: 1024px) 100vw, 1024px\" \/><\/figure>\n<\/figure>\n\n<\/div><\/div>\n\n\n<div style=\"height:20px\" aria-hidden=\"true\" class=\"wp-block-spacer\"><\/div>\n\n\n\n<h3 class=\"has-text-align-center wp-block-heading\">Unter Null - Frozen Canyon Video Walkthrough<\/h3>\n\n\n\n<figure class=\"wp-block-embed is-type-video is-provider-youtube wp-block-embed-youtube wp-embed-aspect-16-9 wp-has-aspect-ratio\"><div class=\"wp-block-embed__wrapper\">\n<div class=\"ast-oembed-container\" style=\"height: 100%;\"><iframe title=\"Unter Null: Gefrorener Canyon - Stahlsturm: Brennende Vergeltung - Episode 2 Walktrough\" width=\"500\" height=\"281\" src=\"https:\/\/www.youtube.com\/embed\/jy0HmPnbIDI?feature=oembed\" frameborder=\"0\" allow=\"accelerometer; autoplay; clipboard-write; encrypted-media; gyroscope; picture-in-picture; web-share\" referrerpolicy=\"strict-origin-when-cross-origin\" allowfullscreen><\/iframe><\/div>\n<\/div><\/figure>","protected":false},"excerpt":{"rendered":"<p>The Burning Retribution episode of Steel Storm starts off with Below Zero \u2013 Frozen Canyon where you are dropped onto the surface of a frozen meteorite travelling through space where it is believed there is a massive buildup of enemy forces and facilities. Map and Objectives &#8211; Primary Objectives &#8211; Retrieve the access codes from [&hellip;]<\/p>","protected":false},"author":1,"featured_media":54,"parent":173,"menu_order":0,"comment_status":"open","ping_status":"closed","template":"","meta":{"_uag_custom_page_level_css":"","site-sidebar-layout":"default","site-content-layout":"default","ast-site-content-layout":"","site-content-style":"default","site-sidebar-style":"default","ast-global-header-display":"","ast-banner-title-visibility":"","ast-main-header-display":"","ast-hfb-above-header-display":"","ast-hfb-below-header-display":"","ast-hfb-mobile-header-display":"","site-post-title":"","ast-breadcrumbs-content":"","ast-featured-img":"","footer-sml-layout":"","theme-transparent-header-meta":"default","adv-header-id-meta":"","stick-header-meta":"","header-above-stick-meta":"","header-main-stick-meta":"","header-below-stick-meta":"","astra-migrate-meta-layouts":"default","ast-page-background-enabled":"default","ast-page-background-meta":{"desktop":{"background-color":"","background-image":"","background-repeat":"repeat","background-position":"center center","background-size":"auto","background-attachment":"scroll","background-type":"","background-media":"","overlay-type":"","overlay-color":"","overlay-gradient":""},"tablet":{"background-color":"","background-image":"","background-repeat":"repeat","background-position":"center center","background-size":"auto","background-attachment":"scroll","background-type":"","background-media":"","overlay-type":"","overlay-color":"","overlay-gradient":""},"mobile":{"background-color":"","background-image":"","background-repeat":"repeat","background-position":"center center","background-size":"auto","background-attachment":"scroll","background-type":"","background-media":"","overlay-type":"","overlay-color":"","overlay-gradient":""}},"ast-content-background-meta":{"desktop":{"background-color":"var(--ast-global-color-5)","background-image":"","background-repeat":"repeat","background-position":"center center","background-size":"auto","background-attachment":"scroll","background-type":"","background-media":"","overlay-type":"","overlay-color":"","overlay-gradient":""},"tablet":{"background-color":"var(--ast-global-color-5)","background-image":"","background-repeat":"repeat","background-position":"center center","background-size":"auto","background-attachment":"scroll","background-type":"","background-media":"","overlay-type":"","overlay-color":"","overlay-gradient":""},"mobile":{"background-color":"var(--ast-global-color-5)","background-image":"","background-repeat":"repeat","background-position":"center center","background-size":"auto","background-attachment":"scroll","background-type":"","background-media":"","overlay-type":"","overlay-color":"","overlay-gradient":""}},"footnotes":""},"uagb_featured_image_src":{"full":["https:\/\/steelstorm.standardof.net\/wp-content\/uploads\/sites\/3\/2020\/10\/MnEdR-1.jpg",1200,750,false],"thumbnail":["https:\/\/steelstorm.standardof.net\/wp-content\/uploads\/sites\/3\/2020\/10\/MnEdR-1-150x150.jpg",150,150,true],"medium":["https:\/\/steelstorm.standardof.net\/wp-content\/uploads\/sites\/3\/2020\/10\/MnEdR-1-300x188.jpg",300,188,true],"medium_large":["https:\/\/steelstorm.standardof.net\/wp-content\/uploads\/sites\/3\/2020\/10\/MnEdR-1-768x480.jpg",768,480,true],"large":["https:\/\/steelstorm.standardof.net\/wp-content\/uploads\/sites\/3\/2020\/10\/MnEdR-1-1024x640.jpg",1024,640,true],"1536x1536":["https:\/\/steelstorm.standardof.net\/wp-content\/uploads\/sites\/3\/2020\/10\/MnEdR-1.jpg",1200,750,false],"2048x2048":["https:\/\/steelstorm.standardof.net\/wp-content\/uploads\/sites\/3\/2020\/10\/MnEdR-1.jpg",1200,750,false],"trp-custom-language-flag":["https:\/\/steelstorm.standardof.net\/wp-content\/uploads\/sites\/3\/2020\/10\/MnEdR-1.jpg",18,12,false]},"uagb_author_info":{"display_name":"SOE","author_link":"https:\/\/steelstorm.standardof.net\/de\/author\/k-tastic\/"},"uagb_comment_info":0,"uagb_excerpt":"The Burning Retribution episode of Steel Storm starts off with Below Zero \u2013 Frozen Canyon where you are dropped onto the surface of a frozen meteorite travelling through space where it is believed there is a massive buildup of enemy forces and facilities. Map and Objectives &#8211; Primary Objectives &#8211; Retrieve the access codes from&hellip;","_links":{"self":[{"href":"https:\/\/steelstorm.standardof.net\/de\/wp-json\/wp\/v2\/pages\/285"}],"collection":[{"href":"https:\/\/steelstorm.standardof.net\/de\/wp-json\/wp\/v2\/pages"}],"about":[{"href":"https:\/\/steelstorm.standardof.net\/de\/wp-json\/wp\/v2\/types\/page"}],"author":[{"embeddable":true,"href":"https:\/\/steelstorm.standardof.net\/de\/wp-json\/wp\/v2\/users\/1"}],"replies":[{"embeddable":true,"href":"https:\/\/steelstorm.standardof.net\/de\/wp-json\/wp\/v2\/comments?post=285"}],"version-history":[{"count":1,"href":"https:\/\/steelstorm.standardof.net\/de\/wp-json\/wp\/v2\/pages\/285\/revisions"}],"predecessor-version":[{"id":458,"href":"https:\/\/steelstorm.standardof.net\/de\/wp-json\/wp\/v2\/pages\/285\/revisions\/458"}],"up":[{"embeddable":true,"href":"https:\/\/steelstorm.standardof.net\/de\/wp-json\/wp\/v2\/pages\/173"}],"wp:featuredmedia":[{"embeddable":true,"href":"https:\/\/steelstorm.standardof.net\/de\/wp-json\/wp\/v2\/media\/54"}],"wp:attachment":[{"href":"https:\/\/steelstorm.standardof.net\/de\/wp-json\/wp\/v2\/media?parent=285"}],"curies":[{"name":"wp","href":"https:\/\/api.w.org\/{rel}","templated":true}]}}