{"id":238,"date":"2020-10-17T12:15:47","date_gmt":"2020-10-17T12:15:47","guid":{"rendered":"https:\/\/steelstorm.standardof.net\/?page_id=238"},"modified":"2022-10-31T08:22:15","modified_gmt":"2022-10-31T08:22:15","slug":"skirmish-onslaught","status":"publish","type":"page","link":"https:\/\/steelstorm.standardof.net\/de\/fuhren\/level-walkthroughs-2\/scharmutzel-ansturm\/","title":{"rendered":"Scharm\u00fctzel: Ansturm"},"content":{"rendered":"<p>Bei der ersten Bonusmission Onslaught im Videospiel Steel Storm: Burning Retribution starten Sie erneut nur mit Ihrer Minigun. In diesem Level bist du nur mit einer Vielzahl von Feinden konfrontiert, die um dein Blut k\u00e4mpfen, mit dem einzigen Ziel, es lebend hier rauszuholen und dabei eine beachtliche Punktzahl zu erreichen.<\/p>\n\n\n\n<div style=\"height:20px\" aria-hidden=\"true\" class=\"wp-block-spacer\"><\/div>\n\n\n<div class=\"gb-container gb-container-ae025cb2\"><div class=\"gb-inside-container\">\n\n<h2 class=\"has-text-align-center wp-block-heading\">Karte und Ziele<\/h2>\n\n\n\n<div class=\"wp-block-image is-style-default\"><figure class=\"aligncenter size-full is-resized\"><a href=\"https:\/\/steelstorm.standardof.net\/de\/steel-storm-bonus-missions-skirmish-onslaught-1\/\"><img decoding=\"async\" src=\"https:\/\/steelstorm.standardof.net\/wp-content\/uploads\/sites\/3\/2020\/10\/Steel-Storm-Bonus-Missions-Skirmish-Onslaught-1.jpg\" alt=\"\" class=\"wp-image-222\" width=\"654\" height=\"500\" title=\"\" srcset=\"https:\/\/steelstorm.standardof.net\/wp-content\/uploads\/sites\/3\/2020\/10\/Steel-Storm-Bonus-Missions-Skirmish-Onslaught-1.jpg 872w, https:\/\/steelstorm.standardof.net\/wp-content\/uploads\/sites\/3\/2020\/10\/Steel-Storm-Bonus-Missions-Skirmish-Onslaught-1-300x229.jpg 300w, https:\/\/steelstorm.standardof.net\/wp-content\/uploads\/sites\/3\/2020\/10\/Steel-Storm-Bonus-Missions-Skirmish-Onslaught-1-768x587.jpg 768w, https:\/\/steelstorm.standardof.net\/wp-content\/uploads\/sites\/3\/2020\/10\/Steel-Storm-Bonus-Missions-Skirmish-Onslaught-1-16x12.jpg 16w\" sizes=\"(max-width: 654px) 100vw, 654px\" \/><\/a><\/figure><\/div>\n\n\n\n<h3 class=\"has-text-align-center wp-block-heading\">- Hauptziele -<\/h3>\n\n\n\n<p class=\"has-text-align-center\">\u00dcberleben<\/p>\n\n<\/div><\/div>\n\n\n<div style=\"height:20px\" aria-hidden=\"true\" class=\"wp-block-spacer\"><\/div>\n\n\n<div class=\"gb-container gb-container-686af150\"><div class=\"gb-inside-container\">\n\n<h2 class=\"has-text-align-center wp-block-heading\">Level Progression und Tipps:<\/h2>\n\n\n\n<p>Gleich zu Beginn k\u00f6nnen Sie Ihre Minigun gegen eine Flak-Kanone austauschen, wenn Sie dies w\u00fcnschen, und sie zusammen mit einigen Schilden aufheben, die Sie in diesem Level an diesem Punkt sicherlich ben\u00f6tigen werden <strong>EIN<\/strong>. Wenn Sie mit dem Aufnehmen einiger anf\u00e4nglicher Waffen fortfahren, finden Sie ein Paar Sturmpflug-Waffen auf der ersten Br\u00fccke im S\u00fcden <strong>B.<\/strong>, nachdem Sie die T\u00fcrme dort herausnehmen.<\/p>\n\n\n\n<p>Am Punkt <strong>C.<\/strong>Sie werden ein Portal finden, das st\u00e4ndig Feinde ausspuckt, das erste von mehreren in diesem Level, das Sie nach dem Eliminieren seiner Spawns eilen und zerst\u00f6ren sollten. Stellen Sie sicher, dass Sie dies so schnell wie m\u00f6glich herausnehmen und lassen Sie es nicht in Ruhe, da es die Shockwave-Waffe fallen l\u00e4sst, die f\u00fcr diese und die n\u00e4chste Mission \u00e4u\u00dferst n\u00fctzlich ist.<\/p>\n\n\n\n<p>Am Punkt <strong>D.<\/strong>Sie finden einen schweren Panzer, der von einer Reihe von Raketen- und leichten Plasma-T\u00fcrmen verteidigt wird. Dies sind die perfekten ersten Opfer, gegen die die Sto\u00dfwelle eingesetzt wird, und nutzen die vielen Ecken, um ihren Sch\u00fcssen auszuweichen. Hier finden Sie auch Ihre erste Sekund\u00e4rwaffe, den Rocket Pod.<\/p>\n\n\n\n<p>Wenn Sie fortfahren, finden Sie eine Storm Spread-Waffe, die Sie optional gegen Ihren Storm Plough eintauschen k\u00f6nnen <strong>E.<\/strong>. Diese Waffe ist besonders n\u00fctzlich in der Welle, die Sie sofort auf der Br\u00fccke angreift.<\/p>\n\n\n\n<p>Punkt <strong>F.<\/strong>Haben Sie sich gegen ein Paar schwere Minigun-Panzer gestellt, die von einem Paar Beam Cannon-T\u00fcrme verteidigt werden? Die Sto\u00dfwelle ist hier immens n\u00fctzlich, um die vielen Ecken in den W\u00e4nden und Barrieren zu Ihrem Vorteil zu nutzen. Fahren Sie mit Punkt G fort, der sich um die Kurve herum befindet, um gegen das zweite Portal anzutreten. Verwenden Sie alle Ihre Waffen, um schnell \u00fcber den Spawn zu pfl\u00fcgen, und entfernen Sie ihn, bevor die n\u00e4chste Welle beschworen wird.<\/p>\n\n\n\n<p>Gehen Sie nach Westen den dunkelgr\u00fcnen Pfad entlang, nachdem Sie den Punkt erreicht haben <strong>G<\/strong>Sie werden auf ein Extraleben sto\u00dfen, das Sie an einem Punkt wirklich nicht verpassen k\u00f6nnen <strong>1<\/strong> und weiter westlich ein Raketen-Pod und schlie\u00dflich das dritte Portal am Punkt <strong>H.<\/strong>. Sobald du diese Feinde beseitigt hast, nimm den Teleporter an einem Punkt<strong> ich <\/strong>welches an der Stelle mit dem Pad verbunden wird <strong>J.<\/strong>.<\/p>\n\n\n\n<p>Wenn Sie jetzt dem hellgr\u00fcnen Pfad folgen, k\u00f6nnen Sie einen Umweg machen, um eine weitere Storm Spread-Waffe zu finden <strong>2 <\/strong>Wenn Sie es jetzt brauchen, oder fahren Sie geradeaus in Richtung Punkt <strong>K. <\/strong>wo eine vierte Portalstruktur nach einer weiteren schwer zu \u00fcbersehenden Extralebensaufnahme wartet. Weiter vorne ist Ihre letzte gro\u00dfe Herausforderung, mit einem schweren Protonenpanzer und zwei Kanonenrevolvern am Punkt <strong>L.<\/strong>. Nachdem Sie diese Bedrohung beseitigt haben, k\u00f6nnen Sie die letzte Strecke zum Punkt bringen <strong>M.<\/strong> wo Ihr Exit Pad wartet.<\/p>\n\n\n\n<figure class=\"wp-block-gallery has-nested-images columns-default is-cropped wp-block-gallery-1 is-layout-flex wp-block-gallery-is-layout-flex\">\n<figure class=\"wp-block-image size-large\"><img decoding=\"async\" width=\"1024\" height=\"576\" src=\"https:\/\/steelstorm.standardof.net\/wp-content\/uploads\/sites\/3\/2020\/10\/Steel-Storm-Bonus-Missions-Skirmish-Onslaught-3.jpg\" alt=\"\" class=\"wp-image-224\" title=\"\" srcset=\"https:\/\/steelstorm.standardof.net\/wp-content\/uploads\/sites\/3\/2020\/10\/Steel-Storm-Bonus-Missions-Skirmish-Onslaught-3.jpg 1024w, https:\/\/steelstorm.standardof.net\/wp-content\/uploads\/sites\/3\/2020\/10\/Steel-Storm-Bonus-Missions-Skirmish-Onslaught-3-300x169.jpg 300w, https:\/\/steelstorm.standardof.net\/wp-content\/uploads\/sites\/3\/2020\/10\/Steel-Storm-Bonus-Missions-Skirmish-Onslaught-3-768x432.jpg 768w, https:\/\/steelstorm.standardof.net\/wp-content\/uploads\/sites\/3\/2020\/10\/Steel-Storm-Bonus-Missions-Skirmish-Onslaught-3-16x9.jpg 16w\" sizes=\"(max-width: 1024px) 100vw, 1024px\" \/><\/figure>\n\n\n\n<figure class=\"wp-block-image size-large\"><img decoding=\"async\" width=\"1024\" height=\"576\" src=\"https:\/\/steelstorm.standardof.net\/wp-content\/uploads\/sites\/3\/2020\/10\/Steel-Storm-Bonus-Missions-Skirmish-Onslaught-5.jpg\" alt=\"\" class=\"wp-image-226\" title=\"\" srcset=\"https:\/\/steelstorm.standardof.net\/wp-content\/uploads\/sites\/3\/2020\/10\/Steel-Storm-Bonus-Missions-Skirmish-Onslaught-5.jpg 1024w, https:\/\/steelstorm.standardof.net\/wp-content\/uploads\/sites\/3\/2020\/10\/Steel-Storm-Bonus-Missions-Skirmish-Onslaught-5-300x169.jpg 300w, https:\/\/steelstorm.standardof.net\/wp-content\/uploads\/sites\/3\/2020\/10\/Steel-Storm-Bonus-Missions-Skirmish-Onslaught-5-768x432.jpg 768w, https:\/\/steelstorm.standardof.net\/wp-content\/uploads\/sites\/3\/2020\/10\/Steel-Storm-Bonus-Missions-Skirmish-Onslaught-5-16x9.jpg 16w\" sizes=\"(max-width: 1024px) 100vw, 1024px\" \/><\/figure>\n\n\n\n<figure class=\"wp-block-image size-large\"><img decoding=\"async\" width=\"1024\" height=\"576\" src=\"https:\/\/steelstorm.standardof.net\/wp-content\/uploads\/sites\/3\/2020\/10\/Steel-Storm-Bonus-Missions-Skirmish-Onslaught-4.jpg\" alt=\"\" class=\"wp-image-225\" title=\"\" srcset=\"https:\/\/steelstorm.standardof.net\/wp-content\/uploads\/sites\/3\/2020\/10\/Steel-Storm-Bonus-Missions-Skirmish-Onslaught-4.jpg 1024w, https:\/\/steelstorm.standardof.net\/wp-content\/uploads\/sites\/3\/2020\/10\/Steel-Storm-Bonus-Missions-Skirmish-Onslaught-4-300x169.jpg 300w, https:\/\/steelstorm.standardof.net\/wp-content\/uploads\/sites\/3\/2020\/10\/Steel-Storm-Bonus-Missions-Skirmish-Onslaught-4-768x432.jpg 768w, https:\/\/steelstorm.standardof.net\/wp-content\/uploads\/sites\/3\/2020\/10\/Steel-Storm-Bonus-Missions-Skirmish-Onslaught-4-16x9.jpg 16w\" sizes=\"(max-width: 1024px) 100vw, 1024px\" \/><\/figure>\n\n\n\n<figure class=\"wp-block-image size-large\"><img decoding=\"async\" width=\"1024\" height=\"576\" src=\"https:\/\/steelstorm.standardof.net\/wp-content\/uploads\/sites\/3\/2020\/10\/Steel-Storm-Bonus-Missions-Skirmish-Onslaught-2.jpg\" alt=\"\" class=\"wp-image-223\" title=\"\" srcset=\"https:\/\/steelstorm.standardof.net\/wp-content\/uploads\/sites\/3\/2020\/10\/Steel-Storm-Bonus-Missions-Skirmish-Onslaught-2.jpg 1024w, https:\/\/steelstorm.standardof.net\/wp-content\/uploads\/sites\/3\/2020\/10\/Steel-Storm-Bonus-Missions-Skirmish-Onslaught-2-300x169.jpg 300w, https:\/\/steelstorm.standardof.net\/wp-content\/uploads\/sites\/3\/2020\/10\/Steel-Storm-Bonus-Missions-Skirmish-Onslaught-2-768x432.jpg 768w, https:\/\/steelstorm.standardof.net\/wp-content\/uploads\/sites\/3\/2020\/10\/Steel-Storm-Bonus-Missions-Skirmish-Onslaught-2-16x9.jpg 16w\" sizes=\"(max-width: 1024px) 100vw, 1024px\" \/><\/figure>\n<\/figure>\n\n<\/div><\/div>\n\n\n<div style=\"height:20px\" aria-hidden=\"true\" class=\"wp-block-spacer\"><\/div>\n\n\n\n<h3 class=\"has-text-align-center wp-block-heading\">Scharm\u00fctzel - Ansturm Video Walkthrough<\/h3>\n\n\n\n<figure class=\"wp-block-embed is-type-video is-provider-youtube wp-block-embed-youtube wp-embed-aspect-16-9 wp-has-aspect-ratio\"><div class=\"wp-block-embed__wrapper\">\n<div class=\"ast-oembed-container\" style=\"height: 100%;\"><iframe title=\"Scharm\u00fctzel: Ansturm - Stahlsturm: Brennende Vergeltung - Walktrough auf Bonusstufe\" width=\"500\" height=\"281\" src=\"https:\/\/www.youtube.com\/embed\/hPfqIHADkxk?feature=oembed\" frameborder=\"0\" allow=\"accelerometer; autoplay; clipboard-write; encrypted-media; gyroscope; picture-in-picture; web-share\" referrerpolicy=\"strict-origin-when-cross-origin\" allowfullscreen><\/iframe><\/div>\n<\/div><\/figure>","protected":false},"excerpt":{"rendered":"<p>The first bonus mission Onslaught, in the video game Steel Storm: Burning Retribution has you starting off once more equipped only with your Minigun. In this level you are faced with nothing but a plethora of enemies out for your blood, with the sole objective of making it out of here alive, picking up a [&hellip;]<\/p>","protected":false},"author":1,"featured_media":54,"parent":173,"menu_order":0,"comment_status":"open","ping_status":"closed","template":"","meta":{"_uag_custom_page_level_css":"","site-sidebar-layout":"default","site-content-layout":"default","ast-site-content-layout":"","site-content-style":"default","site-sidebar-style":"default","ast-global-header-display":"","ast-banner-title-visibility":"","ast-main-header-display":"","ast-hfb-above-header-display":"","ast-hfb-below-header-display":"","ast-hfb-mobile-header-display":"","site-post-title":"","ast-breadcrumbs-content":"","ast-featured-img":"","footer-sml-layout":"","theme-transparent-header-meta":"default","adv-header-id-meta":"","stick-header-meta":"","header-above-stick-meta":"","header-main-stick-meta":"","header-below-stick-meta":"","astra-migrate-meta-layouts":"default","ast-page-background-enabled":"default","ast-page-background-meta":{"desktop":{"background-color":"","background-image":"","background-repeat":"repeat","background-position":"center center","background-size":"auto","background-attachment":"scroll","background-type":"","background-media":"","overlay-type":"","overlay-color":"","overlay-gradient":""},"tablet":{"background-color":"","background-image":"","background-repeat":"repeat","background-position":"center center","background-size":"auto","background-attachment":"scroll","background-type":"","background-media":"","overlay-type":"","overlay-color":"","overlay-gradient":""},"mobile":{"background-color":"","background-image":"","background-repeat":"repeat","background-position":"center center","background-size":"auto","background-attachment":"scroll","background-type":"","background-media":"","overlay-type":"","overlay-color":"","overlay-gradient":""}},"ast-content-background-meta":{"desktop":{"background-color":"var(--ast-global-color-5)","background-image":"","background-repeat":"repeat","background-position":"center center","background-size":"auto","background-attachment":"scroll","background-type":"","background-media":"","overlay-type":"","overlay-color":"","overlay-gradient":""},"tablet":{"background-color":"var(--ast-global-color-5)","background-image":"","background-repeat":"repeat","background-position":"center center","background-size":"auto","background-attachment":"scroll","background-type":"","background-media":"","overlay-type":"","overlay-color":"","overlay-gradient":""},"mobile":{"background-color":"var(--ast-global-color-5)","background-image":"","background-repeat":"repeat","background-position":"center center","background-size":"auto","background-attachment":"scroll","background-type":"","background-media":"","overlay-type":"","overlay-color":"","overlay-gradient":""}},"footnotes":""},"uagb_featured_image_src":{"full":["https:\/\/steelstorm.standardof.net\/wp-content\/uploads\/sites\/3\/2020\/10\/MnEdR-1.jpg",1200,750,false],"thumbnail":["https:\/\/steelstorm.standardof.net\/wp-content\/uploads\/sites\/3\/2020\/10\/MnEdR-1-150x150.jpg",150,150,true],"medium":["https:\/\/steelstorm.standardof.net\/wp-content\/uploads\/sites\/3\/2020\/10\/MnEdR-1-300x188.jpg",300,188,true],"medium_large":["https:\/\/steelstorm.standardof.net\/wp-content\/uploads\/sites\/3\/2020\/10\/MnEdR-1-768x480.jpg",768,480,true],"large":["https:\/\/steelstorm.standardof.net\/wp-content\/uploads\/sites\/3\/2020\/10\/MnEdR-1-1024x640.jpg",1024,640,true],"1536x1536":["https:\/\/steelstorm.standardof.net\/wp-content\/uploads\/sites\/3\/2020\/10\/MnEdR-1.jpg",1200,750,false],"2048x2048":["https:\/\/steelstorm.standardof.net\/wp-content\/uploads\/sites\/3\/2020\/10\/MnEdR-1.jpg",1200,750,false],"trp-custom-language-flag":["https:\/\/steelstorm.standardof.net\/wp-content\/uploads\/sites\/3\/2020\/10\/MnEdR-1.jpg",18,12,false]},"uagb_author_info":{"display_name":"SOE","author_link":"https:\/\/steelstorm.standardof.net\/de\/author\/k-tastic\/"},"uagb_comment_info":0,"uagb_excerpt":"The first bonus mission Onslaught, in the video game Steel Storm: Burning Retribution has you starting off once more equipped only with your Minigun. In this level you are faced with nothing but a plethora of enemies out for your blood, with the sole objective of making it out of here alive, picking up a&hellip;","_links":{"self":[{"href":"https:\/\/steelstorm.standardof.net\/de\/wp-json\/wp\/v2\/pages\/238"}],"collection":[{"href":"https:\/\/steelstorm.standardof.net\/de\/wp-json\/wp\/v2\/pages"}],"about":[{"href":"https:\/\/steelstorm.standardof.net\/de\/wp-json\/wp\/v2\/types\/page"}],"author":[{"embeddable":true,"href":"https:\/\/steelstorm.standardof.net\/de\/wp-json\/wp\/v2\/users\/1"}],"replies":[{"embeddable":true,"href":"https:\/\/steelstorm.standardof.net\/de\/wp-json\/wp\/v2\/comments?post=238"}],"version-history":[{"count":1,"href":"https:\/\/steelstorm.standardof.net\/de\/wp-json\/wp\/v2\/pages\/238\/revisions"}],"predecessor-version":[{"id":462,"href":"https:\/\/steelstorm.standardof.net\/de\/wp-json\/wp\/v2\/pages\/238\/revisions\/462"}],"up":[{"embeddable":true,"href":"https:\/\/steelstorm.standardof.net\/de\/wp-json\/wp\/v2\/pages\/173"}],"wp:featuredmedia":[{"embeddable":true,"href":"https:\/\/steelstorm.standardof.net\/de\/wp-json\/wp\/v2\/media\/54"}],"wp:attachment":[{"href":"https:\/\/steelstorm.standardof.net\/de\/wp-json\/wp\/v2\/media?parent=238"}],"curies":[{"name":"wp","href":"https:\/\/api.w.org\/{rel}","templated":true}]}}