{"id":237,"date":"2020-10-17T12:19:58","date_gmt":"2020-10-17T12:19:58","guid":{"rendered":"https:\/\/steelstorm.standardof.net\/?page_id=237"},"modified":"2022-10-31T08:21:58","modified_gmt":"2022-10-31T08:21:58","slug":"skirmish-burning-sands","status":"publish","type":"page","link":"https:\/\/steelstorm.standardof.net\/de\/fuhren\/level-walkthroughs-2\/scharmutzel-brennender-sand\/","title":{"rendered":"Scharm\u00fctzel: Brennender Sand"},"content":{"rendered":"<p>Die Mission Burning Sands wird weniger durch strenge G\u00e4nge zugunsten eines gro\u00dfen St\u00fccks Land eingeschr\u00e4nkt, das in zwei Haupth\u00e4lften unterteilt ist, die Sie durchqueren m\u00fcssen, um Ihre Ziele zu erreichen.<\/p>\n\n\n\n<div style=\"height:20px\" aria-hidden=\"true\" class=\"wp-block-spacer\"><\/div>\n\n\n<div class=\"gb-container gb-container-ae025cb2\"><div class=\"gb-inside-container\">\n\n<h2 class=\"has-text-align-center wp-block-heading\">Karte und Ziele<\/h2>\n\n\n\n<div class=\"wp-block-image is-style-default\"><figure class=\"aligncenter size-full is-resized\"><a href=\"https:\/\/steelstorm.standardof.net\/de\/steel-storm-bonus-missions-skirmish-burning-sands-0\/\"><img decoding=\"async\" src=\"https:\/\/steelstorm.standardof.net\/wp-content\/uploads\/sites\/3\/2020\/10\/Steel-Storm-Bonus-Missions-Skirmish-Burning-Sands-0.jpg\" alt=\"\" class=\"wp-image-216\" width=\"668\" height=\"504\" title=\"\" srcset=\"https:\/\/steelstorm.standardof.net\/wp-content\/uploads\/sites\/3\/2020\/10\/Steel-Storm-Bonus-Missions-Skirmish-Burning-Sands-0.jpg 891w, https:\/\/steelstorm.standardof.net\/wp-content\/uploads\/sites\/3\/2020\/10\/Steel-Storm-Bonus-Missions-Skirmish-Burning-Sands-0-300x226.jpg 300w, https:\/\/steelstorm.standardof.net\/wp-content\/uploads\/sites\/3\/2020\/10\/Steel-Storm-Bonus-Missions-Skirmish-Burning-Sands-0-768x579.jpg 768w, https:\/\/steelstorm.standardof.net\/wp-content\/uploads\/sites\/3\/2020\/10\/Steel-Storm-Bonus-Missions-Skirmish-Burning-Sands-0-16x12.jpg 16w\" sizes=\"(max-width: 668px) 100vw, 668px\" \/><\/a><\/figure><\/div>\n\n\n\n<h3 class=\"has-text-align-center wp-block-heading\">- Hauptziele -<\/h3>\n\n\n\n<p class=\"has-text-align-center\">Zerst\u00f6re die Verbrennungsanlage.<br>Erhalten Sie Zugang zur S\u00fcdseite der Br\u00fccke.<br>Verw\u00fcstung der verbleibenden feindlichen Streitkr\u00e4fte.<\/p>\n\n<\/div><\/div>\n\n\n<div style=\"height:20px\" aria-hidden=\"true\" class=\"wp-block-spacer\"><\/div>\n\n\n<div class=\"gb-container gb-container-686af150\"><div class=\"gb-inside-container\">\n\n<h2 class=\"has-text-align-center wp-block-heading\">Level Progression und Tipps:<\/h2>\n\n\n\n<p>Von Ihrem Startort aus wird es Zeit, zum Punkt zu gehen <strong>EIN<\/strong> entlang des roten Pfades, wo Sie einige T\u00fcrme unter einigen anderen Feinden finden. Nehmen Sie die T\u00fcrme um den Obelisken heraus, um das Kraftfeld um den Teleporter hier fallen zu lassen. Wenn diese Felder nicht angezeigt werden, k\u00f6nnen Sie mit dem Pad zum Punkt teleportieren <strong>B. <\/strong>(hellblauer Pfad) wo ein Sturmpflug wartet.<\/p>\n\n\n\n<p>Das Feld, auf dem Sie ankommen, ist voller Feinde. Erwarten Sie also, dass Sie viel Zeit damit verbringen, es mit Feinden in diesem Gebiet zusammen mit einem schweren Protonenpanzer, der die nahegelegene Eisenbahn patrouilliert, auszuschalten. Folgen Sie dem orangefarbenen Pfad und achten Sie darauf, den S\u00fcdpfad um das Plateau zu nehmen, das Punkt ist <strong>H.<\/strong> auf dem Weg zum Punkt <strong>C. <\/strong>das beherbergt die Verbrennungsanlage, die Sie zerst\u00f6ren m\u00fcssen. Wenn Sie den d\u00fcnneren Weg nach Norden nehmen, werden Sie leicht \u00fcberfallen und \u00fcberw\u00e4ltigt, wenn Sie wenig Platz zum Ausweichen haben.<\/p>\n\n\n\n<p>Optional auf dem Weg zum Punkt <strong>C.<\/strong> Sie k\u00f6nnen einen kurzen Umweg machen, um zu zeigen <strong>1<\/strong>Hier k\u00f6nnen Sie mit einem Aufzug ein Kraftfeld neben dem Startsignal deaktivieren. Dies ist n\u00fctzlich, wenn Sie Probleme mit dieser Mission haben, und bietet Ihnen einen schnelleren Weg, um wieder in die Action einzusteigen, falls Sie umkommen sollten. Sie k\u00f6nnen dies gerne \u00fcberspringen, wenn Sie sich auf Ihre \u00dcberlebensf\u00e4higkeiten verlassen k\u00f6nnen.<\/p>\n\n\n\n<p>Nach der Zerst\u00f6rung der Verbrennungsanlage an Punkt <strong>C.<\/strong>Fahren Sie weiter nach Osten, um den Punkt zu erreichen <strong>D.<\/strong> Hier finden Sie ein Abzugskissen, das von einigen T\u00fcrmen bewacht wird. Treten Sie darauf, um das Kraftfeld an der Stelle zu deaktivieren <strong>F.<\/strong> So k\u00f6nnen Sie die Br\u00fccke nach S\u00fcden \u00fcberqueren. Bevor Sie auf dieser Route abreisen, nehmen Sie das zus\u00e4tzliche Leben an einem Punkt auf <strong>D.<\/strong> neben dem Pad und nimm den Teleporter an der Stelle <strong>E.<\/strong>.<\/p>\n\n\n\n<p>Dieser Teleporter bringt Sie in die Schlucht zwischen den beiden Hauptlandst\u00fccken, wo Sie nach Westen (gelber Pfad) gehen k\u00f6nnen, um zu zeigen <strong>F.<\/strong>Sammeln Sie einige sch\u00f6ne Bonuspunkte auf dem Weg zu einem weiteren Extraleben, bevor Sie von Ihrem Aufenthaltsort zur\u00fcckkehren, um mit der Mission fortzufahren.<\/p>\n\n\n\n<p>Zur\u00fcck am Punkt ankommen <strong>E.<\/strong> Folgen Sie dem braunen Pfad \u00fcber die Br\u00fccke, wenn Sie durch die Schlucht fahren <strong>F.<\/strong>Denken Sie daran, auf dem Weg zum Punkt an den Seiten zu bleiben, um nicht durch die Mitte zu fallen <strong>G<\/strong>. Sie m\u00fcssen wahrscheinlich den Bereich r\u00e4umen, bevor Sie die M\u00f6glichkeit erhalten, auf den Teleporter zu treten <strong>G<\/strong> Das bringt Sie an die Spitze des Plateaus <strong>H. <\/strong>das h\u00e4lt eine Raketenh\u00fclse, drittes Leben und mehr Punkte.<\/p>\n\n\n\n<p>Wenn Sie mit dem Ausr\u00e4umen des Feindes fertig sind, k\u00f6nnen Sie das Ausgangsfeld an einer bestimmten Stelle verwenden <strong>K.<\/strong> dieses Level zu verlassen.<\/p>\n\n\n\n<figure class=\"wp-block-gallery has-nested-images columns-default is-cropped wp-block-gallery-1 is-layout-flex wp-block-gallery-is-layout-flex\">\n<figure class=\"wp-block-image size-large\"><img decoding=\"async\" width=\"1024\" height=\"576\" src=\"https:\/\/steelstorm.standardof.net\/wp-content\/uploads\/sites\/3\/2020\/10\/Steel-Storm-Bonus-Missions-Skirmish-Burning-Sands-1.jpg\" alt=\"\" class=\"wp-image-217\" title=\"\" srcset=\"https:\/\/steelstorm.standardof.net\/wp-content\/uploads\/sites\/3\/2020\/10\/Steel-Storm-Bonus-Missions-Skirmish-Burning-Sands-1.jpg 1024w, https:\/\/steelstorm.standardof.net\/wp-content\/uploads\/sites\/3\/2020\/10\/Steel-Storm-Bonus-Missions-Skirmish-Burning-Sands-1-300x169.jpg 300w, https:\/\/steelstorm.standardof.net\/wp-content\/uploads\/sites\/3\/2020\/10\/Steel-Storm-Bonus-Missions-Skirmish-Burning-Sands-1-768x432.jpg 768w, https:\/\/steelstorm.standardof.net\/wp-content\/uploads\/sites\/3\/2020\/10\/Steel-Storm-Bonus-Missions-Skirmish-Burning-Sands-1-16x9.jpg 16w\" sizes=\"(max-width: 1024px) 100vw, 1024px\" \/><\/figure>\n\n\n\n<figure class=\"wp-block-image size-large\"><img decoding=\"async\" width=\"1024\" height=\"576\" src=\"https:\/\/steelstorm.standardof.net\/wp-content\/uploads\/sites\/3\/2020\/10\/Steel-Storm-Bonus-Missions-Skirmish-Burning-Sands-4.jpg\" alt=\"\" class=\"wp-image-220\" title=\"\" srcset=\"https:\/\/steelstorm.standardof.net\/wp-content\/uploads\/sites\/3\/2020\/10\/Steel-Storm-Bonus-Missions-Skirmish-Burning-Sands-4.jpg 1024w, https:\/\/steelstorm.standardof.net\/wp-content\/uploads\/sites\/3\/2020\/10\/Steel-Storm-Bonus-Missions-Skirmish-Burning-Sands-4-300x169.jpg 300w, https:\/\/steelstorm.standardof.net\/wp-content\/uploads\/sites\/3\/2020\/10\/Steel-Storm-Bonus-Missions-Skirmish-Burning-Sands-4-768x432.jpg 768w, https:\/\/steelstorm.standardof.net\/wp-content\/uploads\/sites\/3\/2020\/10\/Steel-Storm-Bonus-Missions-Skirmish-Burning-Sands-4-16x9.jpg 16w\" sizes=\"(max-width: 1024px) 100vw, 1024px\" \/><\/figure>\n\n\n\n<figure class=\"wp-block-image size-large\"><img decoding=\"async\" width=\"1024\" height=\"576\" src=\"https:\/\/steelstorm.standardof.net\/wp-content\/uploads\/sites\/3\/2020\/10\/Steel-Storm-Bonus-Missions-Skirmish-Burning-Sands-5.jpg\" alt=\"\" class=\"wp-image-221\" title=\"\" srcset=\"https:\/\/steelstorm.standardof.net\/wp-content\/uploads\/sites\/3\/2020\/10\/Steel-Storm-Bonus-Missions-Skirmish-Burning-Sands-5.jpg 1024w, https:\/\/steelstorm.standardof.net\/wp-content\/uploads\/sites\/3\/2020\/10\/Steel-Storm-Bonus-Missions-Skirmish-Burning-Sands-5-300x169.jpg 300w, https:\/\/steelstorm.standardof.net\/wp-content\/uploads\/sites\/3\/2020\/10\/Steel-Storm-Bonus-Missions-Skirmish-Burning-Sands-5-768x432.jpg 768w, https:\/\/steelstorm.standardof.net\/wp-content\/uploads\/sites\/3\/2020\/10\/Steel-Storm-Bonus-Missions-Skirmish-Burning-Sands-5-16x9.jpg 16w\" sizes=\"(max-width: 1024px) 100vw, 1024px\" \/><\/figure>\n\n\n\n<figure class=\"wp-block-image size-large\"><img decoding=\"async\" width=\"1024\" height=\"576\" src=\"https:\/\/steelstorm.standardof.net\/wp-content\/uploads\/sites\/3\/2020\/10\/Steel-Storm-Bonus-Missions-Skirmish-Burning-Sands-3.jpg\" alt=\"\" class=\"wp-image-219\" title=\"\" srcset=\"https:\/\/steelstorm.standardof.net\/wp-content\/uploads\/sites\/3\/2020\/10\/Steel-Storm-Bonus-Missions-Skirmish-Burning-Sands-3.jpg 1024w, https:\/\/steelstorm.standardof.net\/wp-content\/uploads\/sites\/3\/2020\/10\/Steel-Storm-Bonus-Missions-Skirmish-Burning-Sands-3-300x169.jpg 300w, https:\/\/steelstorm.standardof.net\/wp-content\/uploads\/sites\/3\/2020\/10\/Steel-Storm-Bonus-Missions-Skirmish-Burning-Sands-3-768x432.jpg 768w, https:\/\/steelstorm.standardof.net\/wp-content\/uploads\/sites\/3\/2020\/10\/Steel-Storm-Bonus-Missions-Skirmish-Burning-Sands-3-16x9.jpg 16w\" sizes=\"(max-width: 1024px) 100vw, 1024px\" \/><\/figure>\n\n\n\n<figure class=\"wp-block-image size-large\"><img decoding=\"async\" width=\"1024\" height=\"576\" src=\"https:\/\/steelstorm.standardof.net\/wp-content\/uploads\/sites\/3\/2020\/10\/Steel-Storm-Bonus-Missions-Skirmish-Burning-Sands-2.jpg\" alt=\"\" class=\"wp-image-218\" title=\"\" srcset=\"https:\/\/steelstorm.standardof.net\/wp-content\/uploads\/sites\/3\/2020\/10\/Steel-Storm-Bonus-Missions-Skirmish-Burning-Sands-2.jpg 1024w, https:\/\/steelstorm.standardof.net\/wp-content\/uploads\/sites\/3\/2020\/10\/Steel-Storm-Bonus-Missions-Skirmish-Burning-Sands-2-300x169.jpg 300w, https:\/\/steelstorm.standardof.net\/wp-content\/uploads\/sites\/3\/2020\/10\/Steel-Storm-Bonus-Missions-Skirmish-Burning-Sands-2-768x432.jpg 768w, https:\/\/steelstorm.standardof.net\/wp-content\/uploads\/sites\/3\/2020\/10\/Steel-Storm-Bonus-Missions-Skirmish-Burning-Sands-2-16x9.jpg 16w\" sizes=\"(max-width: 1024px) 100vw, 1024px\" \/><\/figure>\n<\/figure>\n\n<\/div><\/div>\n\n\n<div style=\"height:20px\" aria-hidden=\"true\" class=\"wp-block-spacer\"><\/div>\n\n\n\n<h3 class=\"has-text-align-center wp-block-heading\">Scharm\u00fctzel - Burning Sands Video Walkthrough<\/h3>\n\n\n\n<figure class=\"wp-block-embed is-type-video is-provider-youtube wp-block-embed-youtube wp-embed-aspect-16-9 wp-has-aspect-ratio\"><div class=\"wp-block-embed__wrapper\">\n<div class=\"ast-oembed-container\" style=\"height: 100%;\"><iframe title=\"Punkt ohne Wiederkehr: Brennender Sand - Stahlsturm: Brennende Vergeltung - Episode 1 Walktrough\" width=\"500\" height=\"281\" src=\"https:\/\/www.youtube.com\/embed\/OlSWA_9paAs?feature=oembed\" frameborder=\"0\" allow=\"accelerometer; autoplay; clipboard-write; encrypted-media; gyroscope; picture-in-picture; web-share\" referrerpolicy=\"strict-origin-when-cross-origin\" allowfullscreen><\/iframe><\/div>\n<\/div><\/figure>","protected":false},"excerpt":{"rendered":"<p>The Burning Sands mission is less constrained by strict hallways in favor of a large piece of land divided into two main halves you will need to traverse to reach your objectives. Map and Objectives &#8211; Primary Objectives &#8211; Destroy the incinerator.Gain access to the south side of the bridge.Lay waste to the remaining enemy [&hellip;]<\/p>","protected":false},"author":1,"featured_media":54,"parent":173,"menu_order":0,"comment_status":"open","ping_status":"closed","template":"","meta":{"_uag_custom_page_level_css":"","site-sidebar-layout":"default","site-content-layout":"default","ast-site-content-layout":"","site-content-style":"default","site-sidebar-style":"default","ast-global-header-display":"","ast-banner-title-visibility":"","ast-main-header-display":"","ast-hfb-above-header-display":"","ast-hfb-below-header-display":"","ast-hfb-mobile-header-display":"","site-post-title":"","ast-breadcrumbs-content":"","ast-featured-img":"","footer-sml-layout":"","theme-transparent-header-meta":"default","adv-header-id-meta":"","stick-header-meta":"","header-above-stick-meta":"","header-main-stick-meta":"","header-below-stick-meta":"","astra-migrate-meta-layouts":"default","ast-page-background-enabled":"default","ast-page-background-meta":{"desktop":{"background-color":"","background-image":"","background-repeat":"repeat","background-position":"center center","background-size":"auto","background-attachment":"scroll","background-type":"","background-media":"","overlay-type":"","overlay-color":"","overlay-gradient":""},"tablet":{"background-color":"","background-image":"","background-repeat":"repeat","background-position":"center center","background-size":"auto","background-attachment":"scroll","background-type":"","background-media":"","overlay-type":"","overlay-color":"","overlay-gradient":""},"mobile":{"background-color":"","background-image":"","background-repeat":"repeat","background-position":"center center","background-size":"auto","background-attachment":"scroll","background-type":"","background-media":"","overlay-type":"","overlay-color":"","overlay-gradient":""}},"ast-content-background-meta":{"desktop":{"background-color":"var(--ast-global-color-5)","background-image":"","background-repeat":"repeat","background-position":"center center","background-size":"auto","background-attachment":"scroll","background-type":"","background-media":"","overlay-type":"","overlay-color":"","overlay-gradient":""},"tablet":{"background-color":"var(--ast-global-color-5)","background-image":"","background-repeat":"repeat","background-position":"center center","background-size":"auto","background-attachment":"scroll","background-type":"","background-media":"","overlay-type":"","overlay-color":"","overlay-gradient":""},"mobile":{"background-color":"var(--ast-global-color-5)","background-image":"","background-repeat":"repeat","background-position":"center center","background-size":"auto","background-attachment":"scroll","background-type":"","background-media":"","overlay-type":"","overlay-color":"","overlay-gradient":""}},"footnotes":""},"uagb_featured_image_src":{"full":["https:\/\/steelstorm.standardof.net\/wp-content\/uploads\/sites\/3\/2020\/10\/MnEdR-1.jpg",1200,750,false],"thumbnail":["https:\/\/steelstorm.standardof.net\/wp-content\/uploads\/sites\/3\/2020\/10\/MnEdR-1-150x150.jpg",150,150,true],"medium":["https:\/\/steelstorm.standardof.net\/wp-content\/uploads\/sites\/3\/2020\/10\/MnEdR-1-300x188.jpg",300,188,true],"medium_large":["https:\/\/steelstorm.standardof.net\/wp-content\/uploads\/sites\/3\/2020\/10\/MnEdR-1-768x480.jpg",768,480,true],"large":["https:\/\/steelstorm.standardof.net\/wp-content\/uploads\/sites\/3\/2020\/10\/MnEdR-1-1024x640.jpg",1024,640,true],"1536x1536":["https:\/\/steelstorm.standardof.net\/wp-content\/uploads\/sites\/3\/2020\/10\/MnEdR-1.jpg",1200,750,false],"2048x2048":["https:\/\/steelstorm.standardof.net\/wp-content\/uploads\/sites\/3\/2020\/10\/MnEdR-1.jpg",1200,750,false],"trp-custom-language-flag":["https:\/\/steelstorm.standardof.net\/wp-content\/uploads\/sites\/3\/2020\/10\/MnEdR-1.jpg",18,12,false]},"uagb_author_info":{"display_name":"SOE","author_link":"https:\/\/steelstorm.standardof.net\/de\/author\/k-tastic\/"},"uagb_comment_info":0,"uagb_excerpt":"The Burning Sands mission is less constrained by strict hallways in favor of a large piece of land divided into two main halves you will need to traverse to reach your objectives. Map and Objectives &#8211; Primary Objectives &#8211; Destroy the incinerator.Gain access to the south side of the bridge.Lay waste to the remaining enemy&hellip;","_links":{"self":[{"href":"https:\/\/steelstorm.standardof.net\/de\/wp-json\/wp\/v2\/pages\/237"}],"collection":[{"href":"https:\/\/steelstorm.standardof.net\/de\/wp-json\/wp\/v2\/pages"}],"about":[{"href":"https:\/\/steelstorm.standardof.net\/de\/wp-json\/wp\/v2\/types\/page"}],"author":[{"embeddable":true,"href":"https:\/\/steelstorm.standardof.net\/de\/wp-json\/wp\/v2\/users\/1"}],"replies":[{"embeddable":true,"href":"https:\/\/steelstorm.standardof.net\/de\/wp-json\/wp\/v2\/comments?post=237"}],"version-history":[{"count":1,"href":"https:\/\/steelstorm.standardof.net\/de\/wp-json\/wp\/v2\/pages\/237\/revisions"}],"predecessor-version":[{"id":460,"href":"https:\/\/steelstorm.standardof.net\/de\/wp-json\/wp\/v2\/pages\/237\/revisions\/460"}],"up":[{"embeddable":true,"href":"https:\/\/steelstorm.standardof.net\/de\/wp-json\/wp\/v2\/pages\/173"}],"wp:featuredmedia":[{"embeddable":true,"href":"https:\/\/steelstorm.standardof.net\/de\/wp-json\/wp\/v2\/media\/54"}],"wp:attachment":[{"href":"https:\/\/steelstorm.standardof.net\/de\/wp-json\/wp\/v2\/media?parent=237"}],"curies":[{"name":"wp","href":"https:\/\/api.w.org\/{rel}","templated":true}]}}