{"id":234,"date":"2020-10-17T12:11:24","date_gmt":"2020-10-17T12:11:24","guid":{"rendered":"https:\/\/steelstorm.standardof.net\/?page_id=234"},"modified":"2022-10-31T08:22:34","modified_gmt":"2022-10-31T08:22:34","slug":"skirmish-purgatory","status":"publish","type":"page","link":"https:\/\/steelstorm.standardof.net\/de\/fuhren\/level-walkthroughs-2\/scharmutzel-fegefeuer\/","title":{"rendered":"Scharm\u00fctzel: Fegefeuer"},"content":{"rendered":"<p>In der zweiten Bonusstufe des Videospiels Steel Storm wird Ihnen in dieser n\u00e4chtlichen W\u00fcstenkarte die Aufgabe gestellt, ein Pumpensystem einzuschalten. Mit dieser Mission sollten Sie mit einem sch\u00f6nen Arsenal an Waffen beginnen, vorausgesetzt, Sie sind dem Ansturm mit ihnen intakt entkommen.<\/p>\n\n\n\n<div style=\"height:20px\" aria-hidden=\"true\" class=\"wp-block-spacer\"><\/div>\n\n\n<div class=\"gb-container gb-container-985c9931\"><div class=\"gb-inside-container\">\n\n<h2 class=\"has-text-align-center wp-block-heading\">Karte und Ziele<\/h2>\n\n\n\n<div class=\"wp-block-image is-style-default\"><figure class=\"aligncenter size-large is-resized\"><a href=\"https:\/\/steelstorm.standardof.net\/de\/steel-storm-bonus-missions-skirmish-purgatory-1\/\"><img decoding=\"async\" src=\"https:\/\/steelstorm.standardof.net\/wp-content\/uploads\/sites\/3\/2020\/10\/Steel-Storm-Bonus-Missions-Skirmish-Purgatory-1.jpg\" alt=\"\" class=\"wp-image-227\" width=\"670\" height=\"501\" title=\"\" srcset=\"https:\/\/steelstorm.standardof.net\/wp-content\/uploads\/sites\/3\/2020\/10\/Steel-Storm-Bonus-Missions-Skirmish-Purgatory-1.jpg 893w, https:\/\/steelstorm.standardof.net\/wp-content\/uploads\/sites\/3\/2020\/10\/Steel-Storm-Bonus-Missions-Skirmish-Purgatory-1-300x224.jpg 300w, https:\/\/steelstorm.standardof.net\/wp-content\/uploads\/sites\/3\/2020\/10\/Steel-Storm-Bonus-Missions-Skirmish-Purgatory-1-768x574.jpg 768w, https:\/\/steelstorm.standardof.net\/wp-content\/uploads\/sites\/3\/2020\/10\/Steel-Storm-Bonus-Missions-Skirmish-Purgatory-1-16x12.jpg 16w\" sizes=\"(max-width: 670px) 100vw, 670px\" \/><\/a><\/figure><\/div>\n\n\n\n<h3 class=\"has-text-align-center wp-block-heading\">- Hauptziele -<\/h3>\n\n\n\n<p class=\"has-text-align-center\">Pumpensystem einschalten.<\/p>\n\n<\/div><\/div>\n\n\n<div style=\"height:20px\" aria-hidden=\"true\" class=\"wp-block-spacer\"><\/div>\n\n\n<div class=\"gb-container gb-container-c55dfd9b\"><div class=\"gb-inside-container\">\n\n<h2 class=\"has-text-align-center wp-block-heading\">Level Progression und Tipps:<\/h2>\n\n\n\n<p>Beginnen Sie auf dem im Bild rechts sichtbaren roten Pfad und gehen Sie zu der ersten der 3 Pumpen, mit denen Sie an einem bestimmten Punkt interagieren m\u00fcssen <strong>EIN<\/strong>. Diese Pumpe wird von einem schweren Minigun-Panzer bewacht und ist die einzige, f\u00fcr die keine Schl\u00fcsselkarte erforderlich ist. Stellen Sie sicher, dass Sie punktgenau anhalten <strong>1<\/strong>wenn Sie Homing Missiles abholen m\u00f6chten.<\/p>\n\n\n\n<p>Als n\u00e4chstes fahren Sie um die S\u00fcdseite des Plateaus herum. Der rote Pfad biegt vorbei, da es auf diesem Weg lohnende Kristallaufnahmen auf diesem Weg gibt, ganz zu schweigen von mehr Raum, um Feuer auszuweichen <strong>B.<\/strong>. Nehmen Sie an dieser Stelle den Aufzug und gehen Sie zu Punkt <strong>C. <\/strong>um eine rote Schl\u00fcsselkarte von der dortigen Einrichtung herunterzuladen und auf den schweren Panzer zu achten, der sie bewacht. Auf dem Weg zur\u00fcck zum Aufzug k\u00f6nnen Sie punktuell anhalten <strong>3 <\/strong>f\u00fcr eine Storm Spread Waffe.<\/p>\n\n\n\n<p>Die Schl\u00fcsselkarte, die Sie jetzt besitzen, sollte an der Stelle an der Pumpe verwendet werden <strong>D. <\/strong>bevor Sie dem gelben Pfad zur S\u00fcdseite dieser Karte folgen und punktuell anhalten <strong>2 <\/strong>wenn Sie die Shockwave-Waffe aufheben m\u00fcssen. Bei Erreichen des Punktes <strong>E.<\/strong>Dies ist Ihr n\u00e4chstes Ziel. Sie m\u00fcssen das Teleporter-Pad verwenden, um zum Punkt zu gelangen <strong>F.<\/strong> entlang der hellblauen Linie. Wenn Sie eine Sturmschildwaffe wollen, k\u00f6nnen Sie eine davon an der richtigen Stelle finden <strong>4<\/strong>.<\/p>\n\n\n\n<p>Nach dem Verlassen des Teleporters an Punkt <strong>F.<\/strong>Fahren Sie \u00fcber die Oberseite des Geb\u00e4udes in Richtung Punkt <strong>G<\/strong> Hier finden Sie einen weiteren Teleporter, der hinter einer roten Schl\u00fcsselkarte liegt. Nehmen Sie diese Schl\u00fcsselkarte, ignorieren Sie den Teleporter und gehen Sie an einer bestimmten Stelle durch das Pad zur\u00fcck <strong>F.<\/strong>und nahm den Sturmpflug zur Kenntnis <strong>5 <\/strong>Wenn Sie es abholen m\u00f6chten, kommen Sie wieder am Punkt an <strong>E.<\/strong>. Jetzt k\u00f6nnen Sie die Schl\u00fcsselkarte, die Sie gerade aufgenommen haben, verwenden, um an einem bestimmten Punkt mit der Pumpe zu interagieren <strong>H.<\/strong>, Ihr prim\u00e4res Ziel zu erreichen.<\/p>\n\n\n\n<p>Gehen Sie noch einmal durch das Teleporter-Pad <strong>E.<\/strong>und kam an der Stelle wieder heraus <strong>F. <\/strong>und gehe zur\u00fcck zu dem Teleporter, den du zuvor ignoriert hast <strong>G<\/strong>. Wenn Sie diesen Block nehmen, gelangen Sie zum nahe gelegenen Plateau an Punkt I, wo Sie an Punkt einen anderen Teleporter finden <strong>J.<\/strong>, die Sie wiederum zum Pad auf dem Geb\u00e4ude an der richtigen Stelle bringen <strong>K.<\/strong>. L\u00f6sen Sie hier das Pad aus, um das Kraftfeld zu deaktivieren und sich an einem letzten schweren Panzer vorbei zu k\u00e4mpfen (versuchen Sie, das Fusion Core Rack als Sprengfalle zu verwenden), um Ihre Abfahrt am Ausgangspad am Punkt zu sichern <strong>L.<\/strong>.<\/p>\n\n\n\n<p>Hinweis: Im folgenden Video wird dieser letzte schwere Panzer bei einem zweiten Durchspielen nicht erzeugt. Dies h\u00e4ngt davon ab, wie Sie die Ausl\u00f6ser \u00fcberqueren, die unmittelbar nach dem deaktivierten Kraftfeld liegen. Denken Sie daran.<\/p>\n\n\n\n<figure class=\"wp-block-gallery has-nested-images columns-default is-cropped wp-block-gallery-1 is-layout-flex wp-block-gallery-is-layout-flex\">\n<figure class=\"wp-block-image size-large\"><img decoding=\"async\" width=\"1024\" height=\"576\" src=\"https:\/\/steelstorm.standardof.net\/wp-content\/uploads\/sites\/3\/2020\/10\/Steel-Storm-Bonus-Missions-Skirmish-Purgatory-2.jpg\" alt=\"\" class=\"wp-image-228\" title=\"\" srcset=\"https:\/\/steelstorm.standardof.net\/wp-content\/uploads\/sites\/3\/2020\/10\/Steel-Storm-Bonus-Missions-Skirmish-Purgatory-2.jpg 1024w, https:\/\/steelstorm.standardof.net\/wp-content\/uploads\/sites\/3\/2020\/10\/Steel-Storm-Bonus-Missions-Skirmish-Purgatory-2-300x169.jpg 300w, https:\/\/steelstorm.standardof.net\/wp-content\/uploads\/sites\/3\/2020\/10\/Steel-Storm-Bonus-Missions-Skirmish-Purgatory-2-768x432.jpg 768w, https:\/\/steelstorm.standardof.net\/wp-content\/uploads\/sites\/3\/2020\/10\/Steel-Storm-Bonus-Missions-Skirmish-Purgatory-2-16x9.jpg 16w\" sizes=\"(max-width: 1024px) 100vw, 1024px\" \/><\/figure>\n\n\n\n<figure class=\"wp-block-image size-large\"><img decoding=\"async\" width=\"1024\" height=\"576\" src=\"https:\/\/steelstorm.standardof.net\/wp-content\/uploads\/sites\/3\/2020\/10\/Steel-Storm-Bonus-Missions-Skirmish-Purgatory-5.jpg\" alt=\"\" class=\"wp-image-231\" title=\"\" srcset=\"https:\/\/steelstorm.standardof.net\/wp-content\/uploads\/sites\/3\/2020\/10\/Steel-Storm-Bonus-Missions-Skirmish-Purgatory-5.jpg 1024w, https:\/\/steelstorm.standardof.net\/wp-content\/uploads\/sites\/3\/2020\/10\/Steel-Storm-Bonus-Missions-Skirmish-Purgatory-5-300x169.jpg 300w, https:\/\/steelstorm.standardof.net\/wp-content\/uploads\/sites\/3\/2020\/10\/Steel-Storm-Bonus-Missions-Skirmish-Purgatory-5-768x432.jpg 768w, https:\/\/steelstorm.standardof.net\/wp-content\/uploads\/sites\/3\/2020\/10\/Steel-Storm-Bonus-Missions-Skirmish-Purgatory-5-16x9.jpg 16w\" sizes=\"(max-width: 1024px) 100vw, 1024px\" \/><\/figure>\n\n\n\n<figure class=\"wp-block-image size-large\"><img decoding=\"async\" width=\"1024\" height=\"576\" src=\"https:\/\/steelstorm.standardof.net\/wp-content\/uploads\/sites\/3\/2020\/10\/Steel-Storm-Bonus-Missions-Skirmish-Purgatory-4.jpg\" alt=\"\" class=\"wp-image-230\" title=\"\" srcset=\"https:\/\/steelstorm.standardof.net\/wp-content\/uploads\/sites\/3\/2020\/10\/Steel-Storm-Bonus-Missions-Skirmish-Purgatory-4.jpg 1024w, https:\/\/steelstorm.standardof.net\/wp-content\/uploads\/sites\/3\/2020\/10\/Steel-Storm-Bonus-Missions-Skirmish-Purgatory-4-300x169.jpg 300w, https:\/\/steelstorm.standardof.net\/wp-content\/uploads\/sites\/3\/2020\/10\/Steel-Storm-Bonus-Missions-Skirmish-Purgatory-4-768x432.jpg 768w, https:\/\/steelstorm.standardof.net\/wp-content\/uploads\/sites\/3\/2020\/10\/Steel-Storm-Bonus-Missions-Skirmish-Purgatory-4-16x9.jpg 16w\" sizes=\"(max-width: 1024px) 100vw, 1024px\" \/><\/figure>\n\n\n\n<figure class=\"wp-block-image size-large\"><img decoding=\"async\" width=\"1024\" height=\"576\" src=\"https:\/\/steelstorm.standardof.net\/wp-content\/uploads\/sites\/3\/2020\/10\/Steel-Storm-Bonus-Missions-Skirmish-Purgatory-3.jpg\" alt=\"\" class=\"wp-image-229\" title=\"\" srcset=\"https:\/\/steelstorm.standardof.net\/wp-content\/uploads\/sites\/3\/2020\/10\/Steel-Storm-Bonus-Missions-Skirmish-Purgatory-3.jpg 1024w, https:\/\/steelstorm.standardof.net\/wp-content\/uploads\/sites\/3\/2020\/10\/Steel-Storm-Bonus-Missions-Skirmish-Purgatory-3-300x169.jpg 300w, https:\/\/steelstorm.standardof.net\/wp-content\/uploads\/sites\/3\/2020\/10\/Steel-Storm-Bonus-Missions-Skirmish-Purgatory-3-768x432.jpg 768w, https:\/\/steelstorm.standardof.net\/wp-content\/uploads\/sites\/3\/2020\/10\/Steel-Storm-Bonus-Missions-Skirmish-Purgatory-3-16x9.jpg 16w\" sizes=\"(max-width: 1024px) 100vw, 1024px\" \/><\/figure>\n<\/figure>\n\n<\/div><\/div>\n\n\n<div style=\"height:20px\" aria-hidden=\"true\" class=\"wp-block-spacer\"><\/div>\n\n\n\n<h3 class=\"has-text-align-center wp-block-heading\">Scharm\u00fctzel - Fegefeuer Video Walkthrough<\/h3>\n\n\n\n<figure class=\"wp-block-embed is-type-video is-provider-youtube wp-block-embed-youtube wp-embed-aspect-16-9 wp-has-aspect-ratio\"><div class=\"wp-block-embed__wrapper\">\n<div class=\"ast-oembed-container\" style=\"height: 100%;\"><iframe title=\"Scharm\u00fctzel: Fegefeuer - Stahlsturm: Brennende Vergeltung - Walktrough der Bonusstufe\" width=\"500\" height=\"281\" src=\"https:\/\/www.youtube.com\/embed\/uk475GiaiQc?feature=oembed\" frameborder=\"0\" allow=\"accelerometer; autoplay; clipboard-write; encrypted-media; gyroscope; picture-in-picture; web-share\" referrerpolicy=\"strict-origin-when-cross-origin\" allowfullscreen><\/iframe><\/div>\n<\/div><\/figure>","protected":false},"excerpt":{"rendered":"<p>In the second bonus level of the video game Steel Storm, you are presented with the task of turning on a pump system in this nighttime desert map. With this mission you should be starting out with a nice arsenal of weaponry, granted that you escaped Onslaught with them intact. Map and Objectives &#8211; Primary [&hellip;]<\/p>","protected":false},"author":1,"featured_media":54,"parent":173,"menu_order":0,"comment_status":"open","ping_status":"closed","template":"","meta":{"_uag_custom_page_level_css":"","site-sidebar-layout":"default","site-content-layout":"default","ast-site-content-layout":"","site-content-style":"default","site-sidebar-style":"default","ast-global-header-display":"","ast-banner-title-visibility":"","ast-main-header-display":"","ast-hfb-above-header-display":"","ast-hfb-below-header-display":"","ast-hfb-mobile-header-display":"","site-post-title":"","ast-breadcrumbs-content":"","ast-featured-img":"","footer-sml-layout":"","theme-transparent-header-meta":"default","adv-header-id-meta":"","stick-header-meta":"","header-above-stick-meta":"","header-main-stick-meta":"","header-below-stick-meta":"","astra-migrate-meta-layouts":"default","ast-page-background-enabled":"default","ast-page-background-meta":{"desktop":{"background-color":"","background-image":"","background-repeat":"repeat","background-position":"center center","background-size":"auto","background-attachment":"scroll","background-type":"","background-media":"","overlay-type":"","overlay-color":"","overlay-gradient":""},"tablet":{"background-color":"","background-image":"","background-repeat":"repeat","background-position":"center center","background-size":"auto","background-attachment":"scroll","background-type":"","background-media":"","overlay-type":"","overlay-color":"","overlay-gradient":""},"mobile":{"background-color":"","background-image":"","background-repeat":"repeat","background-position":"center center","background-size":"auto","background-attachment":"scroll","background-type":"","background-media":"","overlay-type":"","overlay-color":"","overlay-gradient":""}},"ast-content-background-meta":{"desktop":{"background-color":"var(--ast-global-color-5)","background-image":"","background-repeat":"repeat","background-position":"center center","background-size":"auto","background-attachment":"scroll","background-type":"","background-media":"","overlay-type":"","overlay-color":"","overlay-gradient":""},"tablet":{"background-color":"var(--ast-global-color-5)","background-image":"","background-repeat":"repeat","background-position":"center center","background-size":"auto","background-attachment":"scroll","background-type":"","background-media":"","overlay-type":"","overlay-color":"","overlay-gradient":""},"mobile":{"background-color":"var(--ast-global-color-5)","background-image":"","background-repeat":"repeat","background-position":"center center","background-size":"auto","background-attachment":"scroll","background-type":"","background-media":"","overlay-type":"","overlay-color":"","overlay-gradient":""}},"footnotes":""},"uagb_featured_image_src":{"full":["https:\/\/steelstorm.standardof.net\/wp-content\/uploads\/sites\/3\/2020\/10\/MnEdR-1.jpg",1200,750,false],"thumbnail":["https:\/\/steelstorm.standardof.net\/wp-content\/uploads\/sites\/3\/2020\/10\/MnEdR-1-150x150.jpg",150,150,true],"medium":["https:\/\/steelstorm.standardof.net\/wp-content\/uploads\/sites\/3\/2020\/10\/MnEdR-1-300x188.jpg",300,188,true],"medium_large":["https:\/\/steelstorm.standardof.net\/wp-content\/uploads\/sites\/3\/2020\/10\/MnEdR-1-768x480.jpg",768,480,true],"large":["https:\/\/steelstorm.standardof.net\/wp-content\/uploads\/sites\/3\/2020\/10\/MnEdR-1-1024x640.jpg",1024,640,true],"1536x1536":["https:\/\/steelstorm.standardof.net\/wp-content\/uploads\/sites\/3\/2020\/10\/MnEdR-1.jpg",1200,750,false],"2048x2048":["https:\/\/steelstorm.standardof.net\/wp-content\/uploads\/sites\/3\/2020\/10\/MnEdR-1.jpg",1200,750,false],"trp-custom-language-flag":["https:\/\/steelstorm.standardof.net\/wp-content\/uploads\/sites\/3\/2020\/10\/MnEdR-1.jpg",18,12,false]},"uagb_author_info":{"display_name":"SOE","author_link":"https:\/\/steelstorm.standardof.net\/de\/author\/k-tastic\/"},"uagb_comment_info":0,"uagb_excerpt":"In the second bonus level of the video game Steel Storm, you are presented with the task of turning on a pump system in this nighttime desert map. With this mission you should be starting out with a nice arsenal of weaponry, granted that you escaped Onslaught with them intact. Map and Objectives &#8211; Primary&hellip;","_links":{"self":[{"href":"https:\/\/steelstorm.standardof.net\/de\/wp-json\/wp\/v2\/pages\/234"}],"collection":[{"href":"https:\/\/steelstorm.standardof.net\/de\/wp-json\/wp\/v2\/pages"}],"about":[{"href":"https:\/\/steelstorm.standardof.net\/de\/wp-json\/wp\/v2\/types\/page"}],"author":[{"embeddable":true,"href":"https:\/\/steelstorm.standardof.net\/de\/wp-json\/wp\/v2\/users\/1"}],"replies":[{"embeddable":true,"href":"https:\/\/steelstorm.standardof.net\/de\/wp-json\/wp\/v2\/comments?post=234"}],"version-history":[{"count":1,"href":"https:\/\/steelstorm.standardof.net\/de\/wp-json\/wp\/v2\/pages\/234\/revisions"}],"predecessor-version":[{"id":464,"href":"https:\/\/steelstorm.standardof.net\/de\/wp-json\/wp\/v2\/pages\/234\/revisions\/464"}],"up":[{"embeddable":true,"href":"https:\/\/steelstorm.standardof.net\/de\/wp-json\/wp\/v2\/pages\/173"}],"wp:featuredmedia":[{"embeddable":true,"href":"https:\/\/steelstorm.standardof.net\/de\/wp-json\/wp\/v2\/media\/54"}],"wp:attachment":[{"href":"https:\/\/steelstorm.standardof.net\/de\/wp-json\/wp\/v2\/media?parent=234"}],"curies":[{"name":"wp","href":"https:\/\/api.w.org\/{rel}","templated":true}]}}