{"id":211,"date":"2020-10-17T11:49:01","date_gmt":"2020-10-17T11:49:01","guid":{"rendered":"https:\/\/steelstorm.standardof.net\/?page_id=211"},"modified":"2022-10-31T08:24:23","modified_gmt":"2022-10-31T08:24:23","slug":"lost-in-time-in-dismay","status":"publish","type":"page","link":"https:\/\/steelstorm.standardof.net\/de\/fuhren\/level-walkthroughs-2\/zeitverlust-in-besturzung\/","title":{"rendered":"In der Zeit verloren: In Best\u00fcrzung"},"content":{"rendered":"<p>Lost In Time - In Dismay ist urspr\u00fcnglich die zweite Mission der inzwischen aufgel\u00f6sten Episode 1, die jetzt als eine der Lost Missions in Steel Storm fungiert. Um das Kraftfeld zu deaktivieren, das Sie davon abh\u00e4lt, dieses Level zu verlassen, m\u00fcssen Sie ein nahe gelegenes feindliches Versorgungsdepot zusammen mit seinem K\u00fchlturm zerst\u00f6ren.<\/p>\n\n\n\n<div style=\"height:20px\" aria-hidden=\"true\" class=\"wp-block-spacer\"><\/div>\n\n\n<div class=\"gb-container gb-container-60541f9a\"><div class=\"gb-inside-container\">\n\n<h2 class=\"has-text-align-center wp-block-heading\">Karte und Ziele<\/h2>\n\n\n\n<div class=\"wp-block-image is-style-default\"><figure class=\"aligncenter size-full is-resized\"><a href=\"https:\/\/steelstorm.standardof.net\/de\/steel-storm-burning-retribution-lost-in-time-in-dismay-1\/\"><img decoding=\"async\" src=\"https:\/\/steelstorm.standardof.net\/wp-content\/uploads\/sites\/3\/2020\/10\/Steel-Storm-Burning-Retribution-Lost-In-Time-\u2013-In-Dismay-1.jpg\" alt=\"\" class=\"wp-image-198\" width=\"671\" height=\"502\" title=\"\" srcset=\"https:\/\/steelstorm.standardof.net\/wp-content\/uploads\/sites\/3\/2020\/10\/Steel-Storm-Burning-Retribution-Lost-In-Time-\u2013-In-Dismay-1.jpg 894w, https:\/\/steelstorm.standardof.net\/wp-content\/uploads\/sites\/3\/2020\/10\/Steel-Storm-Burning-Retribution-Lost-In-Time-\u2013-In-Dismay-1-300x224.jpg 300w, https:\/\/steelstorm.standardof.net\/wp-content\/uploads\/sites\/3\/2020\/10\/Steel-Storm-Burning-Retribution-Lost-In-Time-\u2013-In-Dismay-1-768x575.jpg 768w, https:\/\/steelstorm.standardof.net\/wp-content\/uploads\/sites\/3\/2020\/10\/Steel-Storm-Burning-Retribution-Lost-In-Time-\u2013-In-Dismay-1-16x12.jpg 16w\" sizes=\"(max-width: 671px) 100vw, 671px\" \/><\/a><\/figure><\/div>\n\n\n\n<h3 class=\"has-text-align-center wp-block-heading\">- Hauptziele -<\/h3>\n\n\n\n<p class=\"has-text-align-center\">Zerst\u00f6re die Waffenkisten und den K\u00fchlturm.<\/p>\n\n<\/div><\/div>\n\n\n<div style=\"height:20px\" aria-hidden=\"true\" class=\"wp-block-spacer\"><\/div>\n\n\n<div class=\"gb-container gb-container-b1843bbb\"><div class=\"gb-inside-container\">\n\n<h2 class=\"has-text-align-center wp-block-heading\">Level Progression und Tipps:<\/h2>\n\n\n\n<p>Jetzt, wo Sie die Sturmpflugwaffe haben sollten, werden Sie viel mehr Feinden gegen\u00fcberstehen als zuvor. Denken Sie an die langsamere Fahrgeschwindigkeit im Vergleich zu Ihrem Maschinengewehr und versuchen Sie, \u00fcber Gruppen sich bewegender Feinde hin und her zu fegen, um einige gute Treffer zu garantieren.<\/p>\n\n\n\n<p>\u00dcberpr\u00fcfen Sie die Wand direkt hinter Ihrer Startposition, bevor Sie nach S\u00fcden fahren, um einige Pickups zu finden.<\/p>\n\n\n\n<p>Wenn Sie die G\u00e4nge entlang gehen, ziehen Sie die feindlichen Panzer von ihren T\u00fcrmen weg, um zu begrenzen, wie viel Feuer Sie auf einmal abschie\u00dfen m\u00fcssen. Versuchen Sie beim Herausnehmen der T\u00fcrme, sich um die vielen Ecken und Kanten zu ducken, die Ihnen in diesem Level zur Verf\u00fcgung stehen, um deren Feuer zu vermeiden und gleichzeitig die R\u00fcstung zu schw\u00e4chen. Obwohl dies nicht zeitsparend ist, k\u00f6nnen Sie den Hauptflur zu Ihrer ersten Linken r\u00e4umen, um sich \u00c4rger zu ersparen, wenn Sie sp\u00e4ter hierher zur\u00fcckkehren.<\/p>\n\n\n\n<p>Am Punkt <strong>EIN<\/strong>Sie werden Ihr prim\u00e4res und einziges Ziel in dieser Mission finden. Stellen Sie sicher, dass Sie alle markierten Kisten zusammen mit dem K\u00fchlturm hier zerst\u00f6ren, bevor Sie fortfahren, und heben Sie dann die zur\u00fcckgebliebenen Punktekristalle auf. Fahren Sie nach S\u00fcden und nehmen Sie den Tunnel nach rechts, um zur\u00fcck in den Hauptflur zu gelangen.<\/p>\n\n\n\n<p>Sobald Sie im Hauptflur angekommen sind, bevor Sie wieder nach rechts abbiegen, um nach drau\u00dfen zu gehen, fahren Sie geradeaus weiter, nachdem Sie sich mit den Feinden hier zum gegen\u00fcberliegenden Tunnel befasst haben, um zuerst am Punkt einige Bonuspunktkristalle zu finden <strong>B.<\/strong>.<\/p>\n\n\n\n<p>Bevor Sie auf das Ausgangspad treten, \u00fcberpr\u00fcfen Sie den Flur links davon, um weitere Bonuspunktkristalle aufzunehmen.<\/p>\n\n\n\n<figure class=\"wp-block-gallery has-nested-images columns-default is-cropped wp-block-gallery-1 is-layout-flex wp-block-gallery-is-layout-flex\">\n<figure class=\"wp-block-image size-large\"><img decoding=\"async\" width=\"1024\" height=\"576\" src=\"https:\/\/steelstorm.standardof.net\/wp-content\/uploads\/sites\/3\/2020\/10\/Steel-Storm-Burning-Retribution-Lost-In-Time-\u2013-In-Dismay-2.jpg\" alt=\"\" class=\"wp-image-199\" title=\"\" srcset=\"https:\/\/steelstorm.standardof.net\/wp-content\/uploads\/sites\/3\/2020\/10\/Steel-Storm-Burning-Retribution-Lost-In-Time-\u2013-In-Dismay-2.jpg 1024w, https:\/\/steelstorm.standardof.net\/wp-content\/uploads\/sites\/3\/2020\/10\/Steel-Storm-Burning-Retribution-Lost-In-Time-\u2013-In-Dismay-2-300x169.jpg 300w, https:\/\/steelstorm.standardof.net\/wp-content\/uploads\/sites\/3\/2020\/10\/Steel-Storm-Burning-Retribution-Lost-In-Time-\u2013-In-Dismay-2-768x432.jpg 768w, https:\/\/steelstorm.standardof.net\/wp-content\/uploads\/sites\/3\/2020\/10\/Steel-Storm-Burning-Retribution-Lost-In-Time-\u2013-In-Dismay-2-16x9.jpg 16w\" sizes=\"(max-width: 1024px) 100vw, 1024px\" \/><\/figure>\n\n\n\n<figure class=\"wp-block-image size-large\"><img decoding=\"async\" width=\"1024\" height=\"576\" src=\"https:\/\/steelstorm.standardof.net\/wp-content\/uploads\/sites\/3\/2020\/10\/Steel-Storm-Burning-Retribution-Lost-In-Time-\u2013-In-Dismay-4.jpg\" alt=\"\" class=\"wp-image-201\" title=\"\" srcset=\"https:\/\/steelstorm.standardof.net\/wp-content\/uploads\/sites\/3\/2020\/10\/Steel-Storm-Burning-Retribution-Lost-In-Time-\u2013-In-Dismay-4.jpg 1024w, https:\/\/steelstorm.standardof.net\/wp-content\/uploads\/sites\/3\/2020\/10\/Steel-Storm-Burning-Retribution-Lost-In-Time-\u2013-In-Dismay-4-300x169.jpg 300w, https:\/\/steelstorm.standardof.net\/wp-content\/uploads\/sites\/3\/2020\/10\/Steel-Storm-Burning-Retribution-Lost-In-Time-\u2013-In-Dismay-4-768x432.jpg 768w, https:\/\/steelstorm.standardof.net\/wp-content\/uploads\/sites\/3\/2020\/10\/Steel-Storm-Burning-Retribution-Lost-In-Time-\u2013-In-Dismay-4-16x9.jpg 16w\" sizes=\"(max-width: 1024px) 100vw, 1024px\" \/><\/figure>\n\n\n\n<figure class=\"wp-block-image size-large\"><img decoding=\"async\" width=\"1024\" height=\"576\" src=\"https:\/\/steelstorm.standardof.net\/wp-content\/uploads\/sites\/3\/2020\/10\/Steel-Storm-Burning-Retribution-Lost-In-Time-\u2013-In-Dismay-5.jpg\" alt=\"\" class=\"wp-image-202\" title=\"\" srcset=\"https:\/\/steelstorm.standardof.net\/wp-content\/uploads\/sites\/3\/2020\/10\/Steel-Storm-Burning-Retribution-Lost-In-Time-\u2013-In-Dismay-5.jpg 1024w, https:\/\/steelstorm.standardof.net\/wp-content\/uploads\/sites\/3\/2020\/10\/Steel-Storm-Burning-Retribution-Lost-In-Time-\u2013-In-Dismay-5-300x169.jpg 300w, https:\/\/steelstorm.standardof.net\/wp-content\/uploads\/sites\/3\/2020\/10\/Steel-Storm-Burning-Retribution-Lost-In-Time-\u2013-In-Dismay-5-768x432.jpg 768w, https:\/\/steelstorm.standardof.net\/wp-content\/uploads\/sites\/3\/2020\/10\/Steel-Storm-Burning-Retribution-Lost-In-Time-\u2013-In-Dismay-5-16x9.jpg 16w\" sizes=\"(max-width: 1024px) 100vw, 1024px\" \/><\/figure>\n\n\n\n<figure class=\"wp-block-image size-large\"><img decoding=\"async\" width=\"1024\" height=\"576\" src=\"https:\/\/steelstorm.standardof.net\/wp-content\/uploads\/sites\/3\/2020\/10\/Steel-Storm-Burning-Retribution-Lost-In-Time-\u2013-In-Dismay-3.jpg\" alt=\"\" class=\"wp-image-200\" title=\"\" srcset=\"https:\/\/steelstorm.standardof.net\/wp-content\/uploads\/sites\/3\/2020\/10\/Steel-Storm-Burning-Retribution-Lost-In-Time-\u2013-In-Dismay-3.jpg 1024w, https:\/\/steelstorm.standardof.net\/wp-content\/uploads\/sites\/3\/2020\/10\/Steel-Storm-Burning-Retribution-Lost-In-Time-\u2013-In-Dismay-3-300x169.jpg 300w, https:\/\/steelstorm.standardof.net\/wp-content\/uploads\/sites\/3\/2020\/10\/Steel-Storm-Burning-Retribution-Lost-In-Time-\u2013-In-Dismay-3-768x432.jpg 768w, https:\/\/steelstorm.standardof.net\/wp-content\/uploads\/sites\/3\/2020\/10\/Steel-Storm-Burning-Retribution-Lost-In-Time-\u2013-In-Dismay-3-16x9.jpg 16w\" sizes=\"(max-width: 1024px) 100vw, 1024px\" \/><\/figure>\n<\/figure>\n\n<\/div><\/div>\n\n\n<div style=\"height:20px\" aria-hidden=\"true\" class=\"wp-block-spacer\"><\/div>\n\n\n\n<h3 class=\"has-text-align-center wp-block-heading\">In der Zeit verloren - In Best\u00fcrzung <strong>Video-Komplettl\u00f6sung<\/strong><\/h3>\n\n\n\n<figure class=\"wp-block-embed is-type-video is-provider-youtube wp-block-embed-youtube wp-embed-aspect-16-9 wp-has-aspect-ratio\"><div class=\"wp-block-embed__wrapper\">\n<div class=\"ast-oembed-container\" style=\"height: 100%;\"><iframe title=\"Windy Stroll: In Dismay - Stahlsturm: Brennende Vergeltung - Episode 1 Walktrough\" width=\"500\" height=\"281\" src=\"https:\/\/www.youtube.com\/embed\/9bSFNbf9bTU?feature=oembed\" frameborder=\"0\" allow=\"accelerometer; autoplay; clipboard-write; encrypted-media; gyroscope; picture-in-picture; web-share\" referrerpolicy=\"strict-origin-when-cross-origin\" allowfullscreen><\/iframe><\/div>\n<\/div><\/figure>\n\n\n\n<div style=\"height:20px\" aria-hidden=\"true\" class=\"wp-block-spacer\"><\/div>\n\n\n\n<p><\/p>","protected":false},"excerpt":{"rendered":"<p>Lost In Time &#8211; In Dismay is originally the second mission of the now defunct Episode 1, now sitting as one of the Lost Missions in Steel Storm. To disable the force-field keeping you from leaving this level you will have to wreck a nearby enemy supply depot along with its cooling tower. Map and [&hellip;]<\/p>","protected":false},"author":1,"featured_media":54,"parent":173,"menu_order":0,"comment_status":"open","ping_status":"closed","template":"","meta":{"_uag_custom_page_level_css":"","site-sidebar-layout":"default","site-content-layout":"default","ast-site-content-layout":"","site-content-style":"default","site-sidebar-style":"default","ast-global-header-display":"","ast-banner-title-visibility":"","ast-main-header-display":"","ast-hfb-above-header-display":"","ast-hfb-below-header-display":"","ast-hfb-mobile-header-display":"","site-post-title":"","ast-breadcrumbs-content":"","ast-featured-img":"","footer-sml-layout":"","theme-transparent-header-meta":"default","adv-header-id-meta":"","stick-header-meta":"","header-above-stick-meta":"","header-main-stick-meta":"","header-below-stick-meta":"","astra-migrate-meta-layouts":"default","ast-page-background-enabled":"default","ast-page-background-meta":{"desktop":{"background-color":"","background-image":"","background-repeat":"repeat","background-position":"center center","background-size":"auto","background-attachment":"scroll","background-type":"","background-media":"","overlay-type":"","overlay-color":"","overlay-gradient":""},"tablet":{"background-color":"","background-image":"","background-repeat":"repeat","background-position":"center center","background-size":"auto","background-attachment":"scroll","background-type":"","background-media":"","overlay-type":"","overlay-color":"","overlay-gradient":""},"mobile":{"background-color":"","background-image":"","background-repeat":"repeat","background-position":"center center","background-size":"auto","background-attachment":"scroll","background-type":"","background-media":"","overlay-type":"","overlay-color":"","overlay-gradient":""}},"ast-content-background-meta":{"desktop":{"background-color":"var(--ast-global-color-5)","background-image":"","background-repeat":"repeat","background-position":"center center","background-size":"auto","background-attachment":"scroll","background-type":"","background-media":"","overlay-type":"","overlay-color":"","overlay-gradient":""},"tablet":{"background-color":"var(--ast-global-color-5)","background-image":"","background-repeat":"repeat","background-position":"center center","background-size":"auto","background-attachment":"scroll","background-type":"","background-media":"","overlay-type":"","overlay-color":"","overlay-gradient":""},"mobile":{"background-color":"var(--ast-global-color-5)","background-image":"","background-repeat":"repeat","background-position":"center center","background-size":"auto","background-attachment":"scroll","background-type":"","background-media":"","overlay-type":"","overlay-color":"","overlay-gradient":""}},"footnotes":""},"uagb_featured_image_src":{"full":["https:\/\/steelstorm.standardof.net\/wp-content\/uploads\/sites\/3\/2020\/10\/MnEdR-1.jpg",1200,750,false],"thumbnail":["https:\/\/steelstorm.standardof.net\/wp-content\/uploads\/sites\/3\/2020\/10\/MnEdR-1-150x150.jpg",150,150,true],"medium":["https:\/\/steelstorm.standardof.net\/wp-content\/uploads\/sites\/3\/2020\/10\/MnEdR-1-300x188.jpg",300,188,true],"medium_large":["https:\/\/steelstorm.standardof.net\/wp-content\/uploads\/sites\/3\/2020\/10\/MnEdR-1-768x480.jpg",768,480,true],"large":["https:\/\/steelstorm.standardof.net\/wp-content\/uploads\/sites\/3\/2020\/10\/MnEdR-1-1024x640.jpg",1024,640,true],"1536x1536":["https:\/\/steelstorm.standardof.net\/wp-content\/uploads\/sites\/3\/2020\/10\/MnEdR-1.jpg",1200,750,false],"2048x2048":["https:\/\/steelstorm.standardof.net\/wp-content\/uploads\/sites\/3\/2020\/10\/MnEdR-1.jpg",1200,750,false],"trp-custom-language-flag":["https:\/\/steelstorm.standardof.net\/wp-content\/uploads\/sites\/3\/2020\/10\/MnEdR-1.jpg",18,12,false]},"uagb_author_info":{"display_name":"SOE","author_link":"https:\/\/steelstorm.standardof.net\/de\/author\/k-tastic\/"},"uagb_comment_info":0,"uagb_excerpt":"Lost In Time &#8211; In Dismay is originally the second mission of the now defunct Episode 1, now sitting as one of the Lost Missions in Steel Storm. To disable the force-field keeping you from leaving this level you will have to wreck a nearby enemy supply depot along with its cooling tower. Map and&hellip;","_links":{"self":[{"href":"https:\/\/steelstorm.standardof.net\/de\/wp-json\/wp\/v2\/pages\/211"}],"collection":[{"href":"https:\/\/steelstorm.standardof.net\/de\/wp-json\/wp\/v2\/pages"}],"about":[{"href":"https:\/\/steelstorm.standardof.net\/de\/wp-json\/wp\/v2\/types\/page"}],"author":[{"embeddable":true,"href":"https:\/\/steelstorm.standardof.net\/de\/wp-json\/wp\/v2\/users\/1"}],"replies":[{"embeddable":true,"href":"https:\/\/steelstorm.standardof.net\/de\/wp-json\/wp\/v2\/comments?post=211"}],"version-history":[{"count":1,"href":"https:\/\/steelstorm.standardof.net\/de\/wp-json\/wp\/v2\/pages\/211\/revisions"}],"predecessor-version":[{"id":469,"href":"https:\/\/steelstorm.standardof.net\/de\/wp-json\/wp\/v2\/pages\/211\/revisions\/469"}],"up":[{"embeddable":true,"href":"https:\/\/steelstorm.standardof.net\/de\/wp-json\/wp\/v2\/pages\/173"}],"wp:featuredmedia":[{"embeddable":true,"href":"https:\/\/steelstorm.standardof.net\/de\/wp-json\/wp\/v2\/media\/54"}],"wp:attachment":[{"href":"https:\/\/steelstorm.standardof.net\/de\/wp-json\/wp\/v2\/media?parent=211"}],"curies":[{"name":"wp","href":"https:\/\/api.w.org\/{rel}","templated":true}]}}