{"id":180,"date":"2020-10-17T10:28:41","date_gmt":"2020-10-17T10:28:41","guid":{"rendered":"https:\/\/steelstorm.standardof.net\/?page_id=180"},"modified":"2020-10-17T10:28:42","modified_gmt":"2020-10-17T10:28:42","slug":"born-to-burn-the-collector","status":"publish","type":"page","link":"https:\/\/steelstorm.standardof.net\/de\/fuhren\/level-walkthroughs-2\/geboren-um-den-sammler-zu-verbrennen\/","title":{"rendered":"Zum Brennen geboren: Der Sammler"},"content":{"rendered":"<p>Der Sammler ist die zweite Stufe im Born to Burn-Pilotenkurs von Steel Storm, der Sie von der ersten Mission zur Zerst\u00f6rung eines stark bewachten Versorgungsdepots zur\u00fcck in das Industriegebiet f\u00fchrt. Zum ersten Mal wird Ihnen ein Zeitlimit von 15 Minuten zum Verlassen des Levels angezeigt. Dies ist jedoch eher vernachl\u00e4ssigbar, da es wirklich einfach ist, alles zu zerst\u00f6ren, sich Zeit zu nehmen und es in 5-7 Minuten herauszufinden.<\/p>\n\n\n\n<p>Diese Mission gibt dir Zugang zu deiner ersten Sekund\u00e4rwaffe, dem Raketen-Pod.<\/p>\n\n\n\n<div style=\"height:20px\" aria-hidden=\"true\" class=\"wp-block-spacer\"><\/div>\n\n\n\n<div class=\"gb-container gb-container-ae025cb2\"><div class=\"gb-inside-container\">\n<h2 class=\"has-text-align-center wp-block-heading\">Karte und Ziele<\/h2>\n\n\n\n<div class=\"wp-block-image is-style-default\"><figure class=\"aligncenter size-full is-resized\"><a href=\"https:\/\/steelstorm.standardof.net\/de\/steel-storm-levels-headhunter-the-collector-map\/\"><img decoding=\"async\" src=\"https:\/\/steelstorm.standardof.net\/wp-content\/uploads\/sites\/3\/2020\/10\/Steel-Storm-Levels-Headhunter-The-Collector-Map.jpg\" alt=\"Karte der Sammlerziele.\" class=\"wp-image-154\" width=\"671\" height=\"503\" title=\"\" srcset=\"https:\/\/steelstorm.standardof.net\/wp-content\/uploads\/sites\/3\/2020\/10\/Steel-Storm-Levels-Headhunter-The-Collector-Map.jpg 895w, https:\/\/steelstorm.standardof.net\/wp-content\/uploads\/sites\/3\/2020\/10\/Steel-Storm-Levels-Headhunter-The-Collector-Map-300x225.jpg 300w, https:\/\/steelstorm.standardof.net\/wp-content\/uploads\/sites\/3\/2020\/10\/Steel-Storm-Levels-Headhunter-The-Collector-Map-768x575.jpg 768w, https:\/\/steelstorm.standardof.net\/wp-content\/uploads\/sites\/3\/2020\/10\/Steel-Storm-Levels-Headhunter-The-Collector-Map-16x12.jpg 16w\" sizes=\"(max-width: 671px) 100vw, 671px\" \/><\/a><figcaption>Karte mit den wichtigen Bereichen und Pfaden der Mission Headhunter - The Collector im Spiel Steel Storm.<\/figcaption><\/figure><\/div>\n\n\n\n<h3 class=\"has-text-align-center wp-block-heading\">- Hauptziele -<\/h3>\n\n\n\n<p class=\"has-text-align-center\">Deaktivieren Sie das Kraftfeld, das den Ausgang blockiert.<br>Zerst\u00f6ren Sie die Vorratsbeh\u00e4lter.<\/p>\n<\/div><\/div>\n\n\n\n<div style=\"height:20px\" aria-hidden=\"true\" class=\"wp-block-spacer\"><\/div>\n\n\n\n<div class=\"gb-container gb-container-6090874c\"><div class=\"gb-inside-container\">\n<h2 class=\"has-text-align-center wp-block-heading\">Anfahren<\/h2>\n\n\n\n<p class=\"has-text-align-center\">Wie Sie in der obigen Karte sehen k\u00f6nnen, sind die meisten wichtigen Punkte in dieser Karte mit Ausnahme des Ausgangsportals im \u00e4u\u00dfersten S\u00fcdosten oben links im Nordwesten der Karte zusammengefasst. Entferne die verschiedenen Feinde entlang der roten Linie, die von der Anfangsposition aus beginnt, und mache dich auf den Weg zum Punkt <strong>EIN<\/strong>.<\/p>\n\n\n\n<div class=\"wp-block-image is-style-default\"><figure class=\"aligncenter size-full is-resized\"><a href=\"https:\/\/steelstorm.standardof.net\/de\/steel-storm-levels-headhunter-the-collector-1\/\"><img decoding=\"async\" src=\"https:\/\/steelstorm.standardof.net\/wp-content\/uploads\/sites\/3\/2020\/10\/Steel-Storm-Levels-Headhunter-The-Collector-1.jpg\" alt=\"Headhunter Der Sammler - Protonentanks\" class=\"wp-image-155\" width=\"768\" height=\"432\" title=\"\" srcset=\"https:\/\/steelstorm.standardof.net\/wp-content\/uploads\/sites\/3\/2020\/10\/Steel-Storm-Levels-Headhunter-The-Collector-1.jpg 1024w, https:\/\/steelstorm.standardof.net\/wp-content\/uploads\/sites\/3\/2020\/10\/Steel-Storm-Levels-Headhunter-The-Collector-1-300x169.jpg 300w, https:\/\/steelstorm.standardof.net\/wp-content\/uploads\/sites\/3\/2020\/10\/Steel-Storm-Levels-Headhunter-The-Collector-1-768x432.jpg 768w, https:\/\/steelstorm.standardof.net\/wp-content\/uploads\/sites\/3\/2020\/10\/Steel-Storm-Levels-Headhunter-The-Collector-1-16x9.jpg 16w\" sizes=\"(max-width: 768px) 100vw, 768px\" \/><\/a><figcaption>Protonentanks greifen in Headhunter The Collector an <\/figcaption><\/figure><\/div>\n<\/div><\/div>\n\n\n\n<div style=\"height:20px\" aria-hidden=\"true\" class=\"wp-block-spacer\"><\/div>\n\n\n\n<div class=\"gb-container gb-container-a87f2b80\"><div class=\"gb-inside-container\">\n<h2 class=\"has-text-align-center wp-block-heading\">Raketen-Pod<\/h2>\n\n\n\n<p class=\"has-text-align-center\">An dieser Stelle finden Sie einige T\u00fcrme, die eine Raketen-Pod-Waffe bewachen, mit der Sie das Level am Leben lassen m\u00fcssen. Versuchen Sie also, nicht zu sterben, wenn Sie sie einmal aufgehoben haben. Sobald Sie den Raketen-Pod an einem Punkt erwerben <strong>EIN<\/strong> Einige Panzer und ein Turm werden erscheinen, um Sie zu \u00fcberfallen. Ziehen Sie sich nach Osten zur\u00fcck, um einem schweren Protonenpanzer auszuweichen, der ebenfalls an einem bestimmten Punkt erscheint <strong>B.<\/strong> bis Sie diese ersten Bedrohungen behandelt haben. Sobald Sie gegen den schweren Protonenpanzer gek\u00e4mpft haben, verwenden Sie Betonbarrieren, um sein Feuer zu blockieren, w\u00e4hrend Sie in die N\u00e4he kommen, und springen Sie dann schnell von der Seite heraus, um ein Raketenfeuer auszul\u00f6sen.<\/p>\n\n\n\n<div class=\"wp-block-image is-style-default\"><figure class=\"aligncenter size-full is-resized\"><a href=\"https:\/\/steelstorm.standardof.net\/de\/steel-storm-levels-headhunter-the-collector-2\/\"><img decoding=\"async\" src=\"https:\/\/steelstorm.standardof.net\/wp-content\/uploads\/sites\/3\/2020\/10\/Steel-Storm-Levels-Headhunter-The-Collector-2.jpg\" alt=\"Headhunter Der Sammler - Der Raketen-Pod\" class=\"wp-image-156\" width=\"768\" height=\"432\" title=\"\" srcset=\"https:\/\/steelstorm.standardof.net\/wp-content\/uploads\/sites\/3\/2020\/10\/Steel-Storm-Levels-Headhunter-The-Collector-2.jpg 1024w, https:\/\/steelstorm.standardof.net\/wp-content\/uploads\/sites\/3\/2020\/10\/Steel-Storm-Levels-Headhunter-The-Collector-2-300x169.jpg 300w, https:\/\/steelstorm.standardof.net\/wp-content\/uploads\/sites\/3\/2020\/10\/Steel-Storm-Levels-Headhunter-The-Collector-2-768x432.jpg 768w, https:\/\/steelstorm.standardof.net\/wp-content\/uploads\/sites\/3\/2020\/10\/Steel-Storm-Levels-Headhunter-The-Collector-2-16x9.jpg 16w\" sizes=\"(max-width: 768px) 100vw, 768px\" \/><\/a><figcaption> Schnapp dir den Raketen-Pod in Headhunter The Collector <\/figcaption><\/figure><\/div>\n<\/div><\/div>\n\n\n\n<div style=\"height:20px\" aria-hidden=\"true\" class=\"wp-block-spacer\"><\/div>\n\n\n\n<div class=\"gb-container gb-container-49d4da18\"><div class=\"gb-inside-container\">\n<h2 class=\"has-text-align-center wp-block-heading\">Den Sammler verlassen<\/h2>\n\n\n\n<p class=\"has-text-align-center\">Sobald diese Bedrohungen behandelt sind, k\u00f6nnen Sie hier die Vorratsbeh\u00e4lter zerst\u00f6ren und an einer bestimmten Stelle auf das Triggerpad treten <strong>C.<\/strong> Dadurch wird das den Ausgang sch\u00fctzende Kraftfeld deaktiviert und beide Ziele im selben Bereich erreicht. Sie k\u00f6nnen das Teleporter-Pad an einer bestimmten Stelle nehmen <strong>D.<\/strong> Um zum nahe gelegenen Felsvorsprung (blaue Linie) zu gelangen, kehren Sie durch einen vertrauten Boden nach au\u00dfen und schlie\u00dflich zum Ausgangspad zur\u00fcck <strong>E.<\/strong>.<\/p>\n\n\n\n<div class=\"wp-block-image is-style-default\"><figure class=\"aligncenter size-large\"><a href=\"https:\/\/steelstorm.standardof.net\/de\/steel-storm-levels-headhunter-the-collector-3\/\"><img decoding=\"async\" width=\"1024\" height=\"576\" src=\"https:\/\/steelstorm.standardof.net\/wp-content\/uploads\/sites\/3\/2020\/10\/Steel-Storm-Levels-Headhunter-The-Collector-3.jpg\" alt=\"Headhunter Der Sammler - Verlassen\" class=\"wp-image-157\" title=\"\" srcset=\"https:\/\/steelstorm.standardof.net\/wp-content\/uploads\/sites\/3\/2020\/10\/Steel-Storm-Levels-Headhunter-The-Collector-3.jpg 1024w, https:\/\/steelstorm.standardof.net\/wp-content\/uploads\/sites\/3\/2020\/10\/Steel-Storm-Levels-Headhunter-The-Collector-3-300x169.jpg 300w, https:\/\/steelstorm.standardof.net\/wp-content\/uploads\/sites\/3\/2020\/10\/Steel-Storm-Levels-Headhunter-The-Collector-3-768x432.jpg 768w, https:\/\/steelstorm.standardof.net\/wp-content\/uploads\/sites\/3\/2020\/10\/Steel-Storm-Levels-Headhunter-The-Collector-3-16x9.jpg 16w\" sizes=\"(max-width: 1024px) 100vw, 1024px\" \/><\/a><figcaption>Die Mission in Headhunter The Collector verlassen <\/figcaption><\/figure><\/div>\n<\/div><\/div>\n\n\n\n<div style=\"height:20px\" aria-hidden=\"true\" class=\"wp-block-spacer\"><\/div>\n\n\n\n<h2 class=\"has-text-align-center wp-block-heading\" id=\"2--rocket-pod-\"><strong><strong><strong><strong>Video-Komplettl\u00f6sung<\/strong><\/strong><\/strong><\/strong><\/h2>\n\n\n\n<figure class=\"wp-block-embed-youtube wp-block-embed is-type-video is-provider-youtube wp-embed-aspect-16-9 wp-has-aspect-ratio\"><div class=\"wp-block-embed__wrapper\">\n<div class=\"ast-oembed-container\" style=\"height: 100%;\"><iframe title=\"Windiger Spaziergang: Der Sammler - Stahlsturm: Brennende Vergeltung - Episode 1 Walktrough\" width=\"500\" height=\"281\" src=\"https:\/\/www.youtube.com\/embed\/N5UZi619AHU?feature=oembed\" frameborder=\"0\" allow=\"accelerometer; autoplay; clipboard-write; encrypted-media; gyroscope; picture-in-picture; web-share\" referrerpolicy=\"strict-origin-when-cross-origin\" allowfullscreen><\/iframe><\/div>\n<\/div><\/figure>\n\n\n\n<div style=\"height:20px\" aria-hidden=\"true\" class=\"wp-block-spacer\"><\/div>\n\n\n\n<p><\/p>","protected":false},"excerpt":{"rendered":"<p>The Collector is the second level in the Born to Burn Pilot Training Course of Steel Storm taking you back to the industrial type area from the first mission to destroy a heavily guarded supply depot. For the first time, you are presented with a time limit of 15 minutes to exit the level. This [&hellip;]<\/p>","protected":false},"author":1,"featured_media":54,"parent":173,"menu_order":0,"comment_status":"open","ping_status":"closed","template":"","meta":{"_uag_custom_page_level_css":"","site-sidebar-layout":"default","site-content-layout":"default","ast-site-content-layout":"","site-content-style":"default","site-sidebar-style":"default","ast-global-header-display":"","ast-banner-title-visibility":"","ast-main-header-display":"","ast-hfb-above-header-display":"","ast-hfb-below-header-display":"","ast-hfb-mobile-header-display":"","site-post-title":"","ast-breadcrumbs-content":"","ast-featured-img":"","footer-sml-layout":"","theme-transparent-header-meta":"default","adv-header-id-meta":"","stick-header-meta":"","header-above-stick-meta":"","header-main-stick-meta":"","header-below-stick-meta":"","astra-migrate-meta-layouts":"default","ast-page-background-enabled":"default","ast-page-background-meta":{"desktop":{"background-color":"","background-image":"","background-repeat":"repeat","background-position":"center center","background-size":"auto","background-attachment":"scroll","background-type":"","background-media":"","overlay-type":"","overlay-color":"","overlay-gradient":""},"tablet":{"background-color":"","background-image":"","background-repeat":"repeat","background-position":"center center","background-size":"auto","background-attachment":"scroll","background-type":"","background-media":"","overlay-type":"","overlay-color":"","overlay-gradient":""},"mobile":{"background-color":"","background-image":"","background-repeat":"repeat","background-position":"center center","background-size":"auto","background-attachment":"scroll","background-type":"","background-media":"","overlay-type":"","overlay-color":"","overlay-gradient":""}},"ast-content-background-meta":{"desktop":{"background-color":"var(--ast-global-color-5)","background-image":"","background-repeat":"repeat","background-position":"center center","background-size":"auto","background-attachment":"scroll","background-type":"","background-media":"","overlay-type":"","overlay-color":"","overlay-gradient":""},"tablet":{"background-color":"var(--ast-global-color-5)","background-image":"","background-repeat":"repeat","background-position":"center center","background-size":"auto","background-attachment":"scroll","background-type":"","background-media":"","overlay-type":"","overlay-color":"","overlay-gradient":""},"mobile":{"background-color":"var(--ast-global-color-5)","background-image":"","background-repeat":"repeat","background-position":"center center","background-size":"auto","background-attachment":"scroll","background-type":"","background-media":"","overlay-type":"","overlay-color":"","overlay-gradient":""}},"footnotes":""},"uagb_featured_image_src":{"full":["https:\/\/steelstorm.standardof.net\/wp-content\/uploads\/sites\/3\/2020\/10\/MnEdR-1.jpg",1200,750,false],"thumbnail":["https:\/\/steelstorm.standardof.net\/wp-content\/uploads\/sites\/3\/2020\/10\/MnEdR-1-150x150.jpg",150,150,true],"medium":["https:\/\/steelstorm.standardof.net\/wp-content\/uploads\/sites\/3\/2020\/10\/MnEdR-1-300x188.jpg",300,188,true],"medium_large":["https:\/\/steelstorm.standardof.net\/wp-content\/uploads\/sites\/3\/2020\/10\/MnEdR-1-768x480.jpg",768,480,true],"large":["https:\/\/steelstorm.standardof.net\/wp-content\/uploads\/sites\/3\/2020\/10\/MnEdR-1-1024x640.jpg",1024,640,true],"1536x1536":["https:\/\/steelstorm.standardof.net\/wp-content\/uploads\/sites\/3\/2020\/10\/MnEdR-1.jpg",1200,750,false],"2048x2048":["https:\/\/steelstorm.standardof.net\/wp-content\/uploads\/sites\/3\/2020\/10\/MnEdR-1.jpg",1200,750,false],"trp-custom-language-flag":["https:\/\/steelstorm.standardof.net\/wp-content\/uploads\/sites\/3\/2020\/10\/MnEdR-1.jpg",18,12,false]},"uagb_author_info":{"display_name":"SOE","author_link":"https:\/\/steelstorm.standardof.net\/de\/author\/k-tastic\/"},"uagb_comment_info":0,"uagb_excerpt":"The Collector is the second level in the Born to Burn Pilot Training Course of Steel Storm taking you back to the industrial type area from the first mission to destroy a heavily guarded supply depot. For the first time, you are presented with a time limit of 15 minutes to exit the level. This&hellip;","_links":{"self":[{"href":"https:\/\/steelstorm.standardof.net\/de\/wp-json\/wp\/v2\/pages\/180"}],"collection":[{"href":"https:\/\/steelstorm.standardof.net\/de\/wp-json\/wp\/v2\/pages"}],"about":[{"href":"https:\/\/steelstorm.standardof.net\/de\/wp-json\/wp\/v2\/types\/page"}],"author":[{"embeddable":true,"href":"https:\/\/steelstorm.standardof.net\/de\/wp-json\/wp\/v2\/users\/1"}],"replies":[{"embeddable":true,"href":"https:\/\/steelstorm.standardof.net\/de\/wp-json\/wp\/v2\/comments?post=180"}],"version-history":[{"count":0,"href":"https:\/\/steelstorm.standardof.net\/de\/wp-json\/wp\/v2\/pages\/180\/revisions"}],"up":[{"embeddable":true,"href":"https:\/\/steelstorm.standardof.net\/de\/wp-json\/wp\/v2\/pages\/173"}],"wp:featuredmedia":[{"embeddable":true,"href":"https:\/\/steelstorm.standardof.net\/de\/wp-json\/wp\/v2\/media\/54"}],"wp:attachment":[{"href":"https:\/\/steelstorm.standardof.net\/de\/wp-json\/wp\/v2\/media?parent=180"}],"curies":[{"name":"wp","href":"https:\/\/api.w.org\/{rel}","templated":true}]}}