{"id":178,"date":"2020-10-17T10:15:24","date_gmt":"2020-10-17T10:15:24","guid":{"rendered":"https:\/\/steelstorm.standardof.net\/?page_id=178"},"modified":"2020-10-17T10:27:17","modified_gmt":"2020-10-17T10:27:17","slug":"born-to-burn-acquisition","status":"publish","type":"page","link":"https:\/\/steelstorm.standardof.net\/de\/fuhren\/level-walkthroughs-2\/born-to-burn-erwerb\/","title":{"rendered":"Geboren um zu brennen: Erwerb"},"content":{"rendered":"<p>Mission 1 in der Gruppe der Born to Burn-Missionen in Steel Storm ist Headhunter - Acquisition und f\u00fchrt Sie in einige grundlegende Konzepte des Spiels und die ersten Arten von Feinden ein, denen Sie begegnen werden. Nachdem Sie Zugang zur feindlichen Einrichtung erhalten haben, liegt es an Ihnen, in diesem Level so viel Zerst\u00f6rung wie m\u00f6glich zu verursachen, w\u00e4hrend Sie das Gebiet zusammen mit einer neuen Waffe intakt lassen.<\/p>\n\n\n\n<div style=\"height:20px\" aria-hidden=\"true\" class=\"wp-block-spacer\"><\/div>\n\n\n\n<div class=\"gb-container gb-container-ae025cb2\"><div class=\"gb-inside-container\">\n<h2 class=\"has-text-align-center wp-block-heading\">Karte und Ziele<\/h2>\n\n\n\n<div class=\"wp-block-image is-style-default\"><figure class=\"aligncenter size-full is-resized\"><a href=\"https:\/\/steelstorm.standardof.net\/de\/steel-storm-levels-headhunter-acquisition-map\/\"><img decoding=\"async\" src=\"https:\/\/steelstorm.standardof.net\/wp-content\/uploads\/sites\/3\/2020\/10\/Steel-Storm-Levels-Headhunter-Acquisition-Map.jpg\" alt=\"Karte von Headhunter - Erwerb\" class=\"wp-image-139\" width=\"672\" height=\"506\" title=\"\" srcset=\"https:\/\/steelstorm.standardof.net\/wp-content\/uploads\/sites\/3\/2020\/10\/Steel-Storm-Levels-Headhunter-Acquisition-Map.jpg 896w, https:\/\/steelstorm.standardof.net\/wp-content\/uploads\/sites\/3\/2020\/10\/Steel-Storm-Levels-Headhunter-Acquisition-Map-300x226.jpg 300w, https:\/\/steelstorm.standardof.net\/wp-content\/uploads\/sites\/3\/2020\/10\/Steel-Storm-Levels-Headhunter-Acquisition-Map-768x578.jpg 768w, https:\/\/steelstorm.standardof.net\/wp-content\/uploads\/sites\/3\/2020\/10\/Steel-Storm-Levels-Headhunter-Acquisition-Map-16x12.jpg 16w\" sizes=\"(max-width: 672px) 100vw, 672px\" \/><\/a><figcaption>Karte mit den wichtigen Bereichen und Pfaden der Mission Headhunter - Acquisition im Spiel Steel Storm.<\/figcaption><\/figure><\/div>\n\n\n\n<h3 class=\"has-text-align-center wp-block-heading\">- Hauptziele -<\/h3>\n\n\n\n<p class=\"has-text-align-center\">Deaktivieren Sie das Kraftfeld<\/p>\n\n\n\n<h4 class=\"has-text-align-center wp-block-heading\">- Sekund\u00e4rziele -<\/h4>\n\n\n\n<p class=\"has-text-align-center\">Entkomme mit der Sturmpflugwaffe.<br>Zerst\u00f6re den K\u00fchlturm im Hof.<br>Zerst\u00f6re den K\u00fchlturm hinter dem Kraftfeld.<\/p>\n<\/div><\/div>\n\n\n\n<div style=\"height:20px\" aria-hidden=\"true\" class=\"wp-block-spacer\"><\/div>\n\n\n\n<div class=\"gb-container gb-container-c8ea54ea\"><div class=\"gb-inside-container\">\n<h2 class=\"has-text-align-center wp-block-heading\">1. Turm<\/h2>\n\n\n\n<p class=\"has-text-align-center\">Beginnen Sie, indem Sie direkt nach Norden in Richtung Punkt fahren <strong>EIN<\/strong> Hier treffen Sie neben einigen Feinden auf den ersten K\u00fchlturm. Zerst\u00f6re dies, um dein erstes sekund\u00e4res Ziel zu erreichen, und spawne zwei (gr\u00fcne) 1000-Punkte-Kristalle, um zus\u00e4tzliche Punkte zu erhalten.<\/p>\n\n\n\n<div class=\"wp-block-image is-style-default\"><figure class=\"aligncenter size-full is-resized\"><a href=\"https:\/\/steelstorm.standardof.net\/de\/steel-storm-levels-headhunter-acquisition-screen-1\/\"><img decoding=\"async\" src=\"https:\/\/steelstorm.standardof.net\/wp-content\/uploads\/sites\/3\/2020\/10\/Steel-Storm-Levels-Headhunter-Acquisition-Screen-1.jpg\" alt=\"Erster K\u00fchlturm\" class=\"wp-image-140\" width=\"768\" height=\"432\" title=\"\" srcset=\"https:\/\/steelstorm.standardof.net\/wp-content\/uploads\/sites\/3\/2020\/10\/Steel-Storm-Levels-Headhunter-Acquisition-Screen-1.jpg 1024w, https:\/\/steelstorm.standardof.net\/wp-content\/uploads\/sites\/3\/2020\/10\/Steel-Storm-Levels-Headhunter-Acquisition-Screen-1-300x169.jpg 300w, https:\/\/steelstorm.standardof.net\/wp-content\/uploads\/sites\/3\/2020\/10\/Steel-Storm-Levels-Headhunter-Acquisition-Screen-1-768x432.jpg 768w, https:\/\/steelstorm.standardof.net\/wp-content\/uploads\/sites\/3\/2020\/10\/Steel-Storm-Levels-Headhunter-Acquisition-Screen-1-16x9.jpg 16w\" sizes=\"(max-width: 768px) 100vw, 768px\" \/><\/a><figcaption>Der erste K\u00fchlturm, den du zerst\u00f6ren musst,<\/figcaption><\/figure><\/div>\n<\/div><\/div>\n\n\n\n<div style=\"height:20px\" aria-hidden=\"true\" class=\"wp-block-spacer\"><\/div>\n\n\n\n<div class=\"gb-container gb-container-2fff750f\"><div class=\"gb-inside-container\">\n<h2 class=\"has-text-align-center wp-block-heading\">Sturmpflug<\/h2>\n\n\n\n<p class=\"has-text-align-center\">Gehe nach Osten, um zu zeigen <strong>B.<\/strong> Hier k\u00f6nnen Sie auf einen Abzug treten, der das nahe gelegene Kraftfeldtor \u00f6ffnet und es Ihnen erm\u00f6glicht, die Sturmpflugwaffe direkt dahinter zu erwerben und weiterzumachen. Diese Trigger-Pads sehen aus wie Metall-Pads mit einem roten Kreis und 4 roten Strichen um den Kreis, die ein X bilden. Diese Pads werden bei Aktivierung gr\u00fcn und werden im weiteren Verlauf des Spiels verwendet, um durch Level zu gelangen und mit Objekten zu interagieren.<\/p>\n\n\n\n<div class=\"wp-block-image is-style-default\"><figure class=\"aligncenter size-full is-resized\"><a href=\"https:\/\/steelstorm.standardof.net\/de\/steel-storm-levels-headhunter-acquisition-screen-2\/\"><img decoding=\"async\" src=\"https:\/\/steelstorm.standardof.net\/wp-content\/uploads\/sites\/3\/2020\/10\/Steel-Storm-Levels-Headhunter-Acquisition-Screen-2.jpg\" alt=\"Der Sturmpflug\" class=\"wp-image-141\" width=\"768\" height=\"432\" title=\"\" srcset=\"https:\/\/steelstorm.standardof.net\/wp-content\/uploads\/sites\/3\/2020\/10\/Steel-Storm-Levels-Headhunter-Acquisition-Screen-2.jpg 1024w, https:\/\/steelstorm.standardof.net\/wp-content\/uploads\/sites\/3\/2020\/10\/Steel-Storm-Levels-Headhunter-Acquisition-Screen-2-300x169.jpg 300w, https:\/\/steelstorm.standardof.net\/wp-content\/uploads\/sites\/3\/2020\/10\/Steel-Storm-Levels-Headhunter-Acquisition-Screen-2-768x432.jpg 768w, https:\/\/steelstorm.standardof.net\/wp-content\/uploads\/sites\/3\/2020\/10\/Steel-Storm-Levels-Headhunter-Acquisition-Screen-2-16x9.jpg 16w\" sizes=\"(max-width: 768px) 100vw, 768px\" \/><\/a><figcaption>Den Sturmpflug finden<\/figcaption><\/figure><\/div>\n<\/div><\/div>\n\n\n\n<div style=\"height:20px\" aria-hidden=\"true\" class=\"wp-block-spacer\"><\/div>\n\n\n\n<div class=\"gb-container gb-container-adf3aea9\"><div class=\"gb-inside-container\">\n<h2 class=\"has-text-align-center wp-block-heading\">Waffe sichern<\/h2>\n\n\n\n<p class=\"has-text-align-center\">Sobald Sie den Sturmpflug aufgehoben haben, ist es wichtig, dass Sie erst im n\u00e4chsten Level wieder sterben (oder eine andere Waffe aufheben). Wenn Sie vor dem Verlassen des Levels, in dem Sie die Waffe aufgenommen haben, umkommen, wird sie zerst\u00f6rt und Sie k\u00f6nnen sie in diesem Durchspiel nicht wiedererlangen.<\/p>\n\n\n\n<div class=\"wp-block-image is-style-default\"><figure class=\"aligncenter size-full is-resized\"><a href=\"https:\/\/steelstorm.standardof.net\/de\/steel-storm-levels-headhunter-acquisition-screen-3\/\"><img decoding=\"async\" src=\"https:\/\/steelstorm.standardof.net\/wp-content\/uploads\/sites\/3\/2020\/10\/Steel-Storm-Levels-Headhunter-Acquisition-Screen-3.jpg\" alt=\"Den Sturmpflug benutzen\" class=\"wp-image-142\" width=\"768\" height=\"432\" title=\"\" srcset=\"https:\/\/steelstorm.standardof.net\/wp-content\/uploads\/sites\/3\/2020\/10\/Steel-Storm-Levels-Headhunter-Acquisition-Screen-3.jpg 1024w, https:\/\/steelstorm.standardof.net\/wp-content\/uploads\/sites\/3\/2020\/10\/Steel-Storm-Levels-Headhunter-Acquisition-Screen-3-300x169.jpg 300w, https:\/\/steelstorm.standardof.net\/wp-content\/uploads\/sites\/3\/2020\/10\/Steel-Storm-Levels-Headhunter-Acquisition-Screen-3-768x432.jpg 768w, https:\/\/steelstorm.standardof.net\/wp-content\/uploads\/sites\/3\/2020\/10\/Steel-Storm-Levels-Headhunter-Acquisition-Screen-3-16x9.jpg 16w\" sizes=\"(max-width: 768px) 100vw, 768px\" \/><\/a><figcaption>Den Sturmpflug benutzen<\/figcaption><\/figure><\/div>\n<\/div><\/div>\n\n\n\n<div style=\"height:20px\" aria-hidden=\"true\" class=\"wp-block-spacer\"><\/div>\n\n\n\n<div class=\"gb-container gb-container-e1525077\"><div class=\"gb-inside-container\">\n<h2 class=\"has-text-align-center wp-block-heading\">2. Turm<\/h2>\n\n\n\n<p class=\"has-text-align-center\">Zerst\u00f6rung des n\u00e4chsten K\u00fchlturms am Punkt <strong>C.<\/strong> wird ein weiteres sekund\u00e4res Ziel erreichen und mehr gr\u00fcne Kristalle hervorbringen, um jeweils 1.000 Punkte zu sammeln. Sobald dies erledigt ist, verlassen Sie die Mission mit dem Ausgangspad an der Stelle <strong>D.<\/strong>K\u00e4mpfe mit dem Sturmpflug in der Hand gegen die Panzer.<\/p>\n\n\n\n<div class=\"wp-block-image is-style-default\"><figure class=\"aligncenter size-full is-resized\"><a href=\"https:\/\/steelstorm.standardof.net\/de\/steel-storm-levels-headhunter-acquisition-screen-4\/\"><img decoding=\"async\" src=\"https:\/\/steelstorm.standardof.net\/wp-content\/uploads\/sites\/3\/2020\/10\/Steel-Storm-Levels-Headhunter-Acquisition-Screen-4.jpg\" alt=\"Zweiter K\u00fchlturm\" class=\"wp-image-143\" width=\"768\" height=\"432\" title=\"\" srcset=\"https:\/\/steelstorm.standardof.net\/wp-content\/uploads\/sites\/3\/2020\/10\/Steel-Storm-Levels-Headhunter-Acquisition-Screen-4.jpg 1024w, https:\/\/steelstorm.standardof.net\/wp-content\/uploads\/sites\/3\/2020\/10\/Steel-Storm-Levels-Headhunter-Acquisition-Screen-4-300x169.jpg 300w, https:\/\/steelstorm.standardof.net\/wp-content\/uploads\/sites\/3\/2020\/10\/Steel-Storm-Levels-Headhunter-Acquisition-Screen-4-768x432.jpg 768w, https:\/\/steelstorm.standardof.net\/wp-content\/uploads\/sites\/3\/2020\/10\/Steel-Storm-Levels-Headhunter-Acquisition-Screen-4-16x9.jpg 16w\" sizes=\"(max-width: 768px) 100vw, 768px\" \/><\/a><figcaption>Zerst\u00f6rung des zweiten K\u00fchlturms.<\/figcaption><\/figure><\/div>\n<\/div><\/div>\n\n\n\n<div style=\"height:20px\" aria-hidden=\"true\" class=\"wp-block-spacer\"><\/div>\n\n\n\n<div class=\"gb-container gb-container-51729538\"><div class=\"gb-inside-container\">\n<h2 class=\"has-text-align-center wp-block-heading\" id=\"2--rocket-pod-\">Video-Komplettl\u00f6sung<\/h2>\n\n\n\n<figure class=\"wp-block-embed-youtube wp-block-embed is-type-video is-provider-youtube wp-embed-aspect-16-9 wp-has-aspect-ratio\"><div class=\"wp-block-embed__wrapper\">\n<div class=\"ast-oembed-container\" style=\"height: 100%;\"><iframe title=\"Der Hof: Erwerb - Stahlsturm: Brennende Vergeltung - Episode 1 Walktrough\" width=\"500\" height=\"281\" src=\"https:\/\/www.youtube.com\/embed\/tNv9FOthDBA?feature=oembed\" frameborder=\"0\" allow=\"accelerometer; autoplay; clipboard-write; encrypted-media; gyroscope; picture-in-picture; web-share\" referrerpolicy=\"strict-origin-when-cross-origin\" allowfullscreen><\/iframe><\/div>\n<\/div><\/figure>\n<\/div><\/div>\n\n\n\n<div style=\"height:20px\" aria-hidden=\"true\" class=\"wp-block-spacer\"><\/div>","protected":false},"excerpt":{"rendered":"<p>Mission 1 in the Born to Burn group of missions in Steel Storm is Headhunter &#8211; Acquisition, introducing you to some basic concepts of the game and the first types of enemies you will face. Having gained entrance to the enemy facility, it is up to you in this level to cause as much destruction [&hellip;]<\/p>","protected":false},"author":1,"featured_media":54,"parent":173,"menu_order":0,"comment_status":"open","ping_status":"closed","template":"","meta":{"_uag_custom_page_level_css":"","site-sidebar-layout":"default","site-content-layout":"default","ast-site-content-layout":"","site-content-style":"default","site-sidebar-style":"default","ast-global-header-display":"","ast-banner-title-visibility":"","ast-main-header-display":"","ast-hfb-above-header-display":"","ast-hfb-below-header-display":"","ast-hfb-mobile-header-display":"","site-post-title":"","ast-breadcrumbs-content":"","ast-featured-img":"","footer-sml-layout":"","theme-transparent-header-meta":"default","adv-header-id-meta":"","stick-header-meta":"","header-above-stick-meta":"","header-main-stick-meta":"","header-below-stick-meta":"","astra-migrate-meta-layouts":"default","ast-page-background-enabled":"default","ast-page-background-meta":{"desktop":{"background-color":"","background-image":"","background-repeat":"repeat","background-position":"center center","background-size":"auto","background-attachment":"scroll","background-type":"","background-media":"","overlay-type":"","overlay-color":"","overlay-gradient":""},"tablet":{"background-color":"","background-image":"","background-repeat":"repeat","background-position":"center center","background-size":"auto","background-attachment":"scroll","background-type":"","background-media":"","overlay-type":"","overlay-color":"","overlay-gradient":""},"mobile":{"background-color":"","background-image":"","background-repeat":"repeat","background-position":"center center","background-size":"auto","background-attachment":"scroll","background-type":"","background-media":"","overlay-type":"","overlay-color":"","overlay-gradient":""}},"ast-content-background-meta":{"desktop":{"background-color":"var(--ast-global-color-5)","background-image":"","background-repeat":"repeat","background-position":"center center","background-size":"auto","background-attachment":"scroll","background-type":"","background-media":"","overlay-type":"","overlay-color":"","overlay-gradient":""},"tablet":{"background-color":"var(--ast-global-color-5)","background-image":"","background-repeat":"repeat","background-position":"center center","background-size":"auto","background-attachment":"scroll","background-type":"","background-media":"","overlay-type":"","overlay-color":"","overlay-gradient":""},"mobile":{"background-color":"var(--ast-global-color-5)","background-image":"","background-repeat":"repeat","background-position":"center center","background-size":"auto","background-attachment":"scroll","background-type":"","background-media":"","overlay-type":"","overlay-color":"","overlay-gradient":""}},"footnotes":""},"uagb_featured_image_src":{"full":["https:\/\/steelstorm.standardof.net\/wp-content\/uploads\/sites\/3\/2020\/10\/MnEdR-1.jpg",1200,750,false],"thumbnail":["https:\/\/steelstorm.standardof.net\/wp-content\/uploads\/sites\/3\/2020\/10\/MnEdR-1-150x150.jpg",150,150,true],"medium":["https:\/\/steelstorm.standardof.net\/wp-content\/uploads\/sites\/3\/2020\/10\/MnEdR-1-300x188.jpg",300,188,true],"medium_large":["https:\/\/steelstorm.standardof.net\/wp-content\/uploads\/sites\/3\/2020\/10\/MnEdR-1-768x480.jpg",768,480,true],"large":["https:\/\/steelstorm.standardof.net\/wp-content\/uploads\/sites\/3\/2020\/10\/MnEdR-1-1024x640.jpg",1024,640,true],"1536x1536":["https:\/\/steelstorm.standardof.net\/wp-content\/uploads\/sites\/3\/2020\/10\/MnEdR-1.jpg",1200,750,false],"2048x2048":["https:\/\/steelstorm.standardof.net\/wp-content\/uploads\/sites\/3\/2020\/10\/MnEdR-1.jpg",1200,750,false],"trp-custom-language-flag":["https:\/\/steelstorm.standardof.net\/wp-content\/uploads\/sites\/3\/2020\/10\/MnEdR-1.jpg",18,12,false]},"uagb_author_info":{"display_name":"SOE","author_link":"https:\/\/steelstorm.standardof.net\/de\/author\/k-tastic\/"},"uagb_comment_info":0,"uagb_excerpt":"Mission 1 in the Born to Burn group of missions in Steel Storm is Headhunter &#8211; Acquisition, introducing you to some basic concepts of the game and the first types of enemies you will face. Having gained entrance to the enemy facility, it is up to you in this level to cause as much destruction&hellip;","_links":{"self":[{"href":"https:\/\/steelstorm.standardof.net\/de\/wp-json\/wp\/v2\/pages\/178"}],"collection":[{"href":"https:\/\/steelstorm.standardof.net\/de\/wp-json\/wp\/v2\/pages"}],"about":[{"href":"https:\/\/steelstorm.standardof.net\/de\/wp-json\/wp\/v2\/types\/page"}],"author":[{"embeddable":true,"href":"https:\/\/steelstorm.standardof.net\/de\/wp-json\/wp\/v2\/users\/1"}],"replies":[{"embeddable":true,"href":"https:\/\/steelstorm.standardof.net\/de\/wp-json\/wp\/v2\/comments?post=178"}],"version-history":[{"count":0,"href":"https:\/\/steelstorm.standardof.net\/de\/wp-json\/wp\/v2\/pages\/178\/revisions"}],"up":[{"embeddable":true,"href":"https:\/\/steelstorm.standardof.net\/de\/wp-json\/wp\/v2\/pages\/173"}],"wp:featuredmedia":[{"embeddable":true,"href":"https:\/\/steelstorm.standardof.net\/de\/wp-json\/wp\/v2\/media\/54"}],"wp:attachment":[{"href":"https:\/\/steelstorm.standardof.net\/de\/wp-json\/wp\/v2\/media?parent=178"}],"curies":[{"name":"wp","href":"https:\/\/api.w.org\/{rel}","templated":true}]}}