{"id":173,"date":"2020-10-17T10:02:43","date_gmt":"2020-10-17T10:02:43","guid":{"rendered":"https:\/\/steelstorm.standardof.net\/?page_id=173"},"modified":"2020-10-17T15:17:50","modified_gmt":"2020-10-17T15:17:50","slug":"level-walkthroughs","status":"publish","type":"page","link":"https:\/\/steelstorm.standardof.net\/de\/fuhren\/level-walkthroughs-2\/","title":{"rendered":"Level-Komplettl\u00f6sungen"},"content":{"rendered":"<div class=\"wp-block-cover has-background-dim-80 has-background-dim\" style=\"background-image:url(https:\/\/steelstorm.standardof.net\/wp-content\/uploads\/sites\/3\/2020\/10\/Level-Guides.jpg);min-height:200px;aspect-ratio:unset;\"><div class=\"wp-block-cover__inner-container is-layout-flow wp-block-cover-is-layout-flow\">\n<h2 class=\"has-text-align-center wp-block-heading\">Walkthroughs und Anleitungen f\u00fcr Levels<\/h2>\n<\/div><\/div>\n\n\n\n<h3 class=\"wp-block-heading\"><\/h3>\n\n\n\n<ul><li><strong>Geboren um zu brennen: Pilotenausbildung<\/strong><\/li><li><strong>Brennende Vergeltung<\/strong><\/li><li><strong>Bonusmissionen<\/strong><\/li><li><strong>Verlorene Missionen<\/strong><\/li><\/ul>\n\n\n\n<p>Es gibt 3 Hauptinformationsquellen in den Level-Guides, die jede der Missionen in Steel Storm Burning Retribution abdecken. Das erste davon sind die Bilder auf der rechten Seite der Seite in der exemplarischen Vorgehensweise der einzelnen Ebenen. Hier finden Sie eine Karte, die f\u00fcr jedes Level gezeichnet ist und die zu fahrenden Routen zeigt, um die Hauptziele oder Punkte von besonderer Bedeutung auf effiziente Weise zu erreichen. Gelegentlich wird dort auf einige Abholungen hingewiesen, jedoch nur dann, wenn dies als wichtig erachtet wird, um die Karten lesbar zu halten. Zus\u00e4tzliche Bilder zeigen Spielszenen bestimmter markierter Punkte.<\/p>\n\n\n\n<p>Die Textteile des Leitfadens werden mit der Routenkarte zusammengestellt, um Details zu den Hauptzielen bereitzustellen, zu erkl\u00e4ren, was die verschiedenen Markierungen darstellen und wie diese Routen verwendet werden, um diese markierten, wichtigen Orte zu erreichen. Es wird angenommen, dass Feinde und die meisten Gegenst\u00e4nde ein allgegenw\u00e4rtiges Hindernis sind, auf das hier nur hingewiesen wird, wenn es in einer Mission als besonders fl\u00fcchtig oder notenw\u00fcrdig erachtet wird.<\/p>\n\n\n\n<p>Schlie\u00dflich gibt es f\u00fcr jede Ebene eine Video-Anleitung, die sich direkt unter den Text- und Bildteilen befindet und die genauesten Details zu den Bedrohungen enth\u00e4lt. Wenn Sie genau wissen m\u00f6chten, wo sich jedes kleine Detail befindet, ist dies Ihre beste Quelle, um das Durchspielen ohne Unterbrechungen zu beenden und einen Audiokommentar einzuschlie\u00dfen.<\/p>\n\n\n\n<hr class=\"wp-block-separator\"\/>\n\n\n\n<div class=\"wp-block-cover has-background-dim-80 has-background-dim\" style=\"background-image:url(https:\/\/steelstorm.standardof.net\/wp-content\/uploads\/sites\/3\/2020\/10\/Steel-Storm-Levels-Headhunter-The-Collector-2.jpg);min-height:200px;aspect-ratio:unset;\"><div class=\"wp-block-cover__inner-container is-layout-flow wp-block-cover-is-layout-flow\">\n<h3 class=\"has-text-align-center wp-block-heading\">Geboren zum Brennen: Missionen zum Pilotenausbildungskurs<\/h3>\n<\/div><\/div>\n\n\n\n<div class=\"gb-grid-wrapper gb-grid-wrapper-843856d6\">\n<div class=\"gb-grid-column gb-grid-column-5b8f3b76\"><div class=\"gb-container gb-container-5b8f3b76\"><div class=\"gb-inside-container\">\n<h4 class=\"has-text-align-center wp-block-heading\"><strong><a class=\"rank-math-link\" href=\"https:\/\/steelstorm.standardof.net\/de\/fuhren\/level-walkthroughs-2\/born-to-burn-erwerb\/\">Erwerb<\/a><\/strong><\/h4>\n<\/div><\/div><\/div>\n\n\n\n<div class=\"gb-grid-column gb-grid-column-be49958b\"><div class=\"gb-container gb-container-be49958b\"><div class=\"gb-inside-container\">\n<h4 class=\"has-text-align-center wp-block-heading\"><strong><a class=\"rank-math-link\" href=\"https:\/\/steelstorm.standardof.net\/de\/fuhren\/level-walkthroughs-2\/geboren-um-den-sammler-zu-verbrennen\/\">Der Sammler<\/a><\/strong><\/h4>\n<\/div><\/div><\/div>\n\n\n\n<div class=\"gb-grid-column gb-grid-column-e251aa3c\"><div class=\"gb-container gb-container-e251aa3c\"><div class=\"gb-inside-container\">\n<h4 class=\"has-text-align-center wp-block-heading\"><strong><a class=\"rank-math-link\" href=\"https:\/\/steelstorm.standardof.net\/de\/fuhren\/level-walkthroughs-2\/geboren-um-in-die-lowengrube-zu-brennen\/\">In die L\u00f6wengrube<\/a><\/strong><\/h4>\n<\/div><\/div><\/div>\n<\/div>\n\n\n\n<p>Diese exemplarische Seite behandelt die erste Episode \u201eBorn to Burn: Pilotenschulung\u201c des Videospiels Steel Storm: Burning Retribution, die aus drei Missionen besteht, die fr\u00fcher Teil der inzwischen aufgel\u00f6sten \u201eEpisode 1\u201c waren. Jedes Level hat einen eigenen Abschnitt mit zugeh\u00f6rigen Karten und Videoanleitungen. Diese Anleitung wurde so erstellt, als ob sie gespielt worden w\u00e4re <strong>Klassisch<\/strong> oder <strong>Hart <\/strong>Schwierigkeit.<\/p>\n\n\n\n<p>Denken Sie daran, dass jede Episode und die Bonusmissionen in diesem Spiel ihre eigene Fortsetzung haben, wenn es um erworbene Waffen geht. Das bedeutet, dass Sie alles, was Sie in der Mission einer bestimmten Episode lernen, in ein anderes Level derselben Episode aufnehmen k\u00f6nnen, aber nicht in das zweite Folge oder die Bonusmissionen. Dies beinhaltet zweite Durchspiele zuvor abgeschlossener Levels, sodass Sie mit besseren Waffen eine h\u00f6here Punktzahl erzielen k\u00f6nnen.<\/p>\n\n\n\n<p>Born to Burn: Der Piloten-Trainingskurs dient als Einf\u00fchrung in das Spiel Steel Storm. Diese Level haben die einfachsten Herausforderungen im Vergleich zu den n\u00e4chsten Episoden und den Bonusmissionen.<\/p>\n\n\n\n<hr class=\"wp-block-separator\"\/>\n\n\n\n<div class=\"wp-block-cover has-background-dim-80 has-background-dim\" style=\"background-image:url(https:\/\/steelstorm.standardof.net\/wp-content\/uploads\/sites\/3\/2020\/10\/Burning-Retribution.jpg);min-height:200px;aspect-ratio:unset;\"><div class=\"wp-block-cover__inner-container is-layout-flow wp-block-cover-is-layout-flow\">\n<h3 class=\"has-text-align-center wp-block-heading\">Brennende Vergeltung<\/h3>\n<\/div><\/div>\n\n\n\n<div class=\"gb-container gb-container-84c3f63c\"><div class=\"gb-inside-container\">\n<h4 class=\"has-text-align-center has-white-color has-text-color wp-block-heading\"><strong>Kapitel 1<\/strong><\/h4>\n\n\n\n<div class=\"gb-grid-wrapper gb-grid-wrapper-f2f3ae79\">\n<div class=\"gb-grid-column gb-grid-column-1aab7781\"><div class=\"gb-container gb-container-1aab7781\"><div class=\"gb-inside-container\">\n<h5 class=\"has-text-align-center wp-block-heading\"><strong><a href=\"https:\/\/steelstorm.standardof.net\/de\/fuhren\/level-walkthroughs-2\/brennen-vergeltung-gefroren-canyon\/\" class=\"rank-math-link\">Gefrorener Canyon<\/a><\/strong><\/h5>\n<\/div><\/div><\/div>\n\n\n\n<div class=\"gb-grid-column gb-grid-column-42ee31c5\"><div class=\"gb-container gb-container-42ee31c5\"><div class=\"gb-inside-container\">\n<h5 class=\"has-text-align-center wp-block-heading\"><strong><a href=\"https:\/\/steelstorm.standardof.net\/de\/fuhren\/level-walkthroughs-2\/brennen-vergeltung-taub-stahl\/\" class=\"rank-math-link\">Taubstahl<\/a><\/strong><\/h5>\n<\/div><\/div><\/div>\n<\/div>\n<\/div><\/div>\n\n\n\n<div class=\"gb-container gb-container-54b9e81e\"><div class=\"gb-inside-container\">\n<h4 class=\"has-text-align-center has-white-color has-text-color wp-block-heading\"><strong>Kapitel 2<\/strong><\/h4>\n\n\n\n<div class=\"gb-grid-wrapper gb-grid-wrapper-18e74611\">\n<div class=\"gb-grid-column gb-grid-column-56f48146\"><div class=\"gb-container gb-container-56f48146\"><div class=\"gb-inside-container\">\n<h5 class=\"has-text-align-center wp-block-heading\"><strong><a href=\"https:\/\/steelstorm.standardof.net\/de\/fuhren\/level-walkthroughs-2\/brennen-vergeltung-eisgebundenes-paradies\/\" class=\"rank-math-link\">Eisgebundenes Paradies<\/a><\/strong><\/h5>\n<\/div><\/div><\/div>\n\n\n\n<div class=\"gb-grid-column gb-grid-column-183e5fca\"><div class=\"gb-container gb-container-183e5fca\"><div class=\"gb-inside-container\">\n<h5 class=\"has-text-align-center wp-block-heading\"><strong><a href=\"https:\/\/steelstorm.standardof.net\/de\/fuhren\/level-walkthroughs-2\/brennende-vergeltung-unter-dem-gefrorenen-leichentuch\/\" class=\"rank-math-link\">Unter dem gefrorenen Leichentuch<\/a><\/strong><\/h5>\n<\/div><\/div><\/div>\n\n\n\n<div class=\"gb-grid-column gb-grid-column-ef9975af\"><div class=\"gb-container gb-container-ef9975af\"><div class=\"gb-inside-container\">\n<h5 class=\"has-text-align-center wp-block-heading\"><strong><a href=\"https:\/\/steelstorm.standardof.net\/de\/fuhren\/level-walkthroughs-2\/brennende-vergeltung-folgt-dem-maulwurf\/\" class=\"rank-math-link\">Folgen Sie dem Maulwurf<\/a><\/strong><\/h5>\n<\/div><\/div><\/div>\n<\/div>\n\n\n\n<div class=\"gb-grid-wrapper gb-grid-wrapper-0f8d198f\">\n<div class=\"gb-grid-column gb-grid-column-e42dbeec\"><div class=\"gb-container gb-container-e42dbeec\"><div class=\"gb-inside-container\">\n<h5 class=\"has-text-align-center wp-block-heading\"><strong><a href=\"https:\/\/steelstorm.standardof.net\/de\/fuhren\/level-walkthroughs-2\/brennen-vergeltung-das-netzwerk\/\" class=\"rank-math-link\">Das Netzwerk<\/a><\/strong><\/h5>\n<\/div><\/div><\/div>\n\n\n\n<div class=\"gb-grid-column gb-grid-column-2a18f3cb\"><div class=\"gb-container gb-container-2a18f3cb\"><div class=\"gb-inside-container\">\n<h5 class=\"has-text-align-center wp-block-heading\"><strong><a href=\"https:\/\/steelstorm.standardof.net\/de\/fuhren\/level-walkthroughs-2\/brennender-vergeltungsplatz-des-untergangs-2\/\" class=\"rank-math-link\">Plaza of Doom<\/a><\/strong><\/h5>\n<\/div><\/div><\/div>\n<\/div>\n<\/div><\/div>\n\n\n\n<p>Dieser Teil der exemplarischen Vorgehensweise behandelt Episode 2 in Steel Storm, Burning Retribution, und setzt die Reihe von Level-Guides fort, die w\u00e4hrend des Spiels gespielt werden <strong>Klassisch <\/strong>oder <strong>Hart <\/strong>Schwierigkeit. Nur ein Teil des vollst\u00e4ndigen Spiels, im Gegensatz zu Episode 1, die ebenfalls Teil der kostenlosen Version ist, bringt Episode 2 eine Reihe neuer Feinde und zus\u00e4tzlicher Waffen mit sich, die zuvor nicht gesehen wurden, es sei denn, Sie haben die Bonusmissionen bereits abgeschlossen.<\/p>\n\n\n\n<p>Episode 2 oder Burning Retribution ist die gr\u00f6\u00dfte Reihe von fortlaufenden Levels im Spiel, die in vier separate Kapitel unterteilt sind, die jeweils eine eigene Missionsgruppe haben. Erwarten Sie schwierigere Herausforderungen, verschiedene neue Gebietsschemas und kompliziertere Aufgaben, die Sie erledigen m\u00fcssen.<\/p>\n\n\n\n<hr class=\"wp-block-separator\"\/>\n\n\n\n<div class=\"wp-block-cover has-background-dim-80 has-background-dim\" style=\"background-image:url(https:\/\/steelstorm.standardof.net\/wp-content\/uploads\/sites\/3\/2020\/10\/Bonus-Missions.jpg);background-position:48% 37%;min-height:200px;aspect-ratio:unset;\"><div class=\"wp-block-cover__inner-container is-layout-flow wp-block-cover-is-layout-flow\">\n<h3 class=\"has-text-align-center wp-block-heading\">Bonusmissionen: Gefecht<\/h3>\n<\/div><\/div>\n\n\n\n<div class=\"gb-grid-wrapper gb-grid-wrapper-996d369e\">\n<div class=\"gb-grid-column gb-grid-column-af22efae\"><div class=\"gb-container gb-container-af22efae\"><div class=\"gb-inside-container\">\n<h4 class=\"has-text-align-center wp-block-heading\"><strong><a href=\"https:\/\/steelstorm.standardof.net\/de\/fuhren\/level-walkthroughs-2\/scharmutzel-brennender-sand\/\" class=\"rank-math-link\">Brennender Sand<\/a><\/strong><\/h4>\n<\/div><\/div><\/div>\n\n\n\n<div class=\"gb-grid-column gb-grid-column-6e6a0850\"><div class=\"gb-container gb-container-6e6a0850\"><div class=\"gb-inside-container\">\n<h4 class=\"has-text-align-center wp-block-heading\"><strong><a href=\"https:\/\/steelstorm.standardof.net\/de\/fuhren\/level-walkthroughs-2\/scharmutzel-ansturm\/\" class=\"rank-math-link\">Ansturm<\/a><\/strong><\/h4>\n<\/div><\/div><\/div>\n\n\n\n<div class=\"gb-grid-column gb-grid-column-c5daec24\"><div class=\"gb-container gb-container-c5daec24\"><div class=\"gb-inside-container\">\n<h4 class=\"has-text-align-center wp-block-heading\"><strong><a href=\"https:\/\/steelstorm.standardof.net\/de\/fuhren\/level-walkthroughs-2\/scharmutzel-fegefeuer\/\" class=\"rank-math-link\">Fegefeuer<\/a><\/strong><\/h4>\n<\/div><\/div><\/div>\n<\/div>\n\n\n\n<p>Dieser Teil des Handbuchs behandelt die Bonusmissionen in Steel Storm: Burning Retribution. In diesem Handbuch finden Sie einen Abschnitt f\u00fcr jedes Level, der Karten, Tipps und Tricks sowie ein exemplarisches Video enth\u00e4lt, das auf dem Level ausgef\u00fchrt wird <strong>Klassisch <\/strong>oder <strong>Hart<\/strong> Schwierigkeit.<\/p>\n\n\n\n<p>Diese Missionen wurden k\u00fcrzlich in einem Patch des Spiels hinzugef\u00fcgt und bieten einzigartige Herausforderungen, getrennt vom Hauptverlauf der Episoden 1 und 2. Wie jede Episode hat auch diese Gruppe von Levels einen eigenen Fortschritt mit erbeuteten Waffen, beginnend mit dem Maschinengewehr Die erste Ebene.<\/p>\n\n\n\n<hr class=\"wp-block-separator\"\/>\n\n\n\n<div class=\"wp-block-cover has-background-dim-80 has-background-dim\" style=\"background-image:url(https:\/\/steelstorm.standardof.net\/wp-content\/uploads\/sites\/3\/2020\/10\/Lost-Missions.jpg);background-position:48% 37%;min-height:200px;aspect-ratio:unset;\"><div class=\"wp-block-cover__inner-container is-layout-flow wp-block-cover-is-layout-flow\">\n<h3 class=\"has-text-align-center wp-block-heading\">Verlorene Missionen<\/h3>\n<\/div><\/div>\n\n\n\n<div class=\"gb-grid-wrapper gb-grid-wrapper-4e236f43\">\n<div class=\"gb-grid-column gb-grid-column-bc3b5ab5\"><div class=\"gb-container gb-container-bc3b5ab5\"><div class=\"gb-inside-container\">\n<h4 class=\"has-text-align-center wp-block-heading\"><strong><a href=\"https:\/\/steelstorm.standardof.net\/de\/fuhren\/level-walkthroughs-2\/zeitverlust-in-besturzung\/\" class=\"rank-math-link\">In Best\u00fcrzung<\/a><\/strong><\/h4>\n<\/div><\/div><\/div>\n\n\n\n<div class=\"gb-grid-column gb-grid-column-d8f4e8aa\"><div class=\"gb-container gb-container-d8f4e8aa\"><div class=\"gb-inside-container\">\n<h4 class=\"has-text-align-center wp-block-heading\"><strong><a href=\"https:\/\/steelstorm.standardof.net\/de\/fuhren\/level-walkthroughs-2\/zeitverlust\/\" class=\"rank-math-link\">Kernschmelze<\/a><\/strong><\/h4>\n<\/div><\/div><\/div>\n<\/div>\n\n\n\n<p>Die verlorenen Missionen in Steel Storm bestehen derzeit aus zwei Levels, die einst Teil der alten und inzwischen nicht mehr existierenden Episode 1 waren, bevor sie aufgeteilt und in die Levels &quot;Born to Burn&quot; umgewandelt wurden. Im Wesentlichen vom Hauptkontinuum des Spiels getrennt, sind diese Episoden nun Lost in Time, treiben durch den virtuellen Raum, sind aber dennoch zug\u00e4nglich, um als Teil ihrer eigenen Serie gespielt zu werden.<\/p>\n\n\n\n<div style=\"height:20px\" aria-hidden=\"true\" class=\"wp-block-spacer\"><\/div>","protected":false},"excerpt":{"rendered":"<p>Born to Burn: Pilot Training Course Burning Retribution Bonus Missions Lost Missions There are 3 main sources of information presented within the level guides, covering each of the missions in Steel Storm Burning Retribution. The first of which are the pictures to the right side of the page by each level\u2019s walkthrough. Here you will [&hellip;]<\/p>","protected":false},"author":1,"featured_media":54,"parent":6,"menu_order":0,"comment_status":"open","ping_status":"closed","template":"","meta":{"_uag_custom_page_level_css":"","site-sidebar-layout":"default","site-content-layout":"default","ast-site-content-layout":"","site-content-style":"default","site-sidebar-style":"default","ast-global-header-display":"","ast-banner-title-visibility":"","ast-main-header-display":"","ast-hfb-above-header-display":"","ast-hfb-below-header-display":"","ast-hfb-mobile-header-display":"","site-post-title":"","ast-breadcrumbs-content":"","ast-featured-img":"","footer-sml-layout":"","theme-transparent-header-meta":"default","adv-header-id-meta":"","stick-header-meta":"","header-above-stick-meta":"","header-main-stick-meta":"","header-below-stick-meta":"","astra-migrate-meta-layouts":"default","ast-page-background-enabled":"default","ast-page-background-meta":{"desktop":{"background-color":"","background-image":"","background-repeat":"repeat","background-position":"center center","background-size":"auto","background-attachment":"scroll","background-type":"","background-media":"","overlay-type":"","overlay-color":"","overlay-gradient":""},"tablet":{"background-color":"","background-image":"","background-repeat":"repeat","background-position":"center center","background-size":"auto","background-attachment":"scroll","background-type":"","background-media":"","overlay-type":"","overlay-color":"","overlay-gradient":""},"mobile":{"background-color":"","background-image":"","background-repeat":"repeat","background-position":"center center","background-size":"auto","background-attachment":"scroll","background-type":"","background-media":"","overlay-type":"","overlay-color":"","overlay-gradient":""}},"ast-content-background-meta":{"desktop":{"background-color":"var(--ast-global-color-5)","background-image":"","background-repeat":"repeat","background-position":"center center","background-size":"auto","background-attachment":"scroll","background-type":"","background-media":"","overlay-type":"","overlay-color":"","overlay-gradient":""},"tablet":{"background-color":"var(--ast-global-color-5)","background-image":"","background-repeat":"repeat","background-position":"center center","background-size":"auto","background-attachment":"scroll","background-type":"","background-media":"","overlay-type":"","overlay-color":"","overlay-gradient":""},"mobile":{"background-color":"var(--ast-global-color-5)","background-image":"","background-repeat":"repeat","background-position":"center center","background-size":"auto","background-attachment":"scroll","background-type":"","background-media":"","overlay-type":"","overlay-color":"","overlay-gradient":""}},"footnotes":""},"uagb_featured_image_src":{"full":["https:\/\/steelstorm.standardof.net\/wp-content\/uploads\/sites\/3\/2020\/10\/MnEdR-1.jpg",1200,750,false],"thumbnail":["https:\/\/steelstorm.standardof.net\/wp-content\/uploads\/sites\/3\/2020\/10\/MnEdR-1-150x150.jpg",150,150,true],"medium":["https:\/\/steelstorm.standardof.net\/wp-content\/uploads\/sites\/3\/2020\/10\/MnEdR-1-300x188.jpg",300,188,true],"medium_large":["https:\/\/steelstorm.standardof.net\/wp-content\/uploads\/sites\/3\/2020\/10\/MnEdR-1-768x480.jpg",768,480,true],"large":["https:\/\/steelstorm.standardof.net\/wp-content\/uploads\/sites\/3\/2020\/10\/MnEdR-1-1024x640.jpg",1024,640,true],"1536x1536":["https:\/\/steelstorm.standardof.net\/wp-content\/uploads\/sites\/3\/2020\/10\/MnEdR-1.jpg",1200,750,false],"2048x2048":["https:\/\/steelstorm.standardof.net\/wp-content\/uploads\/sites\/3\/2020\/10\/MnEdR-1.jpg",1200,750,false],"trp-custom-language-flag":["https:\/\/steelstorm.standardof.net\/wp-content\/uploads\/sites\/3\/2020\/10\/MnEdR-1.jpg",18,12,false]},"uagb_author_info":{"display_name":"SOE","author_link":"https:\/\/steelstorm.standardof.net\/de\/author\/k-tastic\/"},"uagb_comment_info":0,"uagb_excerpt":"Born to Burn: Pilot Training Course Burning Retribution Bonus Missions Lost Missions There are 3 main sources of information presented within the level guides, covering each of the missions in Steel Storm Burning Retribution. The first of which are the pictures to the right side of the page by each level\u2019s walkthrough. Here you will&hellip;","_links":{"self":[{"href":"https:\/\/steelstorm.standardof.net\/de\/wp-json\/wp\/v2\/pages\/173"}],"collection":[{"href":"https:\/\/steelstorm.standardof.net\/de\/wp-json\/wp\/v2\/pages"}],"about":[{"href":"https:\/\/steelstorm.standardof.net\/de\/wp-json\/wp\/v2\/types\/page"}],"author":[{"embeddable":true,"href":"https:\/\/steelstorm.standardof.net\/de\/wp-json\/wp\/v2\/users\/1"}],"replies":[{"embeddable":true,"href":"https:\/\/steelstorm.standardof.net\/de\/wp-json\/wp\/v2\/comments?post=173"}],"version-history":[{"count":0,"href":"https:\/\/steelstorm.standardof.net\/de\/wp-json\/wp\/v2\/pages\/173\/revisions"}],"up":[{"embeddable":true,"href":"https:\/\/steelstorm.standardof.net\/de\/wp-json\/wp\/v2\/pages\/6"}],"wp:featuredmedia":[{"embeddable":true,"href":"https:\/\/steelstorm.standardof.net\/de\/wp-json\/wp\/v2\/media\/54"}],"wp:attachment":[{"href":"https:\/\/steelstorm.standardof.net\/de\/wp-json\/wp\/v2\/media?parent=173"}],"curies":[{"name":"wp","href":"https:\/\/api.w.org\/{rel}","templated":true}]}}