{"id":170,"date":"2020-10-17T06:09:23","date_gmt":"2020-10-17T06:09:23","guid":{"rendered":"https:\/\/steelstorm.standardof.net\/?page_id=170"},"modified":"2020-10-19T05:14:33","modified_gmt":"2020-10-19T05:14:33","slug":"secondary-weapons","status":"publish","type":"page","link":"https:\/\/steelstorm.standardof.net\/de\/fuhren\/waffen\/sekundarwaffen\/","title":{"rendered":"Sekund\u00e4rwaffen"},"content":{"rendered":"<p>Das <strong>Sekund\u00e4r <\/strong>Eine Gruppe von Waffen wird standardm\u00e4\u00dfig mit der Maustaste 2 (Rechtsklick) abgefeuert, wodurch Ihr Panzer eine h\u00f6here Feuerkraft erh\u00e4lt. Normalerweise k\u00f6nnen Sie immer nur eine der Energie- oder ballistischen Waffen gleichzeitig abfeuern. Wenn Sie jedoch die Umschalttaste verwenden, um schnell hin und her zu wechseln, k\u00f6nnen Sie tats\u00e4chlich beide gleichzeitig verwenden.<\/p>\n\n\n\n<div style=\"height:20px\" aria-hidden=\"true\" class=\"wp-block-spacer\"><\/div>\n\n\n\n<div class=\"wp-block-cover alignwide has-background-dim-70 has-black-background-color has-background-dim\" style=\"background-image:url(https:\/\/steelstorm.standardof.net\/wp-content\/uploads\/sites\/3\/2020\/10\/Steel-Storm-Weapons-MIRV-Screenshot.jpg);background-position:49% 25%;min-height:112px;aspect-ratio:unset;\"><div class=\"wp-block-cover__inner-container is-layout-flow wp-block-cover-is-layout-flow\">\n<h2 class=\"has-text-align-center wp-block-heading\"><span class=\"qubely-text-uppercase\" style=\"text-transform: uppercase;\"><span data=\"#ff6900\" class=\"qubely-text-has-color\" style=\"color: #ff6900;\">Sekund\u00e4re ballistische Waffen<\/span><\/span><\/h2>\n\n\n\n<p class=\"has-text-align-center\">Die Sekund\u00e4rballistik besteht aus verschiedenen Arten von Raketenwerfern, die bei Ihren Feinden schwere Zerst\u00f6rungen verursachen.<\/p>\n<\/div><\/div>\n\n\n\n<div style=\"height:20px\" aria-hidden=\"true\" class=\"wp-block-spacer\"><\/div>\n\n\n\n<div class=\"gb-container gb-container-dbddee8c\"><div class=\"gb-inside-container\">\n<h3 class=\"has-text-align-center wp-block-heading\">Raketen-Pod<\/h3>\n\n\n\n<div class=\"wp-block-image\"><figure class=\"aligncenter size-medium\"><a href=\"https:\/\/steelstorm.standardof.net\/de\/steel-storm-weapons-rocket-pod-icon\/\"><img decoding=\"async\" width=\"300\" height=\"212\" src=\"https:\/\/steelstorm.standardof.net\/wp-content\/uploads\/sites\/3\/2020\/10\/Steel-Storm-Weapons-Rocket-Pod-Icon-300x212.jpg\" alt=\"Raketen-Pod\" class=\"wp-image-128\" title=\"\" srcset=\"https:\/\/steelstorm.standardof.net\/wp-content\/uploads\/sites\/3\/2020\/10\/Steel-Storm-Weapons-Rocket-Pod-Icon-300x212.jpg 300w, https:\/\/steelstorm.standardof.net\/wp-content\/uploads\/sites\/3\/2020\/10\/Steel-Storm-Weapons-Rocket-Pod-Icon-16x12.jpg 16w, https:\/\/steelstorm.standardof.net\/wp-content\/uploads\/sites\/3\/2020\/10\/Steel-Storm-Weapons-Rocket-Pod-Icon.jpg 465w\" sizes=\"(max-width: 300px) 100vw, 300px\" \/><\/a><figcaption>Raketen-Pod<\/figcaption><\/figure><\/div>\n\n\n\n<p>Der Rocket Pod ist eine ausgezeichnete Waffe mit mittlerer Reichweite und setzt einen dicken Raketensto\u00df frei, der sich ausbreitet und allen Feinden, die in der Explosion gefangen sind, ernsthaften Schaden zuf\u00fcgt. Diese Waffe ist gegen alle feindlichen Typen gleicherma\u00dfen wirksam, solange Sie nah genug sind, um sie abzufeuern.<\/p>\n\n\n\n<div class=\"wp-block-image\"><figure class=\"aligncenter size-full is-resized\"><a href=\"https:\/\/steelstorm.standardof.net\/de\/steel-storm-weapons-rocket-pod-screenshot\/\"><img decoding=\"async\" src=\"https:\/\/steelstorm.standardof.net\/wp-content\/uploads\/sites\/3\/2020\/10\/Steel-Storm-Weapons-Rocket-Pod-Screenshot.jpg\" alt=\"Raketen-Pod-Sekund\u00e4rwaffe\" class=\"wp-image-129\" width=\"768\" height=\"432\" title=\"\" srcset=\"https:\/\/steelstorm.standardof.net\/wp-content\/uploads\/sites\/3\/2020\/10\/Steel-Storm-Weapons-Rocket-Pod-Screenshot.jpg 1024w, https:\/\/steelstorm.standardof.net\/wp-content\/uploads\/sites\/3\/2020\/10\/Steel-Storm-Weapons-Rocket-Pod-Screenshot-300x169.jpg 300w, https:\/\/steelstorm.standardof.net\/wp-content\/uploads\/sites\/3\/2020\/10\/Steel-Storm-Weapons-Rocket-Pod-Screenshot-768x432.jpg 768w, https:\/\/steelstorm.standardof.net\/wp-content\/uploads\/sites\/3\/2020\/10\/Steel-Storm-Weapons-Rocket-Pod-Screenshot-16x9.jpg 16w\" sizes=\"(max-width: 768px) 100vw, 768px\" \/><\/a><figcaption>Raketenschw\u00e4rme in Gruppen feindlicher Panzer abfeuern.<\/figcaption><\/figure><\/div>\n<\/div><\/div>\n\n\n\n<div style=\"height:20px\" aria-hidden=\"true\" class=\"wp-block-spacer\"><\/div>\n\n\n\n<div class=\"gb-container gb-container-2b743f96\"><div class=\"gb-inside-container\">\n<h3 class=\"has-text-align-center wp-block-heading\">Zielsuchende Rakete<\/h3>\n\n\n\n<div class=\"wp-block-image\"><figure class=\"aligncenter size-medium\"><a href=\"https:\/\/steelstorm.standardof.net\/de\/steel-storm-weapons-homing-missile-icon\/\"><img decoding=\"async\" width=\"300\" height=\"274\" src=\"https:\/\/steelstorm.standardof.net\/wp-content\/uploads\/sites\/3\/2020\/10\/Steel-Storm-Weapons-Homing-Missile-Icon-300x274.jpg\" alt=\"Zielsuchende Rakete\" class=\"wp-image-124\" title=\"\" srcset=\"https:\/\/steelstorm.standardof.net\/wp-content\/uploads\/sites\/3\/2020\/10\/Steel-Storm-Weapons-Homing-Missile-Icon-300x274.jpg 300w, https:\/\/steelstorm.standardof.net\/wp-content\/uploads\/sites\/3\/2020\/10\/Steel-Storm-Weapons-Homing-Missile-Icon-13x12.jpg 13w, https:\/\/steelstorm.standardof.net\/wp-content\/uploads\/sites\/3\/2020\/10\/Steel-Storm-Weapons-Homing-Missile-Icon.jpg 410w\" sizes=\"(max-width: 300px) 100vw, 300px\" \/><\/a><figcaption>Zielsuchende Rakete<\/figcaption><\/figure><\/div>\n\n\n\n<p>Die Homing Missiles werden als hochexplosive Raketen abgefeuert, die in der N\u00e4he befindliche feindliche Ziele jagen. Zielsuchraketen sind auf kurze bis lange Distanz gut, aber weitaus effektiver gegen langsamere oder station\u00e4re Ziele, da die schnelleren Licht- und Blitzpanzer den weniger man\u00f6vrierbaren Zielsuchraketen ausweichen k\u00f6nnen.<\/p>\n\n\n\n<p>Was diese Waffe besonders n\u00fctzlich macht, ist die F\u00e4higkeit, sie um eine Ecke oder hinter einem Hindernis abzufeuern, um Feinde zu treffen, die nicht direkt in Ihrer Sichtlinie sind. Auf diese Weise k\u00f6nnen Zielsuchraketen verwendet werden, um eine Reihe von Feinden zu zerst\u00f6ren, ohne sich jemals einem Gegenfeuer auszusetzen. Schlie\u00dflich ist dies die beste Waffe, um Ziele zu treffen, die \u00fcber oder auf dem Boden unter Ihnen fliegen, da die Raketen auch durch die Luft auf und ab fliegen k\u00f6nnen.<\/p>\n\n\n\n<div class=\"wp-block-image\"><figure class=\"aligncenter size-full is-resized\"><a href=\"https:\/\/steelstorm.standardof.net\/de\/steel-storm-weapons-homing-missile-screenshot\/\"><img decoding=\"async\" src=\"https:\/\/steelstorm.standardof.net\/wp-content\/uploads\/sites\/3\/2020\/10\/Steel-Storm-Weapons-Homing-Missile-Screenshot.jpg\" alt=\"Sekund\u00e4rwaffe der Zielsuchrakete\" class=\"wp-image-125\" width=\"768\" height=\"432\" title=\"\" srcset=\"https:\/\/steelstorm.standardof.net\/wp-content\/uploads\/sites\/3\/2020\/10\/Steel-Storm-Weapons-Homing-Missile-Screenshot.jpg 1024w, https:\/\/steelstorm.standardof.net\/wp-content\/uploads\/sites\/3\/2020\/10\/Steel-Storm-Weapons-Homing-Missile-Screenshot-300x169.jpg 300w, https:\/\/steelstorm.standardof.net\/wp-content\/uploads\/sites\/3\/2020\/10\/Steel-Storm-Weapons-Homing-Missile-Screenshot-768x432.jpg 768w, https:\/\/steelstorm.standardof.net\/wp-content\/uploads\/sites\/3\/2020\/10\/Steel-Storm-Weapons-Homing-Missile-Screenshot-16x9.jpg 16w\" sizes=\"(max-width: 768px) 100vw, 768px\" \/><\/a><figcaption>Mit der Homing Missile feindliche Panzer einsperren und ausschalten.\n<\/figcaption><\/figure><\/div>\n<\/div><\/div>\n\n\n\n<div style=\"height:20px\" aria-hidden=\"true\" class=\"wp-block-spacer\"><\/div>\n\n\n\n<div class=\"gb-container gb-container-ba90241e\"><div class=\"gb-inside-container\">\n<h3 class=\"has-text-align-center wp-block-heading\">MIRV<\/h3>\n\n\n\n<div class=\"wp-block-image\"><figure class=\"aligncenter size-medium\"><a href=\"https:\/\/steelstorm.standardof.net\/de\/steel-storm-weapons-mirv-icon\/\"><img decoding=\"async\" width=\"300\" height=\"279\" src=\"https:\/\/steelstorm.standardof.net\/wp-content\/uploads\/sites\/3\/2020\/10\/Steel-Storm-Weapons-MIRV-Icon-300x279.jpg\" alt=\"MIRV\" class=\"wp-image-126\" title=\"\" srcset=\"https:\/\/steelstorm.standardof.net\/wp-content\/uploads\/sites\/3\/2020\/10\/Steel-Storm-Weapons-MIRV-Icon-300x279.jpg 300w, https:\/\/steelstorm.standardof.net\/wp-content\/uploads\/sites\/3\/2020\/10\/Steel-Storm-Weapons-MIRV-Icon-13x12.jpg 13w, https:\/\/steelstorm.standardof.net\/wp-content\/uploads\/sites\/3\/2020\/10\/Steel-Storm-Weapons-MIRV-Icon.jpg 380w\" sizes=\"(max-width: 300px) 100vw, 300px\" \/><\/a><figcaption>MIRV<\/figcaption><\/figure><\/div>\n\n\n\n<p>Das MIRV ist eine Waffe mit mittlerer bis gro\u00dfer Reichweite, die gegen gro\u00dfe Gruppen von Feinden wirksam ist. Diese Waffe startet eine einzelne Rakete, die direkt in die Luft fliegt, bevor sie sich vor Ihrem Panzer biegt, sich in mehrere Sprengk\u00f6pfe aufteilt und etwa auf halber H\u00f6he des Bildschirms auf den Boden zur\u00fcckf\u00e4llt. MIRVs sind aus n\u00e4chster N\u00e4he aufgrund der festgelegten Entfernung, die sie zur\u00fccklegen m\u00fcssen, bevor sie wieder herunterkommen, unwirksam. Sie k\u00f6nnen jedoch verwendet werden, um feindliche Ziele hinter Kraftfeldern zu treffen oder auf andere Weise nicht erreichbar zu sein.<\/p>\n\n\n\n<div class=\"wp-block-image\"><figure class=\"aligncenter size-full is-resized\"><a href=\"https:\/\/steelstorm.standardof.net\/de\/steel-storm-weapons-mirv-screenshot\/\"><img decoding=\"async\" src=\"https:\/\/steelstorm.standardof.net\/wp-content\/uploads\/sites\/3\/2020\/10\/Steel-Storm-Weapons-MIRV-Screenshot.jpg\" alt=\"MIRV Sekund\u00e4rwaffe\" class=\"wp-image-127\" width=\"768\" height=\"432\" title=\"\" srcset=\"https:\/\/steelstorm.standardof.net\/wp-content\/uploads\/sites\/3\/2020\/10\/Steel-Storm-Weapons-MIRV-Screenshot.jpg 1024w, https:\/\/steelstorm.standardof.net\/wp-content\/uploads\/sites\/3\/2020\/10\/Steel-Storm-Weapons-MIRV-Screenshot-300x169.jpg 300w, https:\/\/steelstorm.standardof.net\/wp-content\/uploads\/sites\/3\/2020\/10\/Steel-Storm-Weapons-MIRV-Screenshot-768x432.jpg 768w, https:\/\/steelstorm.standardof.net\/wp-content\/uploads\/sites\/3\/2020\/10\/Steel-Storm-Weapons-MIRV-Screenshot-16x9.jpg 16w\" sizes=\"(max-width: 768px) 100vw, 768px\" \/><\/a><figcaption>Regen von oben mit der ballistischen Sekund\u00e4rwaffe MIRV.\n<\/figcaption><\/figure><\/div>\n<\/div><\/div>\n\n\n\n<div style=\"height:20px\" aria-hidden=\"true\" class=\"wp-block-spacer\"><\/div>\n\n\n\n<div class=\"wp-block-cover alignwide has-black-background-color has-background-dim\" style=\"background-image:url(https:\/\/steelstorm.standardof.net\/wp-content\/uploads\/sites\/3\/2020\/10\/Steel-Storm-Weapons-Beam-Cannon-Screenshot.jpg);background-position:51% 24%;min-height:112px;aspect-ratio:unset;\"><div class=\"wp-block-cover__inner-container is-layout-flow wp-block-cover-is-layout-flow\">\n<h2 class=\"has-text-align-center wp-block-heading\"><span style=\"text-transform: uppercase;\" class=\"qubely-text-uppercase\"><span style=\"color: #ff6900;\" data=\"#ff6900\" class=\"qubely-text-has-color\">Sekund\u00e4re Energiewaffen<\/span><\/span><\/h2>\n\n\n\n<p class=\"has-text-align-center\">Sekund\u00e4re Energiewaffen nehmen einen eigenen Platz ein, der von den ballistischen Waffen getrennt ist, sodass Sie je nach Bedarf zwischen den beiden wechseln k\u00f6nnen.<\/p>\n<\/div><\/div>\n\n\n\n<div style=\"height:20px\" aria-hidden=\"true\" class=\"wp-block-spacer\"><\/div>\n\n\n\n<div class=\"gb-container gb-container-9502a65f\"><div class=\"gb-inside-container\">\n<h3 class=\"has-text-align-center wp-block-heading\">Strahlkanone<\/h3>\n\n\n\n<div class=\"wp-block-image\"><figure class=\"aligncenter size-medium\"><a href=\"https:\/\/steelstorm.standardof.net\/de\/steel-storm-weapons-beam-cannon-icon\/\"><img decoding=\"async\" width=\"300\" height=\"241\" src=\"https:\/\/steelstorm.standardof.net\/wp-content\/uploads\/sites\/3\/2020\/10\/Steel-Storm-Weapons-Beam-Cannon-Icon-300x241.jpg\" alt=\"Strahlkanone\" class=\"wp-image-122\" title=\"\" srcset=\"https:\/\/steelstorm.standardof.net\/wp-content\/uploads\/sites\/3\/2020\/10\/Steel-Storm-Weapons-Beam-Cannon-Icon-300x241.jpg 300w, https:\/\/steelstorm.standardof.net\/wp-content\/uploads\/sites\/3\/2020\/10\/Steel-Storm-Weapons-Beam-Cannon-Icon-16x12.jpg 16w, https:\/\/steelstorm.standardof.net\/wp-content\/uploads\/sites\/3\/2020\/10\/Steel-Storm-Weapons-Beam-Cannon-Icon.jpg 489w\" sizes=\"(max-width: 300px) 100vw, 300px\" \/><\/a><figcaption>Strahlkanone<\/figcaption><\/figure><\/div>\n\n\n\n<p>Die Strahlkanone feuert einen konzentrierten schweren Laser direkt vor Ihrem Panzer ab und ist der schwerste direkte Schadensverursacher, der Ihnen zur Verf\u00fcgung steht. Eine einzige vollst\u00e4ndige Explosion reicht aus, um einen Turm oder einen mittleren Panzer vollst\u00e4ndig zu zerst\u00f6ren. Diese Waffe eignet sich auch hervorragend gegen schwere Panzer, Bosse und zur Zerst\u00f6rung von Geb\u00e4uden. Sein einziger Nachteil ist die eingeschr\u00e4nkte F\u00e4higkeit, mit gro\u00dfen Gruppen von Feinden umzugehen, die sich ausbreiten, obwohl Sweeps von rechts nach links zum Ausgleich beitragen k\u00f6nnen. Raketenh\u00fclsen und MIRVs sind f\u00fcr diesen Zweck immer noch besser.<\/p>\n\n\n\n<figure class=\"wp-block-image size-full is-resized\"><a href=\"https:\/\/steelstorm.standardof.net\/de\/steel-storm-weapons-beam-cannon-screenshot\/\"><img decoding=\"async\" src=\"https:\/\/steelstorm.standardof.net\/wp-content\/uploads\/sites\/3\/2020\/10\/Steel-Storm-Weapons-Beam-Cannon-Screenshot.jpg\" alt=\"Strahlkanone Sekund\u00e4rwaffe\" class=\"wp-image-123\" width=\"768\" height=\"432\" title=\"\" srcset=\"https:\/\/steelstorm.standardof.net\/wp-content\/uploads\/sites\/3\/2020\/10\/Steel-Storm-Weapons-Beam-Cannon-Screenshot.jpg 1024w, https:\/\/steelstorm.standardof.net\/wp-content\/uploads\/sites\/3\/2020\/10\/Steel-Storm-Weapons-Beam-Cannon-Screenshot-300x169.jpg 300w, https:\/\/steelstorm.standardof.net\/wp-content\/uploads\/sites\/3\/2020\/10\/Steel-Storm-Weapons-Beam-Cannon-Screenshot-768x432.jpg 768w, https:\/\/steelstorm.standardof.net\/wp-content\/uploads\/sites\/3\/2020\/10\/Steel-Storm-Weapons-Beam-Cannon-Screenshot-16x9.jpg 16w\" sizes=\"(max-width: 768px) 100vw, 768px\" \/><\/a><figcaption>Feuern Sie mit der Strahlenkanone auf eine Gruppe von Feinden.\n<\/figcaption><\/figure>\n<\/div><\/div>\n\n\n\n<div style=\"height:20px\" aria-hidden=\"true\" class=\"wp-block-spacer\"><\/div>\n\n\n\n<div class=\"gb-container gb-container-78d07a83\"><div class=\"gb-inside-container\">\n<h3 class=\"has-text-align-center wp-block-heading\">Blitz<\/h3>\n\n\n\n<div class=\"wp-block-image\"><figure class=\"aligncenter size-medium\"><a href=\"https:\/\/steelstorm.standardof.net\/de\/steel-storm-weapons-thunderbolt-icon\/\"><img decoding=\"async\" width=\"300\" height=\"266\" src=\"https:\/\/steelstorm.standardof.net\/wp-content\/uploads\/sites\/3\/2020\/10\/Steel-Storm-Weapons-Thunderbolt-Icon-300x266.jpg\" alt=\"Blitz\" class=\"wp-image-130\" title=\"\" srcset=\"https:\/\/steelstorm.standardof.net\/wp-content\/uploads\/sites\/3\/2020\/10\/Steel-Storm-Weapons-Thunderbolt-Icon-300x266.jpg 300w, https:\/\/steelstorm.standardof.net\/wp-content\/uploads\/sites\/3\/2020\/10\/Steel-Storm-Weapons-Thunderbolt-Icon-14x12.jpg 14w, https:\/\/steelstorm.standardof.net\/wp-content\/uploads\/sites\/3\/2020\/10\/Steel-Storm-Weapons-Thunderbolt-Icon.jpg 438w\" sizes=\"(max-width: 300px) 100vw, 300px\" \/><\/a><figcaption>Blitz <\/figcaption><\/figure><\/div>\n\n\n\n<p>Der Thunderbolt \u00e4hnelt der vom Lightning Tank abgefeuerten Waffe, ist jedoch st\u00e4rker ausgepr\u00e4gt. Obwohl es sich um eine Nahkampfwaffe mit geringem Schaden handelt, hat sie den Vorteil, dass alles, was sie trifft, vor\u00fcbergehend deaktiviert wird, w\u00e4hrend sie zu nahe gelegenen feindlichen Einheiten springen kann. <\/p>\n\n\n\n<p>Der Thunderbolt kann effektiv ganze Trupps dicht gepackter Schiffe deaktivieren und in Kombination mit zeitgesteuerten Explosionen der Schockwelle verwendet werden, um Ihre Feinde auf unbestimmte Zeit im Wasser tot zu halten, w\u00e4hrend Sie Rumpf und R\u00fcstung entfernen.<\/p>\n\n\n\n<div class=\"wp-block-image\"><figure class=\"aligncenter size-full is-resized\"><a href=\"https:\/\/steelstorm.standardof.net\/de\/steel-storm-weapons-thunderbolt-screenshot\/\"><img decoding=\"async\" src=\"https:\/\/steelstorm.standardof.net\/wp-content\/uploads\/sites\/3\/2020\/10\/Steel-Storm-Weapons-Thunderbolt-Screenshot.jpg\" alt=\"Thunderbolt-Sekund\u00e4rwaffe\" class=\"wp-image-131\" width=\"768\" height=\"432\" title=\"\" srcset=\"https:\/\/steelstorm.standardof.net\/wp-content\/uploads\/sites\/3\/2020\/10\/Steel-Storm-Weapons-Thunderbolt-Screenshot.jpg 1024w, https:\/\/steelstorm.standardof.net\/wp-content\/uploads\/sites\/3\/2020\/10\/Steel-Storm-Weapons-Thunderbolt-Screenshot-300x169.jpg 300w, https:\/\/steelstorm.standardof.net\/wp-content\/uploads\/sites\/3\/2020\/10\/Steel-Storm-Weapons-Thunderbolt-Screenshot-768x432.jpg 768w, https:\/\/steelstorm.standardof.net\/wp-content\/uploads\/sites\/3\/2020\/10\/Steel-Storm-Weapons-Thunderbolt-Screenshot-16x9.jpg 16w\" sizes=\"(max-width: 768px) 100vw, 768px\" \/><\/a><figcaption>Verwenden Sie den Blitz, um Schaden zu verketten und schnell eine enge Gruppe von Feinden auszuschalten.<\/figcaption><\/figure><\/div>\n<\/div><\/div>","protected":false},"excerpt":{"rendered":"<p>The Secondary group of weapons are fired with the Mouse 2 key (right click) by default, providing heavier firepower for your tank. Normally you can only fire one of either the energy or ballistic weapons at a time but if you use the shift key to switch back and forth quickly, you can actually use [&hellip;]<\/p>","protected":false},"author":1,"featured_media":54,"parent":111,"menu_order":0,"comment_status":"open","ping_status":"closed","template":"","meta":{"_uag_custom_page_level_css":"","site-sidebar-layout":"default","site-content-layout":"default","ast-site-content-layout":"","site-content-style":"default","site-sidebar-style":"default","ast-global-header-display":"","ast-banner-title-visibility":"","ast-main-header-display":"","ast-hfb-above-header-display":"","ast-hfb-below-header-display":"","ast-hfb-mobile-header-display":"","site-post-title":"","ast-breadcrumbs-content":"","ast-featured-img":"","footer-sml-layout":"","theme-transparent-header-meta":"default","adv-header-id-meta":"","stick-header-meta":"","header-above-stick-meta":"","header-main-stick-meta":"","header-below-stick-meta":"","astra-migrate-meta-layouts":"default","ast-page-background-enabled":"default","ast-page-background-meta":{"desktop":{"background-color":"","background-image":"","background-repeat":"repeat","background-position":"center center","background-size":"auto","background-attachment":"scroll","background-type":"","background-media":"","overlay-type":"","overlay-color":"","overlay-gradient":""},"tablet":{"background-color":"","background-image":"","background-repeat":"repeat","background-position":"center center","background-size":"auto","background-attachment":"scroll","background-type":"","background-media":"","overlay-type":"","overlay-color":"","overlay-gradient":""},"mobile":{"background-color":"","background-image":"","background-repeat":"repeat","background-position":"center center","background-size":"auto","background-attachment":"scroll","background-type":"","background-media":"","overlay-type":"","overlay-color":"","overlay-gradient":""}},"ast-content-background-meta":{"desktop":{"background-color":"var(--ast-global-color-5)","background-image":"","background-repeat":"repeat","background-position":"center center","background-size":"auto","background-attachment":"scroll","background-type":"","background-media":"","overlay-type":"","overlay-color":"","overlay-gradient":""},"tablet":{"background-color":"var(--ast-global-color-5)","background-image":"","background-repeat":"repeat","background-position":"center center","background-size":"auto","background-attachment":"scroll","background-type":"","background-media":"","overlay-type":"","overlay-color":"","overlay-gradient":""},"mobile":{"background-color":"var(--ast-global-color-5)","background-image":"","background-repeat":"repeat","background-position":"center center","background-size":"auto","background-attachment":"scroll","background-type":"","background-media":"","overlay-type":"","overlay-color":"","overlay-gradient":""}},"footnotes":""},"uagb_featured_image_src":{"full":["https:\/\/steelstorm.standardof.net\/wp-content\/uploads\/sites\/3\/2020\/10\/MnEdR-1.jpg",1200,750,false],"thumbnail":["https:\/\/steelstorm.standardof.net\/wp-content\/uploads\/sites\/3\/2020\/10\/MnEdR-1-150x150.jpg",150,150,true],"medium":["https:\/\/steelstorm.standardof.net\/wp-content\/uploads\/sites\/3\/2020\/10\/MnEdR-1-300x188.jpg",300,188,true],"medium_large":["https:\/\/steelstorm.standardof.net\/wp-content\/uploads\/sites\/3\/2020\/10\/MnEdR-1-768x480.jpg",768,480,true],"large":["https:\/\/steelstorm.standardof.net\/wp-content\/uploads\/sites\/3\/2020\/10\/MnEdR-1-1024x640.jpg",1024,640,true],"1536x1536":["https:\/\/steelstorm.standardof.net\/wp-content\/uploads\/sites\/3\/2020\/10\/MnEdR-1.jpg",1200,750,false],"2048x2048":["https:\/\/steelstorm.standardof.net\/wp-content\/uploads\/sites\/3\/2020\/10\/MnEdR-1.jpg",1200,750,false],"trp-custom-language-flag":["https:\/\/steelstorm.standardof.net\/wp-content\/uploads\/sites\/3\/2020\/10\/MnEdR-1.jpg",18,12,false]},"uagb_author_info":{"display_name":"SOE","author_link":"https:\/\/steelstorm.standardof.net\/de\/author\/k-tastic\/"},"uagb_comment_info":0,"uagb_excerpt":"The Secondary group of weapons are fired with the Mouse 2 key (right click) by default, providing heavier firepower for your tank. Normally you can only fire one of either the energy or ballistic weapons at a time but if you use the shift key to switch back and forth quickly, you can actually use&hellip;","_links":{"self":[{"href":"https:\/\/steelstorm.standardof.net\/de\/wp-json\/wp\/v2\/pages\/170"}],"collection":[{"href":"https:\/\/steelstorm.standardof.net\/de\/wp-json\/wp\/v2\/pages"}],"about":[{"href":"https:\/\/steelstorm.standardof.net\/de\/wp-json\/wp\/v2\/types\/page"}],"author":[{"embeddable":true,"href":"https:\/\/steelstorm.standardof.net\/de\/wp-json\/wp\/v2\/users\/1"}],"replies":[{"embeddable":true,"href":"https:\/\/steelstorm.standardof.net\/de\/wp-json\/wp\/v2\/comments?post=170"}],"version-history":[{"count":0,"href":"https:\/\/steelstorm.standardof.net\/de\/wp-json\/wp\/v2\/pages\/170\/revisions"}],"up":[{"embeddable":true,"href":"https:\/\/steelstorm.standardof.net\/de\/wp-json\/wp\/v2\/pages\/111"}],"wp:featuredmedia":[{"embeddable":true,"href":"https:\/\/steelstorm.standardof.net\/de\/wp-json\/wp\/v2\/media\/54"}],"wp:attachment":[{"href":"https:\/\/steelstorm.standardof.net\/de\/wp-json\/wp\/v2\/media?parent=170"}],"curies":[{"name":"wp","href":"https:\/\/api.w.org\/{rel}","templated":true}]}}