{"id":168,"date":"2020-10-16T22:11:39","date_gmt":"2020-10-16T22:11:39","guid":{"rendered":"https:\/\/steelstorm.standardof.net\/?page_id=168"},"modified":"2020-10-19T05:14:29","modified_gmt":"2020-10-19T05:14:29","slug":"primary-weapons","status":"publish","type":"page","link":"https:\/\/steelstorm.standardof.net\/de\/fuhren\/waffen\/primarwaffen\/","title":{"rendered":"Prim\u00e4rwaffen"},"content":{"rendered":"<p>Das <strong>Prim\u00e4r<\/strong> Waffengruppe sind Waffen, die standardm\u00e4\u00dfig st\u00e4ndig durch Dr\u00fccken der Maustaste 1 (Linksklick) abgefeuert werden. Dabei geht es mehr um schnelles Abfeuern und das Auff\u00fcllen des Bildschirms mit Ihren Sch\u00fcssen als um schweren Schaden. Sie k\u00f6nnen beide feuern <strong>Energie <\/strong>und <strong>Ballistisch <\/strong>Vorwahlen auf einmal, solange Sie beide ausger\u00fcstet haben.<\/p>\n\n\n\n<div style=\"height:20px\" aria-hidden=\"true\" class=\"wp-block-spacer\"><\/div>\n\n\n\n<div class=\"wp-block-cover alignwide has-background-dim-70 has-black-background-color has-background-dim\" style=\"background-image:url(https:\/\/steelstorm.standardof.net\/wp-content\/uploads\/sites\/3\/2020\/10\/Steel-Storm-Weapon-Screens-Minigun.jpg);background-position:49% 25%;min-height:112px;aspect-ratio:unset;\"><div class=\"wp-block-cover__inner-container is-layout-flow wp-block-cover-is-layout-flow\">\n<h2 class=\"has-text-align-center wp-block-heading\"><span style=\"text-transform: uppercase;\" class=\"qubely-text-uppercase\"><span style=\"color: #ff6900;\" data=\"#ff6900\" class=\"qubely-text-has-color\">Ballistische Prim\u00e4rwaffen<\/span><\/span><\/h2>\n\n\n\n<p class=\"has-text-align-center\">Die prim\u00e4ren ballistischen Waffen sind der grundlegende Waffentyp, mit dem Sie jede neue Kampagne sofort starten. Sie sind die einzigen Waffen, die nicht deaktiviert werden, wenn Ihr Panzer von der getroffen wird <strong>Blitz <\/strong>Waffe von <strong>Blitzpanzer<\/strong>. Ihre Wahl zwischen diesen Waffen und wie effektiv sie f\u00fcr Sie sind, kann davon abh\u00e4ngen, was bis zu einem gewissen Grad f\u00fcr Sie am besten funktioniert.<\/p>\n<\/div><\/div>\n\n\n\n<div style=\"height:20px\" aria-hidden=\"true\" class=\"wp-block-spacer\"><\/div>\n\n\n\n<div class=\"gb-container gb-container-dbddee8c\"><div class=\"gb-inside-container\">\n<h3 class=\"has-text-align-center wp-block-heading\">Miniguns<\/h3>\n\n\n\n<div class=\"wp-block-image\"><figure class=\"aligncenter size-medium\"><a href=\"https:\/\/steelstorm.standardof.net\/de\/steel-storm-weapon-icons-minigun\/\"><img decoding=\"async\" width=\"300\" height=\"253\" src=\"https:\/\/steelstorm.standardof.net\/wp-content\/uploads\/sites\/3\/2020\/10\/Steel-Storm-Weapon-Icons-Minigun-300x253.jpg\" alt=\"Minigun\" class=\"wp-image-119\" title=\"\" srcset=\"https:\/\/steelstorm.standardof.net\/wp-content\/uploads\/sites\/3\/2020\/10\/Steel-Storm-Weapon-Icons-Minigun-300x253.jpg 300w, https:\/\/steelstorm.standardof.net\/wp-content\/uploads\/sites\/3\/2020\/10\/Steel-Storm-Weapon-Icons-Minigun-14x12.jpg 14w, https:\/\/steelstorm.standardof.net\/wp-content\/uploads\/sites\/3\/2020\/10\/Steel-Storm-Weapon-Icons-Minigun.jpg 438w\" sizes=\"(max-width: 300px) 100vw, 300px\" \/><\/a><figcaption>Minigun<\/figcaption><\/figure><\/div>\n\n\n\n<p>Ihre grundlegende Startwaffe, die Minigun, ist immer n\u00fctzlich. Bei einer konstanten Feuerrate ist dies im Wesentlichen sofortiger Schaden gegen jedes Ziel, das sich gerade direkt vor Ihnen befindet. Von den beiden Waffen sind die Miniguns am effektivsten gegen sich schneller bewegende, leicht gepanzerte Ziele, die den etwas weniger best\u00e4ndigen Flak Cannon-Explosionen ausweichen k\u00f6nnen.<\/p>\n\n\n\n<div class=\"wp-block-image\"><figure class=\"aligncenter size-full is-resized\"><a href=\"https:\/\/steelstorm.standardof.net\/de\/steel-storm-weapon-screens-minigun\/\"><img decoding=\"async\" src=\"https:\/\/steelstorm.standardof.net\/wp-content\/uploads\/sites\/3\/2020\/10\/Steel-Storm-Weapon-Screens-Minigun.jpg\" alt=\"Screenshot der Minigun in Aktion in Steel Storm.\" class=\"wp-image-114\" width=\"665\" height=\"428\" title=\"\" srcset=\"https:\/\/steelstorm.standardof.net\/wp-content\/uploads\/sites\/3\/2020\/10\/Steel-Storm-Weapon-Screens-Minigun.jpg 887w, https:\/\/steelstorm.standardof.net\/wp-content\/uploads\/sites\/3\/2020\/10\/Steel-Storm-Weapon-Screens-Minigun-300x193.jpg 300w, https:\/\/steelstorm.standardof.net\/wp-content\/uploads\/sites\/3\/2020\/10\/Steel-Storm-Weapon-Screens-Minigun-768x494.jpg 768w, https:\/\/steelstorm.standardof.net\/wp-content\/uploads\/sites\/3\/2020\/10\/Steel-Storm-Weapon-Screens-Minigun-16x10.jpg 16w\" sizes=\"(max-width: 665px) 100vw, 665px\" \/><\/a><figcaption>Zerst\u00f6re feindliche Panzer mit Minigun-Runden.<\/figcaption><\/figure><\/div>\n<\/div><\/div>\n\n\n\n<div style=\"height:20px\" aria-hidden=\"true\" class=\"wp-block-spacer\"><\/div>\n\n\n\n<div class=\"gb-container gb-container-0489589c\"><div class=\"gb-inside-container\">\n<h3 class=\"has-text-align-center wp-block-heading\">Flak-Kanone<\/h3>\n\n\n\n<div class=\"wp-block-image\"><figure class=\"aligncenter size-medium\"><a href=\"https:\/\/steelstorm.standardof.net\/de\/steel-storm-weapons-shockwave-icon\/\"><img decoding=\"async\" width=\"300\" height=\"276\" src=\"https:\/\/steelstorm.standardof.net\/wp-content\/uploads\/sites\/3\/2020\/10\/Steel-Storm-Weapons-Shockwave-Icon-300x276.jpg\" alt=\"Sto\u00dfwelle\" class=\"wp-image-134\" title=\"\" srcset=\"https:\/\/steelstorm.standardof.net\/wp-content\/uploads\/sites\/3\/2020\/10\/Steel-Storm-Weapons-Shockwave-Icon-300x276.jpg 300w, https:\/\/steelstorm.standardof.net\/wp-content\/uploads\/sites\/3\/2020\/10\/Steel-Storm-Weapons-Shockwave-Icon-13x12.jpg 13w, https:\/\/steelstorm.standardof.net\/wp-content\/uploads\/sites\/3\/2020\/10\/Steel-Storm-Weapons-Shockwave-Icon.jpg 524w\" sizes=\"(max-width: 300px) 100vw, 300px\" \/><\/a><figcaption>Sto\u00dfwelle<\/figcaption><\/figure><\/div>\n\n\n\n<p>Die Flak-Kanone hat zwar im Laufe der Zeit im Wesentlichen den gleichen Schaden wie die Minigun, verursacht jedoch mehr kondensierte Schadensausbr\u00fcche mit einer deutlich langsameren Feuerrate. Aus diesem Grund ist die Flak-Kanone wirksam, wenn sie gegen st\u00e4rker gepanzerte Ziele eingesetzt wird, da hochmobile Ziele Probleme mit dieser Waffe verursachen k\u00f6nnen. Lightning Tanks sind zwar sehr mobil, k\u00f6nnen aber mit dieser Waffe aufgrund ihrer Tendenz, Sie frontal aufzuladen, recht gut gestoppt werden.<\/p>\n\n\n\n<div class=\"wp-block-image\"><figure class=\"aligncenter size-full is-resized\"><a href=\"https:\/\/steelstorm.standardof.net\/de\/steel-storm-weapon-screens-flak-cannon\/\"><img decoding=\"async\" src=\"https:\/\/steelstorm.standardof.net\/wp-content\/uploads\/sites\/3\/2020\/10\/Steel-Storm-Weapon-Screens-Flak-Cannon.jpg\" alt=\"Screenshot der Flak-Kanone in Aktion in Steel Storm.\" class=\"wp-image-113\" width=\"557\" height=\"392\" title=\"\" srcset=\"https:\/\/steelstorm.standardof.net\/wp-content\/uploads\/sites\/3\/2020\/10\/Steel-Storm-Weapon-Screens-Flak-Cannon.jpg 743w, https:\/\/steelstorm.standardof.net\/wp-content\/uploads\/sites\/3\/2020\/10\/Steel-Storm-Weapon-Screens-Flak-Cannon-300x211.jpg 300w, https:\/\/steelstorm.standardof.net\/wp-content\/uploads\/sites\/3\/2020\/10\/Steel-Storm-Weapon-Screens-Flak-Cannon-16x12.jpg 16w\" sizes=\"(max-width: 557px) 100vw, 557px\" \/><\/a><figcaption>Das Abfeuern der Flak-Kanone schie\u00dft auf einen feindlichen Panzer.<\/figcaption><\/figure><\/div>\n<\/div><\/div>\n\n\n\n<div style=\"height:20px\" aria-hidden=\"true\" class=\"wp-block-spacer\"><\/div>\n\n\n\n<div class=\"wp-block-cover alignwide has-background-dim-70 has-black-background-color has-background-dim\" style=\"background-image:url(https:\/\/steelstorm.standardof.net\/wp-content\/uploads\/sites\/3\/2020\/10\/Steel-Storm-Weapon-Screens-Storm-Spread.jpg);background-position:52% 40%;min-height:112px;aspect-ratio:unset;\"><div class=\"wp-block-cover__inner-container is-layout-flow wp-block-cover-is-layout-flow\">\n<h2 class=\"has-text-align-center wp-block-heading\"><span style=\"text-transform: uppercase;\" class=\"qubely-text-uppercase\"><span style=\"color: #ff6900;\" data=\"#ff6900\" class=\"qubely-text-has-color\">Prim\u00e4renergiewaffen<\/span><\/span><\/h2>\n\n\n\n<p class=\"has-text-align-center\">Die Prim\u00e4renergiewaffen nehmen einen von ihren ballistischen Gegenst\u00fccken getrennten Platz ein und konzentrieren sich auf vielf\u00e4ltigere situationsbezogene Anwendungen. Obwohl Ihre Prim\u00e4renergiewaffen zusammen mit Ihrer ballistischen Waffe st\u00e4ndig abgefeuert werden, k\u00f6nnen sie durch die Explosion eines Blitzpanzers vor\u00fcbergehend deaktiviert werden. Au\u00dferdem starten Sie keine neue Kampagne mit einer dieser Waffen und m\u00fcssen zuerst das Level erwerben und verlassen, um es in die n\u00e4chste Mission aufzunehmen.<\/p>\n<\/div><\/div>\n\n\n\n<div style=\"height:20px\" aria-hidden=\"true\" class=\"wp-block-spacer\"><\/div>\n\n\n\n<div class=\"gb-container gb-container-e9721c9a\"><div class=\"gb-inside-container\">\n<h2 class=\"has-text-align-center wp-block-heading\">Sturmpflug<\/h2>\n\n\n\n<div class=\"wp-block-image\"><figure class=\"aligncenter size-medium is-resized\"><a href=\"https:\/\/steelstorm.standardof.net\/de\/steel-storm-weapon-icons-storm-plow\/\"><img decoding=\"async\" src=\"https:\/\/steelstorm.standardof.net\/wp-content\/uploads\/sites\/3\/2020\/10\/Steel-Storm-Weapon-Icons-Storm-Plow-300x300.jpg\" alt=\"Sturmpflug\" class=\"wp-image-120\" width=\"300\" height=\"300\" title=\"\" srcset=\"https:\/\/steelstorm.standardof.net\/wp-content\/uploads\/sites\/3\/2020\/10\/Steel-Storm-Weapon-Icons-Storm-Plow-300x300.jpg 300w, https:\/\/steelstorm.standardof.net\/wp-content\/uploads\/sites\/3\/2020\/10\/Steel-Storm-Weapon-Icons-Storm-Plow-150x150.jpg 150w, https:\/\/steelstorm.standardof.net\/wp-content\/uploads\/sites\/3\/2020\/10\/Steel-Storm-Weapon-Icons-Storm-Plow-12x12.jpg 12w, https:\/\/steelstorm.standardof.net\/wp-content\/uploads\/sites\/3\/2020\/10\/Steel-Storm-Weapon-Icons-Storm-Plow.jpg 431w\" sizes=\"(max-width: 300px) 100vw, 300px\" \/><\/a><figcaption>Sturmpflug<\/figcaption><\/figure><\/div>\n\n\n\n<p>Diese Waffe ist die am h\u00e4ufigsten vorkommende Variante der Prim\u00e4renergiewaffen und feuert blaue Plasmabolzen ab, die denen von leichten und mittleren Panzern \u00e4hneln, allerdings mit einer schnelleren Geschwindigkeit. Aufgrund der langsamen Bewegungsgeschwindigkeit der Projektile, wenn sie sich in einem einzigen Strom bewegen, auf den Ihre Waffen zeigen, ist diese Waffe effektiver gegen station\u00e4re oder langsame Ziele, sofern sie nicht in einer Kehrbewegung von rechts nach links verwendet wird. Engere Bereiche werden diesen kleinen Nachteil ebenfalls ausgleichen.<\/p>\n\n\n\n<figure class=\"wp-block-image size-full is-resized\"><a href=\"https:\/\/steelstorm.standardof.net\/de\/steel-storm-weapon-screens-storm-plow\/\"><img decoding=\"async\" src=\"https:\/\/steelstorm.standardof.net\/wp-content\/uploads\/sites\/3\/2020\/10\/Steel-Storm-Weapon-Screens-Storm-Plow.jpg\" alt=\"Screenshot des Sturmpfluges in Aktion in Steel Storm.\" class=\"wp-image-115\" width=\"768\" height=\"432\" title=\"\" srcset=\"https:\/\/steelstorm.standardof.net\/wp-content\/uploads\/sites\/3\/2020\/10\/Steel-Storm-Weapon-Screens-Storm-Plow.jpg 1024w, https:\/\/steelstorm.standardof.net\/wp-content\/uploads\/sites\/3\/2020\/10\/Steel-Storm-Weapon-Screens-Storm-Plow-300x169.jpg 300w, https:\/\/steelstorm.standardof.net\/wp-content\/uploads\/sites\/3\/2020\/10\/Steel-Storm-Weapon-Screens-Storm-Plow-768x432.jpg 768w, https:\/\/steelstorm.standardof.net\/wp-content\/uploads\/sites\/3\/2020\/10\/Steel-Storm-Weapon-Screens-Storm-Plow-16x9.jpg 16w\" sizes=\"(max-width: 768px) 100vw, 768px\" \/><\/a><figcaption>Verwendung der Energiewaffe Sturmpflug gegen feindliche Trupps.<\/figcaption><\/figure>\n<\/div><\/div>\n\n\n\n<div style=\"height:20px\" aria-hidden=\"true\" class=\"wp-block-spacer\"><\/div>\n\n\n\n<div class=\"gb-container gb-container-689d21ca\"><div class=\"gb-inside-container\">\n<h2 class=\"has-text-align-center wp-block-heading\">Sturmausbreitung<\/h2>\n\n\n\n<div class=\"wp-block-image\"><figure class=\"aligncenter size-medium\"><a href=\"https:\/\/steelstorm.standardof.net\/de\/steel-storm-weapon-icons-storm-spread\/\"><img decoding=\"async\" width=\"300\" height=\"293\" src=\"https:\/\/steelstorm.standardof.net\/wp-content\/uploads\/sites\/3\/2020\/10\/Steel-Storm-Weapon-Icons-Storm-Spread-300x293.jpg\" alt=\"Sturmausbreitung\" class=\"wp-image-112\" title=\"\" srcset=\"https:\/\/steelstorm.standardof.net\/wp-content\/uploads\/sites\/3\/2020\/10\/Steel-Storm-Weapon-Icons-Storm-Spread-300x293.jpg 300w, https:\/\/steelstorm.standardof.net\/wp-content\/uploads\/sites\/3\/2020\/10\/Steel-Storm-Weapon-Icons-Storm-Spread-12x12.jpg 12w, https:\/\/steelstorm.standardof.net\/wp-content\/uploads\/sites\/3\/2020\/10\/Steel-Storm-Weapon-Icons-Storm-Spread.jpg 429w\" sizes=\"(max-width: 300px) 100vw, 300px\" \/><\/a><figcaption>Sturmausbreitung<\/figcaption><\/figure><\/div>\n\n\n\n<p>Die Storm Spread-Energiewaffe nimmt die blauen Plasmabolzen und feuert sie in einem F\u00e4cherbogen vor Ihrem Panzer ab. Sie f\u00fcgt Zielen direkt vor Ihnen weniger Schaden zu, scheint aber insgesamt mehr Bolzen abzufeuern. Dies macht die Sturmausbreitung zu einer hervorragenden Waffe, um gro\u00dfe Gruppen leichter Feinde zu schw\u00e4chen, die jedoch gegen T\u00fcrme oder schwere Panzer fehlen.<\/p>\n\n\n\n<div class=\"wp-block-image\"><figure class=\"aligncenter size-full is-resized\"><a href=\"https:\/\/steelstorm.standardof.net\/de\/steel-storm-weapon-screens-storm-spread\/\"><img decoding=\"async\" src=\"https:\/\/steelstorm.standardof.net\/wp-content\/uploads\/sites\/3\/2020\/10\/Steel-Storm-Weapon-Screens-Storm-Spread.jpg\" alt=\"Screenshot der Sturmausbreitung in Steel Storm.\" class=\"wp-image-117\" width=\"768\" height=\"432\" title=\"\" srcset=\"https:\/\/steelstorm.standardof.net\/wp-content\/uploads\/sites\/3\/2020\/10\/Steel-Storm-Weapon-Screens-Storm-Spread.jpg 1024w, https:\/\/steelstorm.standardof.net\/wp-content\/uploads\/sites\/3\/2020\/10\/Steel-Storm-Weapon-Screens-Storm-Spread-300x169.jpg 300w, https:\/\/steelstorm.standardof.net\/wp-content\/uploads\/sites\/3\/2020\/10\/Steel-Storm-Weapon-Screens-Storm-Spread-768x432.jpg 768w, https:\/\/steelstorm.standardof.net\/wp-content\/uploads\/sites\/3\/2020\/10\/Steel-Storm-Weapon-Screens-Storm-Spread-16x9.jpg 16w\" sizes=\"(max-width: 768px) 100vw, 768px\" \/><\/a><figcaption>Verwenden der Storm Spread-Energiewaffe gegen Schw\u00e4rme feindlicher Panzer.\n<\/figcaption><\/figure><\/div>\n<\/div><\/div>\n\n\n\n<div style=\"height:20px\" aria-hidden=\"true\" class=\"wp-block-spacer\"><\/div>\n\n\n\n<div class=\"gb-container gb-container-ed53a44b\"><div class=\"gb-inside-container\">\n<h2 class=\"has-text-align-center wp-block-heading\">Sturmschild<\/h2>\n\n\n\n<div class=\"wp-block-image\"><figure class=\"aligncenter size-medium\"><a href=\"https:\/\/steelstorm.standardof.net\/de\/steel-storm-weapon-icons-storm-shield\/\"><img decoding=\"async\" width=\"300\" height=\"272\" src=\"https:\/\/steelstorm.standardof.net\/wp-content\/uploads\/sites\/3\/2020\/10\/Steel-Storm-Weapon-Icons-Storm-Shield-300x272.jpg\" alt=\"Sturmschild\" class=\"wp-image-121\" title=\"\" srcset=\"https:\/\/steelstorm.standardof.net\/wp-content\/uploads\/sites\/3\/2020\/10\/Steel-Storm-Weapon-Icons-Storm-Shield-300x272.jpg 300w, https:\/\/steelstorm.standardof.net\/wp-content\/uploads\/sites\/3\/2020\/10\/Steel-Storm-Weapon-Icons-Storm-Shield-13x12.jpg 13w, https:\/\/steelstorm.standardof.net\/wp-content\/uploads\/sites\/3\/2020\/10\/Steel-Storm-Weapon-Icons-Storm-Shield.jpg 492w\" sizes=\"(max-width: 300px) 100vw, 300px\" \/><\/a><figcaption>Sturmschild<\/figcaption><\/figure><\/div>\n\n\n\n<p>Der Sturmschild ist eher ein Verteidigungswerkzeug als eine Waffe und bringt mehrere Plasmabolzen hervor, die Ihr Schiff st\u00e4ndig umkreisen, w\u00e4hrend die Waffe schie\u00dft. W\u00e4hrend diese Bolzen jede feindliche Einheit besch\u00e4digen, die Ihnen nahe genug kommt, ist ihre F\u00e4higkeit, feindliche Sch\u00fcsse aufzunehmen, wichtiger.<\/p>\n\n\n\n<p> Erwarten Sie nicht, dass dies eine Art Unbesiegbarkeitsschild ist, da L\u00fccken im Ring der Bolzen den Feind immer noch durchlassen und selbst dann kondensiertes Feuer den Sturmschild \u00fcberwinden wird. Betrachten Sie diese Waffe eher als eine Flak-Jacke als als eine vollst\u00e4ndige R\u00fcstung.<\/p>\n\n\n\n<div class=\"wp-block-image\"><figure class=\"aligncenter size-full is-resized\"><a href=\"https:\/\/steelstorm.standardof.net\/de\/steel-storm-weapon-screens-storm-shield\/\"><img decoding=\"async\" src=\"https:\/\/steelstorm.standardof.net\/wp-content\/uploads\/sites\/3\/2020\/10\/Steel-Storm-Weapon-Screens-Storm-Shield.jpg\" alt=\"Screenshot des Sturmschildes in Aktion in Steel Storm.\" class=\"wp-image-116\" width=\"768\" height=\"432\" title=\"\" srcset=\"https:\/\/steelstorm.standardof.net\/wp-content\/uploads\/sites\/3\/2020\/10\/Steel-Storm-Weapon-Screens-Storm-Shield.jpg 1024w, https:\/\/steelstorm.standardof.net\/wp-content\/uploads\/sites\/3\/2020\/10\/Steel-Storm-Weapon-Screens-Storm-Shield-300x169.jpg 300w, https:\/\/steelstorm.standardof.net\/wp-content\/uploads\/sites\/3\/2020\/10\/Steel-Storm-Weapon-Screens-Storm-Shield-768x432.jpg 768w, https:\/\/steelstorm.standardof.net\/wp-content\/uploads\/sites\/3\/2020\/10\/Steel-Storm-Weapon-Screens-Storm-Shield-16x9.jpg 16w\" sizes=\"(max-width: 768px) 100vw, 768px\" \/><\/a><figcaption>Verwenden Sie die Sturmschild-Energiewaffe, um sich gegen Angriffe zu verteidigen.\n<\/figcaption><\/figure><\/div>\n<\/div><\/div>\n\n\n\n<div style=\"height:20px\" aria-hidden=\"true\" class=\"wp-block-spacer\"><\/div>","protected":false},"excerpt":{"rendered":"<p>The Primary weapons group are weapons which are fired constantly with the press of the Mouse 1 (left click) key by default, being more about rapid firing and filling up the screen with your shots than heavy damage. You can fire both Energy and Ballistic primaries at once as long as you have both equipped. [&hellip;]<\/p>","protected":false},"author":1,"featured_media":54,"parent":111,"menu_order":0,"comment_status":"open","ping_status":"closed","template":"","meta":{"_uag_custom_page_level_css":"","site-sidebar-layout":"default","site-content-layout":"default","ast-site-content-layout":"","site-content-style":"default","site-sidebar-style":"default","ast-global-header-display":"","ast-banner-title-visibility":"","ast-main-header-display":"","ast-hfb-above-header-display":"","ast-hfb-below-header-display":"","ast-hfb-mobile-header-display":"","site-post-title":"","ast-breadcrumbs-content":"","ast-featured-img":"","footer-sml-layout":"","theme-transparent-header-meta":"default","adv-header-id-meta":"","stick-header-meta":"","header-above-stick-meta":"","header-main-stick-meta":"","header-below-stick-meta":"","astra-migrate-meta-layouts":"default","ast-page-background-enabled":"default","ast-page-background-meta":{"desktop":{"background-color":"","background-image":"","background-repeat":"repeat","background-position":"center center","background-size":"auto","background-attachment":"scroll","background-type":"","background-media":"","overlay-type":"","overlay-color":"","overlay-gradient":""},"tablet":{"background-color":"","background-image":"","background-repeat":"repeat","background-position":"center center","background-size":"auto","background-attachment":"scroll","background-type":"","background-media":"","overlay-type":"","overlay-color":"","overlay-gradient":""},"mobile":{"background-color":"","background-image":"","background-repeat":"repeat","background-position":"center center","background-size":"auto","background-attachment":"scroll","background-type":"","background-media":"","overlay-type":"","overlay-color":"","overlay-gradient":""}},"ast-content-background-meta":{"desktop":{"background-color":"var(--ast-global-color-5)","background-image":"","background-repeat":"repeat","background-position":"center center","background-size":"auto","background-attachment":"scroll","background-type":"","background-media":"","overlay-type":"","overlay-color":"","overlay-gradient":""},"tablet":{"background-color":"var(--ast-global-color-5)","background-image":"","background-repeat":"repeat","background-position":"center center","background-size":"auto","background-attachment":"scroll","background-type":"","background-media":"","overlay-type":"","overlay-color":"","overlay-gradient":""},"mobile":{"background-color":"var(--ast-global-color-5)","background-image":"","background-repeat":"repeat","background-position":"center center","background-size":"auto","background-attachment":"scroll","background-type":"","background-media":"","overlay-type":"","overlay-color":"","overlay-gradient":""}},"footnotes":""},"uagb_featured_image_src":{"full":["https:\/\/steelstorm.standardof.net\/wp-content\/uploads\/sites\/3\/2020\/10\/MnEdR-1.jpg",1200,750,false],"thumbnail":["https:\/\/steelstorm.standardof.net\/wp-content\/uploads\/sites\/3\/2020\/10\/MnEdR-1-150x150.jpg",150,150,true],"medium":["https:\/\/steelstorm.standardof.net\/wp-content\/uploads\/sites\/3\/2020\/10\/MnEdR-1-300x188.jpg",300,188,true],"medium_large":["https:\/\/steelstorm.standardof.net\/wp-content\/uploads\/sites\/3\/2020\/10\/MnEdR-1-768x480.jpg",768,480,true],"large":["https:\/\/steelstorm.standardof.net\/wp-content\/uploads\/sites\/3\/2020\/10\/MnEdR-1-1024x640.jpg",1024,640,true],"1536x1536":["https:\/\/steelstorm.standardof.net\/wp-content\/uploads\/sites\/3\/2020\/10\/MnEdR-1.jpg",1200,750,false],"2048x2048":["https:\/\/steelstorm.standardof.net\/wp-content\/uploads\/sites\/3\/2020\/10\/MnEdR-1.jpg",1200,750,false],"trp-custom-language-flag":["https:\/\/steelstorm.standardof.net\/wp-content\/uploads\/sites\/3\/2020\/10\/MnEdR-1.jpg",18,12,false]},"uagb_author_info":{"display_name":"SOE","author_link":"https:\/\/steelstorm.standardof.net\/de\/author\/k-tastic\/"},"uagb_comment_info":0,"uagb_excerpt":"The Primary weapons group are weapons which are fired constantly with the press of the Mouse 1 (left click) key by default, being more about rapid firing and filling up the screen with your shots than heavy damage. You can fire both Energy and Ballistic primaries at once as long as you have both equipped.&hellip;","_links":{"self":[{"href":"https:\/\/steelstorm.standardof.net\/de\/wp-json\/wp\/v2\/pages\/168"}],"collection":[{"href":"https:\/\/steelstorm.standardof.net\/de\/wp-json\/wp\/v2\/pages"}],"about":[{"href":"https:\/\/steelstorm.standardof.net\/de\/wp-json\/wp\/v2\/types\/page"}],"author":[{"embeddable":true,"href":"https:\/\/steelstorm.standardof.net\/de\/wp-json\/wp\/v2\/users\/1"}],"replies":[{"embeddable":true,"href":"https:\/\/steelstorm.standardof.net\/de\/wp-json\/wp\/v2\/comments?post=168"}],"version-history":[{"count":0,"href":"https:\/\/steelstorm.standardof.net\/de\/wp-json\/wp\/v2\/pages\/168\/revisions"}],"up":[{"embeddable":true,"href":"https:\/\/steelstorm.standardof.net\/de\/wp-json\/wp\/v2\/pages\/111"}],"wp:featuredmedia":[{"embeddable":true,"href":"https:\/\/steelstorm.standardof.net\/de\/wp-json\/wp\/v2\/media\/54"}],"wp:attachment":[{"href":"https:\/\/steelstorm.standardof.net\/de\/wp-json\/wp\/v2\/media?parent=168"}],"curies":[{"name":"wp","href":"https:\/\/api.w.org\/{rel}","templated":true}]}}