{"id":162,"date":"2020-10-16T19:13:30","date_gmt":"2020-10-16T19:13:30","guid":{"rendered":"https:\/\/steelstorm.standardof.net\/?page_id=162"},"modified":"2020-10-19T05:14:08","modified_gmt":"2020-10-19T05:14:08","slug":"utility-pickups","status":"publish","type":"page","link":"https:\/\/steelstorm.standardof.net\/de\/fuhren\/utility-pickups\/","title":{"rendered":"Utility Pickups"},"content":{"rendered":"<p>Utility-Pickups gelten als Gegenst\u00e4nde, die \u00fcber die verschiedenen Spielebenen verteilt sind und anstelle neuer Waffen verschiedene Vorteile bieten. Diese Gegenst\u00e4nde k\u00f6nnen oft in verschiedenen Kisten gefunden oder durch Zerst\u00f6rung bestimmter Strukturen oder Feinde aufgedeckt werden.<\/p>\n\n\n\n<div style=\"height:20px\" aria-hidden=\"true\" class=\"wp-block-spacer\"><\/div>\n\n\n\n<div class=\"gb-container gb-container-ae025cb2\"><div class=\"gb-inside-container\">\n<h2 class=\"has-text-align-center wp-block-heading\">Panzerplatten<\/h2>\n\n\n\n<div class=\"wp-block-image is-style-default\"><figure class=\"aligncenter size-full\"><a href=\"https:\/\/steelstorm.standardof.net\/de\/steel-storm-utility-armor-plates\/\"><img decoding=\"async\" width=\"674\" height=\"439\" src=\"https:\/\/steelstorm.standardof.net\/wp-content\/uploads\/sites\/3\/2020\/10\/Steel-Storm-Utility-Armor-Plates.jpg\" alt=\"Panzerplatten\" class=\"wp-image-135\" title=\"\" srcset=\"https:\/\/steelstorm.standardof.net\/wp-content\/uploads\/sites\/3\/2020\/10\/Steel-Storm-Utility-Armor-Plates.jpg 674w, https:\/\/steelstorm.standardof.net\/wp-content\/uploads\/sites\/3\/2020\/10\/Steel-Storm-Utility-Armor-Plates-300x195.jpg 300w, https:\/\/steelstorm.standardof.net\/wp-content\/uploads\/sites\/3\/2020\/10\/Steel-Storm-Utility-Armor-Plates-16x10.jpg 16w\" sizes=\"(max-width: 674px) 100vw, 674px\" \/><\/a><figcaption>Panzerplatten<\/figcaption><\/figure><\/div>\n\n\n\n<p>Panzerplatten gibt es in zwei Varianten. Zuerst gibt es die regul\u00e4re R\u00fcstungsplatte, die wie ein einzelner Schraubenschl\u00fcssel aussieht und einen kleinen Teil Ihrer R\u00fcstungsgesundheit, etwa 20%, wieder auff\u00fcllt und das Schiffssymbol unten links auf Ihrem Bildschirm ausf\u00fcllt. Die vollst\u00e4ndige R\u00fcstungsplatte sieht aus wie zwei Schraubenschl\u00fcssel, die wie ein X gekreuzt sind, und stellt alle Trefferpunkte Ihrer R\u00fcstung vollst\u00e4ndig wieder her.<\/p>\n\n\n\n<p class=\"has-text-align-center\">Panzerplatten gew\u00e4hren +100 Punkte<br>Volle R\u00fcstung gew\u00e4hrt +500 Punkte<\/p>\n<\/div><\/div>\n\n\n\n<div style=\"height:20px\" aria-hidden=\"true\" class=\"wp-block-spacer\"><\/div>\n\n\n\n<div class=\"gb-container gb-container-8bc27669\"><div class=\"gb-inside-container\">\n<h2 class=\"has-text-align-center wp-block-heading\">Schilde<\/h2>\n\n\n\n<div class=\"wp-block-image is-style-default\"><figure class=\"aligncenter size-large\"><a href=\"https:\/\/steelstorm.standardof.net\/de\/steel-storm-utility-shields\/\"><img decoding=\"async\" width=\"614\" height=\"371\" src=\"https:\/\/steelstorm.standardof.net\/wp-content\/uploads\/sites\/3\/2020\/10\/Steel-Storm-Utility-Shields.jpg\" alt=\"Schilde\" class=\"wp-image-138\" title=\"\" srcset=\"https:\/\/steelstorm.standardof.net\/wp-content\/uploads\/sites\/3\/2020\/10\/Steel-Storm-Utility-Shields.jpg 614w, https:\/\/steelstorm.standardof.net\/wp-content\/uploads\/sites\/3\/2020\/10\/Steel-Storm-Utility-Shields-300x181.jpg 300w, https:\/\/steelstorm.standardof.net\/wp-content\/uploads\/sites\/3\/2020\/10\/Steel-Storm-Utility-Shields-16x10.jpg 16w\" sizes=\"(max-width: 614px) 100vw, 614px\" \/><\/a><figcaption>Schilde<\/figcaption><\/figure><\/div>\n\n\n\n<p>Schilde sind kleine blau leuchtende Kugeln, in denen sich ein Bild befindet, das Ihrem Schiff \u00e4hnelt. Diese Gegenst\u00e4nde gew\u00e4hren dir einen Verteidigungsschild, der wie ein zweiter Satz Trefferpunkte f\u00fcr dein Schiff ist und den gr\u00f6\u00dften Teil des Schadens aufnimmt, ohne dass es bis zur R\u00fcstung reicht. Du kannst bis zu vier Schildebenen auf deinem Schiff stapeln und jede Aufnahme dieses Gegenstands f\u00fcllt dein aktuelles Level wieder auf, w\u00e4hrend du eine zus\u00e4tzliche Schicht bis zum Maximum hinzuf\u00fcgst. Dies bedeutet, wenn Sie noch eine Schicht bei 5% haben, erhalten Sie von einer dieser Schichten unbedingt + 195% f\u00fcr Ihre Schildst\u00e4rke.<\/p>\n\n\n\n<p>Schild-Trefferpunkte werden durch den blauen Balken ganz unten links auf dem Bildschirm dargestellt, der die aktuelle St\u00e4rke der \u00e4u\u00dfersten Schicht und die Ringe um Ihr Schiffsgesundheitssymbol darstellt, die angeben, wie viele Schichten noch \u00fcbrig sind.<\/p>\n\n\n\n<p class=\"has-text-align-center\">Schilde gew\u00e4hren +1.000 Punkte<\/p>\n<\/div><\/div>\n\n\n\n<div style=\"height:20px\" aria-hidden=\"true\" class=\"wp-block-spacer\"><\/div>\n\n\n\n<div class=\"gb-container gb-container-a8a829b0\"><div class=\"gb-inside-container\">\n<h2 class=\"has-text-align-center wp-block-heading\">Extra Leben<\/h2>\n\n\n\n<div class=\"wp-block-image is-style-default\"><figure class=\"aligncenter size-large\"><a href=\"https:\/\/steelstorm.standardof.net\/de\/steel-storm-utility-extra-life\/\"><img decoding=\"async\" width=\"443\" height=\"407\" src=\"https:\/\/steelstorm.standardof.net\/wp-content\/uploads\/sites\/3\/2020\/10\/Steel-Storm-Utility-Extra-Life.jpg\" alt=\"Extra Leben\" class=\"wp-image-137\" title=\"\" srcset=\"https:\/\/steelstorm.standardof.net\/wp-content\/uploads\/sites\/3\/2020\/10\/Steel-Storm-Utility-Extra-Life.jpg 443w, https:\/\/steelstorm.standardof.net\/wp-content\/uploads\/sites\/3\/2020\/10\/Steel-Storm-Utility-Extra-Life-300x276.jpg 300w, https:\/\/steelstorm.standardof.net\/wp-content\/uploads\/sites\/3\/2020\/10\/Steel-Storm-Utility-Extra-Life-13x12.jpg 13w\" sizes=\"(max-width: 443px) 100vw, 443px\" \/><\/a><figcaption>Extra Leben<\/figcaption><\/figure><\/div>\n\n\n\n<p>Wie zu erwarten, gew\u00e4hren Ihnen diese leuchtend gelben Tonabnehmer, die bis auf ihre Farbe den Schilden \u00e4hneln, ein zus\u00e4tzliches Leben, mit dem Sie die Mission abschlie\u00dfen k\u00f6nnen. Diese sind nicht wirklich in Beh\u00e4ltern wie den anderen Gegenst\u00e4nden zu finden, meistens versteckt in schwer zug\u00e4nglichen Bereichen oder irgendwo, wo Sie wahrscheinlich Ihren Arsch schlagen lassen.<\/p>\n<\/div><\/div>\n\n\n\n<div style=\"height:20px\" aria-hidden=\"true\" class=\"wp-block-spacer\"><\/div>\n\n\n\n<div class=\"gb-container gb-container-54835e6c\"><div class=\"gb-inside-container\">\n<h2 class=\"has-text-align-center wp-block-heading\">Bonuspunktkristalle<\/h2>\n\n\n\n<div class=\"wp-block-image is-style-default\"><figure class=\"aligncenter size-large\"><a href=\"https:\/\/steelstorm.standardof.net\/de\/steel-storm-utility-crystals\/\"><img decoding=\"async\" width=\"711\" height=\"533\" src=\"https:\/\/steelstorm.standardof.net\/wp-content\/uploads\/sites\/3\/2020\/10\/Steel-Storm-Utility-Crystals.jpg\" alt=\"Bonuspunktkristalle\" class=\"wp-image-136\" title=\"\" srcset=\"https:\/\/steelstorm.standardof.net\/wp-content\/uploads\/sites\/3\/2020\/10\/Steel-Storm-Utility-Crystals.jpg 711w, https:\/\/steelstorm.standardof.net\/wp-content\/uploads\/sites\/3\/2020\/10\/Steel-Storm-Utility-Crystals-300x225.jpg 300w, https:\/\/steelstorm.standardof.net\/wp-content\/uploads\/sites\/3\/2020\/10\/Steel-Storm-Utility-Crystals-16x12.jpg 16w\" sizes=\"(max-width: 711px) 100vw, 711px\" \/><\/a><figcaption>Bonuspunktkristalle<\/figcaption><\/figure><\/div>\n\n\n\n<p>Diese Pickups gew\u00e4hren Ihnen einfach zus\u00e4tzliche Punkte und erh\u00f6hen Ihre Punktzahl. Sie sind in drei Farbvarianten erh\u00e4ltlich, die jeweils eine unterschiedliche Menge wert sind. Sie sind \u00fcberall zu finden und fallen oft auch von einer Reihe zerst\u00f6rter Feinde oder Gegenst\u00e4nde ab, wobei die wertvolleren Arten normalerweise in schwer erreichbaren oder gef\u00e4hrlicheren Gebieten zu finden sind.<\/p>\n\n\n\n<p class=\"has-text-align-center\">Rote Bonuskristalle sind +100 Punkte wert.<br>Gr\u00fcne Bonuskristalle sind +1.000 Punkte wert.<br>Blaue Bonuskristalle sind +10.000 Punkte wert.<\/p>\n<\/div><\/div>\n\n\n\n<div style=\"height:20px\" aria-hidden=\"true\" class=\"wp-block-spacer\"><\/div>","protected":false},"excerpt":{"rendered":"<p>Utility pickups are considered the items found scattered throughout the various game levels that provide various benefits instead of new weapons. These items can be often found in various crates or uncovered by destroying certain structures or enemies. Armor Plates Armor Plates come in two varieties. First there is the regular Armor Plate, looking like [&hellip;]<\/p>","protected":false},"author":1,"featured_media":54,"parent":6,"menu_order":0,"comment_status":"open","ping_status":"closed","template":"","meta":{"_uag_custom_page_level_css":"","site-sidebar-layout":"default","site-content-layout":"default","ast-site-content-layout":"","site-content-style":"default","site-sidebar-style":"default","ast-global-header-display":"","ast-banner-title-visibility":"","ast-main-header-display":"","ast-hfb-above-header-display":"","ast-hfb-below-header-display":"","ast-hfb-mobile-header-display":"","site-post-title":"","ast-breadcrumbs-content":"","ast-featured-img":"","footer-sml-layout":"","theme-transparent-header-meta":"default","adv-header-id-meta":"","stick-header-meta":"","header-above-stick-meta":"","header-main-stick-meta":"","header-below-stick-meta":"","astra-migrate-meta-layouts":"default","ast-page-background-enabled":"default","ast-page-background-meta":{"desktop":{"background-color":"","background-image":"","background-repeat":"repeat","background-position":"center center","background-size":"auto","background-attachment":"scroll","background-type":"","background-media":"","overlay-type":"","overlay-color":"","overlay-gradient":""},"tablet":{"background-color":"","background-image":"","background-repeat":"repeat","background-position":"center center","background-size":"auto","background-attachment":"scroll","background-type":"","background-media":"","overlay-type":"","overlay-color":"","overlay-gradient":""},"mobile":{"background-color":"","background-image":"","background-repeat":"repeat","background-position":"center center","background-size":"auto","background-attachment":"scroll","background-type":"","background-media":"","overlay-type":"","overlay-color":"","overlay-gradient":""}},"ast-content-background-meta":{"desktop":{"background-color":"var(--ast-global-color-5)","background-image":"","background-repeat":"repeat","background-position":"center center","background-size":"auto","background-attachment":"scroll","background-type":"","background-media":"","overlay-type":"","overlay-color":"","overlay-gradient":""},"tablet":{"background-color":"var(--ast-global-color-5)","background-image":"","background-repeat":"repeat","background-position":"center center","background-size":"auto","background-attachment":"scroll","background-type":"","background-media":"","overlay-type":"","overlay-color":"","overlay-gradient":""},"mobile":{"background-color":"var(--ast-global-color-5)","background-image":"","background-repeat":"repeat","background-position":"center center","background-size":"auto","background-attachment":"scroll","background-type":"","background-media":"","overlay-type":"","overlay-color":"","overlay-gradient":""}},"footnotes":""},"uagb_featured_image_src":{"full":["https:\/\/steelstorm.standardof.net\/wp-content\/uploads\/sites\/3\/2020\/10\/MnEdR-1.jpg",1200,750,false],"thumbnail":["https:\/\/steelstorm.standardof.net\/wp-content\/uploads\/sites\/3\/2020\/10\/MnEdR-1-150x150.jpg",150,150,true],"medium":["https:\/\/steelstorm.standardof.net\/wp-content\/uploads\/sites\/3\/2020\/10\/MnEdR-1-300x188.jpg",300,188,true],"medium_large":["https:\/\/steelstorm.standardof.net\/wp-content\/uploads\/sites\/3\/2020\/10\/MnEdR-1-768x480.jpg",768,480,true],"large":["https:\/\/steelstorm.standardof.net\/wp-content\/uploads\/sites\/3\/2020\/10\/MnEdR-1-1024x640.jpg",1024,640,true],"1536x1536":["https:\/\/steelstorm.standardof.net\/wp-content\/uploads\/sites\/3\/2020\/10\/MnEdR-1.jpg",1200,750,false],"2048x2048":["https:\/\/steelstorm.standardof.net\/wp-content\/uploads\/sites\/3\/2020\/10\/MnEdR-1.jpg",1200,750,false],"trp-custom-language-flag":["https:\/\/steelstorm.standardof.net\/wp-content\/uploads\/sites\/3\/2020\/10\/MnEdR-1.jpg",18,12,false]},"uagb_author_info":{"display_name":"SOE","author_link":"https:\/\/steelstorm.standardof.net\/de\/author\/k-tastic\/"},"uagb_comment_info":0,"uagb_excerpt":"Utility pickups are considered the items found scattered throughout the various game levels that provide various benefits instead of new weapons. These items can be often found in various crates or uncovered by destroying certain structures or enemies. Armor Plates Armor Plates come in two varieties. First there is the regular Armor Plate, looking like&hellip;","_links":{"self":[{"href":"https:\/\/steelstorm.standardof.net\/de\/wp-json\/wp\/v2\/pages\/162"}],"collection":[{"href":"https:\/\/steelstorm.standardof.net\/de\/wp-json\/wp\/v2\/pages"}],"about":[{"href":"https:\/\/steelstorm.standardof.net\/de\/wp-json\/wp\/v2\/types\/page"}],"author":[{"embeddable":true,"href":"https:\/\/steelstorm.standardof.net\/de\/wp-json\/wp\/v2\/users\/1"}],"replies":[{"embeddable":true,"href":"https:\/\/steelstorm.standardof.net\/de\/wp-json\/wp\/v2\/comments?post=162"}],"version-history":[{"count":0,"href":"https:\/\/steelstorm.standardof.net\/de\/wp-json\/wp\/v2\/pages\/162\/revisions"}],"up":[{"embeddable":true,"href":"https:\/\/steelstorm.standardof.net\/de\/wp-json\/wp\/v2\/pages\/6"}],"wp:featuredmedia":[{"embeddable":true,"href":"https:\/\/steelstorm.standardof.net\/de\/wp-json\/wp\/v2\/media\/54"}],"wp:attachment":[{"href":"https:\/\/steelstorm.standardof.net\/de\/wp-json\/wp\/v2\/media?parent=162"}],"curies":[{"name":"wp","href":"https:\/\/api.w.org\/{rel}","templated":true}]}}