{"id":111,"date":"2020-10-16T18:47:20","date_gmt":"2020-10-16T18:47:20","guid":{"rendered":"https:\/\/steelstorm.standardof.net\/?page_id=111"},"modified":"2020-10-19T05:14:40","modified_gmt":"2020-10-19T05:14:40","slug":"weapons","status":"publish","type":"page","link":"https:\/\/steelstorm.standardof.net\/de\/fuhren\/waffen\/","title":{"rendered":"Waffen"},"content":{"rendered":"<div class=\"gb-container gb-container-27be7412\"><div class=\"gb-inside-container\">\n<h3 class=\"has-text-align-center wp-block-heading\">\u26a0\ufe0f \u00dcbertragen von Waffen zwischen Missionen \u26a0\ufe0f<\/h3>\n\n\n\n<p>Es ist wichtig, sich daran zu erinnern, dass wenn Sie eine Waffe in einem Level aufheben und sterben, bevor Sie das Level verlassen, w\u00e4hrend die Waffe noch ausger\u00fcstet ist, diese Waffe zerst\u00f6rt wird und Sie das Level neu starten m\u00fcssen, um sie erneut zu erhalten. Wenn Sie ein Level mit ausger\u00fcsteten Waffen verlassen, wird es dauerhaft gespeichert, sodass Sie neue Missionen starten oder alte mit den Waffen wiederholen k\u00f6nnen, die Sie beim letzten Abschluss eines Levels ausger\u00fcstet hatten. Wenn Sie die n\u00e4chste Mission mit einem anderen Waffensatz verlassen, werden diese zu Ihrem neuen permanenten Satz.<\/p>\n\n\n\n<p>Sie k\u00f6nnen Waffen nicht au\u00dferhalb der Level selbst wechseln und nur, indem Sie die Pickups abrufen und verlassen, selbst wenn Sie diese Waffen zuvor gespeichert haben. Wenn du in einem Level stirbst, wirst du mit den Waffen, die du zu Beginn der Mission ausger\u00fcstet hast, wieder erscheinen. Schlie\u00dflich ist es aber immer noch wichtig, dass diese Waffenfortsetzung f\u00fcr jede Gruppe von Missionen im Kampagnenbildschirm spezifisch ist. Daher haben Bonuslevel, Episode 1 und Episode 2 einen eigenen \u201eWaffenspeicher\u201c und Gegenst\u00e4nde k\u00f6nnen nicht zwischen diesen Gruppen \u00fcbertragen werden.<\/p>\n<\/div><\/div>\n\n\n\n<div style=\"height:20px\" aria-hidden=\"true\" class=\"wp-block-spacer\"><\/div>\n\n\n\n<div class=\"wp-block-cover has-background-dim-80 has-background-dim\" style=\"background-image:url(https:\/\/steelstorm.standardof.net\/wp-content\/uploads\/sites\/3\/2020\/10\/Steel-Storm-Weapon-Screens-Storm-Spread.jpg);min-height:220px;aspect-ratio:unset;\"><div class=\"wp-block-cover__inner-container is-layout-flow wp-block-cover-is-layout-flow\">\n<h2 class=\"has-text-align-center wp-block-heading\"><a href=\"https:\/\/steelstorm.standardof.net\/de\/fuhren\/waffen\/primarwaffen\/\" class=\"rank-math-link\">Prim\u00e4rwaffen<\/a><\/h2>\n\n\n\n<p class=\"has-text-align-center\">Das <strong>Prim\u00e4r <\/strong>Bei einer Waffengruppe handelt es sich um Waffen, die standardm\u00e4\u00dfig durch Dr\u00fccken der Maustaste 1 (Linksklick) abgefeuert werden. Dabei geht es mehr um schnelles Schie\u00dfen und das Auff\u00fcllen des Bildschirms mit Ihren Sch\u00fcssen als um schweren Schaden. Sie k\u00f6nnen sowohl Energie- als auch ballistische Vorwahlen gleichzeitig abfeuern, solange Sie beide ausger\u00fcstet haben.<\/p>\n<\/div><\/div>\n\n\n\n<div style=\"height:20px\" aria-hidden=\"true\" class=\"wp-block-spacer\"><\/div>\n\n\n\n<div class=\"wp-block-cover has-background-dim-80 has-background-dim\" style=\"background-image:url(https:\/\/steelstorm.standardof.net\/wp-content\/uploads\/sites\/3\/2020\/10\/Steel-Storm-Weapons-Beam-Cannon-Screenshot.jpg);min-height:220px;aspect-ratio:unset;\"><div class=\"wp-block-cover__inner-container is-layout-flow wp-block-cover-is-layout-flow\">\n<h2 class=\"has-text-align-center wp-block-heading\"><a href=\"https:\/\/steelstorm.standardof.net\/de\/fuhren\/waffen\/sekundarwaffen\/\" class=\"rank-math-link\">Sekund\u00e4rwaffen<\/a><\/h2>\n\n\n\n<p class=\"has-text-align-center\">Das <strong>Sekund\u00e4r <\/strong>Eine Gruppe von Waffen wird standardm\u00e4\u00dfig mit der Maustaste 2 (Rechtsklick) abgefeuert, wodurch Ihr Panzer eine h\u00f6here Feuerkraft erh\u00e4lt. Normalerweise k\u00f6nnen Sie immer nur eine der Energie- oder ballistischen Waffen gleichzeitig abfeuern. Wenn Sie jedoch die Umschalttaste verwenden, um schnell hin und her zu wechseln, k\u00f6nnen Sie tats\u00e4chlich beide gleichzeitig verwenden.<\/p>\n<\/div><\/div>\n\n\n\n<div style=\"height:20px\" aria-hidden=\"true\" class=\"wp-block-spacer\"><\/div>\n\n\n\n<div class=\"wp-block-cover has-background-dim-80 has-background-dim\" style=\"background-image:url(https:\/\/steelstorm.standardof.net\/wp-content\/uploads\/sites\/3\/2020\/10\/Steel-Storm-Weapons-Shockwave-Firing.jpg);background-position:62% 72%;min-height:220px;aspect-ratio:unset;\"><div class=\"wp-block-cover__inner-container is-layout-flow wp-block-cover-is-layout-flow\">\n<h2 class=\"has-text-align-center wp-block-heading\"><a href=\"https:\/\/steelstorm.standardof.net\/de\/fuhren\/waffen\/spezialwaffen\/\" class=\"rank-math-link\">Spezialwaffen<\/a><\/h2>\n\n\n\n<p class=\"has-text-align-center\"><strong>Spezialwaffen <\/strong>sind solche, die mit der Leertaste ausgel\u00f6st werden und n\u00fctzliche Effekte bieten. Derzeit gibt es nur eine spezielle Waffe, die Shockwave.<\/p>\n<\/div><\/div>\n\n\n\n<div style=\"height:20px\" aria-hidden=\"true\" class=\"wp-block-spacer\"><\/div>\n\n\n\n<p><\/p>","protected":false},"excerpt":{"rendered":"<p>\u26a0\ufe0f Carrying Over Weapons Between Missions \u26a0\ufe0f It is important to remember that if you pick up a weapon in a level and die before leaving the level with the weapon still equipped, that weapon will be destroyed and you will have to restart the level to obtain it again. When you leave a level [&hellip;]<\/p>","protected":false},"author":1,"featured_media":54,"parent":6,"menu_order":0,"comment_status":"open","ping_status":"closed","template":"","meta":{"_uag_custom_page_level_css":"","site-sidebar-layout":"default","site-content-layout":"default","ast-site-content-layout":"","site-content-style":"default","site-sidebar-style":"default","ast-global-header-display":"","ast-banner-title-visibility":"","ast-main-header-display":"","ast-hfb-above-header-display":"","ast-hfb-below-header-display":"","ast-hfb-mobile-header-display":"","site-post-title":"","ast-breadcrumbs-content":"","ast-featured-img":"","footer-sml-layout":"","theme-transparent-header-meta":"default","adv-header-id-meta":"","stick-header-meta":"","header-above-stick-meta":"","header-main-stick-meta":"","header-below-stick-meta":"","astra-migrate-meta-layouts":"default","ast-page-background-enabled":"default","ast-page-background-meta":{"desktop":{"background-color":"","background-image":"","background-repeat":"repeat","background-position":"center center","background-size":"auto","background-attachment":"scroll","background-type":"","background-media":"","overlay-type":"","overlay-color":"","overlay-gradient":""},"tablet":{"background-color":"","background-image":"","background-repeat":"repeat","background-position":"center center","background-size":"auto","background-attachment":"scroll","background-type":"","background-media":"","overlay-type":"","overlay-color":"","overlay-gradient":""},"mobile":{"background-color":"","background-image":"","background-repeat":"repeat","background-position":"center center","background-size":"auto","background-attachment":"scroll","background-type":"","background-media":"","overlay-type":"","overlay-color":"","overlay-gradient":""}},"ast-content-background-meta":{"desktop":{"background-color":"var(--ast-global-color-5)","background-image":"","background-repeat":"repeat","background-position":"center center","background-size":"auto","background-attachment":"scroll","background-type":"","background-media":"","overlay-type":"","overlay-color":"","overlay-gradient":""},"tablet":{"background-color":"var(--ast-global-color-5)","background-image":"","background-repeat":"repeat","background-position":"center center","background-size":"auto","background-attachment":"scroll","background-type":"","background-media":"","overlay-type":"","overlay-color":"","overlay-gradient":""},"mobile":{"background-color":"var(--ast-global-color-5)","background-image":"","background-repeat":"repeat","background-position":"center center","background-size":"auto","background-attachment":"scroll","background-type":"","background-media":"","overlay-type":"","overlay-color":"","overlay-gradient":""}},"footnotes":""},"uagb_featured_image_src":{"full":["https:\/\/steelstorm.standardof.net\/wp-content\/uploads\/sites\/3\/2020\/10\/MnEdR-1.jpg",1200,750,false],"thumbnail":["https:\/\/steelstorm.standardof.net\/wp-content\/uploads\/sites\/3\/2020\/10\/MnEdR-1-150x150.jpg",150,150,true],"medium":["https:\/\/steelstorm.standardof.net\/wp-content\/uploads\/sites\/3\/2020\/10\/MnEdR-1-300x188.jpg",300,188,true],"medium_large":["https:\/\/steelstorm.standardof.net\/wp-content\/uploads\/sites\/3\/2020\/10\/MnEdR-1-768x480.jpg",768,480,true],"large":["https:\/\/steelstorm.standardof.net\/wp-content\/uploads\/sites\/3\/2020\/10\/MnEdR-1-1024x640.jpg",1024,640,true],"1536x1536":["https:\/\/steelstorm.standardof.net\/wp-content\/uploads\/sites\/3\/2020\/10\/MnEdR-1.jpg",1200,750,false],"2048x2048":["https:\/\/steelstorm.standardof.net\/wp-content\/uploads\/sites\/3\/2020\/10\/MnEdR-1.jpg",1200,750,false],"trp-custom-language-flag":["https:\/\/steelstorm.standardof.net\/wp-content\/uploads\/sites\/3\/2020\/10\/MnEdR-1.jpg",18,12,false]},"uagb_author_info":{"display_name":"SOE","author_link":"https:\/\/steelstorm.standardof.net\/de\/author\/k-tastic\/"},"uagb_comment_info":0,"uagb_excerpt":"\u26a0\ufe0f Carrying Over Weapons Between Missions \u26a0\ufe0f It is important to remember that if you pick up a weapon in a level and die before leaving the level with the weapon still equipped, that weapon will be destroyed and you will have to restart the level to obtain it again. When you leave a level&hellip;","_links":{"self":[{"href":"https:\/\/steelstorm.standardof.net\/de\/wp-json\/wp\/v2\/pages\/111"}],"collection":[{"href":"https:\/\/steelstorm.standardof.net\/de\/wp-json\/wp\/v2\/pages"}],"about":[{"href":"https:\/\/steelstorm.standardof.net\/de\/wp-json\/wp\/v2\/types\/page"}],"author":[{"embeddable":true,"href":"https:\/\/steelstorm.standardof.net\/de\/wp-json\/wp\/v2\/users\/1"}],"replies":[{"embeddable":true,"href":"https:\/\/steelstorm.standardof.net\/de\/wp-json\/wp\/v2\/comments?post=111"}],"version-history":[{"count":0,"href":"https:\/\/steelstorm.standardof.net\/de\/wp-json\/wp\/v2\/pages\/111\/revisions"}],"up":[{"embeddable":true,"href":"https:\/\/steelstorm.standardof.net\/de\/wp-json\/wp\/v2\/pages\/6"}],"wp:featuredmedia":[{"embeddable":true,"href":"https:\/\/steelstorm.standardof.net\/de\/wp-json\/wp\/v2\/media\/54"}],"wp:attachment":[{"href":"https:\/\/steelstorm.standardof.net\/de\/wp-json\/wp\/v2\/media?parent=111"}],"curies":[{"name":"wp","href":"https:\/\/api.w.org\/{rel}","templated":true}]}}