{"id":107,"date":"2020-10-16T18:14:58","date_gmt":"2020-10-16T18:14:58","guid":{"rendered":"https:\/\/steelstorm.standardof.net\/?page_id=107"},"modified":"2020-11-11T07:08:43","modified_gmt":"2020-11-11T07:08:43","slug":"turrets","status":"publish","type":"page","link":"https:\/\/steelstorm.standardof.net\/de\/fuhren\/feindliche-einheiten\/turme\/","title":{"rendered":"T\u00fcrme"},"content":{"rendered":"<p>Die T\u00fcrme sind die station\u00e4ren Verteidiger feindlicher St\u00fctzpunkte und Territorien und besitzen einige Waffen und F\u00e4higkeiten, die die mobilen Feinde nicht besitzen. Von all diesen ist der Reparaturturm aufgrund seiner besonderen F\u00e4higkeiten wahrscheinlich der potenziell gef\u00e4hrlichste. Aufgrund ihrer mangelnden Mobilit\u00e4t finden Sie h\u00e4ufig M\u00f6glichkeiten, diese Einheiten direkt dort zu treffen, wo sie Sie aufgrund eines Hindernisses nicht zur\u00fcckschlagen k\u00f6nnen.<\/p>\n\n\n\n<div style=\"height:20px\" aria-hidden=\"true\" class=\"wp-block-spacer\"><\/div>\n\n\n\n<div class=\"gb-container gb-container-ae025cb2\"><div class=\"gb-inside-container\">\n<h2 class=\"wp-block-heading\">Leichter Plasma-Turm<\/h2>\n\n\n\n<div class=\"wp-block-image is-style-default\"><figure class=\"aligncenter size-large\"><a href=\"https:\/\/steelstorm.standardof.net\/de\/fuhren\/feindliche-einheiten\/turme\/steel-storm-enemy-turrets-light-plasma\/\"><img decoding=\"async\" width=\"469\" height=\"420\" src=\"https:\/\/steelstorm.standardof.net\/wp-content\/uploads\/sites\/3\/2020\/10\/Steel-Storm-Enemy-Turrets-Light-Plasma-469x420.jpg\" alt=\"Leichter Plasma-Turm\" class=\"wp-image-28\" title=\"\" srcset=\"https:\/\/steelstorm.standardof.net\/wp-content\/uploads\/sites\/3\/2020\/10\/Steel-Storm-Enemy-Turrets-Light-Plasma.jpg 469w, https:\/\/steelstorm.standardof.net\/wp-content\/uploads\/sites\/3\/2020\/10\/Steel-Storm-Enemy-Turrets-Light-Plasma-300x269.jpg 300w\" sizes=\"(max-width: 469px) 100vw, 469px\" \/><\/a><figcaption>Leichter Plasma-Turm<\/figcaption><\/figure><\/div>\n\n\n\n<p>Der Light Plasma Turret teilt seine Waffe mit dem Light Tank, einer im Wesentlichen h\u00e4rteren station\u00e4ren Variante dieses Feindes. Es feuert Light Plasma-Bolzen doppelt so schnell ab wie die Light-Panzer, ist jedoch im Allgemeinen keine signifikante Bedrohung, es sei denn, Sie werden mit einigen auf engstem Raum gefangen.<\/p>\n<\/div><\/div>\n\n\n\n<div style=\"height:20px\" aria-hidden=\"true\" class=\"wp-block-spacer\"><\/div>\n\n\n\n<div class=\"gb-container gb-container-e480a6f2\"><div class=\"gb-inside-container\">\n<h2 class=\"wp-block-heading\">Schwerer Turm<\/h2>\n\n\n\n<div class=\"wp-block-image is-style-default\"><figure class=\"aligncenter size-large\"><a href=\"https:\/\/steelstorm.standardof.net\/de\/fuhren\/feindliche-einheiten\/turme\/steel-storm-enemy-turrets-heavy-beam\/\"><img decoding=\"async\" width=\"471\" height=\"416\" src=\"https:\/\/steelstorm.standardof.net\/wp-content\/uploads\/sites\/3\/2020\/10\/Steel-Storm-Enemy-Turrets-Heavy-Beam-471x416.jpg\" alt=\"Schwerer Turm\" class=\"wp-image-27\" title=\"\" srcset=\"https:\/\/steelstorm.standardof.net\/wp-content\/uploads\/sites\/3\/2020\/10\/Steel-Storm-Enemy-Turrets-Heavy-Beam.jpg 471w, https:\/\/steelstorm.standardof.net\/wp-content\/uploads\/sites\/3\/2020\/10\/Steel-Storm-Enemy-Turrets-Heavy-Beam-300x265.jpg 300w\" sizes=\"(max-width: 471px) 100vw, 471px\" \/><\/a><figcaption>Schwerer Turm<\/figcaption><\/figure><\/div>\n\n\n\n<p>Der Heavy Beam Turret feuert eine kleinere rote Variante Ihrer Beam Cannon ab und trifft Sie sofort, wenn Sie abgefeuert werden, um eine kleine, aber erhebliche Menge an Schaden zu verursachen. Es gibt keine gute M\u00f6glichkeit, dem Strahl auszuweichen, und die Sto\u00dfwelle kann ihn nicht abwehren, sodass Sie Homing Missiles aus einer Ecke abfeuern oder sich aus einer Richtung n\u00e4hern k\u00f6nnen, in der Sie die langsame Drehgeschwindigkeit dieses Turmes schnell nutzen k\u00f6nnen. Zwischen den Sch\u00fcssen liegt eine kurze Ladezeit, die Sie ebenfalls nutzen k\u00f6nnen. Wenn es schwierig ist, schnell hinter den Ecken herauszukommen, kann der Heavy Beam dazu gebracht werden, auf ein Hindernis zu schie\u00dfen.<\/p>\n<\/div><\/div>\n\n\n\n<div style=\"height:20px\" aria-hidden=\"true\" class=\"wp-block-spacer\"><\/div>\n\n\n\n<div class=\"gb-container gb-container-b346aadf\"><div class=\"gb-inside-container\">\n<h2 class=\"wp-block-heading\">Raketenturm<\/h2>\n\n\n\n<div class=\"wp-block-image is-style-default\"><figure class=\"aligncenter size-large\"><a href=\"https:\/\/steelstorm.standardof.net\/de\/fuhren\/feindliche-einheiten\/turme\/steel-storm-enemy-turrets-rocket\/\"><img decoding=\"async\" width=\"497\" height=\"461\" src=\"https:\/\/steelstorm.standardof.net\/wp-content\/uploads\/sites\/3\/2020\/10\/Steel-Storm-Enemy-Turrets-Rocket-497x461.jpg\" alt=\"Raketenturm\" class=\"wp-image-30\" title=\"\" srcset=\"https:\/\/steelstorm.standardof.net\/wp-content\/uploads\/sites\/3\/2020\/10\/Steel-Storm-Enemy-Turrets-Rocket.jpg 497w, https:\/\/steelstorm.standardof.net\/wp-content\/uploads\/sites\/3\/2020\/10\/Steel-Storm-Enemy-Turrets-Rocket-300x278.jpg 300w\" sizes=\"(max-width: 497px) 100vw, 497px\" \/><\/a><figcaption>Raketenturm<\/figcaption><\/figure><\/div>\n\n\n\n<p>Raketent\u00fcrme sind station\u00e4re Waffenplattformen, die den gleichen Effekt wie Ihre Raketenpod-Waffe haben. Diese Gesch\u00fctzt\u00fcrme starten eine Flut von Raketen, die tats\u00e4chlich die doppelte Reichweite Ihrer Raketenh\u00fclsen haben, was diese Waffe auf engstem Raum besonders t\u00f6dlich macht. Zum Gl\u00fcck sind die Raketen langsam genug, um in einem offenen Raum m\u00fchelos auszuweichen, und die Sto\u00dfwelle kann verwendet werden, um die Raketen zur\u00fcck in den Raketenturm zu sto\u00dfen, was oft mehr als genug ist, um sie vollst\u00e4ndig zu zerst\u00f6ren. Ein Sperrfeuer dieser Raketen reicht oft aus, um dich sofort zu zerst\u00f6ren, selbst mit voller R\u00fcstung und ein paar Schichten Schilde.<\/p>\n<\/div><\/div>\n\n\n\n<div style=\"height:20px\" aria-hidden=\"true\" class=\"wp-block-spacer\"><\/div>\n\n\n\n<div class=\"gb-container gb-container-0b6d8679\"><div class=\"gb-inside-container\">\n<h2 class=\"wp-block-heading\">Turm reparieren<\/h2>\n\n\n\n<div class=\"wp-block-image is-style-default\"><figure class=\"aligncenter size-large\"><a href=\"https:\/\/steelstorm.standardof.net\/de\/fuhren\/feindliche-einheiten\/turme\/steel-storm-enemy-turrets-repair\/\"><img decoding=\"async\" width=\"480\" height=\"388\" src=\"https:\/\/steelstorm.standardof.net\/wp-content\/uploads\/sites\/3\/2020\/10\/Steel-Storm-Enemy-Turrets-Repair-480x388.jpg\" alt=\"Turm reparieren\" class=\"wp-image-29\" title=\"\" srcset=\"https:\/\/steelstorm.standardof.net\/wp-content\/uploads\/sites\/3\/2020\/10\/Steel-Storm-Enemy-Turrets-Repair.jpg 480w, https:\/\/steelstorm.standardof.net\/wp-content\/uploads\/sites\/3\/2020\/10\/Steel-Storm-Enemy-Turrets-Repair-300x243.jpg 300w\" sizes=\"(max-width: 480px) 100vw, 480px\" \/><\/a><figcaption>Turm reparieren<\/figcaption><\/figure><\/div>\n\n\n\n<p>Der Repair Turret besitzt zwar keine eigenen Waffen, ist aber mit Sicherheit der gr\u00f6\u00dfte Schmerz von allen vier. Wie zu erwarten ist, besteht der einzige Zweck des Reparaturturms darin, alle in der N\u00e4he befindlichen H\u00fclsen verstorbener Feinde zu verj\u00fcngen und wieder zum Leben zu erwecken. Sie k\u00f6nnen auf das deutliche Ger\u00e4usch seiner Reparaturf\u00e4higkeit und den gelben Strahl h\u00f6ren, der sich vom Turm zum Reparaturziel erstreckt, um sie au\u00dferhalb des Bildschirms zu lokalisieren. Versuchen Sie immer, entweder mobile Feinde so weit wie m\u00f6glich von den Reparaturt\u00fcrmen wegzuziehen, um sie aus der Wiederbelebungszone zu entfernen, oder den Turm schnell zu st\u00fcrmen, insbesondere wenn er in einem Feld toter Einheiten erscheint, bevor er eine ganze Zombie-Armee aufstellt, um Sie anzugreifen .<\/p>\n<\/div><\/div>","protected":false},"excerpt":{"rendered":"<p>The Turrets are the stationary defenders of enemy bases and territory, possessing some weapons and abilities not possessed by the mobile hostiles. Of all these, probably the Repair Turret is the most potentially hazardous due to its special ability. Due to their lack of mobility you can often find ways of hitting these units directly [&hellip;]<\/p>","protected":false},"author":1,"featured_media":54,"parent":32,"menu_order":0,"comment_status":"open","ping_status":"closed","template":"","meta":{"_uag_custom_page_level_css":"","site-sidebar-layout":"default","site-content-layout":"default","ast-site-content-layout":"","site-content-style":"default","site-sidebar-style":"default","ast-global-header-display":"","ast-banner-title-visibility":"","ast-main-header-display":"","ast-hfb-above-header-display":"","ast-hfb-below-header-display":"","ast-hfb-mobile-header-display":"","site-post-title":"","ast-breadcrumbs-content":"","ast-featured-img":"","footer-sml-layout":"","theme-transparent-header-meta":"default","adv-header-id-meta":"","stick-header-meta":"","header-above-stick-meta":"","header-main-stick-meta":"","header-below-stick-meta":"","astra-migrate-meta-layouts":"default","ast-page-background-enabled":"default","ast-page-background-meta":{"desktop":{"background-color":"","background-image":"","background-repeat":"repeat","background-position":"center center","background-size":"auto","background-attachment":"scroll","background-type":"","background-media":"","overlay-type":"","overlay-color":"","overlay-gradient":""},"tablet":{"background-color":"","background-image":"","background-repeat":"repeat","background-position":"center center","background-size":"auto","background-attachment":"scroll","background-type":"","background-media":"","overlay-type":"","overlay-color":"","overlay-gradient":""},"mobile":{"background-color":"","background-image":"","background-repeat":"repeat","background-position":"center center","background-size":"auto","background-attachment":"scroll","background-type":"","background-media":"","overlay-type":"","overlay-color":"","overlay-gradient":""}},"ast-content-background-meta":{"desktop":{"background-color":"var(--ast-global-color-5)","background-image":"","background-repeat":"repeat","background-position":"center center","background-size":"auto","background-attachment":"scroll","background-type":"","background-media":"","overlay-type":"","overlay-color":"","overlay-gradient":""},"tablet":{"background-color":"var(--ast-global-color-5)","background-image":"","background-repeat":"repeat","background-position":"center center","background-size":"auto","background-attachment":"scroll","background-type":"","background-media":"","overlay-type":"","overlay-color":"","overlay-gradient":""},"mobile":{"background-color":"var(--ast-global-color-5)","background-image":"","background-repeat":"repeat","background-position":"center center","background-size":"auto","background-attachment":"scroll","background-type":"","background-media":"","overlay-type":"","overlay-color":"","overlay-gradient":""}},"footnotes":""},"uagb_featured_image_src":{"full":["https:\/\/steelstorm.standardof.net\/wp-content\/uploads\/sites\/3\/2020\/10\/MnEdR-1.jpg",1200,750,false],"thumbnail":["https:\/\/steelstorm.standardof.net\/wp-content\/uploads\/sites\/3\/2020\/10\/MnEdR-1-150x150.jpg",150,150,true],"medium":["https:\/\/steelstorm.standardof.net\/wp-content\/uploads\/sites\/3\/2020\/10\/MnEdR-1-300x188.jpg",300,188,true],"medium_large":["https:\/\/steelstorm.standardof.net\/wp-content\/uploads\/sites\/3\/2020\/10\/MnEdR-1-768x480.jpg",768,480,true],"large":["https:\/\/steelstorm.standardof.net\/wp-content\/uploads\/sites\/3\/2020\/10\/MnEdR-1-1024x640.jpg",1024,640,true],"1536x1536":["https:\/\/steelstorm.standardof.net\/wp-content\/uploads\/sites\/3\/2020\/10\/MnEdR-1.jpg",1200,750,false],"2048x2048":["https:\/\/steelstorm.standardof.net\/wp-content\/uploads\/sites\/3\/2020\/10\/MnEdR-1.jpg",1200,750,false],"trp-custom-language-flag":["https:\/\/steelstorm.standardof.net\/wp-content\/uploads\/sites\/3\/2020\/10\/MnEdR-1.jpg",18,12,false]},"uagb_author_info":{"display_name":"SOE","author_link":"https:\/\/steelstorm.standardof.net\/de\/author\/k-tastic\/"},"uagb_comment_info":0,"uagb_excerpt":"The Turrets are the stationary defenders of enemy bases and territory, possessing some weapons and abilities not possessed by the mobile hostiles. Of all these, probably the Repair Turret is the most potentially hazardous due to its special ability. Due to their lack of mobility you can often find ways of hitting these units directly&hellip;","_links":{"self":[{"href":"https:\/\/steelstorm.standardof.net\/de\/wp-json\/wp\/v2\/pages\/107"}],"collection":[{"href":"https:\/\/steelstorm.standardof.net\/de\/wp-json\/wp\/v2\/pages"}],"about":[{"href":"https:\/\/steelstorm.standardof.net\/de\/wp-json\/wp\/v2\/types\/page"}],"author":[{"embeddable":true,"href":"https:\/\/steelstorm.standardof.net\/de\/wp-json\/wp\/v2\/users\/1"}],"replies":[{"embeddable":true,"href":"https:\/\/steelstorm.standardof.net\/de\/wp-json\/wp\/v2\/comments?post=107"}],"version-history":[{"count":1,"href":"https:\/\/steelstorm.standardof.net\/de\/wp-json\/wp\/v2\/pages\/107\/revisions"}],"predecessor-version":[{"id":404,"href":"https:\/\/steelstorm.standardof.net\/de\/wp-json\/wp\/v2\/pages\/107\/revisions\/404"}],"up":[{"embeddable":true,"href":"https:\/\/steelstorm.standardof.net\/de\/wp-json\/wp\/v2\/pages\/32"}],"wp:featuredmedia":[{"embeddable":true,"href":"https:\/\/steelstorm.standardof.net\/de\/wp-json\/wp\/v2\/media\/54"}],"wp:attachment":[{"href":"https:\/\/steelstorm.standardof.net\/de\/wp-json\/wp\/v2\/media?parent=107"}],"curies":[{"name":"wp","href":"https:\/\/api.w.org\/{rel}","templated":true}]}}